{"id":2200,"date":"2019-01-31T17:13:19","date_gmt":"2019-01-31T22:13:19","guid":{"rendered":"http:\/\/departamentos.uleam.edu.ec\/evaluacion-interna\/?page_id=2200"},"modified":"2019-02-14T16:31:14","modified_gmt":"2019-02-14T21:31:14","slug":"autoevaluaciones-acompanadas","status":"publish","type":"page","link":"https:\/\/departamentos.uleam.edu.ec\/evaluacion-interna\/autoevaluaciones-acompanadas\/","title":{"rendered":"Autoevaluaciones acompa\u00f1adas"},"content":{"rendered":"<p><span style=\"color: #000000\"><a style=\"color: #000000\" href=\"https:\/\/departamentos.uleam.edu.ec\/evaluacion-interna\/files\/2019\/01\/Informe-de-Autoevaluacion-de-Carrera-Contabilidad-y-Au.pdf\" target=\"_blank\" rel=\"noopener\">Informe de Autoevaluaci\u00f3n de Carrera Contabilidad y Auditor\u00eda<\/a><\/span><\/p>\n<p><span style=\"color: #000000\"><a style=\"color: #000000\" href=\"https:\/\/departamentos.uleam.edu.ec\/evaluacion-interna\/files\/2019\/01\/Informe-de-Autoevaluaci\u00f3n-de-Carrera-Odontolog\u00eda-MAYO-2018.pdf\" target=\"_blank\" rel=\"noopener\">Informe de Autoevaluaci\u00f3n de Carrera -Odontolog\u00eda\u00a0<\/a><\/span><\/p>\n<p><a href=\"https:\/\/departamentos.uleam.edu.ec\/evaluacion-interna\/files\/2019\/01\/Informe-de-Autoevaluci\u00f3n-Medicina-2017.pdf\" target=\"_blank\" rel=\"noopener\"><span style=\"color: #000000\">Informe de Autoevaluaci\u00f3n Medicina<\/span><\/a><\/p>\n","protected":false},"excerpt":{"rendered":"<p>Informe de Autoevaluaci\u00f3n de Carrera Contabilidad y Auditor\u00eda Informe de Autoevaluaci\u00f3n de Carrera -Odontolog\u00eda\u00a0 Informe de Autoevaluaci\u00f3n Medicina<\/p>\n","protected":false},"author":56,"featured_media":0,"parent":0,"menu_order":0,"comment_status":"closed","ping_status":"closed","template":"","meta":{"footnotes":"","_links_to":"","_links_to_target":""},"class_list":["post-2200","page","type-page","status-publish","hentry"],"_links":{"self":[{"href":"https:\/\/departamentos.uleam.edu.ec\/evaluacion-interna\/wp-json\/wp\/v2\/pages\/2200","targetHints":{"allow":["GET"]}}],"collection":[{"href":"https:\/\/departamentos.uleam.edu.ec\/evaluacion-interna\/wp-json\/wp\/v2\/pages"}],"about":[{"href":"https:\/\/departamentos.uleam.edu.ec\/evaluacion-interna\/wp-json\/wp\/v2\/types\/page"}],"author":[{"embeddable":true,"href":"https:\/\/departamentos.uleam.edu.ec\/evaluacion-interna\/wp-json\/wp\/v2\/users\/56"}],"replies":[{"embeddable":true,"href":"https:\/\/departamentos.uleam.edu.ec\/evaluacion-interna\/wp-json\/wp\/v2\/comments?post=2200"}],"version-history":[{"count":4,"href":"https:\/\/departamentos.uleam.edu.ec\/evaluacion-interna\/wp-json\/wp\/v2\/pages\/2200\/revisions"}],"predecessor-version":[{"id":2251,"href":"https:\/\/departamentos.uleam.edu.ec\/evaluacion-interna\/wp-json\/wp\/v2\/pages\/2200\/revisions\/2251"}],"wp:attachment":[{"href":"https:\/\/departamentos.uleam.edu.ec\/evaluacion-interna\/wp-json\/wp\/v2\/media?parent=2200"}],"curies":[{"name":"wp","href":"https:\/\/api.w.org\/{rel}","templated":true}]}}