{"id":2259,"date":"2019-05-09T14:08:36","date_gmt":"2019-05-09T19:08:36","guid":{"rendered":"http:\/\/departamentos.uleam.edu.ec\/evaluacion-interna\/?page_id=2259"},"modified":"2019-05-09T15:29:32","modified_gmt":"2019-05-09T20:29:32","slug":"informes-institucionales-eidpa","status":"publish","type":"page","link":"https:\/\/departamentos.uleam.edu.ec\/evaluacion-interna\/informes-institucionales-eidpa\/","title":{"rendered":"Informes del proceso EIDPA"},"content":{"rendered":"<p><strong><span style=\"color: #000000\">Informe Institucional del proceso de Evaluaci\u00f3n Integral del desempe\u00f1o del personal acad\u00e9mico por per\u00edodos<\/span><\/strong><\/p>\n<p><span style=\"color: #000000\"><a style=\"color: #000000\" href=\"https:\/\/departamentos.uleam.edu.ec\/evaluacion-interna\/files\/2019\/05\/Informe-Evaluaci\u00f3n-Integral-del-Personal-Acad\u00e9mico-EIDPA-2017-1.pdf\" target=\"_blank\" rel=\"noopener\">Informe EIDPA 2017 -1<\/a><\/span><\/p>\n<p><span style=\"color: #000000\"><a style=\"color: #000000\" href=\"https:\/\/departamentos.uleam.edu.ec\/evaluacion-interna\/files\/2019\/05\/Informe-EIDPA-2017-2.pdf\" target=\"_blank\" rel=\"noopener\">Informe EIDPA 2017-2<\/a><\/span><\/p>\n<p><span style=\"color: #000000\"><a style=\"color: #000000\" href=\"https:\/\/departamentos.uleam.edu.ec\/evaluacion-interna\/files\/2019\/05\/Informe-EIDPA-20181.pdf\" target=\"_blank\" rel=\"noopener\">Informe EIDPA 2018-1<\/a><\/span><\/p>\n<p><span style=\"color: #000000\"><a style=\"color: #000000\" href=\"https:\/\/departamentos.uleam.edu.ec\/evaluacion-interna\/files\/2019\/05\/Informe-EIDPA-2018-2.pdf\" target=\"_blank\" rel=\"noopener\">Informe EIDPA 2018-2<\/a><\/span><\/p>\n","protected":false},"excerpt":{"rendered":"<p>Informe Institucional del proceso de Evaluaci\u00f3n Integral del desempe\u00f1o del personal acad\u00e9mico por per\u00edodos Informe EIDPA 2017 -1 Informe EIDPA 2017-2 Informe EIDPA 2018-1 Informe EIDPA 2018-2<\/p>\n","protected":false},"author":56,"featured_media":0,"parent":0,"menu_order":0,"comment_status":"closed","ping_status":"closed","template":"","meta":{"footnotes":"","_links_to":"","_links_to_target":""},"class_list":["post-2259","page","type-page","status-publish","hentry"],"_links":{"self":[{"href":"https:\/\/departamentos.uleam.edu.ec\/evaluacion-interna\/wp-json\/wp\/v2\/pages\/2259","targetHints":{"allow":["GET"]}}],"collection":[{"href":"https:\/\/departamentos.uleam.edu.ec\/evaluacion-interna\/wp-json\/wp\/v2\/pages"}],"about":[{"href":"https:\/\/departamentos.uleam.edu.ec\/evaluacion-interna\/wp-json\/wp\/v2\/types\/page"}],"author":[{"embeddable":true,"href":"https:\/\/departamentos.uleam.edu.ec\/evaluacion-interna\/wp-json\/wp\/v2\/users\/56"}],"replies":[{"embeddable":true,"href":"https:\/\/departamentos.uleam.edu.ec\/evaluacion-interna\/wp-json\/wp\/v2\/comments?post=2259"}],"version-history":[{"count":8,"href":"https:\/\/departamentos.uleam.edu.ec\/evaluacion-interna\/wp-json\/wp\/v2\/pages\/2259\/revisions"}],"predecessor-version":[{"id":2276,"href":"https:\/\/departamentos.uleam.edu.ec\/evaluacion-interna\/wp-json\/wp\/v2\/pages\/2259\/revisions\/2276"}],"wp:attachment":[{"href":"https:\/\/departamentos.uleam.edu.ec\/evaluacion-interna\/wp-json\/wp\/v2\/media?parent=2259"}],"curies":[{"name":"wp","href":"https:\/\/api.w.org\/{rel}","templated":true}]}}