{"id":839,"date":"2015-01-06T19:49:36","date_gmt":"2015-01-07T00:49:36","guid":{"rendered":"http:\/\/departamentos.uleam.edu.ec\/evaluacion-interna\/?page_id=839"},"modified":"2019-02-05T15:57:42","modified_gmt":"2019-02-05T20:57:42","slug":"rendicion-de-cuentas","status":"publish","type":"page","link":"https:\/\/departamentos.uleam.edu.ec\/evaluacion-interna\/rendicion-de-cuentas\/","title":{"rendered":"Rendici\u00f3n de Cuentas"},"content":{"rendered":"<pre><span style=\"color: #000000\"><a style=\"color: #000000\" href=\"https:\/\/departamentos.uleam.edu.ec\/evaluacion-interna\/files\/2015\/01\/rendicion-de-cuentas-2014.pdf\">Informe de Rendici\u00f3n de Cuentas 2014<\/a><a style=\"color: #000000\" href=\"https:\/\/departamentos.uleam.edu.ec\/evaluacion-interna\/files\/2015\/01\/Rendici\u00f3n-de-cuentas-2015.pdf\">\r\nInforme de Rendici\u00f3n de Cuentas 2015<\/a><a style=\"color: #000000\" href=\"https:\/\/departamentos.uleam.edu.ec\/evaluacion-interna\/files\/2018\/05\/Rendici\u00f3n-de-cuenta-2016.pdf\">\r\nInforme de Rendici\u00f3n de cuenta 2016<\/a>\r\n<a style=\"color: #000000\" href=\"https:\/\/departamentos.uleam.edu.ec\/evaluacion-interna\/files\/2018\/05\/Rendici\u00f3n-de-cuentas-2017-final.pdf\">Informe de Rendici\u00f3n de cuentas 2017 final\r\n<\/a><\/span><a href=\"https:\/\/departamentos.uleam.edu.ec\/evaluacion-interna\/files\/2018\/05\/Rendicion-de-cuentas-diapositivas-para-audiencia-publica.pdf\"><span style=\"color: #000000\">Rendici\u00f3n de cuentas 2017 (diapositivas)<\/span><\/a><\/pre>\n","protected":false},"excerpt":{"rendered":"<p>Informe de Rendici\u00f3n de Cuentas 2014 Informe de Rendici\u00f3n de Cuentas 2015 Informe de Rendici\u00f3n de cuenta 2016 Informe de Rendici\u00f3n de cuentas 2017 final Rendici\u00f3n de cuentas 2017 (diapositivas)<\/p>\n","protected":false},"author":56,"featured_media":0,"parent":0,"menu_order":0,"comment_status":"open","ping_status":"open","template":"","meta":{"footnotes":"","_links_to":"","_links_to_target":""},"class_list":["post-839","page","type-page","status-publish","hentry"],"_links":{"self":[{"href":"https:\/\/departamentos.uleam.edu.ec\/evaluacion-interna\/wp-json\/wp\/v2\/pages\/839","targetHints":{"allow":["GET"]}}],"collection":[{"href":"https:\/\/departamentos.uleam.edu.ec\/evaluacion-interna\/wp-json\/wp\/v2\/pages"}],"about":[{"href":"https:\/\/departamentos.uleam.edu.ec\/evaluacion-interna\/wp-json\/wp\/v2\/types\/page"}],"author":[{"embeddable":true,"href":"https:\/\/departamentos.uleam.edu.ec\/evaluacion-interna\/wp-json\/wp\/v2\/users\/56"}],"replies":[{"embeddable":true,"href":"https:\/\/departamentos.uleam.edu.ec\/evaluacion-interna\/wp-json\/wp\/v2\/comments?post=839"}],"version-history":[{"count":19,"href":"https:\/\/departamentos.uleam.edu.ec\/evaluacion-interna\/wp-json\/wp\/v2\/pages\/839\/revisions"}],"predecessor-version":[{"id":2222,"href":"https:\/\/departamentos.uleam.edu.ec\/evaluacion-interna\/wp-json\/wp\/v2\/pages\/839\/revisions\/2222"}],"wp:attachment":[{"href":"https:\/\/departamentos.uleam.edu.ec\/evaluacion-interna\/wp-json\/wp\/v2\/media?parent=839"}],"curies":[{"name":"wp","href":"https:\/\/api.w.org\/{rel}","templated":true}]}}