{"id":942,"date":"2015-06-10T12:19:19","date_gmt":"2015-06-10T17:19:19","guid":{"rendered":"http:\/\/departamentos.uleam.edu.ec\/evaluacion-interna\/?page_id=942"},"modified":"2019-02-05T16:56:13","modified_gmt":"2019-02-05T21:56:13","slug":"repositorio","status":"publish","type":"page","link":"https:\/\/departamentos.uleam.edu.ec\/evaluacion-interna\/repositorio\/","title":{"rendered":"Repositorio Pag. 1"},"content":{"rendered":"<h5 style=\"text-align: right\"><span style=\"color: #000000\">P\u00e1ginas \u00a0 \u00a0\u00a0<a style=\"color: #000000\" title=\"REPOSITORIO\" href=\"https:\/\/departamentos.uleam.edu.ec\/evaluacion-interna\/repositorio\/\">&lt;1&gt;<\/a>\u00a0 <a style=\"color: #000000\" title=\"REPOSITORIO\" href=\"https:\/\/departamentos.uleam.edu.ec\/evaluacion-interna\/repositorio-2\/\">&lt;2&gt;<\/a>\u00a0 <a style=\"color: #000000\" title=\"REPOSITORIO\" href=\"https:\/\/departamentos.uleam.edu.ec\/evaluacion-interna\/repositorio-3\/\">&lt;3&gt;<\/a>\u00a0 <a style=\"color: #000000\" title=\"REPOSITORIO\" href=\"https:\/\/departamentos.uleam.edu.ec\/evaluacion-interna\/repositorio-4\/\">&lt;4&gt;<\/a>\u00a0 <a style=\"color: #000000\" title=\"REPOSITORIO Pag. 5\" href=\"https:\/\/departamentos.uleam.edu.ec\/evaluacion-interna\/repositorio-pag-5\/\">&lt;5&gt;<\/a><\/span><\/h5>\n<table border=\"1\" width=\"480\">\n<tbody>\n<tr>\n<td width=\"101\"><span style=\"color: #000000\">\u00a0<\/span><\/td>\n<td width=\"254\"><span style=\"color: #000000\">\u00a0<\/span><\/td>\n<td style=\"text-align: justify\" width=\"103\"><span style=\"color: #000000\">Evidencias<\/span><\/td>\n<\/tr>\n<tr style=\"text-align: justify\">\n<td><span style=\"color: #000000\">C\u00f3digo<\/span><\/td>\n<td><span style=\"color: #000000\"><em>1.1.1.A<\/em><\/span><\/td>\n<td><span style=\"color: #000000\"><a style=\"color: #000000\" href=\"https:\/\/drive.google.com\/open?id=0B3QuX0417HgHR1k0WVlOZUx1OWM\" target=\"_blank\" rel=\"noopener\">1.- Compendio de las Tendecias Actuales de la Educaci\u00f3n Superior.<\/a><\/span><\/td>\n<\/tr>\n<tr style=\"text-align: justify\">\n<td><span style=\"color: #000000\">Acci\u00f3n<\/span><\/td>\n<td><span style=\"color: #000000\"><em>Determinaci\u00f3n de la situaci\u00f3n actual de la ULEAM en relaci\u00f3n con las tendencias mundiales en el papel de la Universidad frente a los nuevos paradigmas y retos de la postmodernidad en el siglo XXI. <\/em><\/span><\/td>\n<td><span style=\"color: #000000\">[lightbox full=\u00bbhttps:\/\/departamentos.uleam.edu.ec\/evaluacion-interna\/files\/2015\/06\/RESOLUCION-HCU-TENDENCIAS-ACTUALES-DE-LA-EDUCACION-SUPERIOR.jpg\u00bb title=\u00bbAprobaci\u00f3n por parte del Consejo Universitario\u00bb] 2.- Aprobaci\u00f3n por parte del Consejo Universitario[\/lightbox]<\/span><\/td>\n<\/tr>\n<tr>\n<td style=\"text-align: justify\"><span style=\"color: #000000\">Responsable<\/span><\/td>\n<td style=\"text-align: justify\"><span style=\"color: #000000\"><em>Director de Planeamiento<\/em><\/span><\/td>\n<td style=\"text-align: justify\"><span style=\"color: #000000\"><a style=\"color: #000000\" href=\"https:\/\/drive.google.com\/open?id=0B3QuX0417HgHTUVnWnQwT2d5MUk\" target=\"_blank\" rel=\"noopener\">3.- Informe de las tendencias Actuales de la Educaci\u00f3n Superior.<\/a><\/span><\/td>\n<\/tr>\n<\/tbody>\n<\/table>\n<p>&nbsp;<\/p>\n<table border=\"1\" width=\"480\">\n<tbody>\n<tr>\n<td width=\"101\"><\/td>\n<td width=\"254\"><\/td>\n<td width=\"103\">\n<div style=\"text-align: justify\"><span style=\"color: #000000\">Evidencias<\/span><\/div>\n<\/td>\n<\/tr>\n<tr style=\"text-align: justify\">\n<td>\n<div><span style=\"color: #000000\">C\u00f3digo<\/span><\/div>\n<\/td>\n<td>\n<div><span style=\"color: #000000\"><em>1.1.1.B<\/em><\/span><\/div>\n<\/td>\n<td>\n<div><span style=\"color: #000000\"><a style=\"color: #000000\" href=\"https:\/\/drive.google.com\/open?id=0B3QuX0417HgHVm1WbTRwR2xRSjQ\" target=\"_blank\" rel=\"noopener\">1.- Reglamento del Regimen Acad\u00e9mmico Interno de la Uleam.<\/a><\/span><\/div>\n<\/td>\n<\/tr>\n<tr style=\"text-align: justify\">\n<td>\n<div><span style=\"color: #000000\">Acci\u00f3n<\/span><\/div>\n<\/td>\n<td>\n<div><span style=\"color: #000000\">Actualizaci\u00f3n del Reglamento Interno de R\u00e9gimen Acad\u00e9mico, de conformidad con la normativa vigente.<\/span><\/div>\n<\/td>\n<td>\n<div><span style=\"color: #000000\">[lightbox full=\u00bbhttps:\/\/departamentos.uleam.edu.ec\/evaluacion-interna\/files\/2015\/06\/Disposicion-Derogatoria.jpg\u00bb title=\u00bb2.- Disposici\u00f3n Final\u00bb] 2.- Disposici\u00f3n Final[\/lightbox]<\/span><\/div>\n<\/td>\n<\/tr>\n<tr style=\"text-align: justify\">\n<td>\n<div><span style=\"color: #000000\">Responsable<\/span><\/div>\n<\/td>\n<td>\n<div><span style=\"color: #000000\"><em>Director\/a de Asesor\u00eda Jur\u00eddica<\/em><\/span><\/div>\n<\/td>\n<td>\n<div><span style=\"color: #000000\">\u00a0<\/span><\/div>\n<\/td>\n<\/tr>\n<\/tbody>\n<\/table>\n<p>&nbsp;<\/p>\n<table border=\"1\" width=\"480\">\n<tbody>\n<tr>\n<td width=\"101\"><\/td>\n<td width=\"254\"><\/td>\n<td style=\"text-align: justify\" width=\"103\"><span style=\"color: #000000\">Evidencias<\/span><\/td>\n<\/tr>\n<tr style=\"text-align: justify\">\n<td><span style=\"color: #000000\">C\u00f3digo<\/span><\/td>\n<td><span style=\"color: #000000\"><em>1.1.1.C<\/em><\/span><\/td>\n<td><span style=\"color: #000000\"><a style=\"color: #000000\" href=\"https:\/\/drive.google.com\/open?id=0B3QuX0417HgHdkxYbWExcThZZlk\" target=\"_blank\" rel=\"noopener\">1.-Valoraci\u00f3n Diagn\u00f3stica de la Estructura Academica de la ULEAM en relaci\u00f3n a los Campos CINE Unesco 2013.<\/a><\/span><\/td>\n<\/tr>\n<tr style=\"text-align: justify\">\n<td><span style=\"color: #000000\">Acci\u00f3n<\/span><\/td>\n<td><span style=\"color: #000000\"><em>Estructuraci\u00f3n de Areas Acad\u00e9micas de la ULEAM, en 5 campos del conocimiento (CINE-UNESCO) <\/em><\/span><\/td>\n<td><span style=\"color: #000000\">[lightbox full=\u00bbhttps:\/\/departamentos.uleam.edu.ec\/evaluacion-interna\/files\/2015\/06\/Resolucion-HCU-Valoraci\u00f3n-Diagn\u00f3stica-de-la-Situaci\u00f3n-Actual-de.jpg\u00bb title=\u00bb2.- Aprobaci\u00f3n por parte del Consejo Universitario\u00bb]2.-Resoluci\u00f3n\u00a0 por parte del consejo Universitario. [\/lightbox]<\/span><\/td>\n<\/tr>\n<tr>\n<td style=\"text-align: justify\"><span style=\"color: #000000\">Responsable<\/span><\/td>\n<td style=\"text-align: justify\"><span style=\"color: #000000\">Vicerrector\/a Acad\u00e9mico<\/span><\/td>\n<td style=\"text-align: justify\"><span style=\"color: #000000\"><a style=\"color: #000000\" href=\"https:\/\/drive.google.com\/open?id=0B3QuX0417HgHU3RmNWhjbWlwcW8\" target=\"_blank\" rel=\"noopener\">3.-Informe de Valoraci\u00f3n Diagn\u00f3stica de la Situaci\u00f3n Actual de la Estructura Acad\u00e9mica en Relaci\u00f3n CINE-UNESCO.<\/a><\/span><\/td>\n<\/tr>\n<\/tbody>\n<\/table>\n<p>&nbsp;<\/p>\n<table style=\"height: 151px\" border=\"1\" width=\"526\">\n<tbody>\n<tr>\n<td width=\"101\"><\/td>\n<td width=\"254\"><\/td>\n<td style=\"text-align: justify\" width=\"103\"><span style=\"color: #000000\">Evidencias<\/span><\/td>\n<\/tr>\n<tr style=\"text-align: justify\">\n<td><span style=\"color: #000000\">C\u00f3digo<\/span><\/td>\n<td><span style=\"color: #000000\"><em>1.2.1.A<\/em><\/span><\/td>\n<td><span style=\"color: #000000\"><a style=\"color: #000000\" href=\"https:\/\/drive.google.com\/open?id=0B3QuX0417HgHeDBaZ0NpdkdiSVE\" target=\"_blank\" rel=\"noopener\">Autoevaluaci\u00f3n de la carrera Trabajo Social.<\/a><\/span><\/td>\n<\/tr>\n<tr style=\"text-align: justify\">\n<td><span style=\"color: #000000\">Acci\u00f3n<\/span><\/td>\n<td><span style=\"color: #000000\"><em>Autoevaluaci\u00f3n de todas las carreras, con fundamento en el modelo CEAACES <\/em><\/span><\/td>\n<td><span style=\"color: #000000\"><a style=\"color: #000000\" href=\"https:\/\/drive.google.com\/open?id=0B3QuX0417HgHSkRaTjJaYmxMVUU\" target=\"_blank\" rel=\"noopener\">Autoevaluaci\u00f3n de la carrera Ingenier\u00eda en Sistema.<\/a><\/span><\/td>\n<\/tr>\n<tr style=\"text-align: justify\">\n<td><span style=\"color: #000000\">Responsable<\/span><\/td>\n<td><span style=\"color: #000000\"><em>Decano\/a de Facultad<\/em><\/span><\/td>\n<td><span style=\"color: #000000\"><a style=\"color: #000000\" href=\"https:\/\/drive.google.com\/open?id=0B3QuX0417HgHVzhzb3pEQzFtclE\" target=\"_blank\" rel=\"noopener\">Autoevaluaci\u00f3n de la carrera de Educaci\u00f3n Parvularia.<\/a><\/span><\/td>\n<\/tr>\n<tr>\n<td style=\"text-align: justify\"><span style=\"color: #000000\">\u00a0<\/span><\/td>\n<td style=\"text-align: justify\"><span style=\"color: #000000\">\u00a0<\/span><\/td>\n<td style=\"text-align: justify\"><span style=\"color: #000000\"><a style=\"color: #000000\" href=\"https:\/\/drive.google.com\/open?id=0B3QuX0417HgHMTRnb3RTclBCbW8\" target=\"_blank\" rel=\"noopener\">3.- Informe de Autoevaluaci\u00f3n de Carrera.<\/a><\/span><\/td>\n<\/tr>\n<\/tbody>\n<\/table>\n<p>&nbsp;<\/p>\n<table style=\"height: 203px\" border=\"1\" width=\"554\">\n<tbody>\n<tr>\n<td width=\"101\"><\/td>\n<td width=\"254\"><\/td>\n<td style=\"text-align: justify\" width=\"103\"><span style=\"color: #000000\">Evidencias<\/span><\/td>\n<\/tr>\n<tr style=\"text-align: justify\">\n<td><span style=\"color: #000000\">C\u00f3digo<\/span><\/td>\n<td><span style=\"color: #000000\"><em>1.2.1.B<\/em><\/span><\/td>\n<td><span style=\"color: #000000\"><a style=\"color: #000000\" href=\"https:\/\/drive.google.com\/open?id=0B3QuX0417HgHZGlGNHY5MVhWUlU\" target=\"_blank\" rel=\"noopener\">Plan de Mejoras de F\u00edsico Matem\u00e1tico<\/a><\/span><\/td>\n<\/tr>\n<tr style=\"text-align: justify\">\n<td><span style=\"color: #000000\">Acci\u00f3n<\/span><\/td>\n<td><span style=\"color: #000000\">Desarrollo de planes de mejoramiento por carreras sobre el resultado de la autoevaluaci\u00f3n, vinculados al Plan de Fortalecimiento instituciona.<\/span><\/td>\n<td><span style=\"color: #000000\"><a style=\"color: #000000\" href=\"https:\/\/drive.google.com\/open?id=0B3QuX0417HgHaXF3MzF4VE4zT1E\" target=\"_blank\" rel=\"noopener\">Plan de Mejoras de Turismo<\/a><\/span><\/td>\n<\/tr>\n<tr style=\"text-align: justify\">\n<td><span style=\"color: #000000\">\u00a0Responsable<\/span><\/td>\n<td><span style=\"color: #000000\">Decano\/a de Facultad<\/span><\/td>\n<td><span style=\"color: #000000\"><a style=\"color: #000000\" href=\"https:\/\/drive.google.com\/open?id=0B3QuX0417HgHSkRaTjJaYmxMVUU\" target=\"_blank\" rel=\"noopener\">Plan de Mejoras de Ingenier\u00eda en sistema.<\/a><\/span><\/td>\n<\/tr>\n<tr>\n<td style=\"text-align: justify\"><span style=\"color: #000000\">\u00a0<\/span><\/td>\n<td style=\"text-align: justify\"><span style=\"color: #000000\">\u00a0<\/span><\/td>\n<td style=\"text-align: justify\"><span style=\"color: #000000\"><a style=\"color: #000000\" href=\"https:\/\/drive.google.com\/open?id=0B3QuX0417HgHWnl0X2lGLXFKWWc\" target=\"_blank\" rel=\"noopener\">3.-Informe de Planes de Mejoras.\u00a0<\/a><\/span><\/td>\n<\/tr>\n<\/tbody>\n<\/table>\n<p>&nbsp;<\/p>\n<table border=\"1\" width=\"480\">\n<tbody>\n<tr>\n<td width=\"101\"><\/td>\n<td width=\"254\"><\/td>\n<td style=\"text-align: justify\" width=\"103\"><span style=\"color: #000000\">Evidencias<\/span><\/td>\n<\/tr>\n<tr style=\"text-align: justify\">\n<td><span style=\"color: #000000\">C\u00f3digo<\/span><\/td>\n<td><span style=\"color: #000000\"><em>1.2.2.A<\/em><\/span><\/td>\n<td><span style=\"color: #000000\"><a style=\"color: #000000\" href=\"https:\/\/drive.google.com\/open?id=0B3QuX0417HgHbTdHWlQ3aXpUVG8\" target=\"_blank\" rel=\"noopener\">1.- Informe de Redise\u00f1o Curricular<\/a><\/span><\/td>\n<\/tr>\n<tr style=\"text-align: justify\">\n<td><span style=\"color: #000000\">Acci\u00f3n<\/span><\/td>\n<td><span style=\"color: #000000\">Conformaci\u00f3n y capacitaci\u00f3n de los equipos responsables del redise\u00f1o curricular de cada carrera<\/span><\/td>\n<td><span style=\"color: #000000\"><a style=\"color: #000000\" href=\"https:\/\/drive.google.com\/open?id=0B3QuX0417HgHLWZkdDNrN0NydFE\" target=\"_blank\" rel=\"noopener\">2.- Plan de Capacitaci\u00f3n de la ULEAM<\/a><\/span><\/td>\n<\/tr>\n<tr>\n<td style=\"text-align: justify\"><span style=\"color: #000000\">Responsable<\/span><\/td>\n<td style=\"text-align: justify\"><span style=\"color: #000000\"><em>Decano\/a de Facultad<\/em><\/span><\/td>\n<td style=\"text-align: justify\"><span style=\"color: #000000\">\u00a0<\/span><\/td>\n<\/tr>\n<\/tbody>\n<\/table>\n<p>&nbsp;<\/p>\n<table style=\"height: 359px\" border=\"1\" width=\"481\">\n<tbody>\n<tr>\n<td width=\"101\"><\/td>\n<td width=\"254\"><\/td>\n<td style=\"text-align: justify\" width=\"103\"><span style=\"color: #000000\">Evidencias<\/span><\/td>\n<\/tr>\n<tr style=\"text-align: justify\">\n<td><span style=\"color: #000000\">C\u00f3digo<\/span><\/td>\n<td><span style=\"color: #000000\"><em>1.2.2.B<\/em><\/span><\/td>\n<td><span style=\"color: #000000\"><a style=\"color: #000000\" href=\"https:\/\/drive.google.com\/open?id=0B3QuX0417HgHdTk1TGFsZ01UTjg\" target=\"_blank\" rel=\"noopener\">1.- Informe de Elaboraci\u00f3n y Presentaci\u00f3n de Redise\u00f1o Curricular.<\/a><\/span><\/td>\n<\/tr>\n<tr style=\"text-align: justify\">\n<td><span style=\"color: #000000\">Acci\u00f3n<\/span><\/td>\n<td><span style=\"color: #000000\"><em>Redise\u00f1o de los planes curriculares de las carreras, considerando las exigencias del nuevo R\u00e9gimen Acad\u00e9mico, campos de CINE de UNESCO y las normativa de aprobaci\u00f3n de carreras del CES.. <\/em><\/span><\/td>\n<td><span style=\"color: #000000\"><a style=\"color: #000000\" href=\"https:\/\/drive.google.com\/open?id=0B3QuX0417HgHcmZvQjV6NUQ5N1k\" target=\"_blank\" rel=\"noopener\">2.- Resoluciones HCU Elaboraci\u00f3n y Presentaci\u00f3n de Redise\u00f1o Curricular.<\/a><\/span><\/td>\n<\/tr>\n<tr>\n<td style=\"text-align: justify\"><span style=\"color: #000000\">Responsable<\/span><\/td>\n<td style=\"text-align: justify\"><span style=\"color: #000000\"><em>Decano\/a de Facultad<\/em><\/span><\/td>\n<td style=\"text-align: justify\"><span style=\"color: #000000\">\u00a0<\/span><\/td>\n<\/tr>\n<\/tbody>\n<\/table>\n<p>&nbsp;<\/p>\n<table border=\"1\" width=\"480\">\n<tbody>\n<tr>\n<td width=\"101\"><\/td>\n<td width=\"254\"><\/td>\n<td style=\"text-align: justify\" width=\"103\"><span style=\"color: #000000\">Evidencias<\/span><\/td>\n<\/tr>\n<tr style=\"text-align: justify\">\n<td><span style=\"color: #000000\">C\u00f3digo<\/span><\/td>\n<td><span style=\"color: #000000\"><em>1.2.3.A<\/em><\/span><\/td>\n<td><span style=\"color: #000000\"><a style=\"color: #000000\" href=\"https:\/\/drive.google.com\/open?id=0B3QuX0417HgHLVhFekRUakxVbVk\" target=\"_blank\" rel=\"noopener\">1.- Informe-Estructuraci\u00f3n de la Unidad de Titulaci\u00f3n por Carrera.<\/a><\/span><\/td>\n<\/tr>\n<tr style=\"text-align: justify\">\n<td><span style=\"color: #000000\">Acci\u00f3n<\/span><\/td>\n<td><span style=\"color: #000000\"><em>Estructurar la unidad de titulaci\u00f3n por carrera <\/em><\/span><\/td>\n<td><span style=\"color: #000000\"><a style=\"color: #000000\" href=\"https:\/\/drive.google.com\/open?id=0B3QuX0417HgHNFFObUhJWFhVTzQ\" target=\"_blank\" rel=\"noopener\">\u00a02.- Oficio Curricular.<\/a><\/span><\/td>\n<\/tr>\n<tr>\n<td style=\"text-align: justify\"><span style=\"color: #000000\">Responsable<\/span><\/td>\n<td style=\"text-align: justify\"><span style=\"color: #000000\"><em>Decano\/a de Facultad<\/em><\/span><\/td>\n<td style=\"text-align: justify\"><span style=\"color: #000000\"><a style=\"color: #000000\" href=\"https:\/\/departamentos.uleam.edu.ec\/evaluacion-interna\/files\/2015\/06\/Instructivo-para-la-aplicacion-de-disposiciones-transitorias..pdf\">3.- Instructivo para la aplicaci\u00f3n de disposiciones transitorias.<\/a><\/span><\/td>\n<\/tr>\n<\/tbody>\n<\/table>\n<p>&nbsp;<\/p>\n<table border=\"1\" width=\"480\">\n<tbody>\n<tr>\n<td width=\"101\"><\/td>\n<td width=\"254\"><\/td>\n<td style=\"text-align: justify\" width=\"103\"><span style=\"color: #000000\">Evidencias<\/span><\/td>\n<\/tr>\n<tr style=\"text-align: justify\">\n<td><span style=\"color: #000000\">C\u00f3digo<\/span><\/td>\n<td><span style=\"color: #000000\">1.2.3.B<\/span><\/td>\n<td><span style=\"color: #000000\"><a style=\"color: #000000\" href=\"https:\/\/drive.google.com\/open?id=0B3QuX0417HgHNlJxeGRJcUFuSFU\" target=\"_blank\" rel=\"noopener\">1.- Informe de Implementaci\u00f3n de las Unidades de Titulaci\u00f3n<\/a><\/span><\/td>\n<\/tr>\n<tr style=\"text-align: justify\">\n<td><span style=\"color: #000000\">Acci\u00f3n<\/span><\/td>\n<td><span style=\"color: #000000\"><em>Implementar la unidad de titulaci\u00f3n por carrera\u00a0<\/em><\/span><\/td>\n<td><span style=\"color: #000000\"><a style=\"color: #000000\" href=\"https:\/\/drive.google.com\/open?id=0B3QuX0417HgHUi1mVEdUOW83Y1U\" target=\"_blank\" rel=\"noopener\">2.- Unidad de titulaci\u00f3n especial &#8211; Carrera Castellano y Literatura.<\/a><\/span><\/td>\n<\/tr>\n<tr style=\"text-align: justify\">\n<td><span style=\"color: #000000\">Responsable<\/span><\/td>\n<td><span style=\"color: #000000\"><em>Decano\/a de Facultad<\/em><\/span><\/td>\n<td><span style=\"color: #000000\">\u00a0<\/span><\/td>\n<\/tr>\n<\/tbody>\n<\/table>\n<p style=\"text-align: justify\">\n<table border=\"1\" width=\"480\">\n<tbody>\n<tr>\n<td width=\"101\"><\/td>\n<td width=\"254\"><\/td>\n<td style=\"text-align: justify\" width=\"103\"><span style=\"color: #000000\">Evidencias<\/span><\/td>\n<\/tr>\n<tr style=\"text-align: justify\">\n<td><span style=\"color: #000000\">C\u00f3digo<\/span><\/td>\n<td><span style=\"color: #000000\"><em>1.3.1.A<\/em><\/span><\/td>\n<td><span style=\"color: #000000\"><a style=\"color: #000000\" href=\"https:\/\/drive.google.com\/open?id=0B3QuX0417HgHemRhdlJUSWQtZE0\" target=\"_blank\" rel=\"noopener\">1.- Informe de Proyectos de Posgrado<\/a><\/span><\/td>\n<\/tr>\n<tr style=\"text-align: justify\">\n<td><span style=\"color: #000000\">Acci\u00f3n<\/span><\/td>\n<td><span style=\"color: #000000\"><em>Presentar 10 ofertas de programas de posgrado de maestrias en Telecomunicaciones, Derecho Constitucional, Gesti\u00f3n y Finanzas Internacionales, Gesti\u00f3n Parvularia, Recursos Humanos, Descentralizaci\u00f3n en Gesti\u00f3n P\u00fablica y Participaci\u00f3n Ciudadana, Planificaci\u00f3n Territorial, Arquitectura y 2 especializaciones en Medicina Interna y en Marketing Pol\u00edtico, que cubra la demanda institucional y territorial de acuerdo a la normativa del CES. <\/em><\/span><\/td>\n<td><span style=\"color: #000000\">\u00a0<\/span><\/td>\n<\/tr>\n<tr>\n<td style=\"text-align: justify\"><span style=\"color: #000000\">Responsable<\/span><\/td>\n<td style=\"text-align: justify\"><span style=\"color: #000000\"><em>Director\/a de Posgrado<\/em><\/span><\/td>\n<td style=\"text-align: justify\"><span style=\"color: #000000\">\u00a0<\/span><\/td>\n<\/tr>\n<\/tbody>\n<\/table>\n<h5 style=\"text-align: right\"><span style=\"color: #000000\">P\u00e1ginas \u00a0 \u00a0\u00a0<a style=\"color: #000000\" title=\"REPOSITORIO\" href=\"https:\/\/departamentos.uleam.edu.ec\/evaluacion-interna\/repositorio\/\">&lt;1&gt;<\/a>\u00a0 <a style=\"color: #000000\" title=\"REPOSITORIO\" href=\"https:\/\/departamentos.uleam.edu.ec\/evaluacion-interna\/repositorio-2\/\">&lt;2&gt;<\/a>\u00a0 <a style=\"color: #000000\" title=\"REPOSITORIO\" href=\"https:\/\/departamentos.uleam.edu.ec\/evaluacion-interna\/repositorio-3\/\">&lt;3&gt;<\/a>\u00a0 <a style=\"color: #000000\" title=\"REPOSITORIO\" href=\"https:\/\/departamentos.uleam.edu.ec\/evaluacion-interna\/repositorio-4\/\">&lt;4&gt;<\/a>\u00a0 <a style=\"color: #000000\" title=\"REPOSITORIO Pag. 5\" href=\"https:\/\/departamentos.uleam.edu.ec\/evaluacion-interna\/repositorio-pag-5\/\">&lt;5&gt;<\/a><\/span><\/h5>\n","protected":false},"excerpt":{"rendered":"<p>P\u00e1ginas \u00a0 \u00a0\u00a0&lt;1&gt;\u00a0 &lt;2&gt;\u00a0 &lt;3&gt;\u00a0 &lt;4&gt;\u00a0 &lt;5&gt; \u00a0 \u00a0 Evidencias C\u00f3digo 1.1.1.A 1.- Compendio de las Tendecias Actuales de la Educaci\u00f3n Superior. Acci\u00f3n Determinaci\u00f3n de la situaci\u00f3n actual de la ULEAM en relaci\u00f3n con las tendencias mundiales en el papel de la Universidad frente a los nuevos paradigmas y retos de la postmodernidad en el&#8230; <\/p>\n<div class=\"link-more\"><a href=\"https:\/\/departamentos.uleam.edu.ec\/evaluacion-interna\/repositorio\/\">Leer M\u00e1s<\/a><\/div>\n","protected":false},"author":56,"featured_media":0,"parent":0,"menu_order":0,"comment_status":"open","ping_status":"open","template":"","meta":{"footnotes":"","_links_to":"","_links_to_target":""},"class_list":["post-942","page","type-page","status-publish","hentry"],"_links":{"self":[{"href":"https:\/\/departamentos.uleam.edu.ec\/evaluacion-interna\/wp-json\/wp\/v2\/pages\/942","targetHints":{"allow":["GET"]}}],"collection":[{"href":"https:\/\/departamentos.uleam.edu.ec\/evaluacion-interna\/wp-json\/wp\/v2\/pages"}],"about":[{"href":"https:\/\/departamentos.uleam.edu.ec\/evaluacion-interna\/wp-json\/wp\/v2\/types\/page"}],"author":[{"embeddable":true,"href":"https:\/\/departamentos.uleam.edu.ec\/evaluacion-interna\/wp-json\/wp\/v2\/users\/56"}],"replies":[{"embeddable":true,"href":"https:\/\/departamentos.uleam.edu.ec\/evaluacion-interna\/wp-json\/wp\/v2\/comments?post=942"}],"version-history":[{"count":139,"href":"https:\/\/departamentos.uleam.edu.ec\/evaluacion-interna\/wp-json\/wp\/v2\/pages\/942\/revisions"}],"predecessor-version":[{"id":2240,"href":"https:\/\/departamentos.uleam.edu.ec\/evaluacion-interna\/wp-json\/wp\/v2\/pages\/942\/revisions\/2240"}],"wp:attachment":[{"href":"https:\/\/departamentos.uleam.edu.ec\/evaluacion-interna\/wp-json\/wp\/v2\/media?parent=942"}],"curies":[{"name":"wp","href":"https:\/\/api.w.org\/{rel}","templated":true}]}}