{"id":975,"date":"2015-06-11T14:54:31","date_gmt":"2015-06-11T19:54:31","guid":{"rendered":"http:\/\/departamentos.uleam.edu.ec\/evaluacion-interna\/?page_id=975"},"modified":"2016-03-03T17:20:19","modified_gmt":"2016-03-03T22:20:19","slug":"repositorio-2","status":"publish","type":"page","link":"https:\/\/departamentos.uleam.edu.ec\/evaluacion-interna\/repositorio-2\/","title":{"rendered":"REPOSITORIO Pag. 2"},"content":{"rendered":"<h5 style=\"text-align: right\"><span style=\"color: #0000ff\">P\u00e1gina \u00a0 \u00a0\u00a0<a style=\"color: #0000ff\" title=\"REPOSITORIO\" href=\"https:\/\/departamentos.uleam.edu.ec\/evaluacion-interna\/repositorio\/\">&lt;1&gt;<\/a>\u00a0 <strong><a style=\"color: #0000ff\" title=\"REPOSITORIO\" href=\"https:\/\/departamentos.uleam.edu.ec\/evaluacion-interna\/repositorio-2\/\">&lt;2&gt;<\/a><\/strong>\u00a0 <a style=\"color: #0000ff\" title=\"REPOSITORIO\" href=\"https:\/\/departamentos.uleam.edu.ec\/evaluacion-interna\/repositorio-3\/\">&lt;3&gt;<\/a>\u00a0 <a style=\"color: #0000ff\" title=\"REPOSITORIO\" href=\"https:\/\/departamentos.uleam.edu.ec\/evaluacion-interna\/repositorio-4\/\">&lt;4&gt;<\/a>\u00a0 <a style=\"color: #0000ff\" title=\"REPOSITORIO Pag. 5\" href=\"https:\/\/departamentos.uleam.edu.ec\/evaluacion-interna\/repositorio-pag-5\/\">&lt;5&gt;<\/a><\/span><\/h5>\n<table border=\"1\" width=\"480\">\n<tbody>\n<tr>\n<td width=\"101\"><\/td>\n<td width=\"254\"><\/td>\n<td width=\"103\">Evidencias<\/td>\n<\/tr>\n<tr>\n<td>C\u00f3digo<\/td>\n<td><em>1.3.1.B<\/em><\/td>\n<td><a href=\"https:\/\/drive.google.com\/open?id=0B3QuX0417HgHc09aY2d1SHVxRFk\" target=\"_blank\"><span style=\"color: #0000ff\">1.- Informe de Elaboraci\u00f3n de Programas de Educaci\u00f3n Continua.\u00a0<\/span><\/a><\/td>\n<\/tr>\n<tr>\n<td>Acci\u00f3n<\/td>\n<td>Oferta de 6 programas de educaci\u00f3n continua, acorde con las necesidades territoriales de sectores espec\u00edficos.<\/td>\n<td><span style=\"color: #0000ff\">2.- Informe de Aprobaci\u00f3n por el Honorable Consejo Universitario.<\/span><\/td>\n<\/tr>\n<tr>\n<td>Responsable<\/td>\n<td><em>Director\/a de Posgrado<\/em><\/td>\n<td>[lightbox full=\u00bbhttps:\/\/departamentos.uleam.edu.ec\/evaluacion-interna\/files\/2015\/06\/CONDENSADO-INFORME-EDUCACION-CONTINUA-2014.jpg\u00bb title=\u00bb3.- Condensado Informe de Educaci\u00f3n Continua\u00bb]<span style=\"color: #0000ff\">3.- Condensado Informe de Educaci\u00f3n Continua.<\/span>[\/lightbox]<\/td>\n<\/tr>\n<\/tbody>\n<\/table>\n<p>&nbsp;<\/p>\n<table border=\"1\" width=\"480\">\n<tbody>\n<tr>\n<td width=\"101\"><\/td>\n<td width=\"254\"><\/td>\n<td width=\"103\">Evidencias<\/td>\n<\/tr>\n<tr>\n<td>C\u00f3digo<\/td>\n<td><em>1.3.1.C<\/em><\/td>\n<td><a href=\"https:\/\/drive.google.com\/open?id=0B3QuX0417HgHZWRDVmowQlBlRGs\" target=\"_blank\"><span style=\"color: #0000ff\">1.- Informe de Elaboraci\u00f3n de Proyectos de Posgrado.<\/span><\/a><\/td>\n<\/tr>\n<tr>\n<td>Acci\u00f3n<\/td>\n<td>Implementar un sistema de acompa\u00f1amiento para el proceso de titulaci\u00f3n por cada programa.<\/td>\n<td>[lightbox full=\u00bbhttps:\/\/departamentos.uleam.edu.ec\/evaluacion-interna\/files\/2015\/06\/APROBACION-HCU-ELABORACION-DE-PROYECTOS-DE-POSGRADO.jpg\u00bb title=\u00bb2.-Aprobaci\u00f3n Consejo Universitario Proyectos de Posgrado\u00bb]<span style=\"color: #0000ff\"><a href=\"https:\/\/drive.google.com\/open?id=0B3QuX0417HgHU1RFUzY3WkZvVWc\" target=\"_blank\">2.-Aprobaci\u00f3n Consejo Universitario Proyectos de Posgrado.<\/a><\/span>[\/lightbox]<\/td>\n<\/tr>\n<tr>\n<td>Responsable<\/td>\n<td><em>Director\/a de Posgrado<\/em><\/td>\n<td>ingresar<\/td>\n<\/tr>\n<\/tbody>\n<\/table>\n<p>&nbsp;<\/p>\n<table border=\"1\" width=\"480\">\n<tbody>\n<tr>\n<td width=\"101\"><\/td>\n<td width=\"254\"><\/td>\n<td width=\"103\">Evidencias<\/td>\n<\/tr>\n<tr>\n<td>C\u00f3digo<\/td>\n<td>1.4.1.A<\/td>\n<td>[lightbox full=\u00bbhttps:\/\/departamentos.uleam.edu.ec\/evaluacion-interna\/files\/2015\/06\/Aprobaci\u00f3n-por-parte-del-consejo.jpg\u00bb title=\u00bbAprobaci\u00f3n por parte del consejo Universitario\u00bb]<a href=\"https:\/\/drive.google.com\/open?id=0B3QuX0417HgHalZXYzdPU0lwVFU\" target=\"_blank\">Aprobaci\u00f3n por parte del consejo Universitario<\/a>[\/lightbox]<\/td>\n<\/tr>\n<tr>\n<td>Acci\u00f3n<\/td>\n<td><em>Constituci\u00f3n y puesta en funcionamiento de la unidad de seguimiento a graduados. <\/em><\/td>\n<td>ingresar<\/td>\n<\/tr>\n<tr>\n<td>Responsable<\/td>\n<td><em>Director de Planeamiento<\/em><\/td>\n<td>ingresar<\/td>\n<\/tr>\n<\/tbody>\n<\/table>\n<p>&nbsp;<\/p>\n<table border=\"1\" width=\"480\">\n<tbody>\n<tr>\n<td width=\"101\"><\/td>\n<td width=\"254\"><\/td>\n<td width=\"103\">Evidencias<\/td>\n<\/tr>\n<tr>\n<td>C\u00f3digo<\/td>\n<td><em>1.4.1.B<\/em><\/td>\n<td>[lightbox full=\u00bbhttps:\/\/departamentos.uleam.edu.ec\/evaluacion-interna\/files\/2015\/06\/Aprobaci\u00f3n-por-parte-del-consejo.jpg\u00bb title=\u00bbAprobaci\u00f3n por parte del consejo Universitario\u00bb]<a href=\"https:\/\/drive.google.com\/open?id=0B3QuX0417HgHalZXYzdPU0lwVFU\" target=\"_blank\">Aprobaci\u00f3n por parte del consejo Universitario<\/a>[\/lightbox]<\/td>\n<\/tr>\n<tr>\n<td>Acci\u00f3n<\/td>\n<td><em>Difusi\u00f3n y aplicaci\u00f3n de resultados del seguimiento de graduados para la actualizaci\u00f3n de planes curriculares de las carreras y de los s\u00edlabos correspondientes.\u00a0 <\/em><\/td>\n<td>ingresar<\/td>\n<\/tr>\n<tr>\n<td>Responsable<\/td>\n<td><em>Director\/a de la unidad de seguimiento a graduado<\/em><\/td>\n<\/tr>\n<\/tbody>\n<\/table>\n<p>&nbsp;<\/p>\n<table border=\"1\" width=\"480\">\n<tbody>\n<tr>\n<td width=\"101\"><\/td>\n<td width=\"254\"><\/td>\n<td width=\"103\">Evidencias<\/td>\n<\/tr>\n<tr>\n<td>C\u00f3digo<\/td>\n<td><em>2.1.1.A<\/em><\/td>\n<td><a href=\"https:\/\/drive.google.com\/open?id=0B3QuX0417HgHQzlDU1h4TjVlOWs\" target=\"_blank\"><span style=\"color: #0000ff\">1.- Plan de Capacitacion de la ULEAM.<\/span><\/a><\/td>\n<\/tr>\n<tr>\n<td>Acci\u00f3n<\/td>\n<td><em>Creaci\u00f3n y puesta en funcionamiento de la Direcci\u00f3n de Capacitaci\u00f3n Docente de la ULEAM, estableciendo su normativa. <\/em><\/td>\n<td>[lightbox full=\u00bbhttps:\/\/departamentos.uleam.edu.ec\/evaluacion-interna\/files\/2015\/06\/APROBACION-CONSEJO-UNIVERSITARIO-UNIDADES-DE-CAPACITACION-DOCEN.jpg\u00bb title=\u00bb2.-Aprobaci\u00f3n HCU Unidades de Capacitacion Docente\u00bb]<span style=\"color: #0000ff\"><a href=\"https:\/\/drive.google.com\/open?id=0B3QuX0417HgHWGtWMGtvRWVULTA\" target=\"_blank\">2.-Aprobaci\u00f3n HCU Unidades de Capacitacion Docente<\/a><\/span>[\/lightbox]<\/td>\n<\/tr>\n<tr>\n<td>Responsable<\/td>\n<td>Rector<\/td>\n<td>ingresar<\/td>\n<\/tr>\n<\/tbody>\n<\/table>\n<p>&nbsp;<\/p>\n<table border=\"1\" width=\"480\">\n<tbody>\n<tr>\n<td width=\"101\"><\/td>\n<td width=\"254\"><\/td>\n<td width=\"103\">Evidencias<\/td>\n<\/tr>\n<tr>\n<td>C\u00f3digo<\/td>\n<td><em>2.1.1.B<\/em><\/td>\n<td><a href=\"https:\/\/drive.google.com\/open?id=0B3QuX0417HgHSmpGZnNwS042a3M\" target=\"_blank\"><span style=\"color: #0000ff\">1.- Acta de entrega y manual de usuario del sistema con sus interfaz de usuario.<\/span><\/a><\/td>\n<\/tr>\n<tr>\n<td>Acci\u00f3n<\/td>\n<td>Elaboraci\u00f3n y ejecuci\u00f3n del plan de capacitaci\u00f3n docente<\/td>\n<td><span style=\"color: #0000ff\">2.-Aprobaci\u00f3n por parte del consejo Universitario.<\/span><\/td>\n<\/tr>\n<tr>\n<td>Responsable<\/td>\n<td><em>Director\/a de Capacitaci\u00f3n Docente<\/em><\/td>\n<td><span style=\"color: #0000ff\">3.-Informe de estructuraci\u00f3n-Evaluaci\u00f3n de desempe\u00f1o docente.<\/span><\/td>\n<\/tr>\n<\/tbody>\n<\/table>\n<p>&nbsp;<\/p>\n<table border=\"1\" width=\"480\">\n<tbody>\n<tr>\n<td width=\"101\"><\/td>\n<td width=\"254\"><\/td>\n<td width=\"103\">Evidencias<\/td>\n<\/tr>\n<tr>\n<td>C\u00f3digo<\/td>\n<td><em>2.2.1.A<\/em><\/td>\n<td>[lightbox full=\u00bbhttps:\/\/departamentos.uleam.edu.ec\/evaluacion-interna\/files\/2015\/06\/Aprobaci\u00f3n-por-parte-del-consejo.jpg\u00bb title=\u00bbAprobaci\u00f3n por parte del consejo Universitario\u00bb]<a href=\"https:\/\/drive.google.com\/open?id=0B3QuX0417HgHalZXYzdPU0lwVFU\" target=\"_blank\">Aprobaci\u00f3n por parte del consejo Universitario<\/a>[\/lightbox]<\/td>\n<\/tr>\n<tr>\n<td>Acci\u00f3n<\/td>\n<td><em>Determinaci\u00f3n de las necesidades de docentes por carreras y por asignaturas, en terminos de especializaci\u00f3n y dedicaci\u00f3n de tiempo. <\/em><\/td>\n<td>ingresar<\/td>\n<\/tr>\n<tr>\n<td>Responsable<\/td>\n<td><em>Vicerrector\/a Acad\u00e9mico<\/em><\/td>\n<td>ingresar<\/td>\n<\/tr>\n<\/tbody>\n<\/table>\n<p>&nbsp;<\/p>\n<table border=\"1\" width=\"480\">\n<tbody>\n<tr>\n<td width=\"101\"><\/td>\n<td width=\"254\"><\/td>\n<td width=\"103\">Evidencias<\/td>\n<\/tr>\n<tr>\n<td>C\u00f3digo<\/td>\n<td><em>2.2.1.B<\/em><\/td>\n<td>[lightbox full=\u00bbhttps:\/\/departamentos.uleam.edu.ec\/evaluacion-interna\/files\/2015\/06\/Aprobaci\u00f3n-por-parte-del-consejo.jpg\u00bb title=\u00bbAprobaci\u00f3n por parte del consejo Universitario\u00bb]<a href=\"https:\/\/drive.google.com\/open?id=0B3QuX0417HgHalZXYzdPU0lwVFU\" target=\"_blank\">Aprobaci\u00f3n por parte del consejo Universitario<\/a>[\/lightbox]<\/td>\n<\/tr>\n<tr>\n<td>Acci\u00f3n<\/td>\n<td><em>Realizaci\u00f3n de 4 convenios con Universidades nacionales y extranjeras para facilitar la formaci\u00f3n de docentes en PhD. y Maestr\u00eda. <\/em><\/td>\n<td>ingresar<\/td>\n<\/tr>\n<tr>\n<td>Responsable<\/td>\n<td><em>Director\/a del Departamento de Relaciones Internacionales<\/em><\/td>\n<td>ingresar<\/td>\n<\/tr>\n<\/tbody>\n<\/table>\n<p>&nbsp;<\/p>\n<table border=\"1\" width=\"480\">\n<tbody>\n<tr>\n<td width=\"101\"><\/td>\n<td width=\"254\"><\/td>\n<td width=\"103\">Evidencias<\/td>\n<\/tr>\n<tr>\n<td>C\u00f3digo<\/td>\n<td><em>2.2.1.C<\/em><\/td>\n<td>[lightbox full=\u00bbhttps:\/\/departamentos.uleam.edu.ec\/evaluacion-interna\/files\/2015\/06\/Aprobaci\u00f3n-por-parte-del-consejo.jpg\u00bb title=\u00bbAprobaci\u00f3n por parte del consejo Universitario\u00bb]<a href=\"https:\/\/drive.google.com\/open?id=0B3QuX0417HgHalZXYzdPU0lwVFU\" target=\"_blank\">Aprobaci\u00f3n por parte del consejo Universitario<\/a>[\/lightbox]<\/td>\n<\/tr>\n<tr>\n<td>Acci\u00f3n<\/td>\n<td><em>Incremento selectivo al 65% de la dedicaci\u00f3n de tiempo completo de los docentes, para cubrir funciones sustantivas de formaci\u00f3n de grado y posgrado, investigaci\u00f3n, vinculaci\u00f3n con la sociedad y gesti\u00f3n intercultural. <\/em><\/td>\n<td>ingresar<\/td>\n<\/tr>\n<tr>\n<td>Responsable<\/td>\n<td><em>Vicerrector\/a Acad\u00e9mico<\/em><\/td>\n<td>ingresar<\/td>\n<\/tr>\n<\/tbody>\n<\/table>\n<p>&nbsp;<\/p>\n<table border=\"1\" width=\"480\">\n<tbody>\n<tr>\n<td width=\"101\"><\/td>\n<td width=\"254\"><\/td>\n<td width=\"103\">Evidencias<\/td>\n<\/tr>\n<tr>\n<td>C\u00f3digo<\/td>\n<td><em>2.3.1.A<\/em><\/td>\n<td>[lightbox full=\u00bbhttps:\/\/departamentos.uleam.edu.ec\/evaluacion-interna\/files\/2015\/06\/Aprobaci\u00f3n-por-parte-del-consejo.jpg\u00bb title=\u00bbAprobaci\u00f3n por parte del consejo Universitario\u00bb]<a href=\"https:\/\/drive.google.com\/open?id=0B3QuX0417HgHalZXYzdPU0lwVFU\" target=\"_blank\">Aprobaci\u00f3n por parte del consejo Universitario<\/a>[\/lightbox]<\/td>\n<\/tr>\n<tr>\n<td>Acci\u00f3n<\/td>\n<td><em>Realizaci\u00f3n de concursos de m\u00e9ritos y oposici\u00f3n para incrementar en 10% los docentes titulares a tiempo completo y disminuir al m\u00ednimo los docentes por contrato. <\/em><\/td>\n<td>ingresar<\/td>\n<\/tr>\n<tr>\n<td>Responsable<\/td>\n<td><em>Director\/a de Talento Humano<\/em><\/td>\n<td>ingresar<\/td>\n<\/tr>\n<\/tbody>\n<\/table>\n<h5 style=\"text-align: right\"><span style=\"color: #0000ff\">P\u00e1gina \u00a0 \u00a0\u00a0<a style=\"color: #0000ff\" title=\"REPOSITORIO\" href=\"https:\/\/departamentos.uleam.edu.ec\/evaluacion-interna\/repositorio\/\">&lt;1&gt;<\/a>\u00a0 <a style=\"color: #0000ff\" title=\"REPOSITORIO\" href=\"https:\/\/departamentos.uleam.edu.ec\/evaluacion-interna\/repositorio-2\/\">&lt;2&gt;<\/a>\u00a0 <a style=\"color: #0000ff\" title=\"REPOSITORIO\" href=\"https:\/\/departamentos.uleam.edu.ec\/evaluacion-interna\/repositorio-3\/\">&lt;3&gt;<\/a>\u00a0 <a style=\"color: #0000ff\" title=\"REPOSITORIO\" href=\"https:\/\/departamentos.uleam.edu.ec\/evaluacion-interna\/repositorio-4\/\">&lt;4&gt;<\/a>\u00a0 <a style=\"color: #0000ff\" title=\"REPOSITORIO Pag. 5\" href=\"https:\/\/departamentos.uleam.edu.ec\/evaluacion-interna\/repositorio-pag-5\/\">&lt;5&gt;<\/a><\/span><\/h5>\n","protected":false},"excerpt":{"rendered":"<p>P\u00e1gina \u00a0 \u00a0\u00a0&lt;1&gt;\u00a0 &lt;2&gt;\u00a0 &lt;3&gt;\u00a0 &lt;4&gt;\u00a0 &lt;5&gt; Evidencias C\u00f3digo 1.3.1.B 1.- Informe de Elaboraci\u00f3n de Programas de Educaci\u00f3n Continua.\u00a0 Acci\u00f3n Oferta de 6 programas de educaci\u00f3n continua, acorde con las necesidades territoriales de sectores espec\u00edficos. 2.- Informe de Aprobaci\u00f3n por el Honorable Consejo Universitario. Responsable Director\/a de Posgrado [lightbox full=\u00bbhttps:\/\/departamentos.uleam.edu.ec\/evaluacion-interna\/files\/2015\/06\/CONDENSADO-INFORME-EDUCACION-CONTINUA-2014.jpg\u00bb title=\u00bb3.- Condensado Informe de Educaci\u00f3n&#8230; <\/p>\n<div class=\"link-more\"><a href=\"https:\/\/departamentos.uleam.edu.ec\/evaluacion-interna\/repositorio-2\/\">Leer M\u00e1s<\/a><\/div>\n","protected":false},"author":24,"featured_media":0,"parent":0,"menu_order":0,"comment_status":"open","ping_status":"open","template":"","meta":{"footnotes":"","_links_to":"","_links_to_target":""},"class_list":["post-975","page","type-page","status-publish","hentry"],"_links":{"self":[{"href":"https:\/\/departamentos.uleam.edu.ec\/evaluacion-interna\/wp-json\/wp\/v2\/pages\/975","targetHints":{"allow":["GET"]}}],"collection":[{"href":"https:\/\/departamentos.uleam.edu.ec\/evaluacion-interna\/wp-json\/wp\/v2\/pages"}],"about":[{"href":"https:\/\/departamentos.uleam.edu.ec\/evaluacion-interna\/wp-json\/wp\/v2\/types\/page"}],"author":[{"embeddable":true,"href":"https:\/\/departamentos.uleam.edu.ec\/evaluacion-interna\/wp-json\/wp\/v2\/users\/24"}],"replies":[{"embeddable":true,"href":"https:\/\/departamentos.uleam.edu.ec\/evaluacion-interna\/wp-json\/wp\/v2\/comments?post=975"}],"version-history":[{"count":53,"href":"https:\/\/departamentos.uleam.edu.ec\/evaluacion-interna\/wp-json\/wp\/v2\/pages\/975\/revisions"}],"predecessor-version":[{"id":1627,"href":"https:\/\/departamentos.uleam.edu.ec\/evaluacion-interna\/wp-json\/wp\/v2\/pages\/975\/revisions\/1627"}],"wp:attachment":[{"href":"https:\/\/departamentos.uleam.edu.ec\/evaluacion-interna\/wp-json\/wp\/v2\/media?parent=975"}],"curies":[{"name":"wp","href":"https:\/\/api.w.org\/{rel}","templated":true}]}}