{"id":977,"date":"2015-06-11T14:56:52","date_gmt":"2015-06-11T19:56:52","guid":{"rendered":"http:\/\/departamentos.uleam.edu.ec\/evaluacion-interna\/?page_id=977"},"modified":"2016-03-03T17:25:44","modified_gmt":"2016-03-03T22:25:44","slug":"repositorio-3","status":"publish","type":"page","link":"https:\/\/departamentos.uleam.edu.ec\/evaluacion-interna\/repositorio-3\/","title":{"rendered":"REPOSITORIO Pag. 3"},"content":{"rendered":"<h5 style=\"text-align: right\"><span style=\"color: #0000ff\">P\u00e1gina \u00a0 \u00a0\u00a0<a style=\"color: #0000ff\" title=\"REPOSITORIO\" href=\"https:\/\/departamentos.uleam.edu.ec\/evaluacion-interna\/repositorio\/\">&lt;1&gt;<\/a>\u00a0 <a style=\"color: #0000ff\" title=\"REPOSITORIO\" href=\"https:\/\/departamentos.uleam.edu.ec\/evaluacion-interna\/repositorio-2\/\">&lt;2&gt;<\/a>\u00a0 <a style=\"color: #0000ff\" title=\"REPOSITORIO\" href=\"https:\/\/departamentos.uleam.edu.ec\/evaluacion-interna\/repositorio-3\/\">&lt;3&gt;<\/a>\u00a0 <a style=\"color: #0000ff\" title=\"REPOSITORIO\" href=\"https:\/\/departamentos.uleam.edu.ec\/evaluacion-interna\/repositorio-4\/\">&lt;4&gt;<\/a>\u00a0 <a style=\"color: #0000ff\" title=\"REPOSITORIO Pag. 5\" href=\"https:\/\/departamentos.uleam.edu.ec\/evaluacion-interna\/repositorio-pag-5\/\">&lt;5&gt;<\/a><\/span><\/h5>\n<table border=\"1\" width=\"480\">\n<tbody>\n<tr>\n<td width=\"101\"><\/td>\n<td width=\"254\"><\/td>\n<td width=\"103\">Evidencias<\/td>\n<\/tr>\n<tr>\n<td>C\u00f3digo<\/td>\n<td><em>2.3.1.B<\/em><\/td>\n<td rowspan=\"3\">[lightbox full=\u00bbhttps:\/\/departamentos.uleam.edu.ec\/evaluacion-interna\/files\/2015\/06\/Aprobaci\u00f3n-por-parte-del-consejo.jpg\u00bb title=\u00bbAprobaci\u00f3n por parte del consejo Universitario\u00bb]<a href=\"https:\/\/drive.google.com\/open?id=0B3QuX0417HgHeERROXFJRENIUHc\" target=\"_blank\">Aprobaci\u00f3n por parte del consejo Universitario<\/a>[\/lightbox]<\/td>\n<\/tr>\n<tr>\n<td>Acci\u00f3n<\/td>\n<td><em> Incremento de las remuneraciones de los docentes de la ULEAM, hasta niveles de profesionalizaci\u00f3n de la docencia a dedicaci\u00f3n exclusiva o compartida, de conformidad con lo establecido en el Reglamento de Escalaf\u00f3n.<\/em><\/td>\n<\/tr>\n<tr>\n<td>Responsable<\/td>\n<td><em>Rector\/a<\/em><\/td>\n<\/tr>\n<\/tbody>\n<\/table>\n<p>&nbsp;<\/p>\n<table border=\"1\" width=\"480\">\n<tbody>\n<tr>\n<td width=\"101\"><\/td>\n<td width=\"254\"><\/td>\n<td width=\"103\">Evidencias<\/td>\n<\/tr>\n<tr>\n<td>C\u00f3digo<\/td>\n<td><em>2.4.1.A<\/em><\/td>\n<td rowspan=\"3\">[lightbox full=\u00bbhttps:\/\/departamentos.uleam.edu.ec\/evaluacion-interna\/files\/2015\/06\/Aprobaci\u00f3n-por-parte-del-consejo.jpg\u00bb title=\u00bbAprobaci\u00f3n por parte del consejo Universitario\u00bb]<a href=\"https:\/\/drive.google.com\/open?id=0B3QuX0417HgHeERROXFJRENIUHc\" target=\"_blank\">Aprobaci\u00f3n por parte del consejo Universitario<\/a>[\/lightbox]<\/td>\n<\/tr>\n<tr>\n<td>Acci\u00f3n<\/td>\n<td><em>Estructuraci\u00f3n de un sistema de evaluaci\u00f3n del desempe\u00f1o docente que garantice su calidad <\/em><\/td>\n<\/tr>\n<tr>\n<td>Responsable<\/td>\n<td><em>Vicerrector\/a Acad\u00e9mico<\/em><\/td>\n<\/tr>\n<\/tbody>\n<\/table>\n<p>&nbsp;<\/p>\n<table border=\"1\" width=\"480\">\n<tbody>\n<tr>\n<td width=\"101\"><\/td>\n<td width=\"254\"><\/td>\n<td width=\"103\">Evidencias<\/td>\n<\/tr>\n<tr>\n<td>C\u00f3digo<\/td>\n<td><em>2.4.1.B<\/em><\/td>\n<td rowspan=\"3\">[lightbox full=\u00bbhttps:\/\/departamentos.uleam.edu.ec\/evaluacion-interna\/files\/2015\/06\/Aprobaci\u00f3n-por-parte-del-consejo.jpg\u00bb title=\u00bbAprobaci\u00f3n por parte del consejo Universitario\u00bb]<a href=\"https:\/\/drive.google.com\/open?id=0B3QuX0417HgHeERROXFJRENIUHc\" target=\"_blank\">Aprobaci\u00f3n por parte del consejo Universitario<\/a>[\/lightbox]<\/td>\n<\/tr>\n<tr>\n<td>Acci\u00f3n<\/td>\n<td><em>Desarrollar un itinerario de formaci\u00f3n cont\u00ednua basados en las necesidades del desempe\u00f1o docente. <\/em><\/td>\n<\/tr>\n<tr>\n<td>Responsable<\/td>\n<td><em>Vicerrector\/a Acad\u00e9mico<\/em><\/td>\n<\/tr>\n<\/tbody>\n<\/table>\n<p>&nbsp;<\/p>\n<table border=\"1\" width=\"480\">\n<tbody>\n<tr>\n<td width=\"101\"><\/td>\n<td width=\"254\"><\/td>\n<td width=\"103\">Evidencias<\/td>\n<\/tr>\n<tr>\n<td>C\u00f3digo<\/td>\n<td><em>3.1.1.A<\/em><\/td>\n<td rowspan=\"3\">[lightbox full=\u00bbhttps:\/\/departamentos.uleam.edu.ec\/evaluacion-interna\/files\/2015\/06\/Aprobaci\u00f3n-por-parte-del-consejo.jpg\u00bb title=\u00bbAprobaci\u00f3n por parte del consejo Universitario\u00bb]<a href=\"https:\/\/drive.google.com\/open?id=0B3QuX0417HgHeERROXFJRENIUHc\" target=\"_blank\">Aprobaci\u00f3n por parte del consejo Universitario<\/a>[\/lightbox]<\/td>\n<\/tr>\n<tr>\n<td>Acci\u00f3n<\/td>\n<td><em>Estructuraci\u00f3n y ejecuci\u00f3n de un sistema de investigaci\u00f3n institucional acorde a las prioridades y necesidades territoriales, el cual incluya las politicas y l\u00edneas de investigaci\u00f3n. <\/em><\/td>\n<\/tr>\n<tr>\n<td>Responsable<\/td>\n<td><em>Director\/a del Departamento de Investigaci\u00f3n<\/em><\/td>\n<\/tr>\n<\/tbody>\n<\/table>\n<p>&nbsp;<\/p>\n<table border=\"1\" width=\"480\">\n<tbody>\n<tr>\n<td width=\"101\"><\/td>\n<td width=\"254\"><\/td>\n<td width=\"103\">Evidencias<\/td>\n<\/tr>\n<tr>\n<td>C\u00f3digo<\/td>\n<td><em>3.1.1.B<\/em><\/td>\n<td rowspan=\"3\">[lightbox full=\u00bbhttps:\/\/departamentos.uleam.edu.ec\/evaluacion-interna\/files\/2015\/06\/Aprobaci\u00f3n-por-parte-del-consejo.jpg\u00bb title=\u00bbAprobaci\u00f3n por parte del consejo Universitario\u00bb]<a href=\"https:\/\/drive.google.com\/open?id=0B3QuX0417HgHeERROXFJRENIUHc\" target=\"_blank\">Aprobaci\u00f3n por parte del consejo Universitario<\/a>[\/lightbox]<\/td>\n<\/tr>\n<tr>\n<td>Acci\u00f3n<\/td>\n<td><em>Reformulaci\u00f3n de los s\u00edlabos para que incluyan elementos que preparen o estimulen al profesor y estudiante a realizar investigaciones. <\/em><\/td>\n<\/tr>\n<tr>\n<td>Responsable<\/td>\n<td><em>Decano\/a de Facultad<\/em><\/td>\n<\/tr>\n<\/tbody>\n<\/table>\n<p>&nbsp;<\/p>\n<table border=\"1\" width=\"480\">\n<tbody>\n<tr>\n<td width=\"101\"><\/td>\n<td width=\"254\"><\/td>\n<td width=\"103\">Evidencias<\/td>\n<\/tr>\n<tr>\n<td>C\u00f3digo<\/td>\n<td><em>3.1.1.C<\/em><\/td>\n<td rowspan=\"3\">[lightbox full=\u00bbhttps:\/\/departamentos.uleam.edu.ec\/evaluacion-interna\/files\/2015\/06\/Aprobaci\u00f3n-por-parte-del-consejo.jpg\u00bb title=\u00bbAprobaci\u00f3n por parte del consejo Universitario\u00bb]<a href=\"https:\/\/drive.google.com\/open?id=0B3QuX0417HgHeERROXFJRENIUHc\" target=\"_blank\">Aprobaci\u00f3n por parte del consejo Universitario<\/a>[\/lightbox]<\/td>\n<\/tr>\n<tr>\n<td>Acci\u00f3n<\/td>\n<td><em>Aprobaci\u00f3n, financiamiento, dise\u00f1o y ejecuci\u00f3n de 24 proyectos de investigaci\u00f3n. <\/em><\/td>\n<\/tr>\n<tr>\n<td>Responsable<\/td>\n<td><em>Director\/a del departamento de investigaci\u00f3n<\/em><\/td>\n<\/tr>\n<\/tbody>\n<\/table>\n<p>&nbsp;<\/p>\n<table border=\"1\" width=\"480\">\n<tbody>\n<tr>\n<td width=\"101\"><\/td>\n<td width=\"254\"><\/td>\n<td width=\"103\">Evidencias<\/td>\n<\/tr>\n<tr>\n<td>C\u00f3digo<\/td>\n<td><em>3.2.1.A<\/em><\/td>\n<td rowspan=\"3\">[lightbox full=\u00bbhttps:\/\/departamentos.uleam.edu.ec\/evaluacion-interna\/files\/2015\/06\/Aprobaci\u00f3n-por-parte-del-consejo.jpg\u00bb title=\u00bbAprobaci\u00f3n por parte del consejo Universitario\u00bb]<a href=\"https:\/\/drive.google.com\/open?id=0B3QuX0417HgHeERROXFJRENIUHc\" target=\"_blank\">Aprobaci\u00f3n por parte del consejo Universitario<\/a>[\/lightbox]<\/td>\n<\/tr>\n<tr>\n<td>Acci\u00f3n<\/td>\n<td><em>Definici\u00f3n, evaluaci\u00f3n y seguimiento de 5 eventos de capacitaci\u00f3n. <\/em><\/td>\n<\/tr>\n<tr>\n<td>Responsable<\/td>\n<td><em>Vicerrector\/a Acad\u00e9mico<\/em><\/td>\n<\/tr>\n<\/tbody>\n<\/table>\n<p>&nbsp;<\/p>\n<table border=\"1\" width=\"480\">\n<tbody>\n<tr>\n<td width=\"101\"><\/td>\n<td width=\"254\"><\/td>\n<td width=\"103\">Evidencias<\/td>\n<\/tr>\n<tr>\n<td>C\u00f3digo<\/td>\n<td><em>3.2.1.B<\/em><\/td>\n<td rowspan=\"3\">[lightbox full=\u00bbhttps:\/\/departamentos.uleam.edu.ec\/evaluacion-interna\/files\/2015\/06\/Aprobaci\u00f3n-por-parte-del-consejo.jpg\u00bb title=\u00bbAprobaci\u00f3n por parte del consejo Universitario\u00bb]<a href=\"https:\/\/drive.google.com\/open?id=0B3QuX0417HgHeERROXFJRENIUHc\" target=\"_blank\">Aprobaci\u00f3n por parte del consejo Universitario<\/a>[\/lightbox]<\/td>\n<\/tr>\n<tr>\n<td>Acci\u00f3n<\/td>\n<td><em>Est\u00edmulo a los docentes desde 50% de su costo, para que asistan a congresos y conferencias de su especialidad y presenten ponencias. <\/em><\/td>\n<\/tr>\n<tr>\n<td>Responsable<\/td>\n<td><em>Presidente\/a de la comisi\u00f3n de escalaf\u00f3n docente<\/em><\/td>\n<\/tr>\n<\/tbody>\n<\/table>\n<p>&nbsp;<\/p>\n<table border=\"1\" width=\"480\">\n<tbody>\n<tr>\n<td width=\"101\"><\/td>\n<td width=\"254\"><\/td>\n<td width=\"103\">Evidencias<\/td>\n<\/tr>\n<tr>\n<td>C\u00f3digo<\/td>\n<td><em>3.3.1.A<\/em><\/td>\n<td rowspan=\"3\">[lightbox full=\u00bbhttps:\/\/departamentos.uleam.edu.ec\/evaluacion-interna\/files\/2015\/06\/Aprobaci\u00f3n-por-parte-del-consejo.jpg\u00bb title=\u00bbAprobaci\u00f3n por parte del consejo Universitario\u00bb]<a href=\"https:\/\/drive.google.com\/open?id=0B3QuX0417HgHeERROXFJRENIUHc\" target=\"_blank\">Aprobaci\u00f3n por parte del consejo Universitario<\/a>[\/lightbox]<\/td>\n<\/tr>\n<tr>\n<td>Acci\u00f3n<\/td>\n<td><em>Creaci\u00f3n y financiamiento de una revista cient\u00edfica institucional por campo del conocimiento. <\/em><\/td>\n<\/tr>\n<tr>\n<td>Responsable<\/td>\n<td><em>Director\/a del departamento de edici\u00f3n y publicaci\u00f3n<\/em><\/td>\n<\/tr>\n<\/tbody>\n<\/table>\n<p>&nbsp;<\/p>\n<table border=\"1\" width=\"480\">\n<tbody>\n<tr>\n<td width=\"101\"><\/td>\n<td width=\"254\"><\/td>\n<td width=\"103\">Evidencias<\/td>\n<\/tr>\n<tr>\n<td>C\u00f3digo<\/td>\n<td><em>3.3.1.B<\/em><\/td>\n<td rowspan=\"3\">[lightbox full=\u00bbhttps:\/\/departamentos.uleam.edu.ec\/evaluacion-interna\/files\/2015\/06\/Aprobaci\u00f3n-por-parte-del-consejo.jpg\u00bb title=\u00bbAprobaci\u00f3n por parte del consejo Universitario\u00bb]<a href=\"https:\/\/drive.google.com\/open?id=0B3QuX0417HgHeERROXFJRENIUHc\" target=\"_blank\">Aprobaci\u00f3n por parte del consejo Universitario<\/a>[\/lightbox]<\/td>\n<\/tr>\n<tr>\n<td>Acci\u00f3n<\/td>\n<td><em>Estimular la producci\u00f3n de art\u00edculos en revistas indexadas y libros acad\u00e9micos revisados por pares. <\/em><\/td>\n<\/tr>\n<tr>\n<td>Responsable<\/td>\n<td><em>Rector\/a<\/em><\/td>\n<\/tr>\n<\/tbody>\n<\/table>\n<h5 style=\"text-align: right\"><span style=\"color: #0000ff\">P\u00e1gina \u00a0 \u00a0\u00a0<a style=\"color: #0000ff\" title=\"REPOSITORIO\" href=\"https:\/\/departamentos.uleam.edu.ec\/evaluacion-interna\/repositorio\/\">&lt;1&gt;<\/a>\u00a0 <a style=\"color: #0000ff\" title=\"REPOSITORIO\" href=\"https:\/\/departamentos.uleam.edu.ec\/evaluacion-interna\/repositorio-2\/\">&lt;2&gt;<\/a>\u00a0 <a style=\"color: #0000ff\" title=\"REPOSITORIO\" href=\"https:\/\/departamentos.uleam.edu.ec\/evaluacion-interna\/repositorio-3\/\">&lt;3&gt;<\/a>\u00a0 <a style=\"color: #0000ff\" title=\"REPOSITORIO\" href=\"https:\/\/departamentos.uleam.edu.ec\/evaluacion-interna\/repositorio-4\/\">&lt;4&gt;<\/a>\u00a0 <a style=\"color: #0000ff\" title=\"REPOSITORIO Pag. 5\" href=\"https:\/\/departamentos.uleam.edu.ec\/evaluacion-interna\/repositorio-pag-5\/\">&lt;5&gt;<\/a><\/span><\/h5>\n","protected":false},"excerpt":{"rendered":"<p>P\u00e1gina \u00a0 \u00a0\u00a0&lt;1&gt;\u00a0 &lt;2&gt;\u00a0 &lt;3&gt;\u00a0 &lt;4&gt;\u00a0 &lt;5&gt; Evidencias C\u00f3digo 2.3.1.B [lightbox full=\u00bbhttps:\/\/departamentos.uleam.edu.ec\/evaluacion-interna\/files\/2015\/06\/Aprobaci\u00f3n-por-parte-del-consejo.jpg\u00bb title=\u00bbAprobaci\u00f3n por parte del consejo Universitario\u00bb]Aprobaci\u00f3n por parte del consejo Universitario[\/lightbox] Acci\u00f3n Incremento de las remuneraciones de los docentes de la ULEAM, hasta niveles de profesionalizaci\u00f3n de la docencia a dedicaci\u00f3n exclusiva o compartida, de conformidad con lo establecido en el Reglamento de&#8230; <\/p>\n<div class=\"link-more\"><a href=\"https:\/\/departamentos.uleam.edu.ec\/evaluacion-interna\/repositorio-3\/\">Leer M\u00e1s<\/a><\/div>\n","protected":false},"author":24,"featured_media":0,"parent":0,"menu_order":0,"comment_status":"open","ping_status":"open","template":"","meta":{"footnotes":"","_links_to":"","_links_to_target":""},"class_list":["post-977","page","type-page","status-publish","hentry"],"_links":{"self":[{"href":"https:\/\/departamentos.uleam.edu.ec\/evaluacion-interna\/wp-json\/wp\/v2\/pages\/977","targetHints":{"allow":["GET"]}}],"collection":[{"href":"https:\/\/departamentos.uleam.edu.ec\/evaluacion-interna\/wp-json\/wp\/v2\/pages"}],"about":[{"href":"https:\/\/departamentos.uleam.edu.ec\/evaluacion-interna\/wp-json\/wp\/v2\/types\/page"}],"author":[{"embeddable":true,"href":"https:\/\/departamentos.uleam.edu.ec\/evaluacion-interna\/wp-json\/wp\/v2\/users\/24"}],"replies":[{"embeddable":true,"href":"https:\/\/departamentos.uleam.edu.ec\/evaluacion-interna\/wp-json\/wp\/v2\/comments?post=977"}],"version-history":[{"count":12,"href":"https:\/\/departamentos.uleam.edu.ec\/evaluacion-interna\/wp-json\/wp\/v2\/pages\/977\/revisions"}],"predecessor-version":[{"id":1628,"href":"https:\/\/departamentos.uleam.edu.ec\/evaluacion-interna\/wp-json\/wp\/v2\/pages\/977\/revisions\/1628"}],"wp:attachment":[{"href":"https:\/\/departamentos.uleam.edu.ec\/evaluacion-interna\/wp-json\/wp\/v2\/media?parent=977"}],"curies":[{"name":"wp","href":"https:\/\/api.w.org\/{rel}","templated":true}]}}