{"id":979,"date":"2015-06-11T15:05:54","date_gmt":"2015-06-11T20:05:54","guid":{"rendered":"http:\/\/departamentos.uleam.edu.ec\/evaluacion-interna\/?page_id=979"},"modified":"2016-03-03T17:27:51","modified_gmt":"2016-03-03T22:27:51","slug":"repositorio-4","status":"publish","type":"page","link":"https:\/\/departamentos.uleam.edu.ec\/evaluacion-interna\/repositorio-4\/","title":{"rendered":"REPOSITORIO Pag. 4"},"content":{"rendered":"<h5 style=\"text-align: right\"><span style=\"color: #0000ff\">P\u00e1gina \u00a0 \u00a0\u00a0<a style=\"color: #0000ff\" title=\"REPOSITORIO\" href=\"https:\/\/departamentos.uleam.edu.ec\/evaluacion-interna\/repositorio\/\">&lt;1&gt;<\/a>\u00a0 <a style=\"color: #0000ff\" title=\"REPOSITORIO\" href=\"https:\/\/departamentos.uleam.edu.ec\/evaluacion-interna\/repositorio-2\/\">&lt;2&gt;<\/a>\u00a0 <a style=\"color: #0000ff\" title=\"REPOSITORIO\" href=\"https:\/\/departamentos.uleam.edu.ec\/evaluacion-interna\/repositorio-3\/\">&lt;3&gt;<\/a>\u00a0 <a style=\"color: #0000ff\" title=\"REPOSITORIO\" href=\"https:\/\/departamentos.uleam.edu.ec\/evaluacion-interna\/repositorio-4\/\">&lt;4&gt;<\/a>\u00a0 <a style=\"color: #0000ff\" title=\"REPOSITORIO Pag. 5\" href=\"https:\/\/departamentos.uleam.edu.ec\/evaluacion-interna\/repositorio-pag-5\/\">&lt;5&gt;<\/a><\/span><\/h5>\n<table border=\"1\" width=\"480\">\n<tbody>\n<tr>\n<td width=\"101\"><\/td>\n<td width=\"254\"><\/td>\n<td width=\"103\">Evidencias<\/td>\n<\/tr>\n<tr>\n<td>C\u00f3digo<\/td>\n<td><em>3.4.1.A<\/em><\/td>\n<td rowspan=\"3\">[lightbox full=\u00bbhttps:\/\/departamentos.uleam.edu.ec\/evaluacion-interna\/files\/2015\/06\/Aprobaci\u00f3n-por-parte-del-consejo.jpg\u00bb title=\u00bbAprobaci\u00f3n por parte del consejo Universitario\u00bb]<a href=\"https:\/\/drive.google.com\/open?id=0B3QuX0417HgHZTRXYU1nYlRIS0U\" target=\"_blank\">Aprobaci\u00f3n por parte del consejo Universitario<\/a>[\/lightbox]<\/td>\n<\/tr>\n<tr>\n<td>Acci\u00f3n<\/td>\n<td><em>Gesti\u00f3n de financiamiento nacional e internacional de 2 proyectos de investigaci\u00f3n <\/em><\/td>\n<\/tr>\n<tr>\n<td>Responsable<\/td>\n<td><em>Director\/a del Departamento de Relaciones Internacionales<\/em><\/td>\n<\/tr>\n<\/tbody>\n<\/table>\n<p>&nbsp;<\/p>\n<table border=\"1\" width=\"480\">\n<tbody>\n<tr>\n<td width=\"101\"><\/td>\n<td width=\"254\"><\/td>\n<td width=\"103\">Evidencias<\/td>\n<\/tr>\n<tr>\n<td>C\u00f3digo<\/td>\n<td><em>3.4.1.B<\/em><\/td>\n<td rowspan=\"3\">[lightbox full=\u00bbhttps:\/\/departamentos.uleam.edu.ec\/evaluacion-interna\/files\/2015\/06\/Aprobaci\u00f3n-por-parte-del-consejo.jpg\u00bb title=\u00bbAprobaci\u00f3n por parte del consejo Universitario\u00bb]<a href=\"https:\/\/drive.google.com\/open?id=0B3QuX0417HgHZTRXYU1nYlRIS0U\" target=\"_blank\">Aprobaci\u00f3n por parte del consejo Universitario<\/a>[\/lightbox]<\/td>\n<\/tr>\n<tr>\n<td>Acci\u00f3n<\/td>\n<td><em>B\u00fasqueda e incorporaci\u00f3n de 4 \u00abPrometeos\u00bb para asesor\u00eda y coordinaci\u00f3n de proyectos de investigaci\u00f3n, especialmente multi, inter y transdisciplinarios <\/em><\/td>\n<\/tr>\n<tr>\n<td>Responsable<\/td>\n<td><em>Director\/a del departamento de investigaci\u00f3n<\/em><\/td>\n<\/tr>\n<\/tbody>\n<\/table>\n<p>&nbsp;<\/p>\n<table border=\"1\" width=\"480\">\n<tbody>\n<tr>\n<td width=\"101\"><\/td>\n<td width=\"254\"><\/td>\n<td width=\"103\">Evidencias<\/td>\n<\/tr>\n<tr>\n<td>C\u00f3digo<\/td>\n<td><em>3.4.1.C<\/em><\/td>\n<td rowspan=\"3\">[lightbox full=\u00bbhttps:\/\/departamentos.uleam.edu.ec\/evaluacion-interna\/files\/2015\/06\/Aprobaci\u00f3n-por-parte-del-consejo.jpg\u00bb title=\u00bbAprobaci\u00f3n por parte del consejo Universitario\u00bb]<a href=\"https:\/\/drive.google.com\/open?id=0B3QuX0417HgHZTRXYU1nYlRIS0U\" target=\"_blank\">Aprobaci\u00f3n por parte del consejo Universitario<\/a>[\/lightbox]<\/td>\n<\/tr>\n<tr>\n<td>Acci\u00f3n<\/td>\n<td><em>Incorporaci\u00f3n de la ULEAM a UNA red y un centro de investigaci\u00f3n regional, nacional o internacional.<\/em><\/td>\n<\/tr>\n<tr>\n<td>Responsable<\/td>\n<td><em>Director\/a del departamento de investigaci\u00f3n<\/em><\/td>\n<\/tr>\n<\/tbody>\n<\/table>\n<p>&nbsp;<\/p>\n<table border=\"1\" width=\"480\">\n<tbody>\n<tr>\n<td width=\"101\"><\/td>\n<td width=\"254\"><\/td>\n<td width=\"103\">Evidencias<\/td>\n<\/tr>\n<tr>\n<td>C\u00f3digo<\/td>\n<td><em>4.1.1.A<\/em><\/td>\n<td rowspan=\"3\">[lightbox full=\u00bbhttps:\/\/departamentos.uleam.edu.ec\/evaluacion-interna\/files\/2015\/06\/Aprobaci\u00f3n-por-parte-del-consejo.jpg\u00bb title=\u00bbAprobaci\u00f3n por parte del consejo Universitario\u00bb]<a href=\"https:\/\/drive.google.com\/open?id=0B3QuX0417HgHZTRXYU1nYlRIS0U\" target=\"_blank\">Aprobaci\u00f3n por parte del consejo Universitario<\/a>[\/lightbox]<\/td>\n<\/tr>\n<tr>\n<td>Acci\u00f3n<\/td>\n<td><em>Realizaci\u00f3n de 4 eventos culturales, tales como: foros y conversatorios en los predios de la ULEAM con la participaci\u00f3n de representantes de las diversas culturas, nacionalidades y grupos sociales. <\/em><\/td>\n<\/tr>\n<tr>\n<td>Responsable<\/td>\n<td><em>Director\/a del departamento de promoci\u00f3n y desarrollo Cultura<\/em><\/td>\n<\/tr>\n<\/tbody>\n<\/table>\n<p>&nbsp;<\/p>\n<table border=\"1\" width=\"480\">\n<tbody>\n<tr>\n<td width=\"101\"><\/td>\n<td width=\"254\"><\/td>\n<td width=\"103\">Evidencias<\/td>\n<\/tr>\n<tr>\n<td>C\u00f3digo<\/td>\n<td><em>4.1.1.B<\/em><\/td>\n<td rowspan=\"3\">[lightbox full=\u00bbhttps:\/\/departamentos.uleam.edu.ec\/evaluacion-interna\/files\/2015\/06\/Aprobaci\u00f3n-por-parte-del-consejo.jpg\u00bb title=\u00bbAprobaci\u00f3n por parte del consejo Universitario\u00bb]<a href=\"https:\/\/drive.google.com\/open?id=0B3QuX0417HgHZTRXYU1nYlRIS0U\" target=\"_blank\">Aprobaci\u00f3n por parte del consejo Universitario<\/a>[\/lightbox]<\/td>\n<\/tr>\n<tr>\n<td>Acci\u00f3n<\/td>\n<td><em>Investigaci\u00f3n sobre el impacto de la recuperaci\u00f3n de los conocimientos y epistemolog\u00edas de los pueblos y nacionalidades ancestrales en la formaci\u00f3n acad\u00e9mica de los nuevos profesionales. <\/em><\/td>\n<\/tr>\n<tr>\n<td>Responsable<\/td>\n<td><em>Director\/a del departamento de edici\u00f3n y publicaci\u00f3n<\/em><\/td>\n<\/tr>\n<\/tbody>\n<\/table>\n<p>&nbsp;<\/p>\n<table border=\"1\" width=\"480\">\n<tbody>\n<tr>\n<td width=\"101\"><\/td>\n<td width=\"254\"><\/td>\n<td width=\"103\">Evidencias<\/td>\n<\/tr>\n<tr>\n<td>C\u00f3digo<\/td>\n<td><em>4.1.1.C<\/em><\/td>\n<td rowspan=\"3\">[lightbox full=\u00bbhttps:\/\/departamentos.uleam.edu.ec\/evaluacion-interna\/files\/2015\/06\/Aprobaci\u00f3n-por-parte-del-consejo.jpg\u00bb title=\u00bbAprobaci\u00f3n por parte del consejo Universitario\u00bb]<a href=\"https:\/\/drive.google.com\/open?id=0B3QuX0417HgHZTRXYU1nYlRIS0U\" target=\"_blank\">Aprobaci\u00f3n por parte del consejo Universitario<\/a>[\/lightbox]<\/td>\n<\/tr>\n<tr>\n<td>Acci\u00f3n<\/td>\n<td><em>1 Congreso internacional de historia con \u00e9nfasis en los nuevos modelos de desarrollo econ\u00f3mico y social que incorporan a pueblos, nacionalidades y grupos sociales emergentes. <\/em><\/td>\n<\/tr>\n<tr>\n<td>Responsable<\/td>\n<td><em>Director\/a del Departamento de Relaciones Internacionales<\/em><\/td>\n<\/tr>\n<\/tbody>\n<\/table>\n<p>&nbsp;<\/p>\n<table border=\"1\" width=\"480\">\n<tbody>\n<tr>\n<td width=\"101\"><\/td>\n<td width=\"254\"><\/td>\n<td width=\"103\">Evidencias<\/td>\n<\/tr>\n<tr>\n<td>C\u00f3digo<\/td>\n<td><em>4.2.1.A<\/em><\/td>\n<td rowspan=\"3\">[lightbox full=\u00bbhttps:\/\/departamentos.uleam.edu.ec\/evaluacion-interna\/files\/2015\/06\/Aprobaci\u00f3n-por-parte-del-consejo.jpg\u00bb title=\u00bbAprobaci\u00f3n por parte del consejo Universitario\u00bb]<a href=\"https:\/\/drive.google.com\/open?id=0B3QuX0417HgHZTRXYU1nYlRIS0U\" target=\"_blank\">Aprobaci\u00f3n por parte del consejo Universitario<\/a>[\/lightbox]<\/td>\n<\/tr>\n<tr>\n<td>Acci\u00f3n<\/td>\n<td><em>Incorporaci\u00f3n de elementos de interculturalidad en los planes curriculares de todas las carreras. <\/em><\/td>\n<\/tr>\n<tr>\n<td>Responsable<\/td>\n<td><em>Vicerrector\/a Acad\u00e9mico<\/em><\/td>\n<\/tr>\n<\/tbody>\n<\/table>\n<p>&nbsp;<\/p>\n<table border=\"1\" width=\"480\">\n<tbody>\n<tr>\n<td width=\"101\"><\/td>\n<td width=\"254\"><\/td>\n<td width=\"103\">Evidencias<\/td>\n<\/tr>\n<tr>\n<td>C\u00f3digo<\/td>\n<td><em>4.3.1.A<\/em><\/td>\n<td rowspan=\"3\">[lightbox full=\u00bbhttps:\/\/departamentos.uleam.edu.ec\/evaluacion-interna\/files\/2015\/06\/Aprobaci\u00f3n-por-parte-del-consejo.jpg\u00bb title=\u00bbAprobaci\u00f3n por parte del consejo Universitario\u00bb]<a href=\"https:\/\/drive.google.com\/open?id=0B3QuX0417HgHZTRXYU1nYlRIS0U\" target=\"_blank\">Aprobaci\u00f3n por parte del consejo Universitario<\/a>[\/lightbox]<\/td>\n<\/tr>\n<tr>\n<td>Acci\u00f3n<\/td>\n<td><em>B\u00fasqueda de comunidades y grupos sociales para la realizaci\u00f3n de 5 proyectos de vinculaci\u00f3n, en concordancia con las necesidades de la zona 4 y la oferta acad\u00e9mica.<\/em><\/td>\n<\/tr>\n<tr>\n<td>Responsable<\/td>\n<td><em>Director\/a del Departamento de vinculaci\u00f3n<\/em><\/td>\n<\/tr>\n<\/tbody>\n<\/table>\n<p>&nbsp;<\/p>\n<table border=\"1\" width=\"480\">\n<tbody>\n<tr>\n<td width=\"101\"><\/td>\n<td width=\"254\"><\/td>\n<td width=\"103\">Evidencias<\/td>\n<\/tr>\n<tr>\n<td>C\u00f3digo<\/td>\n<td>4.4.1.A<\/td>\n<td rowspan=\"3\">[lightbox full=\u00bbhttps:\/\/departamentos.uleam.edu.ec\/evaluacion-interna\/files\/2015\/06\/Aprobaci\u00f3n-por-parte-del-consejo.jpg\u00bb title=\u00bbAprobaci\u00f3n por parte del consejo Universitario\u00bb]<a href=\"https:\/\/drive.google.com\/open?id=0B3QuX0417HgHZTRXYU1nYlRIS0U\" target=\"_blank\">Aprobaci\u00f3n por parte del consejo Universitario<\/a>[\/lightbox]<\/td>\n<\/tr>\n<tr>\n<td>Acci\u00f3n<\/td>\n<td><em>Fortalecimiento de las coordinaciones de Pr\u00e1cticas Preprofesionales por carrera.<\/em><\/td>\n<\/tr>\n<tr>\n<td>Responsable<\/td>\n<td><em>Decano\/a de Facultad<\/em><\/td>\n<\/tr>\n<\/tbody>\n<\/table>\n<p>&nbsp;<\/p>\n<table border=\"1\" width=\"480\">\n<tbody>\n<tr>\n<td width=\"101\"><\/td>\n<td width=\"254\"><\/td>\n<td width=\"103\">Evidencias<\/td>\n<\/tr>\n<tr>\n<td>C\u00f3digo<\/td>\n<td><em>4.4.2.B<\/em><\/td>\n<td rowspan=\"3\">[lightbox full=\u00bbhttps:\/\/departamentos.uleam.edu.ec\/evaluacion-interna\/files\/2015\/06\/Aprobaci\u00f3n-por-parte-del-consejo.jpg\u00bb title=\u00bbAprobaci\u00f3n por parte del consejo Universitario\u00bb]<a href=\"https:\/\/drive.google.com\/open?id=0B3QuX0417HgHZTRXYU1nYlRIS0U\" target=\"_blank\">Aprobaci\u00f3n por parte del consejo Universitario<\/a>[\/lightbox]<\/td>\n<\/tr>\n<tr>\n<td>Acci\u00f3n<\/td>\n<td><em>Incorporar nuevas metodolog\u00edas did\u00e1cticas en los microcurr\u00edculos de todas las carreras, d\u00e1ndo \u00e9nfasis a la coordinaci\u00f3n con los aprendizajes en ambientes laborales <\/em><\/td>\n<\/tr>\n<tr>\n<td>Responsable<\/td>\n<td><em>Decano\/a de Facultad<\/em><\/td>\n<\/tr>\n<\/tbody>\n<\/table>\n<p>&nbsp;<\/p>\n<h5 style=\"text-align: right\"><span style=\"color: #0000ff\">P\u00e1gina \u00a0 \u00a0\u00a0<a style=\"color: #0000ff\" title=\"REPOSITORIO\" href=\"https:\/\/departamentos.uleam.edu.ec\/evaluacion-interna\/repositorio\/\">&lt;1&gt;<\/a>\u00a0 <a style=\"color: #0000ff\" title=\"REPOSITORIO\" href=\"https:\/\/departamentos.uleam.edu.ec\/evaluacion-interna\/repositorio-2\/\">&lt;2&gt;<\/a>\u00a0 <a style=\"color: #0000ff\" title=\"REPOSITORIO\" href=\"https:\/\/departamentos.uleam.edu.ec\/evaluacion-interna\/repositorio-3\/\">&lt;3&gt;<\/a>\u00a0 <a style=\"color: #0000ff\" title=\"REPOSITORIO\" href=\"https:\/\/departamentos.uleam.edu.ec\/evaluacion-interna\/repositorio-4\/\">&lt;4&gt;<\/a>\u00a0 <a style=\"color: #0000ff\" title=\"REPOSITORIO Pag. 5\" href=\"https:\/\/departamentos.uleam.edu.ec\/evaluacion-interna\/repositorio-pag-5\/\">&lt;5&gt;<\/a><\/span><\/h5>\n","protected":false},"excerpt":{"rendered":"<p>P\u00e1gina \u00a0 \u00a0\u00a0&lt;1&gt;\u00a0 &lt;2&gt;\u00a0 &lt;3&gt;\u00a0 &lt;4&gt;\u00a0 &lt;5&gt; Evidencias C\u00f3digo 3.4.1.A [lightbox full=\u00bbhttps:\/\/departamentos.uleam.edu.ec\/evaluacion-interna\/files\/2015\/06\/Aprobaci\u00f3n-por-parte-del-consejo.jpg\u00bb title=\u00bbAprobaci\u00f3n por parte del consejo Universitario\u00bb]Aprobaci\u00f3n por parte del consejo Universitario[\/lightbox] Acci\u00f3n Gesti\u00f3n de financiamiento nacional e internacional de 2 proyectos de investigaci\u00f3n Responsable Director\/a del Departamento de Relaciones Internacionales &nbsp; Evidencias C\u00f3digo 3.4.1.B [lightbox full=\u00bbhttps:\/\/departamentos.uleam.edu.ec\/evaluacion-interna\/files\/2015\/06\/Aprobaci\u00f3n-por-parte-del-consejo.jpg\u00bb title=\u00bbAprobaci\u00f3n por parte del consejo Universitario\u00bb]Aprobaci\u00f3n por&#8230; <\/p>\n<div class=\"link-more\"><a href=\"https:\/\/departamentos.uleam.edu.ec\/evaluacion-interna\/repositorio-4\/\">Leer M\u00e1s<\/a><\/div>\n","protected":false},"author":24,"featured_media":0,"parent":0,"menu_order":0,"comment_status":"open","ping_status":"open","template":"","meta":{"footnotes":"","_links_to":"","_links_to_target":""},"class_list":["post-979","page","type-page","status-publish","hentry"],"_links":{"self":[{"href":"https:\/\/departamentos.uleam.edu.ec\/evaluacion-interna\/wp-json\/wp\/v2\/pages\/979","targetHints":{"allow":["GET"]}}],"collection":[{"href":"https:\/\/departamentos.uleam.edu.ec\/evaluacion-interna\/wp-json\/wp\/v2\/pages"}],"about":[{"href":"https:\/\/departamentos.uleam.edu.ec\/evaluacion-interna\/wp-json\/wp\/v2\/types\/page"}],"author":[{"embeddable":true,"href":"https:\/\/departamentos.uleam.edu.ec\/evaluacion-interna\/wp-json\/wp\/v2\/users\/24"}],"replies":[{"embeddable":true,"href":"https:\/\/departamentos.uleam.edu.ec\/evaluacion-interna\/wp-json\/wp\/v2\/comments?post=979"}],"version-history":[{"count":12,"href":"https:\/\/departamentos.uleam.edu.ec\/evaluacion-interna\/wp-json\/wp\/v2\/pages\/979\/revisions"}],"predecessor-version":[{"id":1629,"href":"https:\/\/departamentos.uleam.edu.ec\/evaluacion-interna\/wp-json\/wp\/v2\/pages\/979\/revisions\/1629"}],"wp:attachment":[{"href":"https:\/\/departamentos.uleam.edu.ec\/evaluacion-interna\/wp-json\/wp\/v2\/media?parent=979"}],"curies":[{"name":"wp","href":"https:\/\/api.w.org\/{rel}","templated":true}]}}