{"id":2,"date":"2010-11-05T14:52:38","date_gmt":"2010-11-05T14:52:38","guid":{"rendered":"http:\/\/departamentos.uleam.edu.ec\/financiero-universidad\/?page_id=2"},"modified":"2022-03-31T16:10:58","modified_gmt":"2022-03-31T16:10:58","slug":"acerca-de","status":"publish","type":"page","link":"https:\/\/departamentos.uleam.edu.ec\/financiero-universidad\/acerca-de\/","title":{"rendered":"Informaci\u00f3n Presupuesto"},"content":{"rendered":"<p><strong>Informaci\u00f3n de Presupuesto <\/strong><\/p>\n<p><strong>A\u00d1O 2006 <\/strong><\/p>\n<p>La Universidad se financia con recursos que le asigna el Estado, los mismos que aumentan de acuerdo al ingreso que generan los tributos en el pa\u00eds, pues en el Ecuador las Universidades y Escuelas Polit\u00e9cnicas en virtud de la Ley que cre\u00f3 el Fondo Permanente de Desarrollo Universitario y Polit\u00e9cnico (Ley que fue propuesta por esta Universidad) gozan de autonom\u00eda financiera pues participan de un porcentaje del Impuesto a la Renta , al IVA y a los Consumos Especiales. En el a\u00f1o 2006 dichos ingresos est\u00e1n situados en US $ 13.164.703,05 anuales. Es una Universidad fundamentalmente laica y gratuita; sus estudiantes pagan una tasa simb\u00f3lica anual por ocupaci\u00f3n de sus predios y aulas de US $ 20,00 al a\u00f1o, aparte de que concede un buen porcentaje de becas y ayudas econ\u00f3micas a los estudiantes que carecen de recursos econ\u00f3micos para estudiar.<\/p>\n<p>Del presupuesto de la Universidad se destina el 72 % para el pago de personal, 2 % para el pago de gastos operativos (pago de luz, tel\u00e9fono, agua, mantenimiento en general) el saldo es para gastos de inversi\u00f3n, cuyo porcentaje hist\u00f3rico es del 20%, que es alto en comparaci\u00f3n con otras Universidades y Polit\u00e9cnicas del pa\u00eds , pero el aumento de gastos de operaci\u00f3n y mantenimiento unido a la crisis del pa\u00eds y la consecuente limitaci\u00f3n en el crecimiento de ingresos tributarios, afectan la econom\u00eda institucional y han mermado sus gastos de inversi\u00f3n.<\/p>\n<table border=\"0\" width=\"100%\" cellspacing=\"0\" cellpadding=\"0\">\n<tbody>\n<tr>\n<td colspan=\"3\" valign=\"top\"><strong>PERSONAL DE LA ULEAM <\/strong><\/td>\n<\/tr>\n<tr>\n<td valign=\"top\" width=\"291\"><\/td>\n<td valign=\"top\" width=\"108\"><\/td>\n<td valign=\"top\" width=\"163\"><\/td>\n<\/tr>\n<tr>\n<td valign=\"top\"><strong>CARGO<\/strong><\/td>\n<td valign=\"top\"><strong>NUMERO<\/strong><\/td>\n<td valign=\"top\"><strong>PORCENTAJE<\/strong><\/td>\n<\/tr>\n<tr>\n<td valign=\"top\">DOCENTES CON NOMBRAMIENTO<\/td>\n<td valign=\"top\">665<\/td>\n<td valign=\"top\">50,46<\/td>\n<\/tr>\n<tr>\n<td valign=\"top\">ADMINISTRATIVOS CON NOMBRAMIENTO<\/td>\n<td valign=\"top\">371<\/td>\n<td valign=\"top\">28,15<\/td>\n<\/tr>\n<tr>\n<td valign=\"top\">DE SERVICIO CON NOMBRAMIENTO<\/td>\n<td valign=\"top\">237<\/td>\n<td valign=\"top\">17,98<\/td>\n<\/tr>\n<tr>\n<td valign=\"top\"><strong>TOTAL <\/strong><\/td>\n<td valign=\"top\"><strong>1273<\/strong><\/td>\n<td valign=\"top\"><\/td>\n<\/tr>\n<tr>\n<td valign=\"top\"><\/td>\n<td valign=\"top\"><\/td>\n<td valign=\"top\"><\/td>\n<\/tr>\n<tr>\n<td valign=\"top\">DOCENTES POR CONTRATO<\/td>\n<td valign=\"top\">9<\/td>\n<td valign=\"top\">0,68<\/td>\n<\/tr>\n<tr>\n<td valign=\"top\">ADMINISTRATIVOS POR CONTRATO<\/td>\n<td valign=\"top\">28<\/td>\n<td valign=\"top\">2,12<\/td>\n<\/tr>\n<tr>\n<td valign=\"top\">DE SERVICIOS POR CONTRATO<\/td>\n<td valign=\"top\">8<\/td>\n<td valign=\"top\">0,61<\/td>\n<\/tr>\n<tr>\n<td valign=\"top\"><strong>TOTAL<\/strong><\/td>\n<td valign=\"top\"><strong>45<\/strong><\/td>\n<td valign=\"top\"><\/td>\n<\/tr>\n<tr>\n<td valign=\"top\"><\/td>\n<td valign=\"top\"><\/td>\n<td valign=\"top\"><\/td>\n<\/tr>\n<tr>\n<td valign=\"top\"><strong>TOTAL GENERAL<\/strong><\/td>\n<td valign=\"top\"><strong>1318<\/strong><\/td>\n<td valign=\"top\">%100,00<\/td>\n<\/tr>\n<\/tbody>\n<\/table>\n<p><strong><a href=\"http:\/\/www.uleam.edu.ec\/appweb\/filesuleam\/descomposicion_gastos2006.pdf\">DESCOMPOSICI\u00d3N DE GASTOS 2006<\/a><\/strong><strong><br \/>\n<\/strong><strong><a href=\"http:\/\/www.uleam.edu.ec\/appweb\/filesuleam\/analisis_porcentual2006.pdf\">AN\u00c1LISIS PORCENTUAL 2006<br \/>\n<\/a><\/strong><\/p>\n<p><strong>CUADRO DE ESCALAFONES <\/strong>El personal administrativo tambi\u00e9n esta regido por una Escalaf\u00f3n Administrativo que establece escalas de acuerdo a merecimientos, especializaciones y experiencia del funcionario o trabajador, de acuerdo al siguiente<\/p>\n<table border=\"0\" width=\"100%\" cellspacing=\"0\" cellpadding=\"0\">\n<tbody>\n<tr>\n<td width=\"49\"><strong>GRUPO<\/strong><\/td>\n<td width=\"363\"><strong>CATEGORIA<\/strong><\/td>\n<td valign=\"top\" width=\"140\"><strong>Sueldo\u00a0B\u00e1sico Junio-2006 <\/strong><\/td>\n<\/tr>\n<tr>\n<td valign=\"top\">9<\/td>\n<td valign=\"top\" width=\"363\">JEFES DE AREAS<\/td>\n<td valign=\"top\">190,00<\/td>\n<\/tr>\n<tr>\n<td valign=\"top\">8<\/td>\n<td valign=\"top\" width=\"363\">JEFES Y SUPERVISORES DE SECCIONES ADMINISTRATIVAS<\/td>\n<td valign=\"top\">178,00<\/td>\n<\/tr>\n<tr>\n<td valign=\"top\">7<\/td>\n<td valign=\"top\" width=\"363\">JEFES DE SECCIONES ADMINISTRATIVAS<\/td>\n<td valign=\"top\">150,00<\/td>\n<\/tr>\n<tr>\n<td valign=\"top\">6<\/td>\n<td valign=\"top\" width=\"363\">COORDINADORES DE AREAS, SECRETARIAS DE FACULTAD<\/td>\n<td valign=\"top\">140,00<\/td>\n<\/tr>\n<tr>\n<td valign=\"top\">5<\/td>\n<td valign=\"top\" width=\"363\">SECRETARIAS DEPARTAMENTOS, ESCUELA Y PROFESIONALES EN SU RESPECTIVA ESPECIALIZACION<\/td>\n<td valign=\"top\">130,00<\/td>\n<\/tr>\n<tr>\n<td valign=\"top\">4<\/td>\n<td valign=\"top\" width=\"363\">ASISTENTES SECCION, PROFESIONALES EN AREAS DISTINTAS A SU ESPECIALIDAD, PERSONAL ESPECIALIZADO , GUARDIAS Y CHOFERES.<\/td>\n<td valign=\"top\">121,00<\/td>\n<\/tr>\n<tr>\n<td valign=\"top\">3<\/td>\n<td valign=\"top\" width=\"363\">PERSONAL AUXILIAR ESPECIALIZADO<\/td>\n<td valign=\"top\">115,00<\/td>\n<\/tr>\n<tr>\n<td valign=\"top\">2<\/td>\n<td valign=\"top\" width=\"363\">PERSONAL ADMINISTRATIVO NO PROFESIONAL<\/td>\n<td valign=\"top\">110,00<\/td>\n<\/tr>\n<tr>\n<td valign=\"top\">1<\/td>\n<td valign=\"top\" width=\"363\">PERSONAL ADMINISTRATIVO DE SERVICIO<\/td>\n<td valign=\"top\">105,00<\/td>\n<\/tr>\n<tr>\n<td valign=\"top\">0<\/td>\n<td valign=\"top\" width=\"363\">PERSONAL RECIEN INGRESADO<\/td>\n<td valign=\"top\">68,00<\/td>\n<\/tr>\n<\/tbody>\n<\/table>\n<p><strong>R\u00c9GIMEN DE REMUNERACIONES<\/strong> El pago a docentes se lo realiza de acuerdo a un Reglamento de Escalaf\u00f3n Docente en el que se establece categor\u00edas por m\u00e9ritos del docente, de tal manera que quienes est\u00e1n en categor\u00eda superior tienen una mayor retribuci\u00f3n seg\u00fan cuadro siguiente<\/p>\n<table border=\"0\" width=\"100%\" cellspacing=\"0\" cellpadding=\"0\">\n<tbody>\n<tr>\n<td width=\"4\"><\/td>\n<td valign=\"top\" width=\"56\"><strong>GRUPO<\/strong><\/td>\n<td valign=\"top\" width=\"347\"><strong>CATEGORIA<\/strong><\/td>\n<td valign=\"top\" width=\"142\"><strong>Sueldo\u00a0B\u00e1sico Junio-2006 <\/strong><\/td>\n<\/tr>\n<tr>\n<td><\/td>\n<td valign=\"top\">1<\/td>\n<td valign=\"top\" width=\"347\">PROFESOR PRINCIPAL 20<\/td>\n<td valign=\"top\">480,00<\/td>\n<\/tr>\n<tr>\n<td><\/td>\n<td valign=\"top\">2<\/td>\n<td valign=\"top\" width=\"347\">PROFESOR PRINCIPAL 19<\/td>\n<td valign=\"top\">402,00<\/td>\n<\/tr>\n<tr>\n<td><\/td>\n<td valign=\"top\">3<\/td>\n<td valign=\"top\" width=\"347\">PROFESOR PRINCIPAL 18<\/td>\n<td valign=\"top\">393,00<\/td>\n<\/tr>\n<tr>\n<td><\/td>\n<td valign=\"top\">4<\/td>\n<td valign=\"top\" width=\"347\">PROFESOR PRINCIPAL 17<\/td>\n<td valign=\"top\">374,00<\/td>\n<\/tr>\n<tr>\n<td><\/td>\n<td valign=\"top\">5<\/td>\n<td valign=\"top\" width=\"347\">PROFESOR PRINCIPAL 16<\/td>\n<td valign=\"top\">345,00<\/td>\n<\/tr>\n<tr>\n<td><\/td>\n<td valign=\"top\">6<\/td>\n<td valign=\"top\" width=\"347\">PROFESOR PRINCIPAL 15<\/td>\n<td valign=\"top\">325,00<\/td>\n<\/tr>\n<tr>\n<td><\/td>\n<td valign=\"top\">7<\/td>\n<td valign=\"top\" width=\"347\">PROFESOR PRINCIPAL 14<\/td>\n<td valign=\"top\">306,00<\/td>\n<\/tr>\n<tr>\n<td><\/td>\n<td valign=\"top\">8<\/td>\n<td valign=\"top\" width=\"347\">PROFESOR PRINCIPAL 13<\/td>\n<td valign=\"top\">279,00<\/td>\n<\/tr>\n<tr>\n<td><\/td>\n<td valign=\"top\">9<\/td>\n<td valign=\"top\" width=\"347\">PROFESOR PRINCIPAL 12<\/td>\n<td valign=\"top\">260,00<\/td>\n<\/tr>\n<tr>\n<td><\/td>\n<td valign=\"top\">10<\/td>\n<td valign=\"top\" width=\"347\">PROFESOR PRINCIPAL 11<\/td>\n<td valign=\"top\">245,00<\/td>\n<\/tr>\n<tr>\n<td><\/td>\n<td valign=\"top\">11<\/td>\n<td valign=\"top\" width=\"347\">PROFESOR PRINCIPAL 10<\/td>\n<td valign=\"top\">225,00<\/td>\n<\/tr>\n<tr>\n<td><\/td>\n<td valign=\"top\">12<\/td>\n<td valign=\"top\" width=\"347\">PROFESOR PRINCIPAL 9<\/td>\n<td valign=\"top\">209,00<\/td>\n<\/tr>\n<tr>\n<td><\/td>\n<td valign=\"top\">13<\/td>\n<td valign=\"top\" width=\"347\">PROFESOR PRINCIPAL 8<\/td>\n<td valign=\"top\">195,00<\/td>\n<\/tr>\n<tr>\n<td><\/td>\n<td valign=\"top\">14<\/td>\n<td valign=\"top\" width=\"347\">PROFESOR PRINCIPAL 7<\/td>\n<td valign=\"top\">180,00<\/td>\n<\/tr>\n<tr>\n<td><\/td>\n<td valign=\"top\">15<\/td>\n<td valign=\"top\" width=\"347\">PROFESOR PRINCIPAL 6<\/td>\n<td valign=\"top\">166,00<\/td>\n<\/tr>\n<tr>\n<td><\/td>\n<td valign=\"top\">16<\/td>\n<td valign=\"top\" width=\"347\">PROFESOR PRINCIPAL 5<\/td>\n<td valign=\"top\">155,00<\/td>\n<\/tr>\n<tr>\n<td><\/td>\n<td valign=\"top\">17<\/td>\n<td valign=\"top\" width=\"347\">PROFESOR PRINCIPAL 4<\/td>\n<td valign=\"top\">144,00<\/td>\n<\/tr>\n<tr>\n<td><\/td>\n<td valign=\"top\">18<\/td>\n<td valign=\"top\" width=\"347\">PROFESOR PRINCIPAL 3<\/td>\n<td valign=\"top\">133,00<\/td>\n<\/tr>\n<tr>\n<td><\/td>\n<td valign=\"top\">19<\/td>\n<td valign=\"top\" width=\"347\">PROFESOR PRINCIPAL 2<\/td>\n<td valign=\"top\">123,00<\/td>\n<\/tr>\n<tr>\n<td><\/td>\n<td valign=\"top\">20<\/td>\n<td valign=\"top\" width=\"347\">PROFESOR PRINCIPAL 1<\/td>\n<td valign=\"top\">115,00<\/td>\n<\/tr>\n<tr>\n<td><\/td>\n<td valign=\"top\">21<\/td>\n<td valign=\"top\" width=\"347\">PROFESOR AGREGADO<\/td>\n<td valign=\"top\">110,00<\/td>\n<\/tr>\n<tr>\n<td><\/td>\n<td valign=\"top\">22<\/td>\n<td valign=\"top\" width=\"347\">PROFESOR AUXILIAR<\/td>\n<td valign=\"top\">105,00<\/td>\n<\/tr>\n<\/tbody>\n<\/table>\n<p><strong>REPRESENTACI\u00d3N, RESPONSABILIDAD Y RESIDENCIA<\/strong> Nota: Al sueldo b\u00e1sico se adicionan subsidios de antig\u00fcedad que es un 5% por cada a\u00f1o de servicios y bonificaciones como Bono de Comisariato, subsidio por Escalaf\u00f3n administrativo, Compensaci\u00f3n Salarial, Bonificaci\u00f3n Complementaria o Pedag\u00f3gica, gastos de movilizaci\u00f3n, subsidio familiar,<br \/>\ntodo lo cual conforma la remuneraci\u00f3n de docentes y personal administrativo.<\/p>\n<p>las m\u00e1ximas autoridades (Rector y Vicerrectores) los Decanos de Facultad y Directores de Escuela , los Directores de Departamentos de Coordinaci\u00f3n Acad\u00e9mica y Administrativos, los Jefes de<br \/>\nSecci\u00f3n perciban gastos de Responsabilidad, Representaci\u00f3n y Residencia.<\/p>\n<p>Existe m\u00e1s del 50% de docentes que por su labor a tiempo completo tambi\u00e9n perciben gastos de Responsabilidad, todo lo cual est\u00e1 debidamente regulado en el Reglamento de Ejecuci\u00f3n presupuestaria de la instituci\u00f3n expedido por Consejo Universitario.<\/p>\n<p>La escala vigente de los mencionados gastos es la siguiente:<\/p>\n<table border=\"0\" width=\"100%\" cellspacing=\"0\" cellpadding=\"0\">\n<tbody>\n<tr>\n<td colspan=\"4\" valign=\"top\"><strong>PROCENTAJE DE GASTOS DE REPRESENTACION, RESPONSABILIDAD Y GERENCIA <\/strong><\/td>\n<\/tr>\n<tr>\n<td valign=\"top\" width=\"261\"><strong>AUTORIDADES<\/strong><\/td>\n<td valign=\"top\" width=\"282\"><strong>REPRESENTACION<\/strong><\/td>\n<td valign=\"top\" width=\"234\"><strong>RESPONSABILIDAD<\/strong><\/td>\n<td valign=\"top\" width=\"234\"><strong>RESIDENCIA<\/strong><\/td>\n<\/tr>\n<tr>\n<td valign=\"top\"><\/td>\n<td valign=\"top\">%<\/td>\n<td valign=\"top\">%<\/td>\n<td valign=\"top\">%<\/td>\n<\/tr>\n<tr>\n<td valign=\"top\">RECTOR<\/td>\n<td valign=\"top\">100<\/td>\n<td valign=\"top\">100<\/td>\n<td valign=\"top\">100<\/td>\n<\/tr>\n<tr>\n<td valign=\"top\">VICERRECTOR<\/td>\n<td valign=\"top\">100<\/td>\n<td valign=\"top\">90<\/td>\n<td valign=\"top\">90<\/td>\n<\/tr>\n<tr>\n<td valign=\"top\">DIRECTOR POSTGRADO<\/td>\n<td valign=\"top\">100<\/td>\n<td valign=\"top\">90<\/td>\n<td valign=\"top\">90<\/td>\n<\/tr>\n<tr>\n<td valign=\"top\">DECANOS<\/td>\n<td valign=\"top\">100<\/td>\n<td valign=\"top\">80<\/td>\n<td valign=\"top\">80<\/td>\n<\/tr>\n<tr>\n<td valign=\"top\">DIRECTOR DE ESCUELA<\/td>\n<td valign=\"top\">100<\/td>\n<td valign=\"top\">70<\/td>\n<td valign=\"top\">70<\/td>\n<\/tr>\n<tr>\n<td valign=\"top\">DIRECTORES DE DEPARTAMENTOS<\/td>\n<td valign=\"top\">100<\/td>\n<td valign=\"top\">80<\/td>\n<td valign=\"top\">80<\/td>\n<\/tr>\n<tr>\n<td valign=\"top\">JEFES DE SECCI\u00d3N<\/td>\n<td valign=\"top\">70<\/td>\n<td valign=\"top\">60<\/td>\n<td valign=\"top\">60<\/td>\n<\/tr>\n<tr>\n<td><\/td>\n<td><\/td>\n<td><\/td>\n<td><\/td>\n<\/tr>\n<\/tbody>\n<\/table>\n<p>\u2022\u00a0Los Porcentajes se calculan de acuerdo a remuneraci\u00f3n, pero en la misma no se incluyen para este c\u00e1lculo bonificaci\u00f3n por Comisariato, Compensaci\u00f3n salarial, Bonificaci\u00f3n<br \/>\ncomplementaria o Pedag\u00f3gica.<\/p>\n<p>INFORMACION PROPORCIONADA POR EL DEPARTAMENTO FINANCIERO Y DE PERSONAL<\/p>\n","protected":false},"excerpt":{"rendered":"<p>Informaci\u00f3n de Presupuesto A\u00d1O 2006 La Universidad se financia con recursos que le asigna el Estado, los mismos que aumentan de acuerdo al ingreso que generan los tributos en el pa\u00eds, pues en el Ecuador las Universidades y Escuelas Polit\u00e9cnicas [&hellip;]<\/p>\n","protected":false},"author":56,"featured_media":0,"parent":0,"menu_order":2,"comment_status":"closed","ping_status":"closed","template":"","meta":{"footnotes":"","_links_to":"","_links_to_target":""},"class_list":["post-2","page","type-page","status-publish","hentry"],"_links":{"self":[{"href":"https:\/\/departamentos.uleam.edu.ec\/financiero-universidad\/wp-json\/wp\/v2\/pages\/2","targetHints":{"allow":["GET"]}}],"collection":[{"href":"https:\/\/departamentos.uleam.edu.ec\/financiero-universidad\/wp-json\/wp\/v2\/pages"}],"about":[{"href":"https:\/\/departamentos.uleam.edu.ec\/financiero-universidad\/wp-json\/wp\/v2\/types\/page"}],"author":[{"embeddable":true,"href":"https:\/\/departamentos.uleam.edu.ec\/financiero-universidad\/wp-json\/wp\/v2\/users\/56"}],"replies":[{"embeddable":true,"href":"https:\/\/departamentos.uleam.edu.ec\/financiero-universidad\/wp-json\/wp\/v2\/comments?post=2"}],"version-history":[{"count":5,"href":"https:\/\/departamentos.uleam.edu.ec\/financiero-universidad\/wp-json\/wp\/v2\/pages\/2\/revisions"}],"predecessor-version":[{"id":520,"href":"https:\/\/departamentos.uleam.edu.ec\/financiero-universidad\/wp-json\/wp\/v2\/pages\/2\/revisions\/520"}],"wp:attachment":[{"href":"https:\/\/departamentos.uleam.edu.ec\/financiero-universidad\/wp-json\/wp\/v2\/media?parent=2"}],"curies":[{"name":"wp","href":"https:\/\/api.w.org\/{rel}","templated":true}]}}