{"id":287,"date":"2019-06-07T15:55:38","date_gmt":"2019-06-07T15:55:38","guid":{"rendered":"http:\/\/departamentos.uleam.edu.ec\/financiero-universidad\/?page_id=287"},"modified":"2022-09-12T16:18:37","modified_gmt":"2022-09-12T16:18:37","slug":"mision-y-vision","status":"publish","type":"page","link":"https:\/\/departamentos.uleam.edu.ec\/financiero-universidad\/mision-y-vision\/","title":{"rendered":"Misi\u00f3n y Visi\u00f3n"},"content":{"rendered":"<p><strong>Misi\u00f3n<\/strong><\/p>\n<p align=\"justify\">Administrar eficiente y eficazmente los recursos financieros de la Universidad Laica Eloy Alfaro de Manab\u00ed, mediante la coordinaci\u00f3n y ejecuci\u00f3n de las operaciones contables, la direcci\u00f3n de los pagos, la recaudaci\u00f3n de ingresos, la trasferencias de recursos financieros, el registro sistem\u00e1tico y control de los bienes, garantizando as\u00ed el cumplimiento oportuno de las obligaciones laborales y econ\u00f3micas, con estricto apego a las normativas vigentes, para as\u00ed alcanzar la satisfacci\u00f3n de nuestros usuarios mediante la mejora continua de nuestros procesos contribuyendo al logro de los objetivos institucionales.<\/p>\n<p><strong>Visi\u00f3n<\/strong><\/p>\n<p align=\"justify\">Ser el \u00e1rea l\u00edder en la aplicaci\u00f3n de procesos de administraci\u00f3n financiera apoyados en sistemas vanguardistas con la finalidad de llevar un completo control de los movimientos contables y financieros de la instituci\u00f3n y obtener informaci\u00f3n oportuna y fidedigna para el desarrollo de informes requeridos por los organismos de control, y as\u00ed satisfacer las necesidades de los usuarios internos y externos coadyuvando en el logro de los objetivos y metas institucionales y al mismo tiempo evidenciar la transparencia en la ejecuci\u00f3n de los mismos.<\/p>\n","protected":false},"excerpt":{"rendered":"<p>Misi\u00f3n Administrar eficiente y eficazmente los recursos financieros de la Universidad Laica Eloy Alfaro de Manab\u00ed, mediante la coordinaci\u00f3n y ejecuci\u00f3n de las operaciones contables, la direcci\u00f3n de los pagos, la recaudaci\u00f3n de ingresos, la trasferencias de recursos financieros, el [&hellip;]<\/p>\n","protected":false},"author":56,"featured_media":0,"parent":0,"menu_order":0,"comment_status":"closed","ping_status":"closed","template":"","meta":{"footnotes":"","_links_to":"","_links_to_target":""},"class_list":["post-287","page","type-page","status-publish","hentry"],"_links":{"self":[{"href":"https:\/\/departamentos.uleam.edu.ec\/financiero-universidad\/wp-json\/wp\/v2\/pages\/287","targetHints":{"allow":["GET"]}}],"collection":[{"href":"https:\/\/departamentos.uleam.edu.ec\/financiero-universidad\/wp-json\/wp\/v2\/pages"}],"about":[{"href":"https:\/\/departamentos.uleam.edu.ec\/financiero-universidad\/wp-json\/wp\/v2\/types\/page"}],"author":[{"embeddable":true,"href":"https:\/\/departamentos.uleam.edu.ec\/financiero-universidad\/wp-json\/wp\/v2\/users\/56"}],"replies":[{"embeddable":true,"href":"https:\/\/departamentos.uleam.edu.ec\/financiero-universidad\/wp-json\/wp\/v2\/comments?post=287"}],"version-history":[{"count":3,"href":"https:\/\/departamentos.uleam.edu.ec\/financiero-universidad\/wp-json\/wp\/v2\/pages\/287\/revisions"}],"predecessor-version":[{"id":709,"href":"https:\/\/departamentos.uleam.edu.ec\/financiero-universidad\/wp-json\/wp\/v2\/pages\/287\/revisions\/709"}],"wp:attachment":[{"href":"https:\/\/departamentos.uleam.edu.ec\/financiero-universidad\/wp-json\/wp\/v2\/media?parent=287"}],"curies":[{"name":"wp","href":"https:\/\/api.w.org\/{rel}","templated":true}]}}