{"id":567,"date":"2022-09-07T16:51:24","date_gmt":"2022-09-07T16:51:24","guid":{"rendered":"https:\/\/departamentos.uleam.edu.ec\/financiero-universidad\/?page_id=567"},"modified":"2023-08-01T19:55:28","modified_gmt":"2023-08-01T19:55:28","slug":"recaudacion","status":"publish","type":"page","link":"https:\/\/departamentos.uleam.edu.ec\/financiero-universidad\/recaudacion\/","title":{"rendered":"Recaudaci\u00f3n"},"content":{"rendered":"\n<p class=\"has-text-align-center\"><strong><sup>Ing. Jorge Casta\u00f1o &#8211; Jefe de Recaudaci\u00f3n<\/sup><\/strong><\/p>\n\n\n\n<p><p align=\"justify\">Nos encargamos en dar el seguimiento y ejecuci\u00f3n de los servicios de recaudaci\u00f3n, formularios y dem\u00e1s valores por autogesti\u00f3n que tenga que percibir la Universidad.<\/p><\/p>\n\n\n\n<p><strong>Atribuciones y Responsabilidades.<\/strong><\/p>\n\n\n\n<ol class=\"wp-block-list\">\n<li>Orientar y supervisar el sistema de recaudaci\u00f3n.<\/li>\n\n\n\n<li>Realizar el cobro de valores o aranceles que tenga que percibir la Universidad.<\/li>\n\n\n\n<li>Custodiar los valores recaudados y depositarlos al d\u00eda siguiente en la cuenta bancaria establecida de conformidad con las normas legales vigentes.<\/li>\n\n\n\n<li>Elaborar el informe diario de recaudaci\u00f3n y remitirlo a Contabilidad, acompa\u00f1\u00e1ndolo de la correspondiente documentaci\u00f3n de soporte.<\/li>\n\n\n\n<li>Control y archivo de facturas emitidas.<\/li>\n\n\n\n<li>Llevar un registro diario de entradas, salidas y saldos de formularios numerados<\/li>\n\n\n\n<li>Participar en la baja de formularios numerados que se encuentren bajo su custodia, de conformidad con las disposiciones legales.<\/li>\n\n\n\n<li>Velar por la permanente capacitaci\u00f3n y actualizaci\u00f3n de conocimientos del personal de la secci\u00f3n.<\/li>\n\n\n\n<li>Supervisar y evaluar el desempe\u00f1o del personal que labora en la secci\u00f3n a su cargo.<\/li>\n\n\n\n<li>Las dem\u00e1s funciones que le asigne el Director y dem\u00e1s normativas urgentes.<\/li>\n<\/ol>\n\n\n\n<p><strong>Productos y Servicios.<\/strong><\/p>\n\n\n\n<ol class=\"wp-block-list\">\n<li>Informe de recaudaciones.<\/li>\n\n\n\n<li>Inventario de facturas y formularios numerados.<\/li>\n\n\n\n<li>Reportes diarios de recaudaci\u00f3n.<\/li>\n\n\n\n<li>CUR de ingresos.<\/li>\n<\/ol>\n","protected":false},"excerpt":{"rendered":"<p>Ing. Jorge Casta\u00f1o &#8211; Jefe de Recaudaci\u00f3n Nos encargamos en dar el seguimiento y ejecuci\u00f3n de los servicios de recaudaci\u00f3n, formularios y dem\u00e1s valores por autogesti\u00f3n que tenga que percibir la Universidad. Atribuciones y Responsabilidades. Productos y Servicios.<\/p>\n","protected":false},"author":137,"featured_media":0,"parent":0,"menu_order":0,"comment_status":"closed","ping_status":"closed","template":"","meta":{"footnotes":"","_links_to":"","_links_to_target":""},"class_list":["post-567","page","type-page","status-publish","hentry"],"_links":{"self":[{"href":"https:\/\/departamentos.uleam.edu.ec\/financiero-universidad\/wp-json\/wp\/v2\/pages\/567","targetHints":{"allow":["GET"]}}],"collection":[{"href":"https:\/\/departamentos.uleam.edu.ec\/financiero-universidad\/wp-json\/wp\/v2\/pages"}],"about":[{"href":"https:\/\/departamentos.uleam.edu.ec\/financiero-universidad\/wp-json\/wp\/v2\/types\/page"}],"author":[{"embeddable":true,"href":"https:\/\/departamentos.uleam.edu.ec\/financiero-universidad\/wp-json\/wp\/v2\/users\/137"}],"replies":[{"embeddable":true,"href":"https:\/\/departamentos.uleam.edu.ec\/financiero-universidad\/wp-json\/wp\/v2\/comments?post=567"}],"version-history":[{"count":12,"href":"https:\/\/departamentos.uleam.edu.ec\/financiero-universidad\/wp-json\/wp\/v2\/pages\/567\/revisions"}],"predecessor-version":[{"id":919,"href":"https:\/\/departamentos.uleam.edu.ec\/financiero-universidad\/wp-json\/wp\/v2\/pages\/567\/revisions\/919"}],"wp:attachment":[{"href":"https:\/\/departamentos.uleam.edu.ec\/financiero-universidad\/wp-json\/wp\/v2\/media?parent=567"}],"curies":[{"name":"wp","href":"https:\/\/api.w.org\/{rel}","templated":true}]}}