{"id":576,"date":"2022-09-07T19:26:02","date_gmt":"2022-09-07T19:26:02","guid":{"rendered":"https:\/\/departamentos.uleam.edu.ec\/financiero-universidad\/?page_id=576"},"modified":"2023-08-01T19:52:05","modified_gmt":"2023-08-01T19:52:05","slug":"contabilidad","status":"publish","type":"page","link":"https:\/\/departamentos.uleam.edu.ec\/financiero-universidad\/contabilidad\/","title":{"rendered":"Contabilidad"},"content":{"rendered":"<div class=\"wp-block-image\">\u00a0<\/div>\n<p class=\"has-text-align-center\"><sup><b>Ing. Mario Andrade Mac\u00edas. &#8211; Contador<\/b><\/sup><\/p>\n\n\n<p><p align=\"justify\">Nos encargamos de aplicar una correcta gesti\u00f3n de la contabilidad gubernamental, cierres mensuales, impuestos, conciliaci\u00f3n, estados financieros establecidos en normativa vigente.<\/p><\/p>\n\n\n\n<p><strong>Atribuciones y Responsabilidades.<\/strong><\/p>\n\n\n\n<ol class=\"wp-block-list\">\n<li>Planificar, organizar, dirigir, ejecutar y controlar las actividades contables de la Universidad, de acuerdo a los m\u00e9todos, normas t\u00e9cnicas, procedimientos y disposiciones reglamentarias vigentes<\/li>\n\n\n\n<li>Verificar en la documentaci\u00f3n fuente u origen interno y externo para determinar si se han cumplido los procedimientos vigentes<\/li>\n\n\n\n<li>Asesorar a los diversos niveles sobre aspectos contables<\/li>\n\n\n\n<li>Aplicar control previo sobre los gastos en las etapas de compromiso, devengado y desembolso<\/li>\n\n\n\n<li>Realizar el registro y control contable de las transacciones financieras, de acuerdo a las normas establecidas en la Ley Org\u00e1nica de la Contralor\u00eda General del Estado, las Normas Ecuatorianas de Contabilidad aplicables al sector p\u00fablico y las pol\u00edticas y normas de contabilidad gubernamental.<\/li>\n\n\n\n<li>Observar por escrito al Director financiero, las \u00f3rdenes de pago que contravengan disposiciones normativas<\/li>\n\n\n\n<li>Preparar los informes y estados financieros requeridos internamente o por los organismos de control y someterlos a conocimiento y aprobaci\u00f3n del Rector, Director Financiero, previo su env\u00edo dentro de los plazos establecidos en las disposiciones legales vigentes<\/li>\n\n\n\n<li>Mantener actualizado el archivo de la documentaci\u00f3n sustentatoria y de los registros patrimoniales.<\/li>\n\n\n\n<li>Realizar conciliaciones de ingresos en forma mensual o con la frecuencia que se estime procedente<\/li>\n\n\n\n<li>Controlar que los registros contables se lleven correctamente y en forma oportuna<\/li>\n\n\n\n<li>Actuar como agente de retenci\u00f3n de conformidad con las disposiciones legales vigentes<\/li>\n\n\n\n<li>Cumplir con las obligaciones tributarias.<\/li>\n\n\n\n<li>Velar por la permanente capacitaci\u00f3n y actualizaci\u00f3n de conocimientos del personal de la Secci\u00f3n<\/li>\n\n\n\n<li>Supervisar y evaluar el desempe\u00f1o del personal que labora en la secci\u00f3n a su cargo.<\/li>\n\n\n\n<li>Las dem\u00e1s funciones que le asigne el Director y dem\u00e1s normativas vigentes.<\/li>\n<\/ol>\n\n\n\n<p><strong>Productos y Servicios.<\/strong><\/p>\n\n\n\n<ol class=\"wp-block-list\">\n<li>Control de pagos (validaci\u00f3n de requisitos).<\/li>\n\n\n\n<li>Estados Financieros.<\/li>\n\n\n\n<li>Registros contables.<\/li>\n\n\n\n<li>Conciliaciones de ingresos.<\/li>\n\n\n\n<li>Libro Banco.<\/li>\n\n\n\n<li>Archivo contable.<\/li>\n\n\n\n<li>Retenciones y declaraciones de impuestos.<\/li>\n<\/ol>\n\n\n\n<p><\/p>\n","protected":false},"excerpt":{"rendered":"<p>\u00a0 Ing. Mario Andrade Mac\u00edas. &#8211; Contador Nos encargamos de aplicar una correcta gesti\u00f3n de la contabilidad gubernamental, cierres mensuales, impuestos, conciliaci\u00f3n, estados financieros establecidos en normativa vigente. Atribuciones y Responsabilidades. Productos y Servicios.<\/p>\n","protected":false},"author":137,"featured_media":0,"parent":0,"menu_order":0,"comment_status":"closed","ping_status":"closed","template":"","meta":{"footnotes":"","_links_to":"","_links_to_target":""},"class_list":["post-576","page","type-page","status-publish","hentry"],"_links":{"self":[{"href":"https:\/\/departamentos.uleam.edu.ec\/financiero-universidad\/wp-json\/wp\/v2\/pages\/576","targetHints":{"allow":["GET"]}}],"collection":[{"href":"https:\/\/departamentos.uleam.edu.ec\/financiero-universidad\/wp-json\/wp\/v2\/pages"}],"about":[{"href":"https:\/\/departamentos.uleam.edu.ec\/financiero-universidad\/wp-json\/wp\/v2\/types\/page"}],"author":[{"embeddable":true,"href":"https:\/\/departamentos.uleam.edu.ec\/financiero-universidad\/wp-json\/wp\/v2\/users\/137"}],"replies":[{"embeddable":true,"href":"https:\/\/departamentos.uleam.edu.ec\/financiero-universidad\/wp-json\/wp\/v2\/comments?post=576"}],"version-history":[{"count":11,"href":"https:\/\/departamentos.uleam.edu.ec\/financiero-universidad\/wp-json\/wp\/v2\/pages\/576\/revisions"}],"predecessor-version":[{"id":916,"href":"https:\/\/departamentos.uleam.edu.ec\/financiero-universidad\/wp-json\/wp\/v2\/pages\/576\/revisions\/916"}],"wp:attachment":[{"href":"https:\/\/departamentos.uleam.edu.ec\/financiero-universidad\/wp-json\/wp\/v2\/media?parent=576"}],"curies":[{"name":"wp","href":"https:\/\/api.w.org\/{rel}","templated":true}]}}