{"id":578,"date":"2022-09-07T19:26:40","date_gmt":"2022-09-07T19:26:40","guid":{"rendered":"https:\/\/departamentos.uleam.edu.ec\/financiero-universidad\/?page_id=578"},"modified":"2023-08-01T19:55:14","modified_gmt":"2023-08-01T19:55:14","slug":"presupuesto","status":"publish","type":"page","link":"https:\/\/departamentos.uleam.edu.ec\/financiero-universidad\/presupuesto\/","title":{"rendered":"Presupuesto"},"content":{"rendered":"<p class=\"has-text-align-center\"><strong><sup>Lic. Arelis \u00c1lvarez \u00c1lava, Mg. &#8211; Jefa de Presupuesto<\/sup><\/strong><\/p>\n\n\n<p><p align=\"justify\">Nos encargamos de apoyar en la formulaci\u00f3n del presupuesto, revisar la ejecuci\u00f3n y el presupuesto asignado a la universidad, as\u00ed como tambi\u00e9n sugerir en esta materia a las autoridades que conforman la entidad, bajo una filosof\u00eda de calidad, garantizando una administraci\u00f3n presupuestaria eficiente, a los fines de la gesti\u00f3n acad\u00e9mico-administrativa, y de acuerdo con los lineamientos de las disposiciones generales presupuestarias.<\/p><\/p>\n\n\n\n<p><strong>Atribuciones y Responsabilidades.<\/strong><\/p>\n\n\n\n<ol class=\"wp-block-list\">\n<li>Ejecutar y supervisar las labores de administraci\u00f3n presupuestaria.<\/li>\n\n\n\n<li>Evaluar el presupuesto por programas.<\/li>\n\n\n\n<li>Controlar y codificar los gastos presupuestarios.<\/li>\n\n\n\n<li>Emitir la certificaci\u00f3n presupuestaria con la partida correspondiente.<\/li>\n\n\n\n<li>Verificar c\u00e9dulas presupuestarias.<\/li>\n\n\n\n<li>Programar, ejecutar y supervisar el an\u00e1lisis financiero y control presupuestario.<\/li>\n\n\n\n<li>Informar sobre la liquidaci\u00f3n de presupuesto.<\/li>\n\n\n\n<li>Velar por la permanente capacitaci\u00f3n y actualizaci\u00f3n de conocimientos del personal de la Secci\u00f3n.<\/li>\n\n\n\n<li>Supervisar y evaluar el desempe\u00f1o del personal que labora en la secci\u00f3n a su cargo.<\/li>\n\n\n\n<li>Las dem\u00e1s funciones que le asigne el Director y dem\u00e1s normativas vigentes.<\/li>\n<\/ol>\n\n\n\n<p><strong>Productos y Servicios<\/strong>.<\/p>\n\n\n\n<ol class=\"wp-block-list\">\n<li>Presupuesto Institucional<\/li>\n\n\n\n<li>Reformas presupuestarias<\/li>\n\n\n\n<li>Reprogramaci\u00f3n presupuestaria<\/li>\n\n\n\n<li>lnform\u00e9 de ejecuci\u00f3n presupuestaria<\/li>\n\n\n\n<li>C\u00e9dulas Presupuestarias<\/li>\n\n\n\n<li>Liquidaci\u00f3n Presupuestaria<\/li>\n\n\n\n<li>Certificaci\u00f3n presupuestaria<\/li>\n\n\n\n<li>Registro de compromiso<\/li>\n<\/ol>\n\n\n\n<p><\/p>\n","protected":false},"excerpt":{"rendered":"<p>Lic. Arelis \u00c1lvarez \u00c1lava, Mg. &#8211; Jefa de Presupuesto Nos encargamos de apoyar en la formulaci\u00f3n del presupuesto, revisar la ejecuci\u00f3n y el presupuesto asignado a la universidad, as\u00ed como tambi\u00e9n sugerir en esta materia a las autoridades que conforman [&hellip;]<\/p>\n","protected":false},"author":137,"featured_media":0,"parent":0,"menu_order":0,"comment_status":"closed","ping_status":"closed","template":"","meta":{"footnotes":"","_links_to":"","_links_to_target":""},"class_list":["post-578","page","type-page","status-publish","hentry"],"_links":{"self":[{"href":"https:\/\/departamentos.uleam.edu.ec\/financiero-universidad\/wp-json\/wp\/v2\/pages\/578","targetHints":{"allow":["GET"]}}],"collection":[{"href":"https:\/\/departamentos.uleam.edu.ec\/financiero-universidad\/wp-json\/wp\/v2\/pages"}],"about":[{"href":"https:\/\/departamentos.uleam.edu.ec\/financiero-universidad\/wp-json\/wp\/v2\/types\/page"}],"author":[{"embeddable":true,"href":"https:\/\/departamentos.uleam.edu.ec\/financiero-universidad\/wp-json\/wp\/v2\/users\/137"}],"replies":[{"embeddable":true,"href":"https:\/\/departamentos.uleam.edu.ec\/financiero-universidad\/wp-json\/wp\/v2\/comments?post=578"}],"version-history":[{"count":11,"href":"https:\/\/departamentos.uleam.edu.ec\/financiero-universidad\/wp-json\/wp\/v2\/pages\/578\/revisions"}],"predecessor-version":[{"id":918,"href":"https:\/\/departamentos.uleam.edu.ec\/financiero-universidad\/wp-json\/wp\/v2\/pages\/578\/revisions\/918"}],"wp:attachment":[{"href":"https:\/\/departamentos.uleam.edu.ec\/financiero-universidad\/wp-json\/wp\/v2\/media?parent=578"}],"curies":[{"name":"wp","href":"https:\/\/api.w.org\/{rel}","templated":true}]}}