{"id":581,"date":"2022-09-07T19:29:55","date_gmt":"2022-09-07T19:29:55","guid":{"rendered":"https:\/\/departamentos.uleam.edu.ec\/financiero-universidad\/?page_id=581"},"modified":"2023-08-01T19:55:52","modified_gmt":"2023-08-01T19:55:52","slug":"area-tesoreria","status":"publish","type":"page","link":"https:\/\/departamentos.uleam.edu.ec\/financiero-universidad\/area-tesoreria\/","title":{"rendered":"Tesorer\u00eda"},"content":{"rendered":"<p class=\"has-text-align-center\"><strong><sup>Licda. Mar\u00eda Luisa Paz &#8211; Tesorera<\/sup><\/strong><\/p>\n\n\n<p><p align=\"justify\">Garantizamos la correcta administraci\u00f3n de los ingresos percibidos y el adecuado funcionamiento de la pol\u00edtica de pagos de las obligaciones de la Universidad, apegadonos al conjunto de principios y normas establecidos en la Ley que la ampara y su Reglamento de aplicaci\u00f3n, honrando los compromisos de forma oportuna, eficiente y trasparente.<\/p><\/p>\n\n\n\n<p><strong>Atribuciones y Responsabilidades.<\/strong><\/p>\n\n\n\n<ol class=\"wp-block-list\">\n<li>Realizar registro de ingresos mensuales pre asignados y fuente fiscal.<\/li>\n\n\n\n<li>Recepci\u00f3n, custodia y control de garant\u00edas y\/o p\u00f3lizas a favor de la entidad.<\/li>\n\n\n\n<li>Solicitar el pago de remuneraciones del personal de la instituci\u00f3n debidamente autorizado por el Director(a) de Talento Humano.<\/li>\n\n\n\n<li>Revisar y solicitar al Ministerio de Finanzas, el pago de los compromisos adquiridos por la instituci\u00f3n<\/li>\n\n\n\n<li>Ejercer la jurisdicci\u00f3n de coactiva<\/li>\n\n\n\n<li>Velar por la permanente capacitaci\u00f3n y actualizaci\u00f3n de conocimientos del personal de la secci\u00f3n<\/li>\n\n\n\n<li>Supervisar y evaluar el desempe\u00f1o del personal que labora en la secci\u00f3n a su cargo.<\/li>\n\n\n\n<li>Las dem\u00e1s funciones que le asigne el Director y dem\u00e1s normativas vigentes;<\/li>\n<\/ol>\n\n\n\n<p><strong>Productos y Servicios.<\/strong><\/p>\n\n\n\n<ol class=\"wp-block-list\">\n<li>Informe de custodia de garant\u00edas.<\/li>\n\n\n\n<li>Aprobaci\u00f3n de Pagos.<\/li>\n\n\n\n<li>Actas compromiso de pago.<\/li>\n<\/ol>\n","protected":false},"excerpt":{"rendered":"<p>Licda. Mar\u00eda Luisa Paz &#8211; Tesorera Garantizamos la correcta administraci\u00f3n de los ingresos percibidos y el adecuado funcionamiento de la pol\u00edtica de pagos de las obligaciones de la Universidad, apegadonos al conjunto de principios y normas establecidos en la Ley [&hellip;]<\/p>\n","protected":false},"author":137,"featured_media":0,"parent":0,"menu_order":0,"comment_status":"closed","ping_status":"closed","template":"","meta":{"footnotes":"","_links_to":"","_links_to_target":""},"class_list":["post-581","page","type-page","status-publish","hentry"],"_links":{"self":[{"href":"https:\/\/departamentos.uleam.edu.ec\/financiero-universidad\/wp-json\/wp\/v2\/pages\/581","targetHints":{"allow":["GET"]}}],"collection":[{"href":"https:\/\/departamentos.uleam.edu.ec\/financiero-universidad\/wp-json\/wp\/v2\/pages"}],"about":[{"href":"https:\/\/departamentos.uleam.edu.ec\/financiero-universidad\/wp-json\/wp\/v2\/types\/page"}],"author":[{"embeddable":true,"href":"https:\/\/departamentos.uleam.edu.ec\/financiero-universidad\/wp-json\/wp\/v2\/users\/137"}],"replies":[{"embeddable":true,"href":"https:\/\/departamentos.uleam.edu.ec\/financiero-universidad\/wp-json\/wp\/v2\/comments?post=581"}],"version-history":[{"count":10,"href":"https:\/\/departamentos.uleam.edu.ec\/financiero-universidad\/wp-json\/wp\/v2\/pages\/581\/revisions"}],"predecessor-version":[{"id":920,"href":"https:\/\/departamentos.uleam.edu.ec\/financiero-universidad\/wp-json\/wp\/v2\/pages\/581\/revisions\/920"}],"wp:attachment":[{"href":"https:\/\/departamentos.uleam.edu.ec\/financiero-universidad\/wp-json\/wp\/v2\/media?parent=581"}],"curies":[{"name":"wp","href":"https:\/\/api.w.org\/{rel}","templated":true}]}}