{"id":77,"date":"2012-11-19T16:34:39","date_gmt":"2012-11-19T16:34:39","guid":{"rendered":"http:\/\/departamentos.uleam.edu.ec\/financiero-universidad\/?page_id=77"},"modified":"2024-03-07T18:27:31","modified_gmt":"2024-03-07T18:27:31","slug":"introduccion","status":"publish","type":"page","link":"https:\/\/departamentos.uleam.edu.ec\/financiero-universidad\/","title":{"rendered":"Mensaje de Bienvenida"},"content":{"rendered":"<p class=\"has-text-align-center\"><strong><sup>Lic. Alexis Lucas Bail\u00f3n, Mg. &#8211; Director Financiero<\/sup><\/strong><\/p>\n\n\n<p>Nos complace darles la m\u00e1s cordial bienvenida a la p\u00e1gina de la&nbsp;Direcci\u00f3n Financiera de la Universidad Laica Eloy Alfaro de Manab\u00ed, este portal le informa sobre las actividades y los servicios que brinda est\u00e1 Direcci\u00f3n a la comunidad universitaria. <\/p>\n\n\n\n<p>Nuestra obligaci\u00f3n es administrar eficiente y eficazmente los recursos financieros de la Universidad Laica Eloy Alfaro de Manab\u00ed, mediante la coordinaci\u00f3n y ejecuci\u00f3n de las operaciones contables, la direcci\u00f3n de los pagos, la recaudaci\u00f3n de ingresos, la transferencia de recursos financieros, el registro sistem\u00e1tico y control de los bienes, garantizando as\u00ed el cumplimiento oportuno de las obligaciones laborales y econ\u00f3micas, con estricto apego a las normativas vigentes, para as\u00ed alcanzar la satisfacci\u00f3n de nuestros usuarios mediante la mejora continua de nuestros procesos contribuyendo al logro de los objetivos institucionales.<\/p>\n","protected":false},"excerpt":{"rendered":"<p>Lic. Alexis Lucas Bail\u00f3n, Mg. &#8211; Director Financiero Nos complace darles la m\u00e1s cordial bienvenida a la p\u00e1gina de la&nbsp;Direcci\u00f3n Financiera de la Universidad Laica Eloy Alfaro de Manab\u00ed, este portal le informa sobre las actividades y los servicios que [&hellip;]<\/p>\n","protected":false},"author":117,"featured_media":0,"parent":0,"menu_order":0,"comment_status":"closed","ping_status":"closed","template":"","meta":{"footnotes":"","_links_to":"","_links_to_target":""},"class_list":["post-77","page","type-page","status-publish","hentry"],"_links":{"self":[{"href":"https:\/\/departamentos.uleam.edu.ec\/financiero-universidad\/wp-json\/wp\/v2\/pages\/77","targetHints":{"allow":["GET"]}}],"collection":[{"href":"https:\/\/departamentos.uleam.edu.ec\/financiero-universidad\/wp-json\/wp\/v2\/pages"}],"about":[{"href":"https:\/\/departamentos.uleam.edu.ec\/financiero-universidad\/wp-json\/wp\/v2\/types\/page"}],"author":[{"embeddable":true,"href":"https:\/\/departamentos.uleam.edu.ec\/financiero-universidad\/wp-json\/wp\/v2\/users\/117"}],"replies":[{"embeddable":true,"href":"https:\/\/departamentos.uleam.edu.ec\/financiero-universidad\/wp-json\/wp\/v2\/comments?post=77"}],"version-history":[{"count":15,"href":"https:\/\/departamentos.uleam.edu.ec\/financiero-universidad\/wp-json\/wp\/v2\/pages\/77\/revisions"}],"predecessor-version":[{"id":982,"href":"https:\/\/departamentos.uleam.edu.ec\/financiero-universidad\/wp-json\/wp\/v2\/pages\/77\/revisions\/982"}],"wp:attachment":[{"href":"https:\/\/departamentos.uleam.edu.ec\/financiero-universidad\/wp-json\/wp\/v2\/media?parent=77"}],"curies":[{"name":"wp","href":"https:\/\/api.w.org\/{rel}","templated":true}]}}