{"id":14634,"date":"2026-02-05T15:27:19","date_gmt":"2026-02-05T20:27:19","guid":{"rendered":"https:\/\/departamentos.uleam.edu.ec\/gestion-aseguramiento-calidad\/?page_id=14634"},"modified":"2026-02-05T16:53:14","modified_gmt":"2026-02-05T21:53:14","slug":"planificacion-ejecucion-y-supervision-de-practicas-de-cuarto-nivel-y-o-asistenciales","status":"publish","type":"page","link":"https:\/\/departamentos.uleam.edu.ec\/gestion-aseguramiento-calidad\/planificacion-ejecucion-y-supervision-de-practicas-de-cuarto-nivel-y-o-asistenciales\/","title":{"rendered":"PLANIFICACI\u00d3N, EJECUCI\u00d3N Y SUPERVISI\u00d3N DE PR\u00c1CTICAS DE CUARTO NIVEL Y\/O ASISTENCIALES"},"content":{"rendered":"\n<div class=\"wp-block-columns is-layout-flex wp-container-core-columns-is-layout-9d6595d7 wp-block-columns-is-layout-flex\">\n<div class=\"wp-block-column is-layout-flow wp-block-column-is-layout-flow\" style=\"flex-basis:100%\">\n<p>Formato IPICS:<\/p>\n<p><\/p>\n<p><a href=\"https:\/\/departamentos.uleam.edu.ec\/gestion-aseguramiento-calidad\/files\/2026\/02\/PAP-02-F-001-Registro-de-Asistencia-y-Actividades-Realizadas-del-Estudiantes-deL-IPICS-1.docx\">PAP-02-F-001- Registro de Asistencia y Actividades Realizadas del Estudiantes del IPICS<\/a><\/p>\n<p> <\/p>\n<p><a href=\"https:\/\/departamentos.uleam.edu.ec\/gestion-aseguramiento-calidad\/files\/2026\/02\/PAP-02-F-002-Evaluacion-de-resultados-de-aprendizaje-de-practicas-asistenciales-deL-IPICS.docx\">PAP-02-F-002- Evaluaci\u00f3n de resultados de aprendizaje de pr\u00e1cticas asistenciales del IPICS<\/a><\/p>\n<p> <\/p>\n<p><a href=\"https:\/\/departamentos.uleam.edu.ec\/gestion-aseguramiento-calidad\/files\/2026\/02\/PAP-02-F-003-Informe-Final-de-practicas-asistenciales-del-IPICS.docx\">PAP-02-F-003- Informe Final de practicas asistenciales del IPICS<\/a><\/p>\n<p><\/p>\n<\/div>\n<\/div>\n\n\n\n\n\n<p><\/p>\n","protected":false},"excerpt":{"rendered":"<p>PAP-02-F-001- Registro de Asistencia y Actividades Realizadas del Estudiantes del IPICS PAP-02-F-002- Evaluaci\u00f3n de resultados de aprendizaje de pr\u00e1cticas asistenciales del IPICS PAP-02-F-003- Informe Final de practicas asistenciales del IPICS<\/p>\n","protected":false},"author":153,"featured_media":0,"parent":0,"menu_order":0,"comment_status":"closed","ping_status":"closed","template":"","meta":{"footnotes":"","_links_to":"","_links_to_target":""},"class_list":["post-14634","page","type-page","status-publish","hentry"],"_links":{"self":[{"href":"https:\/\/departamentos.uleam.edu.ec\/gestion-aseguramiento-calidad\/wp-json\/wp\/v2\/pages\/14634","targetHints":{"allow":["GET"]}}],"collection":[{"href":"https:\/\/departamentos.uleam.edu.ec\/gestion-aseguramiento-calidad\/wp-json\/wp\/v2\/pages"}],"about":[{"href":"https:\/\/departamentos.uleam.edu.ec\/gestion-aseguramiento-calidad\/wp-json\/wp\/v2\/types\/page"}],"author":[{"embeddable":true,"href":"https:\/\/departamentos.uleam.edu.ec\/gestion-aseguramiento-calidad\/wp-json\/wp\/v2\/users\/153"}],"replies":[{"embeddable":true,"href":"https:\/\/departamentos.uleam.edu.ec\/gestion-aseguramiento-calidad\/wp-json\/wp\/v2\/comments?post=14634"}],"version-history":[{"count":2,"href":"https:\/\/departamentos.uleam.edu.ec\/gestion-aseguramiento-calidad\/wp-json\/wp\/v2\/pages\/14634\/revisions"}],"predecessor-version":[{"id":14664,"href":"https:\/\/departamentos.uleam.edu.ec\/gestion-aseguramiento-calidad\/wp-json\/wp\/v2\/pages\/14634\/revisions\/14664"}],"wp:attachment":[{"href":"https:\/\/departamentos.uleam.edu.ec\/gestion-aseguramiento-calidad\/wp-json\/wp\/v2\/media?parent=14634"}],"curies":[{"name":"wp","href":"https:\/\/api.w.org\/{rel}","templated":true}]}}