{"id":1618,"date":"2017-04-20T14:41:31","date_gmt":"2017-04-20T14:41:31","guid":{"rendered":"http:\/\/departamentos.uleam.edu.ec\/organizacionymetodos\/?page_id=1618"},"modified":"2025-06-20T15:09:50","modified_gmt":"2025-06-20T20:09:50","slug":"homologacion-de-estudios-por-analisis-comparativo-de-contenidos","status":"publish","type":"page","link":"https:\/\/departamentos.uleam.edu.ec\/gestion-aseguramiento-calidad\/homologacion-de-estudios-por-analisis-comparativo-de-contenidos\/","title":{"rendered":"HOMOLOGACI\u00d3N DE ESTUDIOS POR AN\u00c1LISIS COMPARATIVO DE CONTENIDOS"},"content":{"rendered":"\n<div class=\"wp-block-gutena-tabs gutena-tabs-block gutena-tabs-block-499448-60\"><ul class=\"gutena-tabs-tab tab-flex\"><li class=\"gutena-tab-title active\" data-tab=\"1\"><div class=\"gutena-tab-title-content icon-top\"><div class=\"gutena-tab-title-text\"><div> \u2705<a>Manual<\/a><\/div><\/div><\/div><\/li><li class=\"gutena-tab-title inactive\" data-tab=\"2\"><div class=\"gutena-tab-title-content icon-top\"><div class=\"gutena-tab-title-text\"><div>\u2705<a>Flujo<\/a><\/div><\/div><\/div><\/li><li class=\"gutena-tab-title inactive\" data-tab=\"3\"><div class=\"gutena-tab-title-content icon-top\"><div class=\"gutena-tab-title-text\"><div>\u2705<a>Formatos<\/a><\/div><\/div><\/div><\/li><li class=\"gutena-tab-title inactive\" data-tab=\"4\"><div class=\"gutena-tab-title-content icon-top\"><div class=\"gutena-tab-title-text\"><div>\u26a0\ufe0f<a>Versiones Anteriores<\/a><\/div><\/div><\/div><\/li><\/ul><div class=\"gutena-tabs-content is-layout-flow wp-block-gutena-tabs-is-layout-flow\">\n<div class=\"wp-block-gutena-tab gutena-tab-block gutena-tab-block-bb1724-26 active\" data-tab=\"1\">\n<p style=\"margin-top:0;margin-bottom:0\">\u2794 <a href=\"https:\/\/departamentos.uleam.edu.ec\/gestion-aseguramiento-calidad\/files\/2022\/11\/PAM-021.pdf\">PAM-02-Homologaci\u00f3n de estudios por an\u00e1lisis comparativo de contenidos V.9.<\/a><\/p>\n<\/div>\n\n\n\n<div class=\"wp-block-gutena-tab gutena-tab-block gutena-tab-block-e62089-c4 inactive\" data-tab=\"2\">\n<p style=\"margin-top:0;margin-bottom:0\">\u2794 <a href=\"https:\/\/departamentos.uleam.edu.ec\/gestion-aseguramiento-calidad\/files\/2022\/11\/FlujoHomologacion-V9.vsdx_.pdf\">Flujo Homologaci\u00f3n de estudios por an\u00e1lisis comparativo de contenidos V9.<\/a><\/p>\n<\/div>\n\n\n\n<div class=\"wp-block-gutena-tab gutena-tab-block gutena-tab-block-2af035-e2 inactive\" data-tab=\"3\">\n<p>\u25c9 <a href=\"https:\/\/departamentos.uleam.edu.ec\/gestion-aseguramiento-calidad\/files\/2023\/01\/PAM-02-F-001-V8.doc\">PAM-02-F-001\u00a0 SOLICITU PARA TR\u00c1MITE DE HOMOLOGACI\u00d3N DE ESTUDIOS DE GRADO V.8<\/a> <strong>(<em>Para cambios de una universidad de origen a la Uleam. Este documento debe ser llenado a trav\u00e9s del formulario o sistema facilitado por la Secretaria General de acuerdo al calendario de reconocimientos u homologaci\u00f3n<\/em>)<\/strong><\/p>\n\n\n\n<p>\u25c9 <a href=\"https:\/\/departamentos.uleam.edu.ec\/gestion-aseguramiento-calidad\/files\/2023\/07\/Solicitud-para-tramite-de-reconocimiento-por-movilidad-Interna-2.docx\">PAM-06-F-001 SOLICITUD PARA TR\u00c1MITE DE RECONOCIMIENTO POR MOVILIDAD INTERNA<\/a> <em><strong>(Para cambios de una carrera de la Uleam a otra)<\/strong><\/em><\/p>\n\n\n\n<p>\u25c9<a href=\"https:\/\/departamentos.uleam.edu.ec\/gestion-aseguramiento-calidad\/files\/2023\/01\/PAM-02-F-002-INFORME-DE-COMISION-ACADEMICA-DE-RESULTADOS-DE-RECONOCIMIENTOS-DE-ESTUDIOS-V.7.doc\">PAM-02-F-002-INFORME DE COMISI\u00d3N ACAD\u00c9MICA DE RESULTADOS DE RECONOCIMIENTOS DE ESTUDIOS-V.7<\/a><\/p>\n\n\n\n<p>\u25c9<a href=\"https:\/\/departamentos.uleam.edu.ec\/gestion-aseguramiento-calidad\/files\/2023\/01\/PAM-02-F-003-SOLICITUD-PARA-ANALISIS-DE-COMPARACION-DE-CONTENIDOS-DE-ASIGNATURAS-V.4.doc\">PAM-02-F-003-SOLICITUD PARA AN\u00c1LISIS DE COMPARACI\u00d3N DE CONTENIDOS DE ASIGNATURAS V.4<\/a><\/p>\n\n\n\n<p>\u25c9<a href=\"https:\/\/departamentos.uleam.edu.ec\/gestion-aseguramiento-calidad\/files\/2023\/01\/PAM-02-F-004-INFORME-DE-COINCIDENCIAS-DE-ASIGNATURAS-POR-ANALISIS-COMPARATIVO-DE-CONTENIDOS-V.4.xls\">PAM-02-F-004-INFORME DE COINCIDENCIAS DE ASIGNATURAS POR AN\u00c1LISIS COMPARATIVO DE CONTENIDOS V.4<\/a><\/p>\n\n\n\n<p>\u25c9<a href=\"https:\/\/departamentos.uleam.edu.ec\/gestion-aseguramiento-calidad\/files\/2023\/01\/PAM-02-F-005-INFORME-DE-COMISION-ACADEMICA-DE-RESULTADOS-DE-HOMOLOGACION-DE-ESTUDIOS.V.8.doc\">PAM-02-F-005- INFORME DE COMISI\u00d3N ACAD\u00c9MICA DE RESULTADOS DE HOMOLOGACI\u00d3N DE ESTUDIOS.V.8<\/a><\/p>\n\n\n\n<p>\u25c9<a href=\"https:\/\/departamentos.uleam.edu.ec\/gestion-aseguramiento-calidad\/files\/2023\/01\/PAM-02-F-006-SOLICITUD-DE-INFORME-JURIDICO-DE-MOVILIDADES-ESTUDIANTILES-ENTRE-DIFERENTES-IES-ESCUELAS-POLITECNICAS-O-INSTITUTOS-V.7.doc\">PAM-02-F-006-SOLICITUD DE INFORME JUR\u00cdDICO DE MOVILIDADES ESTUDIANTILES ENTRE DIFERENTES IES, ESCUELAS POLIT\u00c9CNICAS O INSTITUTOS-V.7<\/a><\/p>\n\n\n\n<p>\u25c9<a href=\"https:\/\/departamentos.uleam.edu.ec\/gestion-aseguramiento-calidad\/files\/2023\/01\/PAM-02-F-007-DETALLE-DE-INFORMACION-PARA-VALIDACION-DEL-TRAMITE-DE-RECONOCIMIENTOS-DE-ESTUDIOS-U-HOMOLOGACIONES-DE-ASIGNATURAS-V.6.doc\">PAM-02-F-007-DETALLE DE INFORMACI\u00d3N PARA VALIDACI\u00d3N DEL TR\u00c1MITE DE RECONOCIMIENTOS DE ESTUDIOS U HOMOLOGACIONES DE ASIGNATURAS-V.6<\/a><\/p>\n\n\n\n<p>\u25c9<a href=\"https:\/\/departamentos.uleam.edu.ec\/gestion-aseguramiento-calidad\/files\/2023\/01\/PAM-02-F-008-FORMULARIO-PARA-REVISION-DE-RECONOCIMIENTOS-DE-ESTUDIOS-U-HOMOLOGACIONES-DE-ASIGNATURAS.V.6.docx\">PAM-02-F-008-FORMULARIO-PARA-REVISION-DE-RECONOCIMIENTOS-DE-ESTUDIOS-U-HOMOLOGACIONES-DE-ASIGNATURAS.V.6<\/a><\/p>\n\n\n\n<p><\/p>\n<\/div>\n\n\n\n<div class=\"wp-block-gutena-tab gutena-tab-block gutena-tab-block-9f3aa9-f3 inactive\" data-tab=\"4\">\n<p><strong>\u26d4Manuales no vigentes:<\/strong><\/p>\n\n\n\n<ul class=\"wp-block-list\">\n<li><a href=\"https:\/\/departamentos.uleam.edu.ec\/gestion-aseguramiento-calidad\/files\/2020\/02\/PMA-02-HEv1.pdf\" target=\"_blank\" rel=\"noreferrer noopener\">PMA-02-Homologaci\u00f3n de estudios por an\u00e1lisis comparativo de contenidos V.1<\/a><\/li>\n\n\n\n<li><a href=\"https:\/\/departamentos.uleam.edu.ec\/gestion-aseguramiento-calidad\/files\/2020\/02\/PAM-02-HE-V2.pdf\">PAM-02 Homologaci\u00f3n de estudios por an\u00e1lisis&nbsp; comparativo de contenido V.2<\/a><\/li>\n\n\n\n<li><a href=\"https:\/\/departamentos.uleam.edu.ec\/gestion-aseguramiento-calidad\/files\/2020\/01\/Proceso-de-homologaci\u00f2n-V3_opt.pdf\">PMA-02 Homologaci\u00f3n de estudios por an\u00e1lisis comparativos de contenidos V3<\/a><\/li>\n\n\n\n<li><a href=\"https:\/\/departamentos.uleam.edu.ec\/gestion-aseguramiento-calidad\/files\/2020\/01\/HOMOLO2.pdf\">PMA-02 Homologaci\u00f3n de estudios por an\u00e1lisis comparativos de contenidos V.4<\/a><\/li>\n\n\n\n<li><a href=\"https:\/\/departamentos.uleam.edu.ec\/gestion-aseguramiento-calidad\/files\/2020\/02\/PAM-02-v5.pdf\">PAM-02 Homologaci\u00f3n de estudios por an\u00e1lisis comparativos de contenidos v5<\/a><\/li>\n\n\n\n<li><a href=\"https:\/\/departamentos.uleam.edu.ec\/gestion-aseguramiento-calidad\/files\/2020\/01\/PAM-02_COPIA.pdf\">PAM-02_Homologaci\u00f3n de estudios por an\u00e1lisis comparativo de contenidos V.6<\/a><\/li>\n\n\n\n<li><a href=\"https:\/\/departamentos.uleam.edu.ec\/gestion-aseguramiento-calidad\/files\/2020\/02\/PAM-02-V7-C.pdf\">PAM-02 Reconocimiento u homologaci\u00f3n de estudios por an\u00e1lisis comparativo de contenidos V.7<\/a><\/li>\n\n\n\n<li><a href=\"https:\/\/departamentos.uleam.edu.ec\/gestion-aseguramiento-calidad\/files\/2022\/01\/PAM-02-RuH-V8.pdf\" target=\"_blank\" rel=\"noreferrer noopener\">PAM-02 Reconocimiento u homologaci\u00f3n de estudios por an\u00e1lisis comparativo de contenidos V.8<\/a><\/li>\n<\/ul>\n\n\n\n<p>\u26d4<strong>Flujos no vigentes:<\/strong><\/p>\n\n\n\n<ul class=\"wp-block-list\">\n<li><a href=\"https:\/\/departamentos.uleam.edu.ec\/gestion-aseguramiento-calidad\/files\/2020\/02\/Flujo-HOMOLOGACION.pdf\">Homologaci\u00f3n de estudios por an\u00e1lisis comparativos de contenidos V.1<\/a><\/li>\n\n\n\n<li><a href=\"https:\/\/departamentos.uleam.edu.ec\/gestion-aseguramiento-calidad\/files\/2020\/02\/Flujo-Versi\u00f3n-2-.pdf\">Homologaci\u00f3n de estudios por an\u00e1liis comparativos de contenidoa V.2<\/a><\/li>\n\n\n\n<li><a href=\"https:\/\/departamentos.uleam.edu.ec\/gestion-aseguramiento-calidad\/files\/2020\/01\/flujo-de-homologaci\u00f2n-V3_opt.pdf\">Homologaci\u00f3n de estudiso por an\u00e1lisis comparativos de contenidos&nbsp; V.3<\/a><\/li>\n\n\n\n<li><a href=\"https:\/\/departamentos.uleam.edu.ec\/gestion-aseguramiento-calidad\/files\/2020\/01\/FLUJOH1.pdf\">Homologaci\u00f3n de estudios por an\u00e1liis comparativos de contenidos v.4<\/a><\/li>\n\n\n\n<li><a href=\"https:\/\/departamentos.uleam.edu.ec\/gestion-aseguramiento-calidad\/files\/2020\/02\/FLUJO-DE-HOMOLOGACI\u00d3N-V5-1-PAM-02.pdf\">Homologaci\u00f3n de estudiso por an\u00e1liis comparativos de contenidos V.5<\/a><\/li>\n\n\n\n<li><a href=\"https:\/\/departamentos.uleam.edu.ec\/gestion-aseguramiento-calidad\/files\/2020\/01\/FLUJO-DE-HOMOLOGACI\u00d3N-V6.pdf\">Homologaci\u00f3n de estudios por an\u00e1lisis comparativos de contenidos&nbsp; V.6<\/a><\/li>\n\n\n\n<li><a href=\"https:\/\/departamentos.uleam.edu.ec\/gestion-aseguramiento-calidad\/files\/2020\/02\/FLUJO-DE-HOMOLOGACI\u00d3N-V7.pdf\">Reconocimiento u homologaci\u00f3n por an\u00e1lisis comparativo de contenidos V.7<\/a><\/li>\n\n\n\n<li><a href=\"https:\/\/departamentos.uleam.edu.ec\/gestion-aseguramiento-calidad\/files\/2022\/01\/flujo-PAM-02-V8.pdf\" target=\"_blank\" rel=\"noreferrer noopener\">Reconocimiento u homologaci\u00f3n por an\u00e1lisis comparativo de contenidos V.8<\/a><\/li>\n<\/ul>\n\n\n\n<p>\u26d4<strong>Formatos no vigentes:<\/strong><\/p>\n\n\n\n<ul class=\"wp-block-list\">\n<li><a href=\"https:\/\/departamentos.uleam.edu.ec\/gestion-aseguramiento-calidad\/files\/2020\/01\/PMD5D51.doc\">PMA-02- F-001 Solicitud para tr\u00e1mite de homologaci\u00f3n de estudios de pregrado V.5<\/a><\/li>\n\n\n\n<li><a href=\"https:\/\/departamentos.uleam.edu.ec\/gestion-aseguramiento-calidad\/files\/2020\/02\/PMA-021.doc\" target=\"_blank\" rel=\"noreferrer noopener\">PMA-02-F-001 Solicitud para el tr\u00e1mite de reconocimiento\/homologaci\u00f3n de estudios de grado V.6<\/a><\/li>\n\n\n\n<li><a href=\"https:\/\/departamentos.uleam.edu.ec\/gestion-aseguramiento-calidad\/files\/2022\/01\/PAM-02-F-001-V7.doc\" target=\"_blank\" rel=\"noreferrer noopener\">PMA-02-F-001 Solicitud para el tr\u00e1mite de homologaci\u00f3n de estudios de grado V.7<\/a><\/li>\n\n\n\n<li><a href=\"https:\/\/departamentos.uleam.edu.ec\/gestion-aseguramiento-calidad\/files\/2020\/01\/PMA-021.doc\">PMA-02-F-002 Solicitud para an\u00e1lisis de comparaci\u00f3n de contenidos de asignaturas<\/a><\/li>\n\n\n\n<li><a href=\"https:\/\/departamentos.uleam.edu.ec\/gestion-aseguramiento-calidad\/files\/2020\/02\/PMA-022.doc\">PMA-02-F-002 Informe de Comisi\u00f3n Acad\u00e9mica de resultados de reconocimiento de estudios V.1<\/a><\/li>\n\n\n\n<li><a href=\"https:\/\/departamentos.uleam.edu.ec\/gestion-aseguramiento-calidad\/files\/2022\/01\/PAM-02-F-002-V7.doc\" target=\"_blank\" rel=\"noreferrer noopener\">PMA-02-F-002 Informe de Comisi\u00f3n Acad\u00e9mica de resultados de reconocimiento de estudios V.7<\/a><\/li>\n\n\n\n<li><a href=\"https:\/\/departamentos.uleam.edu.ec\/gestion-aseguramiento-calidad\/files\/2020\/01\/PMA-022.xls\">PMA-02-F-003 Informe de coincidencias de asignaturas por an\u00e1lisis&nbsp; con la misma IES V.1<\/a><\/li>\n\n\n\n<li><a href=\"https:\/\/departamentos.uleam.edu.ec\/gestion-aseguramiento-calidad\/files\/2020\/01\/PMA-02-F-003-Informe-de-coincidencias-v.3-1.xlsx\">PMA-02-F-003 Informe de coincidencias de asignaturas por an\u00e1lisis comparativo de contenidos V.2<\/a><\/li>\n\n\n\n<li><a href=\"https:\/\/departamentos.uleam.edu.ec\/gestion-aseguramiento-calidad\/files\/2020\/02\/PMA-023.doc\">PMA-02-F-003 Solicitud para an\u00e1lisis de comparaci\u00f3n de contenidos de asignaturas V.2<\/a><\/li>\n\n\n\n<li><a href=\"https:\/\/departamentos.uleam.edu.ec\/gestion-aseguramiento-calidad\/files\/2022\/01\/PAM-02-F-003-V3.doc\" target=\"_blank\" rel=\"noreferrer noopener\">PMA-02-F-003 Solicitud para an\u00e1lisis de comparaci\u00f3n de contenidos de asignaturas V.3<\/a>_<\/li>\n\n\n\n<li><a href=\"https:\/\/departamentos.uleam.edu.ec\/gestion-aseguramiento-calidad\/files\/2020\/01\/PMA-021.xls\">PMA-02-F-004 Informe de coincidencias entre diferentes IES<\/a><\/li>\n\n\n\n<li><a href=\"https:\/\/departamentos.uleam.edu.ec\/gestion-aseguramiento-calidad\/files\/2020\/02\/PMA-021-1.xls\">PMA-02-F-004&nbsp; Informe de coincidencia de asignaturas por an\u00e1lisis comparativo de contenidos V.2<\/a><\/li>\n\n\n\n<li><a href=\"https:\/\/departamentos.uleam.edu.ec\/gestion-aseguramiento-calidad\/files\/2022\/01\/PAM-02-F-004-V3.xls\" target=\"_blank\" rel=\"noreferrer noopener\">PMA-02-F-004&nbsp; Informe de coincidencia de asignaturas por an\u00e1lisis comparativo de contenidos V.3<\/a><\/li>\n\n\n\n<li><a href=\"https:\/\/departamentos.uleam.edu.ec\/gestion-aseguramiento-calidad\/files\/2020\/01\/PM75381.doc\">PMA-02-F- 005 Matriz para homologar estudios de la misma IES V.3<\/a><\/li>\n\n\n\n<li><a href=\"https:\/\/departamentos.uleam.edu.ec\/gestion-aseguramiento-calidad\/files\/2020\/02\/PMA-024.doc\">PMA-02-F-005 Informe de comisi\u00f3n Acad\u00e9mica de resultados de homologaci\u00f3n de estudios V.6<\/a><\/li>\n\n\n\n<li><a href=\"https:\/\/departamentos.uleam.edu.ec\/gestion-aseguramiento-calidad\/files\/2022\/01\/PAM-02-F-005-V7.doc\" target=\"_blank\" rel=\"noreferrer noopener\">PMA-02-F-005 Informe de comisi\u00f3n Acad\u00e9mica de resultados de homologaci\u00f3n de estudios V.7<\/a><\/li>\n\n\n\n<li><a href=\"https:\/\/departamentos.uleam.edu.ec\/gestion-aseguramiento-calidad\/files\/2020\/01\/PME6C21.doc\">PMA-02-F-006&nbsp; Matriz para homologar estudios entre diferentes IES V.3<\/a><\/li>\n\n\n\n<li><a href=\"https:\/\/departamentos.uleam.edu.ec\/gestion-aseguramiento-calidad\/files\/2020\/02\/PM0FEB1-1.doc\">PAM-02-F-006&nbsp; Solicitud de Informe&nbsp; jur\u00eddico de movilidades estudiantiles entre diferentes IES\/Escuelas Polit\u00e9cnicas \/Institutos V.5<\/a><\/li>\n\n\n\n<li><a href=\"https:\/\/departamentos.uleam.edu.ec\/gestion-aseguramiento-calidad\/files\/2022\/01\/PAM-02-F-006-V6.doc\" target=\"_blank\" rel=\"noreferrer noopener\">PAM-02-F-006&nbsp; Solicitud de Informe&nbsp; jur\u00eddico de movilidades estudiantiles entre diferentes IES\/Escuelas Polit\u00e9cnicas o Institutos V.6<\/a>_<\/li>\n\n\n\n<li><a href=\"https:\/\/departamentos.uleam.edu.ec\/gestion-aseguramiento-calidad\/files\/2020\/02\/PM63DA1.doc\">PAM-02-F-007 Detalle de informaci\u00f3n para validaci\u00f3n del tr\u00e1mite de Reconocimiento de estudios \/ homologaci\u00f3n de asignaturas o permeabilidad V. 4<\/a><\/li>\n\n\n\n<li><a href=\"https:\/\/departamentos.uleam.edu.ec\/gestion-aseguramiento-calidad\/files\/2020\/01\/PMC28E1-1.doc\">PMA-02-F-007&nbsp; Informe de Comisi\u00f3n Acad\u00e9mica de homologaci\u00f3n de estudios de la misma IES V.5<\/a><\/li>\n\n\n\n<li><a href=\"https:\/\/departamentos.uleam.edu.ec\/gestion-aseguramiento-calidad\/files\/2022\/01\/PAM-02-F-007-V5.doc\" target=\"_blank\" rel=\"noreferrer noopener\">PAM-02-F-007 Detalle de informaci\u00f3n para validaci\u00f3n del tr\u00e1mite de Reconocimiento de estudios u homologaciones de asignaturas V. 5<\/a><\/li>\n\n\n\n<li><a href=\"https:\/\/departamentos.uleam.edu.ec\/gestion-aseguramiento-calidad\/files\/2020\/02\/PMA3C81.doc\">PMA-02-F-008 Formulario para revisi\u00f3n de reconocimientos\/homologaciones&nbsp; de asignatura o permeabilidad V.4<\/a><\/li>\n\n\n\n<li><a href=\"https:\/\/departamentos.uleam.edu.ec\/gestion-aseguramiento-calidad\/files\/2020\/01\/PMC28E1.doc\">PMA-02-F-008 Informe de Comisi\u00f3n Acad\u00e9mica de homologaci\u00f3n de estudios entre diferentes IES v.6<\/a><\/li>\n\n\n\n<li><a rel=\"noreferrer noopener\" href=\"https:\/\/departamentos.uleam.edu.ec\/gestion-aseguramiento-calidad\/files\/2022\/01\/PAM-02-F-008-V5.doc\" target=\"_blank\">PMA-02-F-008 Formulario para revisi\u00f3n de reconocimientos de estudios u homologaciones&nbsp; de asignatura V.5<\/a><\/li>\n\n\n\n<li><a href=\"https:\/\/departamentos.uleam.edu.ec\/gestion-aseguramiento-calidad\/files\/2020\/01\/PM0C791.doc\">PMA-02-F-009 Solicitud de informe jur\u00eddico de movilidades estudiantiles entre diferentes IES v.4<\/a><\/li>\n\n\n\n<li><a href=\"https:\/\/departamentos.uleam.edu.ec\/gestion-aseguramiento-calidad\/files\/2020\/01\/PMA-024.doc\">PMA-02-F-010 Formulario para validaci\u00f3n del tr\u00e1mite de homologaci\u00f3n de asignaturas por an\u00e1lisis comparativo de contenidos V.3&nbsp;<\/a><\/li>\n\n\n\n<li><a href=\"https:\/\/departamentos.uleam.edu.ec\/gestion-aseguramiento-calidad\/files\/2020\/01\/PMA-022.doc\">PMA-02-F-011 Documento para revisi\u00f3n de homologaciones de asignaturas por an\u00e1lisis comparativo de contenidos V.3<\/a>&nbsp;<\/li>\n<\/ul>\n<\/div>\n<\/div><\/div>\n","protected":false},"excerpt":{"rendered":"","protected":false},"author":47,"featured_media":0,"parent":0,"menu_order":0,"comment_status":"closed","ping_status":"open","template":"","meta":{"footnotes":"","_links_to":"","_links_to_target":""},"class_list":["post-1618","page","type-page","status-publish","hentry"],"_links":{"self":[{"href":"https:\/\/departamentos.uleam.edu.ec\/gestion-aseguramiento-calidad\/wp-json\/wp\/v2\/pages\/1618","targetHints":{"allow":["GET"]}}],"collection":[{"href":"https:\/\/departamentos.uleam.edu.ec\/gestion-aseguramiento-calidad\/wp-json\/wp\/v2\/pages"}],"about":[{"href":"https:\/\/departamentos.uleam.edu.ec\/gestion-aseguramiento-calidad\/wp-json\/wp\/v2\/types\/page"}],"author":[{"embeddable":true,"href":"https:\/\/departamentos.uleam.edu.ec\/gestion-aseguramiento-calidad\/wp-json\/wp\/v2\/users\/47"}],"replies":[{"embeddable":true,"href":"https:\/\/departamentos.uleam.edu.ec\/gestion-aseguramiento-calidad\/wp-json\/wp\/v2\/comments?post=1618"}],"version-history":[{"count":144,"href":"https:\/\/departamentos.uleam.edu.ec\/gestion-aseguramiento-calidad\/wp-json\/wp\/v2\/pages\/1618\/revisions"}],"predecessor-version":[{"id":13655,"href":"https:\/\/departamentos.uleam.edu.ec\/gestion-aseguramiento-calidad\/wp-json\/wp\/v2\/pages\/1618\/revisions\/13655"}],"wp:attachment":[{"href":"https:\/\/departamentos.uleam.edu.ec\/gestion-aseguramiento-calidad\/wp-json\/wp\/v2\/media?parent=1618"}],"curies":[{"name":"wp","href":"https:\/\/api.w.org\/{rel}","templated":true}]}}