{"id":1635,"date":"2017-04-20T15:17:16","date_gmt":"2017-04-20T15:17:16","guid":{"rendered":"http:\/\/departamentos.uleam.edu.ec\/organizacionymetodos\/?page_id=1635"},"modified":"2023-08-05T21:35:31","modified_gmt":"2023-08-06T02:35:31","slug":"actualizacion-bibliografica","status":"publish","type":"page","link":"https:\/\/departamentos.uleam.edu.ec\/gestion-aseguramiento-calidad\/actualizacion-bibliografica\/","title":{"rendered":"ACTUALIZACI\u00d3N BIBLIOGR\u00c1FICA"},"content":{"rendered":"<p>Manual<\/p>\n<ul>\n<li><a href=\"https:\/\/departamentos.uleam.edu.ec\/gestion-aseguramiento-calidad\/files\/2019\/09\/PAG-02-AB-C.pdf\">PAG-02 Actualizaci\u00f3n bibliogr\u00e1fica V.2<\/a><\/li>\n<\/ul>\n<p>Flujo<\/p>\n<ul>\n<li><a href=\"https:\/\/departamentos.uleam.edu.ec\/gestion-aseguramiento-calidad\/files\/2019\/09\/Flujo-V2-Actualizaci\u00f3n-Bibliogr\u00e1fica.pdf\">Actualizaci\u00f3n Bibliogr\u00e1fica V.2<\/a><\/li>\n<\/ul>\n<p>Formatos<\/p>\n<ul>\n<li><a href=\"https:\/\/departamentos.uleam.edu.ec\/gestion-aseguramiento-calidad\/files\/2020\/07\/PAG-02-F-001.docx\">PAG-02-F-001 Solicitud de actualizaci\u00f3n bibliogr\u00e1fica<\/a><\/li>\n<li><a href=\"https:\/\/departamentos.uleam.edu.ec\/gestion-aseguramiento-calidad\/files\/2019\/09\/PAG-02-F-002.xlsx\">PAG-02-F-002 Matriz de actualizaci\u00f3n bibliogr\u00e1fica<\/a><\/li>\n<li><a href=\"https:\/\/departamentos.uleam.edu.ec\/gestion-aseguramiento-calidad\/files\/2019\/09\/PAG-02-F-003.docx\">PAG-02-F-003 Notificaci\u00f3n de existencia de material bibliogr\u00e1fico<\/a><\/li>\n<\/ul>\n<p>Versiones Anteriores<\/p>\n<p><strong>Manual<\/strong><\/p>\n<ul>\n<li><a href=\"https:\/\/departamentos.uleam.edu.ec\/gestion-aseguramiento-calidad\/files\/2019\/09\/MANUAL-ACTUALIZACION-BIBLIOGRAFICA-PAG-02.pdf\">PAG-02 Actualizaci\u00f3n bibliogr\u00e1fica V.1<\/a><\/li>\n<\/ul>\n<p><strong>Flujo<\/strong><\/p>\n<ul>\n<li><a href=\"https:\/\/departamentos.uleam.edu.ec\/gestion-aseguramiento-calidad\/files\/2019\/09\/FLUJO-ACTUALIZACION-BIBLIOGRAFICA-PAG-02.pdf.pdf\">Actualizaci\u00f3n bibliogr\u00e1fica V.1<\/a><\/li>\n<\/ul>\n","protected":false},"excerpt":{"rendered":"<p>Manual PAG-02 Actualizaci\u00f3n bibliogr\u00e1fica V.2 Flujo Actualizaci\u00f3n Bibliogr\u00e1fica V.2 Formatos PAG-02-F-001 Solicitud de actualizaci\u00f3n bibliogr\u00e1fica PAG-02-F-002 Matriz de actualizaci\u00f3n bibliogr\u00e1fica PAG-02-F-003 Notificaci\u00f3n de existencia de material bibliogr\u00e1fico Versiones Anteriores Manual PAG-02 Actualizaci\u00f3n bibliogr\u00e1fica V.1 Flujo Actualizaci\u00f3n bibliogr\u00e1fica V.1<\/p>\n","protected":false},"author":47,"featured_media":0,"parent":0,"menu_order":0,"comment_status":"closed","ping_status":"open","template":"","meta":{"footnotes":"","_links_to":"","_links_to_target":""},"class_list":["post-1635","page","type-page","status-publish","hentry"],"_links":{"self":[{"href":"https:\/\/departamentos.uleam.edu.ec\/gestion-aseguramiento-calidad\/wp-json\/wp\/v2\/pages\/1635","targetHints":{"allow":["GET"]}}],"collection":[{"href":"https:\/\/departamentos.uleam.edu.ec\/gestion-aseguramiento-calidad\/wp-json\/wp\/v2\/pages"}],"about":[{"href":"https:\/\/departamentos.uleam.edu.ec\/gestion-aseguramiento-calidad\/wp-json\/wp\/v2\/types\/page"}],"author":[{"embeddable":true,"href":"https:\/\/departamentos.uleam.edu.ec\/gestion-aseguramiento-calidad\/wp-json\/wp\/v2\/users\/47"}],"replies":[{"embeddable":true,"href":"https:\/\/departamentos.uleam.edu.ec\/gestion-aseguramiento-calidad\/wp-json\/wp\/v2\/comments?post=1635"}],"version-history":[{"count":11,"href":"https:\/\/departamentos.uleam.edu.ec\/gestion-aseguramiento-calidad\/wp-json\/wp\/v2\/pages\/1635\/revisions"}],"predecessor-version":[{"id":10756,"href":"https:\/\/departamentos.uleam.edu.ec\/gestion-aseguramiento-calidad\/wp-json\/wp\/v2\/pages\/1635\/revisions\/10756"}],"wp:attachment":[{"href":"https:\/\/departamentos.uleam.edu.ec\/gestion-aseguramiento-calidad\/wp-json\/wp\/v2\/media?parent=1635"}],"curies":[{"name":"wp","href":"https:\/\/api.w.org\/{rel}","templated":true}]}}