{"id":1642,"date":"2017-04-20T15:25:07","date_gmt":"2017-04-20T15:25:07","guid":{"rendered":"http:\/\/departamentos.uleam.edu.ec\/organizacionymetodos\/?page_id=1642"},"modified":"2023-08-05T21:40:33","modified_gmt":"2023-08-06T02:40:33","slug":"emision-y-registro-de-titulo-de-grado-y-posgrado","status":"publish","type":"page","link":"https:\/\/departamentos.uleam.edu.ec\/gestion-aseguramiento-calidad\/emision-y-registro-de-titulo-de-grado-y-posgrado\/","title":{"rendered":"Emisi\u00f3n y registro de t\u00edtulo de grado y postgrado"},"content":{"rendered":"<p>Manual<\/p>\n<ul>\n<li><a href=\"https:\/\/departamentos.uleam.edu.ec\/gestion-aseguramiento-calidad\/files\/2019\/11\/PAT-02-v2c.pdf\">PAT-02 Emisi\u00f3n y registro de t\u00edtulo de grado y postgrado V.2<\/a><\/li>\n<\/ul>\n<p>Flujo<\/p>\n<ul>\n<li><a href=\"https:\/\/departamentos.uleam.edu.ec\/gestion-aseguramiento-calidad\/files\/2019\/11\/FLUJOM1.pdf\">Emisi\u00f3n y registro de t\u00edtulo de grado y postgrado V.2<\/a><\/li>\n<\/ul>\n<p>Formatos<\/p>\n<ul>\n<li><a href=\"https:\/\/departamentos.uleam.edu.ec\/gestion-aseguramiento-calidad\/files\/2019\/11\/PAT-02-F-001.docx\">PAT-02-F-001 Memor\u00e1ndum de lista de graduados<\/a><\/li>\n<li><a href=\"https:\/\/departamentos.uleam.edu.ec\/gestion-aseguramiento-calidad\/files\/2019\/11\/PAT-02-F-002.docx\">PAT-02-F-002 Ficha para tr\u00e1mite de t\u00edtulos con gratuidad<\/a><\/li>\n<li><a href=\"https:\/\/departamentos.uleam.edu.ec\/gestion-aseguramiento-calidad\/files\/2019\/11\/PAT-02-F-003.docx\">PAT-02-F-003 Solicitud para correcci\u00f3n de t\u00edtulo<\/a><\/li>\n<li><a href=\"https:\/\/departamentos.uleam.edu.ec\/gestion-aseguramiento-calidad\/files\/2019\/11\/Pac-F-001.docx\">PAC-01-F-001 Ficha de requerimiento de documentos<\/a><\/li>\n<\/ul>\n<p>Versiones Anteriores<\/p>\n<p>Manual<\/p>\n<ul>\n<li><\/li>\n<li><a href=\"https:\/\/departamentos.uleam.edu.ec\/gestion-aseguramiento-calidad\/files\/2019\/11\/EMISIO1.pdf\">PAT-02- Emisi\u00f3n y registro de t\u00edtulos de grado y postgrado V.1<\/a><\/li>\n<\/ul>\n<p>Flujo<\/p>\n<ul>\n<li><a href=\"https:\/\/departamentos.uleam.edu.ec\/gestion-aseguramiento-calidad\/files\/2019\/11\/FLUJOE2.pdf\">Emisi\u00f3n y registro de t\u00edtulo de grado y postgrado V.1<\/a><\/li>\n<\/ul>\n<p>Formatos<\/p>\n","protected":false},"excerpt":{"rendered":"<p>Manual PAT-02 Emisi\u00f3n y registro de t\u00edtulo de grado y postgrado V.2 Flujo Emisi\u00f3n y registro de t\u00edtulo de grado y postgrado V.2 Formatos PAT-02-F-001 Memor\u00e1ndum de lista de graduados PAT-02-F-002 Ficha para tr\u00e1mite de t\u00edtulos con gratuidad PAT-02-F-003 Solicitud [&hellip;]<\/p>\n","protected":false},"author":105,"featured_media":0,"parent":0,"menu_order":0,"comment_status":"closed","ping_status":"open","template":"","meta":{"footnotes":"","_links_to":"","_links_to_target":""},"class_list":["post-1642","page","type-page","status-publish","hentry"],"_links":{"self":[{"href":"https:\/\/departamentos.uleam.edu.ec\/gestion-aseguramiento-calidad\/wp-json\/wp\/v2\/pages\/1642","targetHints":{"allow":["GET"]}}],"collection":[{"href":"https:\/\/departamentos.uleam.edu.ec\/gestion-aseguramiento-calidad\/wp-json\/wp\/v2\/pages"}],"about":[{"href":"https:\/\/departamentos.uleam.edu.ec\/gestion-aseguramiento-calidad\/wp-json\/wp\/v2\/types\/page"}],"author":[{"embeddable":true,"href":"https:\/\/departamentos.uleam.edu.ec\/gestion-aseguramiento-calidad\/wp-json\/wp\/v2\/users\/105"}],"replies":[{"embeddable":true,"href":"https:\/\/departamentos.uleam.edu.ec\/gestion-aseguramiento-calidad\/wp-json\/wp\/v2\/comments?post=1642"}],"version-history":[{"count":10,"href":"https:\/\/departamentos.uleam.edu.ec\/gestion-aseguramiento-calidad\/wp-json\/wp\/v2\/pages\/1642\/revisions"}],"predecessor-version":[{"id":10762,"href":"https:\/\/departamentos.uleam.edu.ec\/gestion-aseguramiento-calidad\/wp-json\/wp\/v2\/pages\/1642\/revisions\/10762"}],"wp:attachment":[{"href":"https:\/\/departamentos.uleam.edu.ec\/gestion-aseguramiento-calidad\/wp-json\/wp\/v2\/media?parent=1642"}],"curies":[{"name":"wp","href":"https:\/\/api.w.org\/{rel}","templated":true}]}}