{"id":1649,"date":"2017-04-20T15:51:31","date_gmt":"2017-04-20T15:51:31","guid":{"rendered":"http:\/\/departamentos.uleam.edu.ec\/organizacionymetodos\/?page_id=1649"},"modified":"2025-11-27T16:36:52","modified_gmt":"2025-11-27T21:36:52","slug":"autoevaluacion-de-carrera","status":"publish","type":"page","link":"https:\/\/departamentos.uleam.edu.ec\/gestion-aseguramiento-calidad\/autoevaluacion-de-carrera\/","title":{"rendered":"AUTOEVALUACI\u00d3N DE CARRERAS DE GRADO"},"content":{"rendered":"\n<div class=\"wp-block-group\"><div class=\"wp-block-group__inner-container is-layout-constrained wp-block-group-is-layout-constrained\">\n<div class=\"wp-block-group\"><div class=\"wp-block-group__inner-container is-layout-constrained wp-block-group-is-layout-constrained\">\n<div class=\"wp-block-group\"><div class=\"wp-block-group__inner-container is-layout-constrained wp-block-group-is-layout-constrained\">\n<div class=\"wp-block-group\"><div class=\"wp-block-group__inner-container is-layout-constrained wp-block-group-is-layout-constrained\">\n<div class=\"wp-block-group\"><div class=\"wp-block-group__inner-container is-layout-constrained wp-block-group-is-layout-constrained\">\n<div class=\"wp-block-gutena-tabs gutena-tabs-block gutena-tabs-block-8daaf3-18\"><ul class=\"gutena-tabs-tab tab-flex\"><li class=\"gutena-tab-title active\" data-tab=\"1\"><div class=\"gutena-tab-title-content icon-top\"><div class=\"gutena-tab-title-text\"><div>\u2705Manual Autoevaluaci\u00f3n<\/div><\/div><\/div><\/li><li class=\"gutena-tab-title inactive\" data-tab=\"2\"><div class=\"gutena-tab-title-content icon-top\"><div class=\"gutena-tab-title-text\"><div>\u2705Gu\u00eda Autoevaluaci\u00f3n <\/div><\/div><\/div><\/li><li class=\"gutena-tab-title inactive\" data-tab=\"3\"><div class=\"gutena-tab-title-content icon-top\"><div class=\"gutena-tab-title-text\"><div>\u2705Gu\u00eda Plan de mejoras<\/div><\/div><\/div><\/li><li class=\"gutena-tab-title inactive\" data-tab=\"4\"><div class=\"gutena-tab-title-content icon-top\"><div class=\"gutena-tab-title-text\"><div>\u26a0\ufe0fVersiones no vigentes<\/div><\/div><\/div><\/li><\/ul><div class=\"gutena-tabs-content is-layout-flow wp-block-gutena-tabs-is-layout-flow\">\n<div class=\"wp-block-gutena-tab gutena-tab-block gutena-tab-block-f9fb55-b5 active\" data-tab=\"1\">\n<p style=\"margin-top:0;margin-bottom:0\">\ud83d\udfe0<strong>MANUAL DE PROCEDIMIENTOS:<\/strong><\/p>\n\n\n\n<p style=\"margin-top:0;margin-bottom:0\">\u27b1 <a href=\"https:\/\/departamentos.uleam.edu.ec\/gestion-aseguramiento-calidad\/autoevaluacion-de-carrera\/\" target=\"_blank\" rel=\"noreferrer noopener\"><\/a><a href=\"https:\/\/departamentos.uleam.edu.ec\/gestion-aseguramiento-calidad\/files\/2025\/05\/PAE-02-Manual-Autoevaluacion-de-Carreras-de-grado-V4.pdf\" target=\"_blank\" rel=\"noreferrer noopener\">PAE-02 Manual &#8211; Autoevaluaci\u00f3n de Carreras de grado V4<\/a><\/p>\n\n\n\n<p style=\"margin-top:0;margin-bottom:0\">\ud83d\udfe0<strong>DIAGRAMA DE FLUJO:<\/strong><\/p>\n\n\n\n<p style=\"margin-top:0;margin-bottom:0\">\u27b1 <a href=\"https:\/\/departamentos.uleam.edu.ec\/gestion-aseguramiento-calidad\/files\/2025\/05\/Diagrama-de-Flujo-Autoevaluacion-de-Carreras-de-grado-V4.pdf\" target=\"_blank\" rel=\"noreferrer noopener\">Diagrama de Flujo &#8211; Autoevaluaci\u00f3n de Carreras de grado V4<\/a><\/p>\n\n\n\n<p style=\"margin-top:0;margin-bottom:0\">\ud83d\udfe0<strong>FORMATOS:<\/strong><\/p>\n\n\n\n<p style=\"margin-top:0;margin-bottom:0\">\u27b1<a href=\"https:\/\/departamentos.uleam.edu.ec\/gestion-aseguramiento-calidad\/files\/2025\/05\/PAE-02-F-001_Matriz_informantes_claves_V02.xlsx\" target=\"_blank\" rel=\"noreferrer noopener\">PAE-02-F-001_Matriz_informantes_claves_V02<\/a><\/p>\n\n\n\n<p style=\"margin-top:0;margin-bottom:0\">\u27b1<a href=\"https:\/\/departamentos.uleam.edu.ec\/gestion-aseguramiento-calidad\/files\/2025\/05\/PAE-02-F-002_Matriz_pares_evaluadores_V02.xlsx\" target=\"_blank\" rel=\"noreferrer noopener\">PAE-02-F-002_Matriz_pares_evaluadores_V02<\/a> <\/p>\n\n\n\n<p style=\"margin-top:0;margin-bottom:0\">\u27b1<a href=\"https:\/\/departamentos.uleam.edu.ec\/gestion-aseguramiento-calidad\/files\/2025\/05\/PAE-02-F-003_Agenda_auto_carreras-V02.xlsx\" target=\"_blank\" rel=\"noreferrer noopener\">PAE-02-F-003_Agenda_autoevaluaci\u00f3n_carreras V02<\/a> <\/p>\n\n\n\n<p style=\"margin-top:0;margin-bottom:0\">\u27b1<a href=\"https:\/\/departamentos.uleam.edu.ec\/gestion-aseguramiento-calidad\/files\/2025\/05\/PAE-02-F-004-Formato_informe_de_trabajo_CurrIculo-V02.docx\" target=\"_blank\" rel=\"noreferrer noopener\">PAE-02-F-004 Formato_informe_de_trabajo_Curr\u00edculo V02<\/a><\/p>\n\n\n\n<p style=\"margin-top:0;margin-bottom:0\">\u27b1<a href=\"https:\/\/departamentos.uleam.edu.ec\/gestion-aseguramiento-calidad\/files\/2025\/05\/PAE-02-F-004-Formato_informe_de_trabajo_Docencia-V02.docx\" target=\"_blank\" rel=\"noreferrer noopener\">PAE-02-F-004 Formato_informe_de_trabajo_Docencia V02<\/a><\/p>\n\n\n\n<p style=\"margin-top:0;margin-bottom:0\">\u27b1<a href=\"https:\/\/departamentos.uleam.edu.ec\/gestion-aseguramiento-calidad\/files\/2025\/05\/PAE-02-F-004-Formato_informe_de_trabajo_Funciones-estrategicas-V02.docx\">PAE-02-F-004 Formato_informe_de_trabajo_Funciones estrat\u00e9gicas y de soporte V02<\/a><\/p>\n\n\n\n<p style=\"margin-top:0;margin-bottom:0\">\u27b1<a href=\"https:\/\/departamentos.uleam.edu.ec\/gestion-aseguramiento-calidad\/files\/2025\/05\/PAE-02-F-004-Formato_informe_de_trabajo_Investigacion-V02.docx\">PAE-02-F-004 Formato_informe_de_trabajo_Investigaci\u00f3n V02<\/a><\/p>\n\n\n\n<p style=\"margin-top:0;margin-bottom:0\">\u27b1<a href=\"https:\/\/departamentos.uleam.edu.ec\/gestion-aseguramiento-calidad\/files\/2025\/05\/PAE-02-F-004-Formato_informe_de_trabajo_Vinculacion-V02.docx\">PAE-02-F-004 Formato_informe_de_trabajo_Vinculaci\u00f3n V02<\/a><\/p>\n\n\n\n<p style=\"margin-top:0;margin-bottom:0\">\u27b1<a href=\"https:\/\/departamentos.uleam.edu.ec\/gestion-aseguramiento-calidad\/files\/2025\/05\/PAE-02-F-005-Formato_acta_conformidad_CurrIculo-V01.docx\">PAE-02-F-005 Formato_acta_conformidad_Curr\u00cdculo V01<\/a><\/p>\n\n\n\n<p style=\"margin-top:0;margin-bottom:0\">\u27b1<a href=\"https:\/\/departamentos.uleam.edu.ec\/gestion-aseguramiento-calidad\/files\/2025\/05\/PAE-02-F-005-Formato_acta_conformidad_Docencia-V01.docx\">PAE-02-F-005 Formato_acta_conformidad_Docencia V01<\/a><\/p>\n\n\n\n<p style=\"margin-top:0;margin-bottom:0\">\u27b1<a href=\"https:\/\/departamentos.uleam.edu.ec\/gestion-aseguramiento-calidad\/files\/2025\/05\/PAE-02-F-005-Formato_acta_conformidad_Funciones-estrategicas-V01.docx\">PAE-02-F-005 Formato_acta_conformidad_Funciones estrategicas y de soporte V01<\/a><\/p>\n\n\n\n<p style=\"margin-top:0;margin-bottom:0\">\u27b1<a href=\"https:\/\/departamentos.uleam.edu.ec\/gestion-aseguramiento-calidad\/files\/2025\/05\/PAE-02-F-005-Formato_acta_conformidad_Investigacion-V01.docx\">PAE-02-F-005 Formato_acta_conformidad_Investigaci\u00f3n V01<\/a><\/p>\n\n\n\n<p style=\"margin-top:0;margin-bottom:0\">\u27b1<a href=\"https:\/\/departamentos.uleam.edu.ec\/gestion-aseguramiento-calidad\/files\/2025\/05\/PAE-02-F-005-Formato_acta_conformidad_Vinculacion-V01.docx\">PAE-02-F-005 Formato_acta_conformidad_Vinculaci\u00f3n V01<\/a><\/p>\n\n\n\n<p style=\"margin-top:0;margin-bottom:0\">\u27b1<a href=\"https:\/\/departamentos.uleam.edu.ec\/gestion-aseguramiento-calidad\/files\/2025\/05\/PAE-02-F-006-Formato_acta_rectificacion-V01.docx\">PAE-02-F-006 Formato_acta_rectificaci\u00f3n V01<\/a><\/p>\n\n\n\n<p style=\"margin-top:0;margin-bottom:0\">\u27b1<a href=\"https:\/\/departamentos.uleam.edu.ec\/gestion-aseguramiento-calidad\/files\/2025\/05\/PAE-02-F-007-Formato_Informe_Auto_carrreras_V01.docx\" target=\"_blank\" rel=\"noreferrer noopener\">PAE-02-F-007 Formato_Informe_Auto_carrreras_V01<\/a><\/p>\n<\/div>\n\n\n\n<div class=\"wp-block-gutena-tab gutena-tab-block gutena-tab-block-259a4e-72 inactive\" data-tab=\"2\">\n<p style=\"margin-top:0;margin-bottom:0\">\u27b1 <a href=\"https:\/\/departamentos.uleam.edu.ec\/gestion-aseguramiento-calidad\/files\/2025\/05\/PAE-02-G-001-Guia-Autoevaluacion-de-Carreras-de-grado-V2.pdf\">PAE-02-G-001 Gu\u00eda Autoevaluaci\u00f3n de Carreras de grado V2<\/a><\/p>\n<\/div>\n\n\n\n<div class=\"wp-block-gutena-tab gutena-tab-block gutena-tab-block-23a4cc-a8 inactive\" data-tab=\"3\">\n<p>\ud83d\udfe0<strong>GU\u00cdA:<\/strong><\/p>\n\n\n\n<p>\u27b1 <a href=\"https:\/\/departamentos.uleam.edu.ec\/gestion-aseguramiento-calidad\/files\/2024\/04\/PAE-02-G-002-Elab-Ejec-Segui-Plan-de-Mejora-de-Carreras-V2.pdf\">PAE-02-G-002 Elaboraci\u00f3n, Ejecuci\u00f3n y Seguimiento al Plan de Mejora de Carreras V2<\/a><\/p>\n\n\n\n<p>\ud83d\udfe0<strong>DIAGRAMA DE FLUJO:<\/strong><\/p>\n\n\n\n<p>\u27b1<a href=\"https:\/\/departamentos.uleam.edu.ec\/gestion-aseguramiento-calidad\/files\/2023\/01\/Diagrama-Flujo-PAE-02-G-002-Plan-de-Mejora-de-Carreras-V2.pdf\">Diagrama de Flujo Elaboraci\u00f3n, Ejecuci\u00f3n y Seguimiento al Plan de Mejora de Carreras V2<\/a><\/p>\n\n\n\n<p>\ud83d\udfe0<strong>FORMATOS:<\/strong><\/p>\n\n\n\n<p>\u27b1<a href=\"https:\/\/departamentos.uleam.edu.ec\/gestion-aseguramiento-calidad\/files\/2025\/11\/Formato-Plan-de-Mejora-de-carrera-V.03.docx\" target=\"_blank\" rel=\"noreferrer noopener\">Formato Plan de Mejora de carrera V.03 <\/a><\/p>\n\n\n\n<p>\u27b1<a href=\"https:\/\/departamentos.uleam.edu.ec\/gestion-aseguramiento-calidad\/files\/2023\/01\/Plan_accion_Plan_Mejoras_carreras_V.03.xlsx\" target=\"_blank\" rel=\"noreferrer noopener\">Plan de Acci\u00f3n del Plan de Mejoras de carreras_V.03<\/a><\/p>\n\n\n\n<p>\u27b1<a href=\"https:\/\/departamentos.uleam.edu.ec\/gestion-aseguramiento-calidad\/files\/2023\/01\/Formato_informe_periodico_seguimiento_PM_carreras-V.01.docx\" target=\"_blank\" rel=\"noreferrer noopener\">Formato de Informe peri\u00f3dico de seguimiento del Plan de Mejoras de carreras V.01<\/a><\/p>\n\n\n\n<p>\u27b1<a href=\"https:\/\/departamentos.uleam.edu.ec\/gestion-aseguramiento-calidad\/files\/2023\/01\/Seguimiento_Plan_Mejoras_carreras_V.02-1.xlsx\" target=\"_blank\" rel=\"noreferrer noopener\">Matriz de Seguimiento peri\u00f3dico y final a la ejecuci\u00f3n del Plan Mejoras de carreras (Plan de acci\u00f3n) V.01<\/a><\/p>\n\n\n\n<p>\u27b1<a href=\"https:\/\/departamentos.uleam.edu.ec\/gestion-aseguramiento-calidad\/files\/2023\/01\/Formato_informe_seguimiento-final_PM_carreras-V.02.docx\" target=\"_blank\" rel=\"noreferrer noopener\">Formato de Informe final de seguimiento a la ejecuci\u00f3n del Plan de Mejoras de carreras V.02<\/a><\/p>\n<\/div>\n\n\n\n<div class=\"wp-block-gutena-tab gutena-tab-block gutena-tab-block-ad0b4f-c6 inactive\" data-tab=\"4\">\n<p>\u26d4<strong>Manual de procedimientos, gu\u00edas e instructivos no vigentes:<\/strong><\/p>\n\n\n\n<p>\u279b<a href=\"https:\/\/departamentos.uleam.edu.ec\/gestion-aseguramiento-calidad\/files\/2020\/05\/PAE-02-V1-C.pdf\">PAE-02 Autoevaluaci\u00f3n de Carrera V.1<\/a> <\/p>\n\n\n\n<p>\u279b<a href=\"https:\/\/departamentos.uleam.edu.ec\/gestion-aseguramiento-calidad\/files\/2020\/05\/AUTOEVALUACI\u00d3N-DE-CARRERA.pdf\">PAE-02 Autoevaluaci\u00f3n de carrera V.2<\/a> <\/p>\n\n\n\n<p>\u279b<a href=\"https:\/\/departamentos.uleam.edu.ec\/gestion-aseguramiento-calidad\/files\/2023\/07\/PAE-02-Manual-Autoevaluacion-de-Carreras_V3-1.pdf\">PAE-02 Manual Autoevaluaci\u00f3n de Carreras_V3<\/a><\/p>\n\n\n\n<p>\u279b<a href=\"https:\/\/departamentos.uleam.edu.ec\/gestion-aseguramiento-calidad\/files\/2023\/04\/PAE-02-G-001-Guia-de-Autoevaluacion-de-Carreras.pdf\">PAE-02-G-001 \u2013 Gu\u00eda de Autoevaluaci\u00f3n de Carreras V1.<\/a><\/p>\n\n\n\n<p>\u279b<a href=\"https:\/\/departamentos.uleam.edu.ec\/gestion-aseguramiento-calidad\/files\/2023\/07\/PAE-02-G-002-Guia-plan-de-mejoras-carrera-sedes-y-extensiones.pdf\">PAE-02-G-002 Gu\u00eda de trabajo &#8211; Elaboraci\u00f3n, Ejecuci\u00f3n y Seguimiento del plan de mejoras de carreras, sede y extensiones V1.<\/a><\/p>\n\n\n\n<p>\u26d4<strong>Diagramas de Flujos no vigentes<\/strong>:<\/p>\n\n\n\n<p>\u279b<a href=\"https:\/\/departamentos.uleam.edu.ec\/gestion-aseguramiento-calidad\/files\/2020\/05\/FLUJO-AUTOEVALUACI\u00d2N-DE-CARRERA-1.pdf\">Diagrama de flujo &#8211; Autoevaluaci\u00f3n de carrera V.1<\/a><\/p>\n\n\n\n<p>\u279b<a href=\"https:\/\/departamentos.uleam.edu.ec\/gestion-aseguramiento-calidad\/files\/2020\/05\/FLUJO-AUTOEVALUACI\u00d2N-DE-CARRERA.pdf\">Diagrama de flujo &#8211; Autoevaluaci\u00f3n de carrera .V2<\/a><\/p>\n\n\n\n<p>\u279b<a href=\"https:\/\/departamentos.uleam.edu.ec\/gestion-aseguramiento-calidad\/files\/2023\/07\/Diagrama-Flujo-PAE-02-Autoevaluacion-de-Carreras_V3_.pdf\">Diagrama Flujo &#8211; Autoevaluaci\u00f3n de Carreras_V3<\/a><\/p>\n\n\n\n<p>\u279b<a href=\"https:\/\/departamentos.uleam.edu.ec\/gestion-aseguramiento-calidad\/files\/2023\/07\/Diagrama-Flujo-PAE-02-G-002-Plan-de-Mejora-Carreras-Extension-Sede.pdf\">Diagrama Flujo &#8211; Gu\u00eda de trabajo &#8211; Elaboraci\u00f3n, Ejecuci\u00f3n y Seguimiento del plan de Mejora Carreras Extensi\u00f3n Sede V1.<\/a><\/p>\n\n\n\n<p>\u26d4<strong>Formatos no vigentes<\/strong>:<\/p>\n\n\n\n<p>\u279b<a href=\"https:\/\/departamentos.uleam.edu.ec\/gestion-aseguramiento-calidad\/files\/2023\/09\/Plan_de_accion_Plan_de_Mejoras_carreras_V.02.xlsx\">Plan_de_acci\u00f3n_Plan_de_Mejoras_carreras_V.02<\/a><\/p>\n\n\n\n<p>\u279b<a href=\"https:\/\/departamentos.uleam.edu.ec\/gestion-aseguramiento-calidad\/files\/2023\/01\/Formato-Plan-de-Mejora-de-carrera_V.02.docx\">Formato Plan de Mejora de carrera_V.02<\/a><\/p>\n\n\n\n<p>\u279b<a href=\"https:\/\/departamentos.uleam.edu.ec\/gestion-aseguramiento-calidad\/files\/2020\/05\/A1-SOL1.doc\">PAE-02-F-001 1-Solicitud del proceso de Autoevaluaci\u00f3n de Carrera V.1<\/a><\/p>\n\n\n\n<p>\u279b<a href=\"https:\/\/departamentos.uleam.edu.ec\/gestion-aseguramiento-calidad\/files\/2020\/05\/A2SOLI1.doc\">PAE-02-F-002 Solicitud de revisi\u00f3n y aprobaci\u00f3n de la planificaci\u00f3n de&nbsp; autoevaluaci\u00f3n de carrera V.1<\/a><\/p>\n\n\n\n<p>\u279b<a href=\"https:\/\/departamentos.uleam.edu.ec\/gestion-aseguramiento-calidad\/files\/2020\/05\/A3-MEM1.doc\">PAE-02-F-003 Memoria de Socializaci\u00f3n del Proceso de Autoevaluaci\u00f3n de Carrera V.1<\/a><\/p>\n\n\n\n<p>\u279b<a href=\"https:\/\/departamentos.uleam.edu.ec\/gestion-aseguramiento-calidad\/files\/2020\/05\/A4-PLA1.doc\">PAE-02-F-004 Plan de Aseguramiento de la Calidad V.1<\/a><\/p>\n\n\n\n<p>\u279b<a href=\"https:\/\/departamentos.uleam.edu.ec\/gestion-aseguramiento-calidad\/files\/2020\/05\/A5-MEM1.doc\">PAE-02 -F-005 Memoria de Socializaci\u00f3n del Informe Preliminar de Autoevaluaci\u00f3n de Carrera y Plan de Fortalecimiento, Mejora o Aseguramiento de la Calidad V.1<\/a><\/p>\n\n\n\n<p>\u279b<a href=\"https:\/\/departamentos.uleam.edu.ec\/gestion-aseguramiento-calidad\/files\/2020\/05\/A6-INF1.doc\">PAE-02-F-006 Informe de Resultados de Autoevaluaci\u00f3n de Carreras V.1<\/a><\/p>\n\n\n\n<p>\u279b<a href=\"https:\/\/departamentos.uleam.edu.ec\/gestion-aseguramiento-calidad\/files\/2020\/05\/A7-RES1.doc\">PAE-02-F-007 Resoluci\u00f3n de aprobaci\u00f3n de Autoevaluaci\u00f3n de Carrera y Planes V.1<\/a><\/p>\n\n\n\n<p>\u279b<a href=\"https:\/\/departamentos.uleam.edu.ec\/gestion-aseguramiento-calidad\/files\/2020\/05\/A8-INF1.doc\">PAE-02-F-008 Informe de Resultados de Autoevaluaci\u00f3n de carrera V.1<\/a><\/p>\n\n\n\n<p>\u279b <a href=\"https:\/\/departamentos.uleam.edu.ec\/gestion-aseguramiento-calidad\/files\/2023\/04\/PAE-02-F-001_Matriz_informantes_claves.xlsx\">PAE-02-F-001_Matriz_informantes_claves V1<\/a><\/p>\n\n\n\n<p>\u279b <a href=\"https:\/\/departamentos.uleam.edu.ec\/gestion-aseguramiento-calidad\/files\/2023\/04\/PAE-02-F-002_Matriz_pares_evaluadores.xlsx\">PAE-02-F-002_Matriz_pares_evaluadores V1<\/a><\/p>\n\n\n\n<p>\u279b <a href=\"https:\/\/departamentos.uleam.edu.ec\/gestion-aseguramiento-calidad\/files\/2023\/04\/PAE-02-F-003_Agenda_autoevaluacion_de_carreras.xlsx\">PAE-02-F-003_Agenda_autoevaluaci\u00f3n_de_carreras V1<\/a><\/p>\n\n\n\n<p>\u279b <a href=\"https:\/\/departamentos.uleam.edu.ec\/gestion-aseguramiento-calidad\/files\/2023\/04\/PAE-02-F-004_Formato_informe_diario_trabajo_curriculo.docx\">PAE-02-F-004_Formato_informe_diario_trabajo_curr\u00edculo V1<\/a> <\/p>\n\n\n\n<p>\u279b <a href=\"https:\/\/departamentos.uleam.edu.ec\/gestion-aseguramiento-calidad\/files\/2023\/07\/PAE-02-F-004_Formato_informe_diario_trabajo_docencia.docx\">PAE-02-F-004_Formato_informe_diario_trabajo_docencia V1<\/a> <\/p>\n\n\n\n<p>\u279b <a href=\"https:\/\/departamentos.uleam.edu.ec\/gestion-aseguramiento-calidad\/files\/2023\/04\/PAE-02-F-004_Formato_informe_diario_trabajo_funciones_soporte.docx\">PAE-02-F-004_Formato_informe_diario_trabajo_funciones_soporte V1<\/a> <\/p>\n\n\n\n<p>\u279b <a href=\"https:\/\/departamentos.uleam.edu.ec\/gestion-aseguramiento-calidad\/files\/2023\/04\/PAE-02-F-004_Formato_informe_diario_trabajo_investigacion.docx\">PAE-02-F-004_Formato_informe_diario_trabajo_investigaci\u00f3n V1<\/a> <\/p>\n\n\n\n<p>\u279b <a href=\"https:\/\/departamentos.uleam.edu.ec\/gestion-aseguramiento-calidad\/files\/2023\/07\/PAE-02-F-004_Formato_informe_diario_trabajo_vinculacion.docx\">PAE-02-F-004_Formato_informe_diario_trabajo_vinculaci\u00f3n V1<\/a> <\/p>\n\n\n\n<p>\u279b<a href=\"https:\/\/departamentos.uleam.edu.ec\/gestion-aseguramiento-calidad\/files\/2023\/04\/PAE-02-F-005-y-PAE-02-F-006-Unificados_Matrices_de_valoracion_del_modelo-1.xlsx\">PAE-02-F-005 y PAE-02-F-006 (Unificados)_Matriz de valoraci\u00f3n del modelo V1<\/a><\/p>\n\n\n\n<p>\u279b <a href=\"https:\/\/departamentos.uleam.edu.ec\/gestion-aseguramiento-calidad\/files\/2023\/04\/PAE-02-F-007_Formato-para-fortalezas-y-debilidades.docx\">PAE-02-F-007_Formato para fortalezas y debilidades V1<\/a><\/p>\n\n\n\n<p>\u279b <a href=\"https:\/\/departamentos.uleam.edu.ec\/gestion-aseguramiento-calidad\/files\/2023\/04\/PAE-02-F-008_Formato_Acta_conformidad__curriculo.docx\">PAE-02-F-008_Formato_Acta_conformidad__curriculo V1<\/a><\/p>\n\n\n\n<p>\u279b <a href=\"https:\/\/departamentos.uleam.edu.ec\/gestion-aseguramiento-calidad\/files\/2023\/07\/PAE-02-F-008_Formato_Acta_conformidad_docencia.docx\">PAE-02-F-008_Formato_Acta_conformidad_docencia V1<\/a><\/p>\n\n\n\n<p>\u279b <a href=\"https:\/\/departamentos.uleam.edu.ec\/gestion-aseguramiento-calidad\/files\/2023\/04\/PAE-02-F-008_Formato_Acta_conformidad_funciones_soporte.docx\">PAE-02-F-008_Formato_Acta_conformidad_funciones_soporte V1<\/a><\/p>\n\n\n\n<p>\u279b <a href=\"https:\/\/departamentos.uleam.edu.ec\/gestion-aseguramiento-calidad\/files\/2023\/04\/PAE-02-F-008_Formato_Acta_conformidad_investigacion.docx\">PAE-02-F-008_Formato_Acta_conformidad_investigaci\u00f3n V1<\/a><\/p>\n\n\n\n<p>\u279b <a href=\"https:\/\/departamentos.uleam.edu.ec\/gestion-aseguramiento-calidad\/files\/2023\/07\/PAE-02-F-008_Formato_Acta_conformidad_vinculacion.docx\">PAE-02-F-008_Formato_Acta_conformidad_vinculaci\u00f3n V1<\/a><\/p>\n<\/div>\n<\/div><\/div>\n<\/div><\/div>\n<\/div><\/div>\n<\/div><\/div>\n<\/div><\/div>\n<\/div><\/div>\n\n\n\n<p class=\"has-text-align-center\">\u2139\ufe0f<a href=\"https:\/\/departamentos.uleam.edu.ec\/gestion-aseguramiento-calidad\/evaluacion-de-carreras\/\" target=\"_blank\" rel=\"noreferrer noopener\">Para obtener m\u00e1s informaci\u00f3n sobre el proceso de autoevaluaci\u00f3n de carreras, haga clic aqu\u00ed.<\/a><\/p>\n\n\n<p>.<\/p>\n\n\n<p><\/p>\n","protected":false},"excerpt":{"rendered":"<p>\u2139\ufe0fPara obtener m\u00e1s informaci\u00f3n sobre el proceso de autoevaluaci\u00f3n de carreras, haga clic aqu\u00ed. .<\/p>\n","protected":false},"author":47,"featured_media":0,"parent":0,"menu_order":0,"comment_status":"closed","ping_status":"open","template":"","meta":{"footnotes":"","_links_to":"","_links_to_target":""},"class_list":["post-1649","page","type-page","status-publish","hentry"],"_links":{"self":[{"href":"https:\/\/departamentos.uleam.edu.ec\/gestion-aseguramiento-calidad\/wp-json\/wp\/v2\/pages\/1649","targetHints":{"allow":["GET"]}}],"collection":[{"href":"https:\/\/departamentos.uleam.edu.ec\/gestion-aseguramiento-calidad\/wp-json\/wp\/v2\/pages"}],"about":[{"href":"https:\/\/departamentos.uleam.edu.ec\/gestion-aseguramiento-calidad\/wp-json\/wp\/v2\/types\/page"}],"author":[{"embeddable":true,"href":"https:\/\/departamentos.uleam.edu.ec\/gestion-aseguramiento-calidad\/wp-json\/wp\/v2\/users\/47"}],"replies":[{"embeddable":true,"href":"https:\/\/departamentos.uleam.edu.ec\/gestion-aseguramiento-calidad\/wp-json\/wp\/v2\/comments?post=1649"}],"version-history":[{"count":139,"href":"https:\/\/departamentos.uleam.edu.ec\/gestion-aseguramiento-calidad\/wp-json\/wp\/v2\/pages\/1649\/revisions"}],"predecessor-version":[{"id":14437,"href":"https:\/\/departamentos.uleam.edu.ec\/gestion-aseguramiento-calidad\/wp-json\/wp\/v2\/pages\/1649\/revisions\/14437"}],"wp:attachment":[{"href":"https:\/\/departamentos.uleam.edu.ec\/gestion-aseguramiento-calidad\/wp-json\/wp\/v2\/media?parent=1649"}],"curies":[{"name":"wp","href":"https:\/\/api.w.org\/{rel}","templated":true}]}}