{"id":1662,"date":"2017-04-21T14:42:59","date_gmt":"2017-04-21T14:42:59","guid":{"rendered":"http:\/\/departamentos.uleam.edu.ec\/organizacionymetodos\/?page_id=1662"},"modified":"2026-01-22T15:29:02","modified_gmt":"2026-01-22T20:29:02","slug":"subsistema-de-investigacion","status":"publish","type":"page","link":"https:\/\/departamentos.uleam.edu.ec\/gestion-aseguramiento-calidad\/subsistema-de-investigacion\/","title":{"rendered":""},"content":{"rendered":"\n<figure class=\"wp-block-image size-large is-resized\"><img fetchpriority=\"high\" decoding=\"async\" width=\"1024\" height=\"329\" src=\"https:\/\/departamentos.uleam.edu.ec\/gestion-aseguramiento-calidad\/files\/2025\/11\/SUBSISTEMA-INVESTIGACION-1024x329.png\" alt=\"\" class=\"wp-image-14377\" style=\"width:497px;height:auto\" srcset=\"https:\/\/departamentos.uleam.edu.ec\/gestion-aseguramiento-calidad\/files\/2025\/11\/SUBSISTEMA-INVESTIGACION-1024x329.png 1024w, https:\/\/departamentos.uleam.edu.ec\/gestion-aseguramiento-calidad\/files\/2025\/11\/SUBSISTEMA-INVESTIGACION-300x96.png 300w, https:\/\/departamentos.uleam.edu.ec\/gestion-aseguramiento-calidad\/files\/2025\/11\/SUBSISTEMA-INVESTIGACION-768x247.png 768w, https:\/\/departamentos.uleam.edu.ec\/gestion-aseguramiento-calidad\/files\/2025\/11\/SUBSISTEMA-INVESTIGACION-1536x494.png 1536w, https:\/\/departamentos.uleam.edu.ec\/gestion-aseguramiento-calidad\/files\/2025\/11\/SUBSISTEMA-INVESTIGACION.png 1792w\" sizes=\"(max-width: 1024px) 100vw, 1024px\" \/><\/figure>\n\n\n\n<h1 class=\"wp-block-heading\"><strong>MACROPROCESOS:<\/strong><span style=\"color: #ffffff;font-size: revert\">AA<\/span><\/h1>\n\n\n\n<div class=\"wp-block-pb-accordion-item c-accordion__item js-accordion-item no-js\" data-initially-open=\"false\" data-click-to-close=\"true\" data-auto-close=\"true\" data-scroll=\"false\" data-scroll-offset=\"0\"><h2 id=\"at-16620\" class=\"c-accordion__title js-accordion-controller\" role=\"button\">\u2611\ufe0f GESTI\u00d3N DEL CONOCIMIENTO, INNOVACI\u00d3N Y TRANSFERENCIA TECNOL\u00d3GICA<\/h2><div id=\"ac-16620\" class=\"c-accordion__content\">\n<figure class=\"wp-block-table\"><table class=\"has-fixed-layout\"><tbody><tr><td rowspan=\"3\">\ud83d\udd35<strong>PRODUCCI\u00d3N Y GENERACI\u00d3N DE CONOCIMIENTO<\/strong><\/td><td><a href=\"https:\/\/departamentos.uleam.edu.ec\/gestion-aseguramiento-calidad\/2019\/10\/28\/recepcion-seleccion-y-calificacion-de-proyectos\/\" target=\"_blank\" rel=\"noreferrer noopener\">RECEPCI\u00d3N, SELECCI\u00d3N, Y CALIFICACI\u00d3N DE PROGRAMAS Y PROYECTOS DE INVESTIGACI\u00d3N.<\/a><\/td><\/tr><tr><td><a href=\"https:\/\/departamentos.uleam.edu.ec\/gestion-aseguramiento-calidad\/ejecucion-de-programas-y-proyectos-2\/\" target=\"_blank\" rel=\"noreferrer noopener\">EJECUCI\u00d3N DE PROGRAMAS Y PROYECTOS DE INVESTIGACI\u00d3N.<\/a><\/td><\/tr><tr><td><a href=\"https:\/\/departamentos.uleam.edu.ec\/gestion-aseguramiento-calidad\/evaluacion-y-seguimiento-de-proyectos-2\/\" target=\"_blank\" rel=\"noreferrer noopener\">SEGUIMIENTO, EVALUACI\u00d3N Y CIERRE DE PROGRAMAS Y PROYECTOS DE INVESTIGACI\u00d3N.<\/a><\/td><\/tr><tr><td>\ud83d\udfe2<strong>PUBLICACIONES<\/strong><\/td><td><a href=\"https:\/\/departamentos.uleam.edu.ec\/gestion-aseguramiento-calidad\/2021\/06\/21\/gestion-de-publicaciones-cientificas\/\" target=\"_blank\" rel=\"noreferrer noopener\">GESTI\u00d3N DE PUBLICACIONES CIENT\u00cdFICAS<\/a><\/td><\/tr><tr><td>\ud83d\udfe0<strong>L\u00cdNEAS DE INVESTIGACI\u00d3N<\/strong><\/td><td><a href=\"https:\/\/departamentos.uleam.edu.ec\/gestion-aseguramiento-calidad\/2024\/12\/02\/creacion-modificacion-y-actualizacion-de-las-dimensiones-estructurantes-de-las-lineas-institucionales-de-investigacion-articuladas-al-programadoctoral\/\">L\u00cdNEAS INSTITUCIONALES DE INVESTIGACI\u00d3N ARTICULADAS A PROGRAMAS DOCTORALES<\/a><\/td><\/tr><tr><td>\ud83d\udd34<strong>INNOVACI\u00d3N Y TRANSFERENCIA DE TECNOLOG\u00cdA<\/strong><\/td><td>&#8211;<\/td><\/tr><\/tbody><\/table><\/figure>\n<\/div><\/div>\n\n\n\n<div class=\"wp-block-pb-accordion-item c-accordion__item js-accordion-item no-js\" data-initially-open=\"false\" data-click-to-close=\"true\" data-auto-close=\"true\" data-scroll=\"false\" data-scroll-offset=\"0\"><h2 id=\"at-16621\" class=\"c-accordion__title js-accordion-controller\" role=\"button\">\u2705 REDES DEL CONOCIMIENTO, INVESTIGACI\u00d3N E INNOVACI\u00d3N<br><\/h2><div id=\"ac-16621\" class=\"c-accordion__content\">\n<figure class=\"wp-block-table\"><table class=\"has-fixed-layout\"><tbody><tr><td>\u26ab<strong>M\u00d3DULO DE INVESTIGACI\u00d3N<\/strong><\/td><td><a href=\"https:\/\/departamentos.uleam.edu.ec\/gestion-aseguramiento-calidad\/subsistema-de-vinculacion-con-la-sociedad\/\"><\/a><a href=\"https:\/\/departamentos.uleam.edu.ec\/gestion-aseguramiento-calidad\/2019\/12\/06\/guia-de-usuario-para-registro-de-informacion-y-consulta-en-el-modulo-de-investigacion-del-sistema-informatico-institucional\/\" target=\"_blank\" rel=\"noreferrer noopener\">M\u00d3DULO DE INVESTIGACI\u00d3N DEL SISTEMA INFORM\u00c1TICO INSTITUCIONAL<\/a><\/td><\/tr><tr><td>\ud83d\udfe3<strong>FORMACI\u00d3N DE REDES DE INVESTIGACI\u00d3N Y CONOCIMIENTO<\/strong><\/td><td>&#8211;<\/td><\/tr><\/tbody><\/table><\/figure>\n<\/div><\/div>\n\n\n\n<div class=\"wp-block-pb-accordion-item c-accordion__item js-accordion-item no-js\" data-initially-open=\"false\" data-click-to-close=\"true\" data-auto-close=\"true\" data-scroll=\"false\" data-scroll-offset=\"0\"><h2 id=\"at-16622\" class=\"c-accordion__title js-accordion-controller\" role=\"button\">\u2611\ufe0f GENERACI\u00d3N DEL CONOCIMIENTO Y SABERES<br><\/h2><div id=\"ac-16622\" class=\"c-accordion__content\">\n<figure class=\"wp-block-table\"><table class=\"has-fixed-layout\"><tbody><tr><td>&#8211;<\/td><td>&#8211;<\/td><\/tr><\/tbody><\/table><\/figure>\n<\/div><\/div>\n","protected":false},"excerpt":{"rendered":"<p>MACROPROCESOS:AA<\/p>\n","protected":false},"author":47,"featured_media":0,"parent":0,"menu_order":0,"comment_status":"closed","ping_status":"open","template":"","meta":{"footnotes":"","_links_to":"","_links_to_target":""},"class_list":["post-1662","page","type-page","status-publish","hentry"],"_links":{"self":[{"href":"https:\/\/departamentos.uleam.edu.ec\/gestion-aseguramiento-calidad\/wp-json\/wp\/v2\/pages\/1662","targetHints":{"allow":["GET"]}}],"collection":[{"href":"https:\/\/departamentos.uleam.edu.ec\/gestion-aseguramiento-calidad\/wp-json\/wp\/v2\/pages"}],"about":[{"href":"https:\/\/departamentos.uleam.edu.ec\/gestion-aseguramiento-calidad\/wp-json\/wp\/v2\/types\/page"}],"author":[{"embeddable":true,"href":"https:\/\/departamentos.uleam.edu.ec\/gestion-aseguramiento-calidad\/wp-json\/wp\/v2\/users\/47"}],"replies":[{"embeddable":true,"href":"https:\/\/departamentos.uleam.edu.ec\/gestion-aseguramiento-calidad\/wp-json\/wp\/v2\/comments?post=1662"}],"version-history":[{"count":145,"href":"https:\/\/departamentos.uleam.edu.ec\/gestion-aseguramiento-calidad\/wp-json\/wp\/v2\/pages\/1662\/revisions"}],"predecessor-version":[{"id":14586,"href":"https:\/\/departamentos.uleam.edu.ec\/gestion-aseguramiento-calidad\/wp-json\/wp\/v2\/pages\/1662\/revisions\/14586"}],"wp:attachment":[{"href":"https:\/\/departamentos.uleam.edu.ec\/gestion-aseguramiento-calidad\/wp-json\/wp\/v2\/media?parent=1662"}],"curies":[{"name":"wp","href":"https:\/\/api.w.org\/{rel}","templated":true}]}}