{"id":1690,"date":"2017-04-21T15:21:30","date_gmt":"2017-04-21T15:21:30","guid":{"rendered":"http:\/\/departamentos.uleam.edu.ec\/organizacionymetodos\/?page_id=1690"},"modified":"2026-04-21T11:12:10","modified_gmt":"2026-04-21T16:12:10","slug":"procesos-de-gestion-universitaria","status":"publish","type":"page","link":"https:\/\/departamentos.uleam.edu.ec\/gestion-aseguramiento-calidad\/procesos-de-gestion-universitaria\/","title":{"rendered":"GESTI\u00d3N DE PROCESOS"},"content":{"rendered":"\n<div class=\"wp-block-group\"><div class=\"wp-block-group__inner-container is-layout-constrained wp-block-group-is-layout-constrained\">\n<div class=\"wp-block-gutena-tabs gutena-tabs-block gutena-tabs-block-7fae24-31\"><ul class=\"gutena-tabs-tab tab-flex\"><li class=\"gutena-tab-title active\" data-tab=\"1\"><div class=\"gutena-tab-title-content icon-top\"><div class=\"gutena-tab-title-text\"><div>\ud83d\udfe2<a><strong>Misi\u00f3n<\/strong><\/a><\/div><\/div><\/div><\/li><li class=\"gutena-tab-title inactive\" data-tab=\"2\"><div class=\"gutena-tab-title-content icon-top\"><div class=\"gutena-tab-title-text\"><div>\ud83d\udfe0<a><strong>Objetivo<\/strong><\/a><\/div><\/div><\/div><\/li><li class=\"gutena-tab-title inactive\" data-tab=\"3\"><div class=\"gutena-tab-title-content icon-top\"><div class=\"gutena-tab-title-text\"><div>\ud83d\udd35<a><strong>Productos<\/strong><\/a><\/div><\/div><\/div><\/li><\/ul><div class=\"gutena-tabs-content is-layout-flow wp-block-gutena-tabs-is-layout-flow\">\n<div class=\"wp-block-gutena-tab gutena-tab-block gutena-tab-block-a44534-e3 active\" data-tab=\"1\">\n<p class=\"has-text-align-left\" style=\"margin-top:0;margin-bottom:0\"><strong>El \u00e1rea de gesti\u00f3n de procesos es la responsable de la elaboraci\u00f3n y\/o actualizaci\u00f3n de los procedimientos acad\u00e9micos y administrativos, as\u00ed como de la aprobaci\u00f3n de formatos institucionales para garantizar la operatividad de las funciones sustantivas y adjetivas de la universidad.<\/strong><\/p>\n<\/div>\n\n\n\n<div class=\"wp-block-gutena-tab gutena-tab-block gutena-tab-block-96acc6-de inactive\" data-tab=\"2\">\n<p style=\"margin-top:0;margin-bottom:0\"><strong>Liderar el mejoramiento continuo de los procedimientos institucionales, con proyecci\u00f3n hacia certificaciones y acreditaciones nacionales e internacionales, mediante el desarrollo de procesos orientados a la optimizaci\u00f3n y simplificaci\u00f3n, garantizando eficiencia, transparencia y excelencia en el cumplimiento de la misi\u00f3n universitaria.<\/strong><\/p>\n<\/div>\n\n\n\n<div class=\"wp-block-gutena-tab gutena-tab-block gutena-tab-block-2528a3-d7 inactive\" data-tab=\"3\">\n<ol class=\"wp-block-list\">\n<li><a href=\"https:\/\/departamentos.uleam.edu.ec\/gestion-aseguramiento-calidad\/files\/2026\/01\/Plan_anual_de_trabajo__Gestion_de_Procesos_DGAC_2026_signed-signed.pdf\" target=\"_blank\" rel=\"noreferrer noopener\"><strong>Plan anual de trabajo Gesti\u00f3n de Procesos 2026.<\/strong><\/a><\/li>\n\n\n\n<li><strong>Informes sobre revisi\u00f3n y control de calidad de normativas institucionales cuya revisi\u00f3n sea solicitada por las unidades org\u00e1nicas.<\/strong><\/li>\n\n\n\n<li><strong>Dise\u00f1o, revisi\u00f3n o actualizaci\u00f3n de diagramas de flujo de procedimientos.<\/strong><\/li>\n\n\n\n<li><strong>Implementaci\u00f3n de las recomendaciones derivadas de los informes de auditor\u00eda y de los ex\u00e1menes especiales en los procedimientos institucionales.<\/strong><\/li>\n\n\n\n<li><strong>Informes o actas de socializaci\u00f3n de procedimientos.<\/strong><\/li>\n\n\n\n<li><strong>Actas de verificaci\u00f3n de implementaci\u00f3n de procedimientos.<\/strong><\/li>\n\n\n\n<li><strong>Actas t\u00e9cnicas de reuni\u00f3n, visitas in-situ orientadas al gesti\u00f3n del \u00e1rea de procesos.<\/strong><\/li>\n\n\n\n<li><strong>Revisi\u00f3n y codificaci\u00f3n de manuales de procedimientos, instructivos o gu\u00edas de trabajo y formatos institucionales.<\/strong><\/li>\n\n\n\n<li><strong>Actualizaci\u00f3n de reglamentos, normas y\/o procedimientos del \u00e1rea de Gesti\u00f3n de Procesos.<\/strong><\/li>\n\n\n\n<li><strong>Elaboraci\u00f3n y actualizaci\u00f3n de manuales de procedimientos, instructivos o gu\u00edas de trabajo y formatos institucionales.<\/strong><\/li>\n\n\n\n<li><strong>Revisi\u00f3n de estructuras funcionales, organizaci\u00f3n y sistemas administrativos.<\/strong><\/li>\n\n\n\n<li><strong>Informe anual de actividades.<\/strong><\/li>\n<\/ol>\n<\/div>\n<\/div><\/div>\n<\/div><\/div>\n\n\n\n<h2 class=\"wp-block-heading has-text-align-center\">\u2713<strong>SUBSISTEMAS DE GESTI\u00d3N UNIVERSITARIA<\/strong><\/h2>\n\n\n\n<div class=\"wp-block-columns is-layout-flex wp-container-core-columns-is-layout-9d6595d7 wp-block-columns-is-layout-flex\">\n<div class=\"wp-block-column is-layout-flow wp-block-column-is-layout-flow\">\n<figure class=\"wp-block-image size-large is-resized\"><a href=\"https:\/\/departamentos.uleam.edu.ec\/gestion-aseguramiento-calidad\/subsistema-de-formacion-academica-2\/\"><img decoding=\"async\" src=\"https:\/\/departamentos.uleam.edu.ec\/gestion-aseguramiento-calidad\/files\/2019\/07\/FA_021.png\" alt=\"\" style=\"width:321px;height:auto\" \/><\/a><\/figure>\n<\/div>\n\n\n\n<div class=\"wp-block-column is-layout-flow wp-block-column-is-layout-flow\">\n<figure class=\"wp-block-image size-large is-resized\"><a href=\"https:\/\/departamentos.uleam.edu.ec\/gestion-aseguramiento-calidad\/subsistema-de-investigacion\/\"><img decoding=\"async\" src=\"https:\/\/departamentos.uleam.edu.ec\/gestion-aseguramiento-calidad\/files\/2019\/07\/Inv_02.png\" alt=\"\" style=\"width:326px;height:auto\" \/><\/a><\/figure>\n<\/div>\n<\/div>\n\n\n\n<div class=\"wp-block-columns is-layout-flex wp-container-core-columns-is-layout-9d6595d7 wp-block-columns-is-layout-flex\">\n<div class=\"wp-block-column is-layout-flow wp-block-column-is-layout-flow\">\n<figure class=\"wp-block-image size-large is-resized\"><a href=\"https:\/\/departamentos.uleam.edu.ec\/gestion-aseguramiento-calidad\/subsistema-de-vinculacion-con-la-sociedad\/\"><img decoding=\"async\" src=\"https:\/\/departamentos.uleam.edu.ec\/gestion-aseguramiento-calidad\/files\/2019\/07\/Vc_021.png\" alt=\"\" style=\"width:343px;height:auto\" \/><\/a><\/figure>\n<\/div>\n\n\n\n<div class=\"wp-block-column is-layout-flow wp-block-column-is-layout-flow\">\n<figure class=\"wp-block-image size-large is-resized\"><a href=\"https:\/\/departamentos.uleam.edu.ec\/gestion-aseguramiento-calidad\/subsistema-administrativo-y-financiero\/\"><img decoding=\"async\" src=\"https:\/\/departamentos.uleam.edu.ec\/gestion-aseguramiento-calidad\/files\/2023\/03\/AF_02.png\" alt=\"\" style=\"width:320px;height:auto\" \/><\/a><\/figure>\n<\/div>\n<\/div>\n\n\n\n<p class=\"has-text-align-center\">\ud83d\udccc <strong>Nota importante:<\/strong> Consulte los <strong>Manuales<\/strong> <strong>de procedimientos<\/strong>, <strong>Gu\u00edas<\/strong>, <strong>Instructivos <\/strong>y <strong>Formatos vigentes<\/strong> en los siguientes <strong>Cat\u00e1logos:<\/strong>\ud83d\udfe2<a href=\"https:\/\/departamentos.uleam.edu.ec\/gestion-aseguramiento-calidad\/files\/2026\/04\/Catalogo-de-Procedimientos-Institucionales-21-04-2026.pdf\">Cat\u00e1logo de Procedimientos Institucionales.<\/a> \ud83d\udfe0<a href=\"https:\/\/departamentos.uleam.edu.ec\/gestion-aseguramiento-calidad\/files\/2026\/04\/Catalogo-de-Formatos-Institucionales-21-04-2026.pdf\">Cat\u00e1logo de Formatos Institucionales.<\/a><\/p>\n\n\n\n<p><\/p>\n","protected":false},"excerpt":{"rendered":"<p>\u2713SUBSISTEMAS DE GESTI\u00d3N UNIVERSITARIA \ud83d\udccc Nota importante: Consulte los Manuales de procedimientos, Gu\u00edas, Instructivos y Formatos vigentes en los siguientes Cat\u00e1logos:\ud83d\udfe2Cat\u00e1logo de Procedimientos Institucionales. \ud83d\udfe0Cat\u00e1logo de Formatos Institucionales.<\/p>\n","protected":false},"author":47,"featured_media":0,"parent":0,"menu_order":0,"comment_status":"closed","ping_status":"open","template":"","meta":{"footnotes":"","_links_to":"","_links_to_target":""},"class_list":["post-1690","page","type-page","status-publish","hentry"],"_links":{"self":[{"href":"https:\/\/departamentos.uleam.edu.ec\/gestion-aseguramiento-calidad\/wp-json\/wp\/v2\/pages\/1690","targetHints":{"allow":["GET"]}}],"collection":[{"href":"https:\/\/departamentos.uleam.edu.ec\/gestion-aseguramiento-calidad\/wp-json\/wp\/v2\/pages"}],"about":[{"href":"https:\/\/departamentos.uleam.edu.ec\/gestion-aseguramiento-calidad\/wp-json\/wp\/v2\/types\/page"}],"author":[{"embeddable":true,"href":"https:\/\/departamentos.uleam.edu.ec\/gestion-aseguramiento-calidad\/wp-json\/wp\/v2\/users\/47"}],"replies":[{"embeddable":true,"href":"https:\/\/departamentos.uleam.edu.ec\/gestion-aseguramiento-calidad\/wp-json\/wp\/v2\/comments?post=1690"}],"version-history":[{"count":174,"href":"https:\/\/departamentos.uleam.edu.ec\/gestion-aseguramiento-calidad\/wp-json\/wp\/v2\/pages\/1690\/revisions"}],"predecessor-version":[{"id":14992,"href":"https:\/\/departamentos.uleam.edu.ec\/gestion-aseguramiento-calidad\/wp-json\/wp\/v2\/pages\/1690\/revisions\/14992"}],"wp:attachment":[{"href":"https:\/\/departamentos.uleam.edu.ec\/gestion-aseguramiento-calidad\/wp-json\/wp\/v2\/media?parent=1690"}],"curies":[{"name":"wp","href":"https:\/\/api.w.org\/{rel}","templated":true}]}}