{"id":1747,"date":"2017-04-24T22:11:38","date_gmt":"2017-04-24T22:11:38","guid":{"rendered":"http:\/\/departamentos.uleam.edu.ec\/organizacionymetodos\/?page_id=1747"},"modified":"2024-10-01T11:55:58","modified_gmt":"2024-10-01T16:55:58","slug":"planificacion-de-proyectos-de-vinculacion-con-la-sociedad","status":"publish","type":"page","link":"https:\/\/departamentos.uleam.edu.ec\/gestion-aseguramiento-calidad\/planificacion-de-proyectos-de-vinculacion-con-la-sociedad\/","title":{"rendered":"PLANIFICACI\u00d3N DE PROGRAMAS PROYECTOS DE VINCULACI\u00d3N CON LA SOCIEDAD"},"content":{"rendered":"\n<div class=\"wp-block-gutena-tabs gutena-tabs-block gutena-tabs-block-f301f1-e9\"><ul class=\"gutena-tabs-tab tab-flex\"><li class=\"gutena-tab-title active\" data-tab=\"1\"><div class=\"gutena-tab-title-content icon-top\"><div class=\"gutena-tab-title-text\"><div>Manual \u2705<\/div><\/div><\/div><\/li><li class=\"gutena-tab-title inactive\" data-tab=\"2\"><div class=\"gutena-tab-title-content icon-top\"><div class=\"gutena-tab-title-text\"><div>Flujo \u2705<\/div><\/div><\/div><\/li><li class=\"gutena-tab-title inactive\" data-tab=\"3\"><div class=\"gutena-tab-title-content icon-top\"><div class=\"gutena-tab-title-text\"><div>Formatos \u2705<\/div><\/div><\/div><\/li><li class=\"gutena-tab-title inactive\" data-tab=\"4\"><div class=\"gutena-tab-title-content icon-top\"><div class=\"gutena-tab-title-text\"><div>Versiones no vigentes \u26a0\ufe0f<\/div><\/div><\/div><\/li><\/ul><div class=\"gutena-tabs-content is-layout-flow wp-block-gutena-tabs-is-layout-flow\">\n<div class=\"wp-block-gutena-tab gutena-tab-block gutena-tab-block-481e61-22 active\" data-tab=\"1\">\n<p style=\"margin-top:0;margin-bottom:0\">\u25c9 <a href=\"https:\/\/departamentos.uleam.edu.ec\/gestion-aseguramiento-calidad\/files\/2024\/10\/PVV-01-Manual-Planificacion-y-aprobacion-Programas-y-Proyectos-de-Vinculacion-con-la-sociedad-V1.pdf\">PVV-01 Manual de procedimientos Planificaci\u00f3n y aprobaci\u00f3n de Programas y proyectos de Vinculaci\u00f3n con la sociedad V3<\/a><\/p>\n<\/div>\n\n\n\n<div class=\"wp-block-gutena-tab gutena-tab-block gutena-tab-block-8dcd95-79 inactive\" data-tab=\"2\">\n<p style=\"margin-top:0;margin-bottom:0\">\u25c9 <a href=\"https:\/\/departamentos.uleam.edu.ec\/gestion-aseguramiento-calidad\/files\/2024\/10\/Diagrama-de-flujo-PVV-01-Planificacion-y-aprobacion-de-Programas-y-proyectos-de-Vinculacion-V3.pdf\">Diagrama de flujo PVV-01 Planificaci\u00f3n y aprobaci\u00f3n de Programas y proyectos de Vinculaci\u00f3n con la sociedad V3<\/a><\/p>\n<\/div>\n\n\n\n<div class=\"wp-block-gutena-tab gutena-tab-block gutena-tab-block-8b975a-6a inactive\" data-tab=\"3\">\n<p>\u25c9 <a href=\"https:\/\/departamentos.uleam.edu.ec\/gestion-aseguramiento-calidad\/files\/2024\/08\/PVV-01-F-001-FORMATO-DE-PROYECTO-DE-VINCULACION-CON-LA-SOCIEDAD-V4.docx\">PVV-01-F-001 Formato de proyecto de vinculaci\u00f3n con la sociedad V4<\/a><\/p>\n\n\n\n<p>\u25c9 <a href=\"https:\/\/departamentos.uleam.edu.ec\/gestion-aseguramiento-calidad\/files\/2024\/08\/PVV-01-F-002-FICHA-DE-EVALUACION-EXANTE-DEL-PROYECTO-DE-VINCULACION-CON-LA-SOCIEDAD-V3.xlsx\">PVV-01-F-002 Ficha de evaluaci\u00f3n ex ante del proyecto de vinculaci\u00f3n con la sociedad V3<\/a><\/p>\n\n\n\n<p>\u25c9 <a href=\"https:\/\/departamentos.uleam.edu.ec\/gestion-aseguramiento-calidad\/files\/2024\/08\/PVV-01-F-003-FORMATO-DE-APROBACION-INICIAL-DE-LA-FORMULACION-Y-PLANIFICACION-DE-PROYECTOS-V1.docx\">PVV-01-F-003 Formato de Aprobaci\u00f3n inicial de la formulaci\u00f3n y planificaci\u00f3n de proyectos V1<\/a><\/p>\n\n\n\n<p>\u25c9 <a href=\"https:\/\/departamentos.uleam.edu.ec\/gestion-aseguramiento-calidad\/files\/2024\/08\/PVV-01-F-004-ACTA-DE-DESIGNACION-DE-RESPONSABILIDAD-V1.docx\">PVV-01-F-004-Acta de designaci\u00f3n de responsabilidad V1<\/a><\/p>\n\n\n\n<p>\u25c9 <a href=\"https:\/\/departamentos.uleam.edu.ec\/gestion-aseguramiento-calidad\/files\/2024\/08\/PVV-01-F-005-INFORME-DE-SOCIALIZACION-DEL-PROYECTO-DE-VINCULACION-CON-LA-SOCIEDAD-Y-LAS-REGLAMENTACIONES-INTERNAS-VIGENTES-V1.docx\">PVV-01-F-005 Informe de Socializaci\u00f3n del proyecto de Vinculaci\u00f3n con la sociedad y de las reglamentaciones vigente V1<\/a><\/p>\n\n\n\n<p>\u25c9 <a href=\"https:\/\/departamentos.uleam.edu.ec\/gestion-aseguramiento-calidad\/files\/2024\/08\/PVV-01-F-006-INFORME-DE-COORDINACION-DE-ACTIVIDADES-DE-PROYECTO-DE-VINCULACION-CON-LA-SOCIEDAD-V1.docx\">PVV-01-F-006 Informe de coordinaci\u00f3n de actividades de proyectos de vinculaci\u00f3n con la sociedad V1<\/a><\/p>\n<\/div>\n\n\n\n<div class=\"wp-block-gutena-tab gutena-tab-block gutena-tab-block-cfab83-92 inactive\" data-tab=\"4\">\n<p>\u26a0\ufe0fManual no vigente:<\/p>\n\n\n\n<p><a href=\"https:\/\/departamentos.uleam.edu.ec\/gestion-aseguramiento-calidad\/files\/2019\/08\/PVV-01-PLANIFICACION-DE-PROYECTOS-DE-VINCULACION.pdf\">PVV-01 Planificaci\u00f3n de proyectos de vinculaci\u00f3n V.1<\/a><\/p>\n\n\n\n<p><a href=\"https:\/\/departamentos.uleam.edu.ec\/gestion-aseguramiento-calidad\/files\/2020\/10\/PVV-01-C_.pdf\">PVV-01 Planificaci\u00f3n de proyectos de intervenci\u00f3n social V.2<\/a><\/p>\n\n\n\n<p>\u26a0\ufe0f Diagrama de flujo:<\/p>\n\n\n\n<p><a href=\"https:\/\/departamentos.uleam.edu.ec\/gestion-aseguramiento-calidad\/files\/2019\/08\/FLUJO-PLANIFICACION-DE-PROYECTO-DE-VINCULACION.pdf\">Diagrama de Flujo &#8211; Planificaci\u00f3n de proyectos de vinculaci\u00f3n<\/a><\/p>\n\n\n\n<p>\u26a0\ufe0fFormatos no vigentes:<\/p>\n\n\n\n<ul class=\"wp-block-list\">\n<li><a href=\"https:\/\/departamentos.uleam.edu.ec\/gestion-aseguramiento-calidad\/files\/2020\/05\/PVV-01-F-001.docx\">PVV-01-F-001 Formato de proyecto de vinculaci\u00f3n con la sociedad V.1<\/a><\/li>\n\n\n\n<li><a href=\"https:\/\/departamentos.uleam.edu.ec\/gestion-aseguramiento-calidad\/files\/2022\/02\/PVV-01-F-001-Formato-de-Proyecto-.docx\">PVV-01-F-001 Formato de proyecto de vinculaci\u00f3n con la sociedad V.2<\/a><\/li>\n\n\n\n<li><a href=\"https:\/\/departamentos.uleam.edu.ec\/gestion-aseguramiento-calidad\/files\/2022\/02\/PVV-01-F-001-Formato-de-Proyecto-.docx\">PVV-01-F-001 Formato de proyecto de vinculaci\u00f3n con la sociedad V.3<\/a><\/li>\n\n\n\n<li><a href=\"https:\/\/departamentos.uleam.edu.ec\/gestion-aseguramiento-calidad\/files\/2020\/10\/PVV-01-F-002-FICHA-EVALUACI\u00d3N-EX-ANTES.xlsx\">PVV-01-F-002 Ficha de evaluaci\u00f3n Ex antes V.1<\/a><\/li>\n\n\n\n<li><a href=\"https:\/\/departamentos.uleam.edu.ec\/gestion-aseguramiento-calidad\/files\/2022\/02\/PVV-01-F-002-Ficha-de-evaluacion-ex-antes-del-Proyecto.xlsx\">PVV-01-F-002 Ficha de evaluaci\u00f3n Ex antes V.2<\/a><\/li>\n\n\n\n<li><a href=\"https:\/\/departamentos.uleam.edu.ec\/gestion-aseguramiento-calidad\/files\/2020\/05\/PVV-01-F-002.xlsx\">PVV-01-F-002 Matriz de evaluaci\u00f3n V.1<\/a><\/li>\n\n\n\n<li><a href=\"https:\/\/departamentos.uleam.edu.ec\/gestion-aseguramiento-calidad\/files\/2020\/05\/PVV-01-F-003.xlsx\">PVV-01-F-003 Matriz de indicadores V.1<\/a><\/li>\n\n\n\n<li><a href=\"https:\/\/departamentos.uleam.edu.ec\/gestion-aseguramiento-calidad\/files\/2020\/10\/PVV-01-F-003-INFORME-DE-APROBACI\u00d3N-DE-EVALUACI\u00d3N-EX-ANTES.docx\">PVV-01-F-003 Informe de aprobaci\u00f3n de evaluaci\u00f3n Ex antes V.1<\/a><\/li>\n\n\n\n<li><a href=\"https:\/\/departamentos.uleam.edu.ec\/gestion-aseguramiento-calidad\/files\/2020\/05\/PVV-01-F-004.xlsx\">PVV-01-F-004 Matriz de planificaci\u00f3n V.1<\/a><\/li>\n\n\n\n<li><a href=\"https:\/\/departamentos.uleam.edu.ec\/gestion-aseguramiento-calidad\/files\/2020\/05\/PVV-01-F-005.xlsx\">PVV-01-F-005 Matriz de medios de verificaci\u00f3n V.1<\/a><\/li>\n\n\n\n<li><a href=\"https:\/\/departamentos.uleam.edu.ec\/gestion-aseguramiento-calidad\/files\/2020\/05\/PVV-01-F-006.docx\">PVV-01-F-006 Informe de planificaci\u00f3n de proyectos V.1<\/a><\/li>\n\n\n\n<li><a href=\"https:\/\/departamentos.uleam.edu.ec\/gestion-aseguramiento-calidad\/files\/2019\/08\/PVV-011.doc\">PVV-01-F-001 Formato de proyecto de vinculaci\u00f3n con la sociedad V.2<\/a><\/li>\n\n\n\n<li><a href=\"https:\/\/departamentos.uleam.edu.ec\/gestion-aseguramiento-calidad\/files\/2019\/08\/PVV-01-F-002-MATRIZ-EVALUACION.xlsx\">PVV-01-F-002 Matriz de evaluaci\u00f3n V.2&nbsp;<\/a><\/li>\n\n\n\n<li><a href=\"https:\/\/departamentos.uleam.edu.ec\/gestion-aseguramiento-calidad\/files\/2019\/08\/PVV-01-F-003-MATRIZ-DE-INDICADORES.xlsx\">PVV-01-F-003 Matriz de indicadores V.2<\/a><\/li>\n\n\n\n<li><a href=\"https:\/\/departamentos.uleam.edu.ec\/gestion-aseguramiento-calidad\/files\/2020\/10\/PVV-01-F-004-ACTA-DE-DESIGNACI\u00d3N-DE-RESPONSABILIDAD.doc\">PVV-01-F-004 Acta de designaci\u00f3n de responsabilidad V.1<\/a><\/li>\n\n\n\n<li><a href=\"https:\/\/departamentos.uleam.edu.ec\/gestion-aseguramiento-calidad\/files\/2019\/08\/PVV-01-F-004-MATRIZ-DE-PLANIFICACION.xlsx\">PVV-01-F-004 Matriz de planificaci\u00f3n V.2<\/a><\/li>\n\n\n\n<li><a href=\"https:\/\/departamentos.uleam.edu.ec\/gestion-aseguramiento-calidad\/files\/2020\/10\/PVV-01-F-005-INFORME-DE-EMPODERAMIENTO-VINCULACION.docx\">PVV-01-F-005 Informe de empoderamiento de reglamento y proyecto de vinculaci\u00f3n V.1<\/a><\/li>\n\n\n\n<li><a href=\"https:\/\/departamentos.uleam.edu.ec\/gestion-aseguramiento-calidad\/files\/2019\/08\/PVV-01-F-005-MATRIZ-DE-MEDIOS-DE-VERIFICACION.xlsx\">PVV-01-F-005 Matriz de medios de verificaci\u00f3n V.2<\/a><\/li>\n\n\n\n<li><a href=\"https:\/\/departamentos.uleam.edu.ec\/gestion-aseguramiento-calidad\/planificacion-de-proyectos-de-vinculacion-con-la-sociedad\/\">PVV-01-F-006 Informe de coordinaci\u00f3n de actividades de proyecto de vinculaci\u00f3n con la sociedad V2<\/a><\/li>\n\n\n\n<li><a href=\"https:\/\/departamentos.uleam.edu.ec\/gestion-aseguramiento-calidad\/files\/2019\/08\/PVV-012.doc\">PVV-01-F-006 Informe de planificaci\u00f3n de proyectos V.2<\/a><\/li>\n\n\n\n<li><\/li>\n<\/ul>\n<\/div>\n<\/div><\/div>\n\n\n<\/p>","protected":false},"excerpt":{"rendered":"","protected":false},"author":47,"featured_media":0,"parent":0,"menu_order":0,"comment_status":"closed","ping_status":"open","template":"","meta":{"footnotes":"","_links_to":"","_links_to_target":""},"class_list":["post-1747","page","type-page","status-publish","hentry"],"_links":{"self":[{"href":"https:\/\/departamentos.uleam.edu.ec\/gestion-aseguramiento-calidad\/wp-json\/wp\/v2\/pages\/1747","targetHints":{"allow":["GET"]}}],"collection":[{"href":"https:\/\/departamentos.uleam.edu.ec\/gestion-aseguramiento-calidad\/wp-json\/wp\/v2\/pages"}],"about":[{"href":"https:\/\/departamentos.uleam.edu.ec\/gestion-aseguramiento-calidad\/wp-json\/wp\/v2\/types\/page"}],"author":[{"embeddable":true,"href":"https:\/\/departamentos.uleam.edu.ec\/gestion-aseguramiento-calidad\/wp-json\/wp\/v2\/users\/47"}],"replies":[{"embeddable":true,"href":"https:\/\/departamentos.uleam.edu.ec\/gestion-aseguramiento-calidad\/wp-json\/wp\/v2\/comments?post=1747"}],"version-history":[{"count":37,"href":"https:\/\/departamentos.uleam.edu.ec\/gestion-aseguramiento-calidad\/wp-json\/wp\/v2\/pages\/1747\/revisions"}],"predecessor-version":[{"id":12736,"href":"https:\/\/departamentos.uleam.edu.ec\/gestion-aseguramiento-calidad\/wp-json\/wp\/v2\/pages\/1747\/revisions\/12736"}],"wp:attachment":[{"href":"https:\/\/departamentos.uleam.edu.ec\/gestion-aseguramiento-calidad\/wp-json\/wp\/v2\/media?parent=1747"}],"curies":[{"name":"wp","href":"https:\/\/api.w.org\/{rel}","templated":true}]}}