{"id":1780,"date":"2017-04-25T14:19:33","date_gmt":"2017-04-25T14:19:33","guid":{"rendered":"http:\/\/departamentos.uleam.edu.ec\/organizacionymetodos\/?page_id=1780"},"modified":"2025-09-19T12:37:19","modified_gmt":"2025-09-19T17:37:19","slug":"licencia-y-comision-de-servicio-para-capacitacion-y-perfeccionamiento-academico","status":"publish","type":"page","link":"https:\/\/departamentos.uleam.edu.ec\/gestion-aseguramiento-calidad\/licencia-y-comision-de-servicio-para-capacitacion-y-perfeccionamiento-academico\/","title":{"rendered":"LICENCIA PARA FORMACI\u00d3N Y CAPACITACI\u00d3N PERSONAL ACAD\u00c9MICO TITULAR"},"content":{"rendered":"\n<div class=\"wp-block-group\"><div class=\"wp-block-group__inner-container is-layout-constrained wp-block-group-is-layout-constrained\">\n<div class=\"wp-block-gutena-tabs gutena-tabs-block gutena-tabs-block-c577ce-12\"><ul class=\"gutena-tabs-tab tab-flex\"><li class=\"gutena-tab-title active\" data-tab=\"1\"><div class=\"gutena-tab-title-content icon-top\"><div class=\"gutena-tab-title-text\"><div>\u2705Manual<\/div><\/div><\/div><\/li><li class=\"gutena-tab-title inactive\" data-tab=\"2\"><div class=\"gutena-tab-title-content icon-top\"><div class=\"gutena-tab-title-text\"><div>\u2705Diagrama de Flujo<\/div><\/div><\/div><\/li><li class=\"gutena-tab-title inactive\" data-tab=\"3\"><div class=\"gutena-tab-title-content icon-top\"><div class=\"gutena-tab-title-text\"><div>\u2705Formatos<\/div><\/div><\/div><\/li><li class=\"gutena-tab-title inactive\" data-tab=\"4\"><div class=\"gutena-tab-title-content icon-top\"><div class=\"gutena-tab-title-text\"><div>\u26d4 Versiones Anteriores<\/div><\/div><\/div><\/li><\/ul><div class=\"gutena-tabs-content is-layout-flow wp-block-gutena-tabs-is-layout-flow\">\n<div class=\"wp-block-gutena-tab gutena-tab-block gutena-tab-block-7506e1-ca active\" data-tab=\"1\">\n<p style=\"margin-top:0;margin-bottom:0\">\u21e8<a href=\"https:\/\/departamentos.uleam.edu.ec\/gestion-aseguramiento-calidad\/files\/2025\/09\/Manual-PHM-4-Otorgamiento-de-Licencias-para-formacion-y-capacitacion-personal-academico-titular-V3.pdf\">Manual PHM-4 Otorgamiento de Licencias para formaci\u00f3n y capacitaci\u00f3n personal acad\u00e9mico titular V3<\/a><\/p>\n<\/div>\n\n\n\n<div class=\"wp-block-gutena-tab gutena-tab-block gutena-tab-block-e79422-a1 inactive\" data-tab=\"2\">\n<p style=\"margin-top:0;margin-bottom:0\">\u21e8<a href=\"https:\/\/departamentos.uleam.edu.ec\/gestion-aseguramiento-calidad\/files\/2025\/09\/Diagrama-PHM-4-Otorgamiento-de-Licencia-perfeccionamiento-Docente-titular-V3.pdf\">Diagrama PHM-4 Otorgamiento de Licencia para formaci\u00f3n y capacitaci\u00f3n personal acad\u00e9mico titular V3<\/a><\/p>\n<\/div>\n\n\n\n<div class=\"wp-block-gutena-tab gutena-tab-block gutena-tab-block-2ede61-0e inactive\" data-tab=\"3\">\n<p style=\"margin-top:0;margin-bottom:0\">\u21e8<a href=\"https:\/\/departamentos.uleam.edu.ec\/gestion-aseguramiento-calidad\/files\/2022\/07\/PHM-04-F-001-Solicitud-Licencia-para-Capacitacion-o-Perfeccionamiento-Docente-V3.docx\">PHM-04-F-001 Solicitud Licencia para Capacitaci\u00f3n o Perfeccionamiento Docente V3<\/a><\/p>\n<\/div>\n\n\n\n<div class=\"wp-block-gutena-tab gutena-tab-block gutena-tab-block-475b7d-9f inactive\" data-tab=\"4\">\n<p>\u26d4Manuales no vigentes:<\/p>\n\n\n\n<p>\u21e8<a href=\"https:\/\/departamentos.uleam.edu.ec\/gestion-aseguramiento-calidad\/files\/2020\/06\/PHM-04-Licencia.pdf\">PHM-04 Licencia y comisi\u00f3n de servicio para capacitaci\u00f3n y perfeccionamiento acad\u00e9mico<\/a><\/p>\n\n\n\n<p>\u21e8<a href=\"https:\/\/departamentos.uleam.edu.ec\/gestion-aseguramiento-calidad\/files\/2021\/06\/PHM-04-C.pdf\">PHM-04 Otorgamiento de licencia y comisi\u00f3n de servicios para capacitaci\u00f3n y perfeccionamiento docente V.2<\/a><\/p>\n\n\n\n<p>\u26d4Flujogramas no vigentes:<\/p>\n\n\n\n<p>\u21e8<a href=\"https:\/\/departamentos.uleam.edu.ec\/gestion-aseguramiento-calidad\/files\/2020\/06\/FLUJOL1.pdf\">Licencia y comisi\u00f3n de servicios para capacitaci\u00f3n y perfeccionamiento acad\u00e9mico<\/a><\/p>\n\n\n\n<p>\u21e8<a href=\"https:\/\/departamentos.uleam.edu.ec\/gestion-aseguramiento-calidad\/files\/2022\/07\/Otorgamiento-de-Licencia-para-Capacitacion-y-Perfeccionamiento-DocenteV2.pdf\">Otorgamiento de Licencia para Capacitaci\u00f3n y Perfeccionamiento DocenteV2<\/a><\/p>\n<\/div>\n<\/div><\/div>\n<\/div><\/div>\n\n\n","protected":false},"excerpt":{"rendered":"","protected":false},"author":47,"featured_media":0,"parent":0,"menu_order":0,"comment_status":"closed","ping_status":"open","template":"","meta":{"footnotes":"","_links_to":"","_links_to_target":""},"class_list":["post-1780","page","type-page","status-publish","hentry"],"_links":{"self":[{"href":"https:\/\/departamentos.uleam.edu.ec\/gestion-aseguramiento-calidad\/wp-json\/wp\/v2\/pages\/1780","targetHints":{"allow":["GET"]}}],"collection":[{"href":"https:\/\/departamentos.uleam.edu.ec\/gestion-aseguramiento-calidad\/wp-json\/wp\/v2\/pages"}],"about":[{"href":"https:\/\/departamentos.uleam.edu.ec\/gestion-aseguramiento-calidad\/wp-json\/wp\/v2\/types\/page"}],"author":[{"embeddable":true,"href":"https:\/\/departamentos.uleam.edu.ec\/gestion-aseguramiento-calidad\/wp-json\/wp\/v2\/users\/47"}],"replies":[{"embeddable":true,"href":"https:\/\/departamentos.uleam.edu.ec\/gestion-aseguramiento-calidad\/wp-json\/wp\/v2\/comments?post=1780"}],"version-history":[{"count":29,"href":"https:\/\/departamentos.uleam.edu.ec\/gestion-aseguramiento-calidad\/wp-json\/wp\/v2\/pages\/1780\/revisions"}],"predecessor-version":[{"id":14124,"href":"https:\/\/departamentos.uleam.edu.ec\/gestion-aseguramiento-calidad\/wp-json\/wp\/v2\/pages\/1780\/revisions\/14124"}],"wp:attachment":[{"href":"https:\/\/departamentos.uleam.edu.ec\/gestion-aseguramiento-calidad\/wp-json\/wp\/v2\/media?parent=1780"}],"curies":[{"name":"wp","href":"https:\/\/api.w.org\/{rel}","templated":true}]}}