{"id":1792,"date":"2017-04-25T14:29:50","date_gmt":"2017-04-25T14:29:50","guid":{"rendered":"http:\/\/departamentos.uleam.edu.ec\/organizacionymetodos\/?page_id=1792"},"modified":"2023-12-04T10:34:06","modified_gmt":"2023-12-04T15:34:06","slug":"programacion-formulacion-consolidacion-y-aprobacion-del-presupuesto","status":"publish","type":"page","link":"https:\/\/departamentos.uleam.edu.ec\/gestion-aseguramiento-calidad\/programacion-formulacion-consolidacion-y-aprobacion-del-presupuesto\/","title":{"rendered":"PROGRAMACI\u00d3N, FORMULACI\u00d3N, CONSOLIDACI\u00d3N Y APROBACI\u00d3N DEL PRESUPUESTO"},"content":{"rendered":"\n<div class=\"wp-block-group\"><div class=\"wp-block-group__inner-container is-layout-constrained wp-block-group-is-layout-constrained\">\n<div class=\"wp-block-group\"><div class=\"wp-block-group__inner-container is-layout-constrained wp-block-group-is-layout-constrained\">\n<div class=\"wp-block-gutena-tabs gutena-tabs-block gutena-tabs-block-a2ad42-81\"><ul class=\"gutena-tabs-tab tab-flex\"><li class=\"gutena-tab-title active\" data-tab=\"1\"><div class=\"gutena-tab-title-content icon-top\"><div class=\"gutena-tab-title-text\"><div>Manual<\/div><\/div><\/div><\/li><li class=\"gutena-tab-title inactive\" data-tab=\"2\"><div class=\"gutena-tab-title-content icon-top\"><div class=\"gutena-tab-title-text\"><div>Flujo<\/div><\/div><\/div><\/li><li class=\"gutena-tab-title inactive\" data-tab=\"3\"><div class=\"gutena-tab-title-content icon-top\"><div class=\"gutena-tab-title-text\"><div>Formatos<\/div><\/div><\/div><\/li><li class=\"gutena-tab-title inactive\" data-tab=\"4\"><div class=\"gutena-tab-title-content icon-top\"><div class=\"gutena-tab-title-text\"><div>Versiones Anteriores<\/div><\/div><\/div><\/li><\/ul><div class=\"gutena-tabs-content is-layout-flow wp-block-gutena-tabs-is-layout-flow\">\n<div class=\"wp-block-gutena-tab gutena-tab-block gutena-tab-block-0b29b0-a4 active\" data-tab=\"1\">\n<p><a href=\"https:\/\/departamentos.uleam.edu.ec\/gestion-aseguramiento-calidad\/files\/2023\/12\/PFP-01-Manual-Programacion-formulacion-consolidacion-y-aprobacion-del-presupuesto-anual-de-la-Uleam-V3.pdf\">PFP-01 Manual Programaci\u00f3n, formulaci\u00f3n, consolidaci\u00f3n y aprobaci\u00f3n del presupuesto anual de la Uleam-V3.<\/a><\/p>\n<\/div>\n\n\n\n<div class=\"wp-block-gutena-tab gutena-tab-block gutena-tab-block-b3c539-62 inactive\" data-tab=\"2\">\n<p><a href=\"https:\/\/departamentos.uleam.edu.ec\/gestion-aseguramiento-calidad\/files\/2023\/11\/Flujograma-de-Programacion-formulacion-consolidacion-y-aprobacion-V3.pdf\">Flujograma de Programaci\u00f3n, formulaci\u00f3n, consolidaci\u00f3n y aprobaci\u00f3n V3<\/a><\/p>\n<\/div>\n\n\n\n<div class=\"wp-block-gutena-tab gutena-tab-block gutena-tab-block-cbcb71-43 inactive\" data-tab=\"3\">\n<p style=\"margin-top:0;margin-bottom:0\">Add your content here&#8230;<\/p>\n<\/div>\n\n\n\n<div class=\"wp-block-gutena-tab gutena-tab-block gutena-tab-block-d6679b-45 inactive\" data-tab=\"4\">\n<ul class=\"wp-block-list\">\n<li><strong>Manual<\/strong>\n<ul class=\"wp-block-list\">\n<li><a href=\"https:\/\/departamentos.uleam.edu.ec\/gestion-aseguramiento-calidad\/files\/2020\/06\/PFP-01-Programacion.pdf\">PFP-01 Programaci\u00f3n, formulaci\u00f3n, consolidaci\u00f3n y aprobaci\u00f3n del presupuesto V.1<\/a><\/li>\n\n\n\n<li><a href=\"https:\/\/departamentos.uleam.edu.ec\/gestion-aseguramiento-calidad\/files\/2022\/06\/Manual-Aprobacion-Presupuesto-Institucional-PFP-01-V2_FC.pdf\">PFP-01&nbsp; Programaci\u00f3n, formulaci\u00f3n, consolidaci\u00f3n y aprobaci\u00f3n del presupuesto anual de la Uleam V.2<\/a><\/li>\n<\/ul>\n<\/li>\n\n\n\n<li><strong>Flujo<\/strong>\n<ul class=\"wp-block-list\">\n<li><a href=\"https:\/\/departamentos.uleam.edu.ec\/gestion-aseguramiento-calidad\/files\/2020\/06\/FLUJO-PFP-01.pdf\">Programaci\u00f3n, formulaci\u00f3n, consolidaci\u00f3n y aprobaci\u00f3n del presupuesto<\/a><\/li>\n\n\n\n<li><a href=\"https:\/\/departamentos.uleam.edu.ec\/gestion-aseguramiento-calidad\/files\/2022\/06\/Manual_PFP-01_V2.pdf\">Programaci\u00f3n, formulaci\u00f3n, consolidaci\u00f3n y aprobaci\u00f3n del presupuesto anual de la Uleam V.2<\/a><\/li>\n<\/ul>\n<\/li>\n<\/ul>\n<\/div>\n<\/div><\/div>\n<\/div><\/div>\n<\/div><\/div>\n","protected":false},"excerpt":{"rendered":"","protected":false},"author":47,"featured_media":0,"parent":0,"menu_order":0,"comment_status":"closed","ping_status":"open","template":"","meta":{"footnotes":"","_links_to":"","_links_to_target":""},"class_list":["post-1792","page","type-page","status-publish","hentry"],"_links":{"self":[{"href":"https:\/\/departamentos.uleam.edu.ec\/gestion-aseguramiento-calidad\/wp-json\/wp\/v2\/pages\/1792","targetHints":{"allow":["GET"]}}],"collection":[{"href":"https:\/\/departamentos.uleam.edu.ec\/gestion-aseguramiento-calidad\/wp-json\/wp\/v2\/pages"}],"about":[{"href":"https:\/\/departamentos.uleam.edu.ec\/gestion-aseguramiento-calidad\/wp-json\/wp\/v2\/types\/page"}],"author":[{"embeddable":true,"href":"https:\/\/departamentos.uleam.edu.ec\/gestion-aseguramiento-calidad\/wp-json\/wp\/v2\/users\/47"}],"replies":[{"embeddable":true,"href":"https:\/\/departamentos.uleam.edu.ec\/gestion-aseguramiento-calidad\/wp-json\/wp\/v2\/comments?post=1792"}],"version-history":[{"count":19,"href":"https:\/\/departamentos.uleam.edu.ec\/gestion-aseguramiento-calidad\/wp-json\/wp\/v2\/pages\/1792\/revisions"}],"predecessor-version":[{"id":11343,"href":"https:\/\/departamentos.uleam.edu.ec\/gestion-aseguramiento-calidad\/wp-json\/wp\/v2\/pages\/1792\/revisions\/11343"}],"wp:attachment":[{"href":"https:\/\/departamentos.uleam.edu.ec\/gestion-aseguramiento-calidad\/wp-json\/wp\/v2\/media?parent=1792"}],"curies":[{"name":"wp","href":"https:\/\/api.w.org\/{rel}","templated":true}]}}