{"id":1846,"date":"2017-04-25T16:26:42","date_gmt":"2017-04-25T16:26:42","guid":{"rendered":"http:\/\/departamentos.uleam.edu.ec\/organizacionymetodos\/?page_id=1846"},"modified":"2023-07-14T12:03:17","modified_gmt":"2023-07-14T17:03:17","slug":"custodia-y-control-titulos-valores-y-garantias","status":"publish","type":"page","link":"https:\/\/departamentos.uleam.edu.ec\/gestion-aseguramiento-calidad\/custodia-y-control-titulos-valores-y-garantias\/","title":{"rendered":"CUSTODIA Y CONTROL TITULOS VALORES Y GARANTIAS"},"content":{"rendered":"\n<div class=\"wp-block-gutena-tabs gutena-tabs-block gutena-tabs-block-fd79f5-46\"><ul class=\"gutena-tabs-tab tab-flex\"><li class=\"gutena-tab-title active\" data-tab=\"1\"><div class=\"gutena-tab-title-content icon-top\"><div class=\"gutena-tab-title-text\"><div>Manual<\/div><\/div><\/div><\/li><li class=\"gutena-tab-title inactive\" data-tab=\"2\"><div class=\"gutena-tab-title-content icon-top\"><div class=\"gutena-tab-title-text\"><div>Flujo<\/div><\/div><\/div><\/li><li class=\"gutena-tab-title inactive\" data-tab=\"3\"><div class=\"gutena-tab-title-content icon-top\"><div class=\"gutena-tab-title-text\"><div>Formatos<\/div><\/div><\/div><\/li><li class=\"gutena-tab-title inactive\" data-tab=\"4\"><div class=\"gutena-tab-title-content icon-top\"><div class=\"gutena-tab-title-text\"><div>Versiones Anteriores<\/div><\/div><\/div><\/li><\/ul><div class=\"gutena-tabs-content is-layout-flow wp-block-gutena-tabs-is-layout-flow\">\n<div class=\"wp-block-gutena-tab gutena-tab-block gutena-tab-block-b4caa2-2e active\" data-tab=\"1\">\n<p style=\"margin-top:0;margin-bottom:0\"><a href=\"https:\/\/departamentos.uleam.edu.ec\/gestion-aseguramiento-calidad\/files\/2021\/05\/PFT-03-C-op.pdf\">PFT-03 Custodia y control t\u00edtulos de garant\u00edas y p\u00f3lizas de seguro V.2<\/a><\/p>\n<\/div>\n\n\n\n<div class=\"wp-block-gutena-tab gutena-tab-block gutena-tab-block-0a04e7-14 inactive\" data-tab=\"2\">\n<p style=\"margin-top:0;margin-bottom:0\"><a href=\"https:\/\/departamentos.uleam.edu.ec\/gestion-aseguramiento-calidad\/files\/2021\/05\/V2_Custodia_Control_Titulos.pdf\">Custodia y control de garant\u00edas\u00a0 y p\u00f3lizas de seguro V.2<\/a><\/p>\n<\/div>\n\n\n\n<div class=\"wp-block-gutena-tab gutena-tab-block gutena-tab-block-b3e19a-90 inactive\" data-tab=\"3\">\n<p style=\"margin-top:0;margin-bottom:0\">Add your content here&#8230;<\/p>\n<\/div>\n\n\n\n<div class=\"wp-block-gutena-tab gutena-tab-block gutena-tab-block-82d93d-ef inactive\" data-tab=\"4\">\n<p>Manuales:&nbsp;<\/p>\n\n\n\n<ul class=\"wp-block-list\">\n<li><a href=\"https:\/\/departamentos.uleam.edu.ec\/gestion-aseguramiento-calidad\/files\/2020\/06\/PFT-03-Custodia.pdf\">PFT-03 Custodia y control t\u00edtulos valores y garant\u00edas V.1<\/a><\/li>\n<\/ul>\n\n\n\n<p>Flujos:<\/p>\n\n\n\n<ul class=\"wp-block-list\">\n<li><a href=\"https:\/\/departamentos.uleam.edu.ec\/gestion-aseguramiento-calidad\/files\/2020\/06\/CUSTODIA.pdf\">Custodia y control t\u00edtulos valores y garant\u00edas<\/a><\/li>\n<\/ul>\n<\/div>\n<\/div><\/div>\n","protected":false},"excerpt":{"rendered":"","protected":false},"author":47,"featured_media":0,"parent":0,"menu_order":0,"comment_status":"closed","ping_status":"open","template":"","meta":{"footnotes":"","_links_to":"","_links_to_target":""},"class_list":["post-1846","page","type-page","status-publish","hentry"],"_links":{"self":[{"href":"https:\/\/departamentos.uleam.edu.ec\/gestion-aseguramiento-calidad\/wp-json\/wp\/v2\/pages\/1846","targetHints":{"allow":["GET"]}}],"collection":[{"href":"https:\/\/departamentos.uleam.edu.ec\/gestion-aseguramiento-calidad\/wp-json\/wp\/v2\/pages"}],"about":[{"href":"https:\/\/departamentos.uleam.edu.ec\/gestion-aseguramiento-calidad\/wp-json\/wp\/v2\/types\/page"}],"author":[{"embeddable":true,"href":"https:\/\/departamentos.uleam.edu.ec\/gestion-aseguramiento-calidad\/wp-json\/wp\/v2\/users\/47"}],"replies":[{"embeddable":true,"href":"https:\/\/departamentos.uleam.edu.ec\/gestion-aseguramiento-calidad\/wp-json\/wp\/v2\/comments?post=1846"}],"version-history":[{"count":11,"href":"https:\/\/departamentos.uleam.edu.ec\/gestion-aseguramiento-calidad\/wp-json\/wp\/v2\/pages\/1846\/revisions"}],"predecessor-version":[{"id":10672,"href":"https:\/\/departamentos.uleam.edu.ec\/gestion-aseguramiento-calidad\/wp-json\/wp\/v2\/pages\/1846\/revisions\/10672"}],"wp:attachment":[{"href":"https:\/\/departamentos.uleam.edu.ec\/gestion-aseguramiento-calidad\/wp-json\/wp\/v2\/media?parent=1846"}],"curies":[{"name":"wp","href":"https:\/\/api.w.org\/{rel}","templated":true}]}}