{"id":1863,"date":"2017-04-25T16:47:03","date_gmt":"2017-04-25T16:47:03","guid":{"rendered":"http:\/\/departamentos.uleam.edu.ec\/organizacionymetodos\/?page_id=1863"},"modified":"2023-09-18T08:21:56","modified_gmt":"2023-09-18T13:21:56","slug":"viaticos-subsistencia-y-movilizacion","status":"publish","type":"page","link":"https:\/\/departamentos.uleam.edu.ec\/gestion-aseguramiento-calidad\/viaticos-subsistencia-y-movilizacion\/","title":{"rendered":"VI\u00c1TICOS, SUBSISTENCIA Y MOVILIZACI\u00d3N"},"content":{"rendered":"\n<div class=\"wp-block-group\"><div class=\"wp-block-group__inner-container is-layout-constrained wp-block-group-is-layout-constrained\">\n<div class=\"wp-block-group\"><div class=\"wp-block-group__inner-container is-layout-constrained wp-block-group-is-layout-constrained\">\n<div class=\"wp-block-group\"><div class=\"wp-block-group__inner-container is-layout-constrained wp-block-group-is-layout-constrained\">\n<div class=\"wp-block-gutena-tabs gutena-tabs-block gutena-tabs-block-b00888-26\"><ul class=\"gutena-tabs-tab tab-flex\"><li class=\"gutena-tab-title active\" data-tab=\"1\"><div class=\"gutena-tab-title-content icon-top\"><div class=\"gutena-tab-title-text\"><div>Manual<\/div><\/div><\/div><\/li><li class=\"gutena-tab-title inactive\" data-tab=\"2\"><div class=\"gutena-tab-title-content icon-top\"><div class=\"gutena-tab-title-text\"><div>Diagrama de Flujo<\/div><\/div><\/div><\/li><li class=\"gutena-tab-title inactive\" data-tab=\"3\"><div class=\"gutena-tab-title-content icon-top\"><div class=\"gutena-tab-title-text\"><div>Formatos<\/div><\/div><\/div><\/li><li class=\"gutena-tab-title inactive\" data-tab=\"4\"><div class=\"gutena-tab-title-content icon-top\"><div class=\"gutena-tab-title-text\"><div>Versiones Anteriores<\/div><\/div><\/div><\/li><\/ul><div class=\"gutena-tabs-content is-layout-flow wp-block-gutena-tabs-is-layout-flow\">\n<div class=\"wp-block-gutena-tab gutena-tab-block gutena-tab-block-0785af-d3 active\" data-tab=\"1\">\n<p style=\"margin-top:0;margin-bottom:0\"><\/p>\n\n\n\n<p>\u2705 <strong>MANUAL DE PROCEDIMIENTOS.<\/strong><\/p>\n<p>\u25c9 <a href=\"https:\/\/departamentos.uleam.edu.ec\/gestion-aseguramiento-calidad\/files\/2023\/09\/PHM-09-MANUAL-DE-VIATICOS-SUBSISTENCIA-Y-MOVILIZACION-V1.pdf\">PHM-09-MANUAL-DE-VIATICOS-SUBSISTENCIA-Y-MOVILIZACION-V1<\/a><\/p>\n<\/div>\n\n\n\n<div class=\"wp-block-gutena-tab gutena-tab-block gutena-tab-block-4c9990-70 inactive\" data-tab=\"2\">\n<p>\u2705 <strong>MANUAL DE PROCEDIMIENTOS.<\/strong><\/p>\n\n\n\n<p style=\"margin-top:0;margin-bottom:0\">\u25c9&nbsp;<a href=\"https:\/\/departamentos.uleam.edu.ec\/gestion-aseguramiento-calidad\/files\/2023\/07\/PHM-09-FLUJO-VIATICOSUBSISTENCIAALIMENTACION-Y-MOVILIZACION-1.pdf\">PHM-09-FLUJO-VIATICOSUBSISTENCIAALIMENTACION-Y-MOVILIZACION-1<\/a><\/p>\n\n\n\n<p><\/p>\n<\/div>\n\n\n\n<div class=\"wp-block-gutena-tab gutena-tab-block gutena-tab-block-c27252-33 inactive\" data-tab=\"3\">\n<div class=\"wp-block-file\"><a id=\"wp-block-file--media-11049f31-af97-421d-9612-eb0ca24e6a64\" href=\"https:\/\/departamentos.uleam.edu.ec\/gestion-aseguramiento-calidad\/files\/2023\/07\/PHM-09-F-001-Solicitud-2.doc\">PHM-09-F-001-Solicitud-2<\/a><a href=\"https:\/\/departamentos.uleam.edu.ec\/gestion-aseguramiento-calidad\/files\/2023\/07\/PHM-09-F-001-Solicitud-2.doc\" class=\"wp-block-file__button wp-element-button\" download aria-describedby=\"wp-block-file--media-11049f31-af97-421d-9612-eb0ca24e6a64\"><\/a><\/div>\n\n\n\n<div class=\"wp-block-file\"><a id=\"wp-block-file--media-213f8c0d-fac4-48f8-946a-8acf2e915396\" href=\"https:\/\/departamentos.uleam.edu.ec\/gestion-aseguramiento-calidad\/files\/2023\/07\/PHM-09-F-002-Informe-de-Servicios-Institucionales-4.doc\">PHM-09-F-002-Informe-de-Servicios-Institucionales-4<\/a><a href=\"https:\/\/departamentos.uleam.edu.ec\/gestion-aseguramiento-calidad\/files\/2023\/07\/PHM-09-F-002-Informe-de-Servicios-Institucionales-4.doc\" class=\"wp-block-file__button wp-element-button\" download aria-describedby=\"wp-block-file--media-213f8c0d-fac4-48f8-946a-8acf2e915396\"><br><\/a><\/div>\n<\/div>\n\n\n\n<div class=\"wp-block-gutena-tab gutena-tab-block gutena-tab-block-b66523-f2 inactive\" data-tab=\"4\">\n<p>Manual<\/p>\n\n\n\n<ul class=\"wp-block-list\">\n<li><a href=\"https:\/\/departamentos.uleam.edu.ec\/gestion-aseguramiento-calidad\/files\/2020\/05\/PFT-04-V1-Viaticos.pdf\">PFT-04 Vi\u00e1ticos, subsistencia, alimentaci\u00f3n y movilizaci\u00f3n V.1<\/a><\/li>\n\n\n\n<li><a href=\"https:\/\/departamentos.uleam.edu.ec\/gestion-aseguramiento-calidad\/files\/2020\/05\/PFT-04-V2-Viaticos.pdf\">PFT-04 Vi\u00e1ticos, subsistencia, alimentaci\u00f3n y movilizaci\u00f3n V.2<\/a><\/li>\n\n\n\n<li><a href=\"https:\/\/departamentos.uleam.edu.ec\/gestion-aseguramiento-calidad\/files\/2020\/05\/PFT-04-V3-Viaticos.pdf\">PFT-04 Vi\u00e1ticos, Subsistencias y Movilizaci\u00f3n V.3&nbsp;<\/a><\/li>\n<\/ul>\n\n\n\n<p>Flujo<\/p>\n\n\n\n<p><a href=\"https:\/\/departamentos.uleam.edu.ec\/gestion-aseguramiento-calidad\/files\/2020\/05\/FLUJOV1.pdf\">Vi\u00e1tico, subsistencia alimentaci\u00f3n y movilizaci\u00f3n V.3<\/a><\/p>\n\n\n\n<p>Instructivo<\/p>\n\n\n\n<ul class=\"wp-block-list\">\n<li><a href=\"https:\/\/departamentos.uleam.edu.ec\/gestion-aseguramiento-calidad\/files\/2020\/05\/PFT-04-IT-001-InstAdqPasa.pdf\">PFT-04-IT-001 Adquisici\u00f3n de pasajes \u00e1ereos para el personal de la Uleam<\/a><\/li>\n<\/ul>\n\n\n\n<p>Formato<\/p>\n\n\n\n<ul class=\"wp-block-list\">\n<li><a href=\"https:\/\/departamentos.uleam.edu.ec\/gestion-aseguramiento-calidad\/files\/2020\/05\/PFT-041-1.doc\">PFT-04-IT-001-F-004 Aceptaci\u00f3n de pasaje a\u00e9reo<\/a><\/li>\n\n\n\n<li><a href=\"https:\/\/departamentos.uleam.edu.ec\/gestion-aseguramiento-calidad\/files\/2020\/05\/PFT-042.doc\">PFT-04-F-001 Solicitud de autorizaci\u00f3n para cumplimiento de servicios institucionales&nbsp;<\/a><\/li>\n\n\n\n<li><a href=\"https:\/\/departamentos.uleam.edu.ec\/gestion-aseguramiento-calidad\/files\/2020\/05\/PFT-041.doc\">PFT-04-F-002 Informe de servicios institucionales<\/a><\/li>\n<\/ul>\n<\/div>\n<\/div><\/div>\n<\/div><\/div>\n<\/div><\/div>\n<\/div><\/div>\n\n\n\n<p><\/p>\n","protected":false},"excerpt":{"rendered":"","protected":false},"author":47,"featured_media":0,"parent":0,"menu_order":0,"comment_status":"closed","ping_status":"open","template":"","meta":{"footnotes":"","_links_to":"","_links_to_target":""},"class_list":["post-1863","page","type-page","status-publish","hentry"],"_links":{"self":[{"href":"https:\/\/departamentos.uleam.edu.ec\/gestion-aseguramiento-calidad\/wp-json\/wp\/v2\/pages\/1863","targetHints":{"allow":["GET"]}}],"collection":[{"href":"https:\/\/departamentos.uleam.edu.ec\/gestion-aseguramiento-calidad\/wp-json\/wp\/v2\/pages"}],"about":[{"href":"https:\/\/departamentos.uleam.edu.ec\/gestion-aseguramiento-calidad\/wp-json\/wp\/v2\/types\/page"}],"author":[{"embeddable":true,"href":"https:\/\/departamentos.uleam.edu.ec\/gestion-aseguramiento-calidad\/wp-json\/wp\/v2\/users\/47"}],"replies":[{"embeddable":true,"href":"https:\/\/departamentos.uleam.edu.ec\/gestion-aseguramiento-calidad\/wp-json\/wp\/v2\/comments?post=1863"}],"version-history":[{"count":17,"href":"https:\/\/departamentos.uleam.edu.ec\/gestion-aseguramiento-calidad\/wp-json\/wp\/v2\/pages\/1863\/revisions"}],"predecessor-version":[{"id":11052,"href":"https:\/\/departamentos.uleam.edu.ec\/gestion-aseguramiento-calidad\/wp-json\/wp\/v2\/pages\/1863\/revisions\/11052"}],"wp:attachment":[{"href":"https:\/\/departamentos.uleam.edu.ec\/gestion-aseguramiento-calidad\/wp-json\/wp\/v2\/media?parent=1863"}],"curies":[{"name":"wp","href":"https:\/\/api.w.org\/{rel}","templated":true}]}}