{"id":1869,"date":"2017-04-25T16:49:53","date_gmt":"2017-04-25T16:49:53","guid":{"rendered":"http:\/\/departamentos.uleam.edu.ec\/organizacionymetodos\/?page_id=1869"},"modified":"2023-07-14T12:08:07","modified_gmt":"2023-07-14T17:08:07","slug":"recepcion-de-bienes-de-larga-duracion-y-existencias","status":"publish","type":"page","link":"https:\/\/departamentos.uleam.edu.ec\/gestion-aseguramiento-calidad\/recepcion-de-bienes-de-larga-duracion-y-existencias\/","title":{"rendered":"RECEPCI\u00d3N, REGISTRO Y CODIFICACI\u00d3N DE BIENES DE LARGA DURACI\u00d3N Y EXISTENCIAS"},"content":{"rendered":"\n<figure class=\"wp-block-table\"><table><tbody><tr><td><a href=\"https:\/\/departamentos.uleam.edu.ec\/gestion-aseguramiento-calidad\/recepcion-de-bienes-de-larga-duracion-y-existencias\/\" target=\"_blank\" rel=\"noreferrer noopener\"><br>RECEPCI\u00d3N, REGISTRO Y CODIFICACI\u00d3N DE BIENES DE LARGA DURACI\u00d3N Y EXISTENCIAS<\/a><\/td><\/tr><\/tbody><\/table><\/figure>\n\n\n\n<pre class=\"wp-block-code\"><code>RECEPCI\u00d3N, REGISTRO Y CODIFICACI\u00d3N DE BIENES DE LARGA DURACI\u00d3N Y EXISTENCIAS<\/code><\/pre>\n\n\n\n<figure class=\"wp-block-table\"><table><tbody><tr><td><a href=\"https:\/\/departamentos.uleam.edu.ec\/gestion-aseguramiento-calidad\/recepcion-de-bienes-de-larga-duracion-y-existencias\/\" target=\"_blank\" rel=\"noreferrer noopener\"><br>RECEPCI\u00d3N, REGISTRO Y CODIFICACI\u00d3N DE BIENES DE LARGA DURACI\u00d3N Y EXISTENCIAS<\/a><\/td><\/tr><\/tbody><\/table><\/figure>\n\n\n\n<figure class=\"wp-block-table\"><table><tbody><tr><td><a href=\"https:\/\/departamentos.uleam.edu.ec\/gestion-aseguramiento-calidad\/recepcion-de-bienes-de-larga-duracion-y-existencias\/\" target=\"_blank\" rel=\"noreferrer noopener\"><br>RECEPCI\u00d3N, REGISTRO Y CODIFICACI\u00d3N DE BIENES DE LARGA DURACI\u00d3N Y EXISTENCIAS<\/a><\/td><\/tr><\/tbody><\/table><\/figure>\n\n\n\n<figure class=\"wp-block-table\"><table><tbody><tr><td><a href=\"https:\/\/departamentos.uleam.edu.ec\/gestion-aseguramiento-calidad\/recepcion-de-bienes-de-larga-duracion-y-existencias\/\" target=\"_blank\" rel=\"noreferrer noopener\"><br>RECEPCI\u00d3N, REGISTRO Y CODIFICACI\u00d3N DE BIENES DE LARGA DURACI\u00d3N Y EXISTENCIAS<\/a><\/td><\/tr><\/tbody><\/table><\/figure>\n\n\n\n<figure class=\"wp-block-table\"><table><tbody><tr><td><a href=\"https:\/\/departamentos.uleam.edu.ec\/gestion-aseguramiento-calidad\/recepcion-de-bienes-de-larga-duracion-y-existencias\/\" target=\"_blank\" rel=\"noreferrer noopener\"><br>RECEPCI\u00d3N, REGISTRO Y CODIFICACI\u00d3N DE BIENES DE LARGA DURACI\u00d3N Y EXISTENCIAS<\/a><\/td><\/tr><\/tbody><\/table><\/figure>\n\n\n\n<div class=\"wp-block-gutena-tabs gutena-tabs-block gutena-tabs-block-121df7-11\"><ul class=\"gutena-tabs-tab tab-flex\"><li class=\"gutena-tab-title active\" data-tab=\"1\"><div class=\"gutena-tab-title-content icon-top\"><div class=\"gutena-tab-title-text\"><div>Manual<\/div><\/div><\/div><\/li><li class=\"gutena-tab-title inactive\" data-tab=\"2\"><div class=\"gutena-tab-title-content icon-top\"><div class=\"gutena-tab-title-text\"><div>Flujo<\/div><\/div><\/div><\/li><li class=\"gutena-tab-title inactive\" data-tab=\"3\"><div class=\"gutena-tab-title-content icon-top\"><div class=\"gutena-tab-title-text\"><div>Formatos<\/div><\/div><\/div><\/li><li class=\"gutena-tab-title inactive\" data-tab=\"4\"><div class=\"gutena-tab-title-content icon-top\"><div class=\"gutena-tab-title-text\"><div>Versiones Anteriores<\/div><\/div><\/div><\/li><\/ul><div class=\"gutena-tabs-content is-layout-flow wp-block-gutena-tabs-is-layout-flow\">\n<div class=\"wp-block-gutena-tab gutena-tab-block gutena-tab-block-04abfa-77 active\" data-tab=\"1\">\n<p style=\"margin-top:0;margin-bottom:0\"><a href=\"https:\/\/departamentos.uleam.edu.ec\/gestion-aseguramiento-calidad\/files\/2021\/05\/PFB-01-C-op.pdf\">PFB-01 Recepci\u00f3n, Registro\u00a0 y codificaci\u00f3n de bienes de larga duraci\u00f3n y existencias V.2<\/a><\/p>\n<\/div>\n\n\n\n<div class=\"wp-block-gutena-tab gutena-tab-block gutena-tab-block-e1efc6-07 inactive\" data-tab=\"2\">\n<p style=\"margin-top:0;margin-bottom:0\"><a href=\"https:\/\/departamentos.uleam.edu.ec\/gestion-aseguramiento-calidad\/files\/2021\/05\/FlujoPFBV2.pdf\">Recepci\u00f3n, Registro\u00a0 y codificaci\u00f3n de bienes de larga duraci\u00f3n y existencias V.2<\/a><\/p>\n<\/div>\n\n\n\n<div class=\"wp-block-gutena-tab gutena-tab-block gutena-tab-block-1be650-b9 inactive\" data-tab=\"3\">\n<p style=\"margin-top:0;margin-bottom:0\">Add your content here&#8230;<\/p>\n<\/div>\n\n\n\n<div class=\"wp-block-gutena-tab gutena-tab-block gutena-tab-block-12761b-52 inactive\" data-tab=\"4\">\n<p>Manuales:<\/p>\n\n\n\n<ul class=\"wp-block-list\">\n<li><a href=\"https:\/\/departamentos.uleam.edu.ec\/gestion-aseguramiento-calidad\/files\/2020\/06\/PFB-01-Recepcion.pdf\">PFB-01 Recepci\u00f3n de bienes de larga duraci\u00f3n y existencias V.1<\/a>&nbsp; &nbsp;<\/li>\n<\/ul>\n\n\n\n<p>Flujos:<\/p>\n\n\n\n<ul class=\"wp-block-list\">\n<li><a href=\"https:\/\/departamentos.uleam.edu.ec\/gestion-aseguramiento-calidad\/files\/2020\/06\/Recepcion.pdf\">Recepci\u00f3n de bienes de larga duraci\u00f3n y existencias V.1<\/a>&nbsp;<\/li>\n<\/ul>\n<\/div>\n<\/div><\/div>\n","protected":false},"excerpt":{"rendered":"<p>RECEPCI\u00d3N, REGISTRO Y CODIFICACI\u00d3N DE BIENES DE LARGA DURACI\u00d3N Y EXISTENCIAS RECEPCI\u00d3N, REGISTRO Y CODIFICACI\u00d3N DE BIENES DE LARGA DURACI\u00d3N Y EXISTENCIAS RECEPCI\u00d3N, REGISTRO Y CODIFICACI\u00d3N DE BIENES DE LARGA DURACI\u00d3N Y EXISTENCIAS RECEPCI\u00d3N, REGISTRO Y CODIFICACI\u00d3N DE BIENES DE [&hellip;]<\/p>\n","protected":false},"author":47,"featured_media":0,"parent":0,"menu_order":0,"comment_status":"closed","ping_status":"open","template":"","meta":{"footnotes":"","_links_to":"","_links_to_target":""},"class_list":["post-1869","page","type-page","status-publish","hentry"],"_links":{"self":[{"href":"https:\/\/departamentos.uleam.edu.ec\/gestion-aseguramiento-calidad\/wp-json\/wp\/v2\/pages\/1869","targetHints":{"allow":["GET"]}}],"collection":[{"href":"https:\/\/departamentos.uleam.edu.ec\/gestion-aseguramiento-calidad\/wp-json\/wp\/v2\/pages"}],"about":[{"href":"https:\/\/departamentos.uleam.edu.ec\/gestion-aseguramiento-calidad\/wp-json\/wp\/v2\/types\/page"}],"author":[{"embeddable":true,"href":"https:\/\/departamentos.uleam.edu.ec\/gestion-aseguramiento-calidad\/wp-json\/wp\/v2\/users\/47"}],"replies":[{"embeddable":true,"href":"https:\/\/departamentos.uleam.edu.ec\/gestion-aseguramiento-calidad\/wp-json\/wp\/v2\/comments?post=1869"}],"version-history":[{"count":9,"href":"https:\/\/departamentos.uleam.edu.ec\/gestion-aseguramiento-calidad\/wp-json\/wp\/v2\/pages\/1869\/revisions"}],"predecessor-version":[{"id":10676,"href":"https:\/\/departamentos.uleam.edu.ec\/gestion-aseguramiento-calidad\/wp-json\/wp\/v2\/pages\/1869\/revisions\/10676"}],"wp:attachment":[{"href":"https:\/\/departamentos.uleam.edu.ec\/gestion-aseguramiento-calidad\/wp-json\/wp\/v2\/media?parent=1869"}],"curies":[{"name":"wp","href":"https:\/\/api.w.org\/{rel}","templated":true}]}}