{"id":1912,"date":"2017-04-25T17:26:23","date_gmt":"2017-04-25T17:26:23","guid":{"rendered":"http:\/\/departamentos.uleam.edu.ec\/organizacionymetodos\/?page_id=1912"},"modified":"2026-01-29T15:09:33","modified_gmt":"2026-01-29T20:09:33","slug":"impresion-grafica-de-libros-revistas-y-folletos","status":"publish","type":"page","link":"https:\/\/departamentos.uleam.edu.ec\/gestion-aseguramiento-calidad\/impresion-grafica-de-libros-revistas-y-folletos\/","title":{"rendered":"IMPRESI\u00d3N GR\u00c1FICA DE LIBROS, REVISTAS Y FOLLETOS"},"content":{"rendered":"\n<p>Manual<\/p>\n\n\n\n<p><a href=\"https:\/\/departamentos.uleam.edu.ec\/gestion-aseguramiento-calidad\/files\/2020\/06\/PSI-01-C.pdf\">PSI-01-Impresi\u00f3n gr\u00e1fica de libros, revistas y folletos V.2<\/a><\/p>\n\n\n\n<p>Flujo<\/p>\n\n\n\n<p><a href=\"https:\/\/departamentos.uleam.edu.ec\/gestion-aseguramiento-calidad\/files\/2020\/06\/FLUJO_v2.pdf\">Impresi\u00f3n gr\u00e1fica de libros, revistas y folletos V.2<\/a><\/p>\n\n\n\n<p>Formatos<\/p>\n\n\n\n<ul class=\"wp-block-list\">\n<li><a href=\"https:\/\/departamentos.uleam.edu.ec\/gestion-aseguramiento-calidad\/files\/2020\/06\/FORMAT1-3.doc\">PSI-01-F-002 Solicitud de orden de trabajo V.2<\/a><\/li>\n\n\n\n<li><a href=\"https:\/\/departamentos.uleam.edu.ec\/gestion-aseguramiento-calidad\/files\/2020\/06\/ORDEN-1.doc\">PSI-01-F-003 Orden de trabajo V.2<\/a><\/li>\n<\/ul>\n\n\n\n<p>Versiones Anteriores<\/p>\n\n\n\n<p>Versi\u00f3n 1<\/p>\n\n\n\n<p>Manual<\/p>\n\n\n\n<ul class=\"wp-block-list\">\n<li><a href=\"https:\/\/departamentos.uleam.edu.ec\/gestion-aseguramiento-calidad\/files\/2020\/06\/PSI-01-V1-ImpresionG.pdf\">PSI-01 Impresi\u00f3n gr\u00e1fica de libros, revistas y folletos V.1<\/a><\/li>\n<\/ul>\n\n\n\n<p>Flujo<\/p>\n\n\n\n<ul class=\"wp-block-list\">\n<li><a href=\"https:\/\/departamentos.uleam.edu.ec\/gestion-aseguramiento-calidad\/files\/2020\/06\/Flujo.pdf\">Impresi\u00f3n gr\u00e1fica de libros, revistas y folletos V.1<\/a><\/li>\n<\/ul>\n\n\n\n<p>Formatos<\/p>\n\n\n\n<ul class=\"wp-block-list\">\n<li><a href=\"https:\/\/departamentos.uleam.edu.ec\/gestion-aseguramiento-calidad\/files\/2020\/06\/FORMAT1-2.doc\">PSI-01-F-001 Solicitud de impresi\u00f3n gr\u00e1fica V.1<\/a><\/li>\n\n\n\n<li><a href=\"https:\/\/departamentos.uleam.edu.ec\/gestion-aseguramiento-calidad\/files\/2020\/06\/REGIST1.xls\">PSI-01-F-002 Registro de control para entrega-recepci\u00f3n de impresi\u00f3n gr\u00e1fica V.1<\/a><\/li>\n\n\n\n<li><a href=\"https:\/\/departamentos.uleam.edu.ec\/gestion-aseguramiento-calidad\/files\/2020\/06\/ORDEND1.doc\">PSI-01-F-003 Orden de trabajo V.1<\/a><\/li>\n<\/ul>\n","protected":false},"excerpt":{"rendered":"<p>Manual PSI-01-Impresi\u00f3n gr\u00e1fica de libros, revistas y folletos V.2 Flujo Impresi\u00f3n gr\u00e1fica de libros, revistas y folletos V.2 Formatos Versiones Anteriores Versi\u00f3n 1 Manual Flujo Formatos<\/p>\n","protected":false},"author":105,"featured_media":0,"parent":0,"menu_order":0,"comment_status":"closed","ping_status":"open","template":"","meta":{"footnotes":"","_links_to":"","_links_to_target":""},"class_list":["post-1912","page","type-page","status-publish","hentry"],"_links":{"self":[{"href":"https:\/\/departamentos.uleam.edu.ec\/gestion-aseguramiento-calidad\/wp-json\/wp\/v2\/pages\/1912","targetHints":{"allow":["GET"]}}],"collection":[{"href":"https:\/\/departamentos.uleam.edu.ec\/gestion-aseguramiento-calidad\/wp-json\/wp\/v2\/pages"}],"about":[{"href":"https:\/\/departamentos.uleam.edu.ec\/gestion-aseguramiento-calidad\/wp-json\/wp\/v2\/types\/page"}],"author":[{"embeddable":true,"href":"https:\/\/departamentos.uleam.edu.ec\/gestion-aseguramiento-calidad\/wp-json\/wp\/v2\/users\/105"}],"replies":[{"embeddable":true,"href":"https:\/\/departamentos.uleam.edu.ec\/gestion-aseguramiento-calidad\/wp-json\/wp\/v2\/comments?post=1912"}],"version-history":[{"count":9,"href":"https:\/\/departamentos.uleam.edu.ec\/gestion-aseguramiento-calidad\/wp-json\/wp\/v2\/pages\/1912\/revisions"}],"predecessor-version":[{"id":14629,"href":"https:\/\/departamentos.uleam.edu.ec\/gestion-aseguramiento-calidad\/wp-json\/wp\/v2\/pages\/1912\/revisions\/14629"}],"wp:attachment":[{"href":"https:\/\/departamentos.uleam.edu.ec\/gestion-aseguramiento-calidad\/wp-json\/wp\/v2\/media?parent=1912"}],"curies":[{"name":"wp","href":"https:\/\/api.w.org\/{rel}","templated":true}]}}