{"id":1916,"date":"2017-04-25T17:29:26","date_gmt":"2017-04-25T17:29:26","guid":{"rendered":"http:\/\/departamentos.uleam.edu.ec\/organizacionymetodos\/?page_id=1916"},"modified":"2024-07-08T10:27:22","modified_gmt":"2024-07-08T15:27:22","slug":"elaboracion-aprobacion-y-control-de-calidad-de-reglamentos","status":"publish","type":"page","link":"https:\/\/departamentos.uleam.edu.ec\/gestion-aseguramiento-calidad\/elaboracion-aprobacion-y-control-de-calidad-de-reglamentos\/","title":{"rendered":"ELABORACI\u00d3N APROBACI\u00d3N Y CONTROL DE CALIDAD DE REGLAMENTOS"},"content":{"rendered":"\n<div class=\"wp-block-group\"><div class=\"wp-block-group__inner-container is-layout-constrained wp-block-group-is-layout-constrained\">\n<div class=\"wp-block-group\"><div class=\"wp-block-group__inner-container is-layout-constrained wp-block-group-is-layout-constrained\">\n<div class=\"wp-block-group\"><div class=\"wp-block-group__inner-container is-layout-constrained wp-block-group-is-layout-constrained\">\n<div class=\"wp-block-gutena-tabs gutena-tabs-block gutena-tabs-block-921117-5e\"><ul class=\"gutena-tabs-tab tab-flex\"><li class=\"gutena-tab-title active\" data-tab=\"1\"><div class=\"gutena-tab-title-content icon-top\"><div class=\"gutena-tab-title-text\"><div>\u2705 Manual <\/div><\/div><\/div><\/li><li class=\"gutena-tab-title inactive\" data-tab=\"2\"><div class=\"gutena-tab-title-content icon-top\"><div class=\"gutena-tab-title-text\"><div>\u2705 Diagrama<\/div><\/div><\/div><\/li><li class=\"gutena-tab-title inactive\" data-tab=\"3\"><div class=\"gutena-tab-title-content icon-top\"><div class=\"gutena-tab-title-text\"><div>\u2705 Formatos<\/div><\/div><\/div><\/li><li class=\"gutena-tab-title inactive\" data-tab=\"4\"><div class=\"gutena-tab-title-content icon-top\"><div class=\"gutena-tab-title-text\"><div>No vigentes \u26a0\ufe0f<\/div><\/div><\/div><\/li><\/ul><div class=\"gutena-tabs-content is-layout-flow wp-block-gutena-tabs-is-layout-flow\">\n<div class=\"wp-block-gutena-tab gutena-tab-block gutena-tab-block-9a0159-e1 active\" data-tab=\"1\">\n<p style=\"margin-top:0;margin-bottom:0\">\u25c9&nbsp;<a href=\"https:\/\/departamentos.uleam.edu.ec\/gestion-aseguramiento-calidad\/files\/2024\/01\/PCO-02-MANUAL-ELABORACION-APROBACION-Y-CONTROL-DE-CALIDAD-DE-REGLAMENTOS-V4.pdf\">PCO-02 Manual Elaboraci\u00f3n aprobaci\u00f3n y control de calidad de Reglamentos V4<\/a><\/p>\n<\/div>\n\n\n\n<div class=\"wp-block-gutena-tab gutena-tab-block gutena-tab-block-f15c9d-2e inactive\" data-tab=\"2\">\n<p style=\"margin-top:0;margin-bottom:0\">\u25c9&nbsp;<a href=\"https:\/\/departamentos.uleam.edu.ec\/gestion-aseguramiento-calidad\/files\/2024\/01\/Diagrama-PCO-02-Elaboracion-aprobacion-y-control-de-calidad-de-reglamentos-V4.pdf\" target=\"_blank\" rel=\"noreferrer noopener\">Diagrama PCO-02 Elaboraci\u00f3n aprobaci\u00f3n y control de calidad de reglamentos V4<\/a><\/p>\n<\/div>\n\n\n\n<div class=\"wp-block-gutena-tab gutena-tab-block gutena-tab-block-2cdab3-7b inactive\" data-tab=\"3\">\n<p>\u25c9 <a href=\"https:\/\/departamentos.uleam.edu.ec\/gestion-aseguramiento-calidad\/files\/2024\/01\/PCO-02-F-001-Catalogo-de-Reglamentos-Institucionales-V1.xlsx\" target=\"_blank\" rel=\"noreferrer noopener\">PCO-02-F-001 Cat\u00e1logo de Reglamentos Institucionales V1<\/a><\/p>\n\n\n\n<p>\u25c9 <a href=\"https:\/\/departamentos.uleam.edu.ec\/gestion-aseguramiento-calidad\/files\/2024\/01\/PCO-02-F-002-Proyecto-de-Reglamento-V1.docx\" target=\"_blank\" rel=\"noreferrer noopener\">PCO-02-F-002 Proyecto de Reglamento V1<\/a> <\/p>\n\n\n\n<p>\u25c9 <a href=\"https:\/\/departamentos.uleam.edu.ec\/gestion-aseguramiento-calidad\/files\/2024\/07\/PCO-02-F-003-Solicitud-de-proyecto-de-reglamento-su-reforma-o-derogacion.doc\">PCO-02-F-003 Solicitud de proyecto de reglamento, su reforma o derogaci\u00f3n<\/a><\/p>\n\n\n\n<p>\u25c9 <a href=\"https:\/\/departamentos.uleam.edu.ec\/gestion-aseguramiento-calidad\/files\/2024\/01\/PCO-02-F-004-Informe-Comision-Juridica-y-Legislacion.doc\" target=\"_blank\" rel=\"noreferrer noopener\">PCO-02-F-004 Informe Comisi\u00f3n Jur\u00eddica y Legislaci\u00f3n<\/a> <\/p>\n\n\n\n<p>\u25c9 <a href=\"https:\/\/departamentos.uleam.edu.ec\/gestion-aseguramiento-calidad\/files\/2024\/01\/PCO-01-F-001-Acta-tecnica-de-reuniones.doc\" target=\"_blank\" rel=\"noreferrer noopener\">PCO-01-F-001 Acta t\u00e9cnica de reuniones<\/a><\/p>\n<\/div>\n\n\n\n<div class=\"wp-block-gutena-tab gutena-tab-block gutena-tab-block-195162-86 inactive\" data-tab=\"4\">\n<p><strong>Manuales (No vigentes) \u26a0\ufe0f:<\/strong><\/p>\n\n\n\n<ul class=\"wp-block-list\">\n<li>\u25ce&nbsp;<a href=\"https:\/\/departamentos.uleam.edu.ec\/gestion-aseguramiento-calidad\/files\/2020\/06\/PCO-02-V1.pdf\">PCO-02 Elaboraci\u00f3n y control de reglamentos de la Uleam V.1<\/a><\/li>\n\n\n\n<li>\u25ce&nbsp;<a href=\"https:\/\/departamentos.uleam.edu.ec\/gestion-aseguramiento-calidad\/files\/2020\/06\/ManualElaboracionReglamentos.pdf\">PCO-02 Elaboraci\u00f3n, aprobaci\u00f3n y control de reglamentos de la Uleam V.2<\/a><\/li>\n\n\n\n<li>\u25ce <a href=\"https:\/\/departamentos.uleam.edu.ec\/gestion-aseguramiento-calidad\/files\/2021\/06\/PCO-02-C.pdf\">PCO-02 Elaboraci\u00f3n aprobaci\u00f3n y control de calidad de reglamentos V.3<\/a><\/li>\n<\/ul>\n\n\n\n<p><strong>Flujos (No vigentes) \u26a0\ufe0f:<\/strong><\/p>\n\n\n\n<ul class=\"wp-block-list\">\n<li>\u25ce&nbsp;<a href=\"https:\/\/departamentos.uleam.edu.ec\/gestion-aseguramiento-calidad\/files\/2020\/06\/PCO-02Flujo.pdf\">PCO-02 Elaboraci\u00f3n y control de reglamentos de la Uleam V.1<\/a><\/li>\n\n\n\n<li>\u25ce&nbsp;<a href=\"https:\/\/departamentos.uleam.edu.ec\/gestion-aseguramiento-calidad\/files\/2020\/06\/flujo-reglamentos-V2.pdf\">Elaboraci\u00f3n, aprobaci\u00f3n y control de reglamentos de la Uleam V.2<\/a><\/li>\n\n\n\n<li>\u25ce&nbsp;<a href=\"https:\/\/departamentos.uleam.edu.ec\/gestion-aseguramiento-calidad\/files\/2020\/06\/ElaborcionV3.pdf\">Elaboraci\u00f3n aprobaci\u00f3n y control de calidad de reglamentos V.3<\/a><\/li>\n<\/ul>\n\n\n\n<p><strong>Formatos&nbsp;(No vigentes) \u26a0\ufe0f:<\/strong><\/p>\n\n\n\n<ul class=\"wp-block-list\">\n<li>\u25ce&nbsp;<a href=\"https:\/\/departamentos.uleam.edu.ec\/gestion-aseguramiento-calidad\/files\/2020\/06\/PCO-022-1.doc\">PCO-02-F-001 Informe de an\u00e1lisis de la propuesta de reglamentos, reformas o derogatorias V.1<\/a><\/li>\n\n\n\n<li>\u25ce&nbsp;<a href=\"https:\/\/departamentos.uleam.edu.ec\/gestion-aseguramiento-calidad\/files\/2020\/06\/PCO-024-1.doc\">PCO-02-F-001 Informe de an\u00e1lisis de la propuesta de reglamentos, reformas o derogatorias V.2<\/a><\/li>\n\n\n\n<li>\u25ce&nbsp;<a href=\"https:\/\/departamentos.uleam.edu.ec\/gestion-aseguramiento-calidad\/files\/2020\/06\/PCO-022-2.doc\">PCO-02-F-004 Solicitud para derogar reglamentos V.1<\/a><\/li>\n\n\n\n<li>\u25ce&nbsp;<a href=\"https:\/\/departamentos.uleam.edu.ec\/gestion-aseguramiento-calidad\/files\/2020\/06\/PCO-023-1.doc\">PCO-02-F-005 Informe pormenorizado propuesta de creaci\u00f3n de reglamentos y reforma V.1<\/a><\/li>\n\n\n\n<li>\u25ce&nbsp;&nbsp;<a href=\"https:\/\/departamentos.uleam.edu.ec\/gestion-aseguramiento-calidad\/files\/2020\/06\/PCO-024.doc\">PCO-02-F-001 Solicitud de derogaci\u00f3n o reforma V.2<\/a><\/li>\n\n\n\n<li>\u25ce&nbsp;<a href=\"https:\/\/departamentos.uleam.edu.ec\/gestion-aseguramiento-calidad\/files\/2020\/06\/PCO-022.doc\">PCO-02-F-002 Informe de creaci\u00f3n de reglamentos y reforma V.2<\/a><\/li>\n\n\n\n<li>\u25ce&nbsp;<a href=\"https:\/\/departamentos.uleam.edu.ec\/gestion-aseguramiento-calidad\/files\/2020\/06\/PCO-023.doc\">PCO-02-F-003 Informe de an\u00e1lisis de la propuesta de reglamentos, reformas o derogatorias V.3<\/a><\/li>\n\n\n\n<li>\u25ce&nbsp;<a href=\"https:\/\/departamentos.uleam.edu.ec\/gestion-aseguramiento-calidad\/files\/2020\/09\/PCO-021.xls\">PCO-02-F-001 Cat\u00e1logo de reglamentos institucionales V.4<\/a><\/li>\n\n\n\n<li>\u25ce&nbsp;<a href=\"https:\/\/departamentos.uleam.edu.ec\/gestion-aseguramiento-calidad\/files\/2020\/09\/PCO-021.doc\">PCO-02-F-005 Registro de revisiones de reglamentos V.3<\/a><\/li>\n\n\n\n<li>\u25ce&nbsp;<a href=\"https:\/\/departamentos.uleam.edu.ec\/gestion-aseguramiento-calidad\/files\/2023\/07\/Modelo-de-Proyecto-de-Reglamento-General.docx\">Modelo de Proyecto de Reglamento General<\/a><\/li>\n<\/ul>\n\n\n\n<p><\/p>\n<\/div>\n<\/div><\/div>\n<\/div><\/div>\n<\/div><\/div>\n<\/div><\/div>\n\n\n","protected":false},"excerpt":{"rendered":"","protected":false},"author":47,"featured_media":0,"parent":0,"menu_order":0,"comment_status":"closed","ping_status":"open","template":"","meta":{"footnotes":"","_links_to":"","_links_to_target":""},"class_list":["post-1916","page","type-page","status-publish","hentry"],"_links":{"self":[{"href":"https:\/\/departamentos.uleam.edu.ec\/gestion-aseguramiento-calidad\/wp-json\/wp\/v2\/pages\/1916","targetHints":{"allow":["GET"]}}],"collection":[{"href":"https:\/\/departamentos.uleam.edu.ec\/gestion-aseguramiento-calidad\/wp-json\/wp\/v2\/pages"}],"about":[{"href":"https:\/\/departamentos.uleam.edu.ec\/gestion-aseguramiento-calidad\/wp-json\/wp\/v2\/types\/page"}],"author":[{"embeddable":true,"href":"https:\/\/departamentos.uleam.edu.ec\/gestion-aseguramiento-calidad\/wp-json\/wp\/v2\/users\/47"}],"replies":[{"embeddable":true,"href":"https:\/\/departamentos.uleam.edu.ec\/gestion-aseguramiento-calidad\/wp-json\/wp\/v2\/comments?post=1916"}],"version-history":[{"count":30,"href":"https:\/\/departamentos.uleam.edu.ec\/gestion-aseguramiento-calidad\/wp-json\/wp\/v2\/pages\/1916\/revisions"}],"predecessor-version":[{"id":12234,"href":"https:\/\/departamentos.uleam.edu.ec\/gestion-aseguramiento-calidad\/wp-json\/wp\/v2\/pages\/1916\/revisions\/12234"}],"wp:attachment":[{"href":"https:\/\/departamentos.uleam.edu.ec\/gestion-aseguramiento-calidad\/wp-json\/wp\/v2\/media?parent=1916"}],"curies":[{"name":"wp","href":"https:\/\/api.w.org\/{rel}","templated":true}]}}