{"id":2384,"date":"2017-08-10T21:16:17","date_gmt":"2017-08-10T21:16:17","guid":{"rendered":"http:\/\/departamentos.uleam.edu.ec\/organizacionymetodos\/?page_id=2384"},"modified":"2023-08-05T21:33:27","modified_gmt":"2023-08-06T02:33:27","slug":"emision-y-entrega-de-certificados-de-promocion-2","status":"publish","type":"page","link":"https:\/\/departamentos.uleam.edu.ec\/gestion-aseguramiento-calidad\/emision-y-entrega-de-certificados-de-promocion-2\/","title":{"rendered":"EMISI\u00d3N Y ENTREGA DE CERTIFICADOS DE PROMOCI\u00d3N"},"content":{"rendered":"<p>Manual<\/p>\n<ul>\n<li><a href=\"https:\/\/departamentos.uleam.edu.ec\/gestion-aseguramiento-calidad\/files\/2020\/02\/PAC-01V1.pdf\">PAC-01 Emisi\u00f3n y entrega de certificados de promoci\u00f3n V.1<\/a><\/li>\n<\/ul>\n<p>Flujo<\/p>\n<ul>\n<li><a href=\"https:\/\/departamentos.uleam.edu.ec\/gestion-aseguramiento-calidad\/files\/2020\/02\/FLUJO-V1.pdf\">Emisi\u00f3n y entrega de certificados de promoci\u00f3n\u00a0 V.1<\/a><\/li>\n<\/ul>\n<p>Formatos<\/p>\n<p>\u25aaFicha de requerimiento de documentos\u00a0 PAC-01-F-001. V1. (Talonario de Secretar\u00eda General).<\/p>\n<p>\u25aaCertificado de Promoci\u00f3n \u00danico PAC-01-F-003. V1. (Emitido en el Sistema de Gesti\u00f3n Acad\u00e9mica \u2013 SGA).<\/p>\n<p>Versiones Anteriores<\/p>\n<p>Manual<\/p>\n<ul>\n<li><\/li>\n<\/ul>\n<p>Flujo<\/p>\n<ul>\n<li><\/li>\n<\/ul>\n","protected":false},"excerpt":{"rendered":"<p>Manual PAC-01 Emisi\u00f3n y entrega de certificados de promoci\u00f3n V.1 Flujo Emisi\u00f3n y entrega de certificados de promoci\u00f3n\u00a0 V.1 Formatos \u25aaFicha de requerimiento de documentos\u00a0 PAC-01-F-001. V1. (Talonario de Secretar\u00eda General). \u25aaCertificado de Promoci\u00f3n \u00danico PAC-01-F-003. V1. (Emitido en el [&hellip;]<\/p>\n","protected":false},"author":47,"featured_media":0,"parent":0,"menu_order":0,"comment_status":"closed","ping_status":"closed","template":"","meta":{"footnotes":"","_links_to":"","_links_to_target":""},"class_list":["post-2384","page","type-page","status-publish","hentry"],"_links":{"self":[{"href":"https:\/\/departamentos.uleam.edu.ec\/gestion-aseguramiento-calidad\/wp-json\/wp\/v2\/pages\/2384","targetHints":{"allow":["GET"]}}],"collection":[{"href":"https:\/\/departamentos.uleam.edu.ec\/gestion-aseguramiento-calidad\/wp-json\/wp\/v2\/pages"}],"about":[{"href":"https:\/\/departamentos.uleam.edu.ec\/gestion-aseguramiento-calidad\/wp-json\/wp\/v2\/types\/page"}],"author":[{"embeddable":true,"href":"https:\/\/departamentos.uleam.edu.ec\/gestion-aseguramiento-calidad\/wp-json\/wp\/v2\/users\/47"}],"replies":[{"embeddable":true,"href":"https:\/\/departamentos.uleam.edu.ec\/gestion-aseguramiento-calidad\/wp-json\/wp\/v2\/comments?post=2384"}],"version-history":[{"count":11,"href":"https:\/\/departamentos.uleam.edu.ec\/gestion-aseguramiento-calidad\/wp-json\/wp\/v2\/pages\/2384\/revisions"}],"predecessor-version":[{"id":10753,"href":"https:\/\/departamentos.uleam.edu.ec\/gestion-aseguramiento-calidad\/wp-json\/wp\/v2\/pages\/2384\/revisions\/10753"}],"wp:attachment":[{"href":"https:\/\/departamentos.uleam.edu.ec\/gestion-aseguramiento-calidad\/wp-json\/wp\/v2\/media?parent=2384"}],"curies":[{"name":"wp","href":"https:\/\/api.w.org\/{rel}","templated":true}]}}