{"id":2428,"date":"2017-08-21T17:00:48","date_gmt":"2017-08-21T17:00:48","guid":{"rendered":"http:\/\/departamentos.uleam.edu.ec\/organizacionymetodos\/?page_id=2428"},"modified":"2023-08-05T21:35:52","modified_gmt":"2023-08-06T02:35:52","slug":"otorgamiento-de-aval-academico-a-eventos","status":"publish","type":"page","link":"https:\/\/departamentos.uleam.edu.ec\/gestion-aseguramiento-calidad\/otorgamiento-de-aval-academico-a-eventos\/","title":{"rendered":"OTORGAMIENTO DE AVAL ACAD\u00c9MICO A EVENTOS"},"content":{"rendered":"<p>Manual<\/p>\n<ul>\n<li><a href=\"https:\/\/departamentos.uleam.edu.ec\/gestion-aseguramiento-calidad\/files\/2020\/02\/MANUAL-OTORGAMIENTO-DE-AVAL-ACAD\u00c9MICO-A-EVENTOS.pdf\">PAG-03 Otorgamiento de Aval Acad\u00e9mico a eventos V.1<\/a><\/li>\n<\/ul>\n<p>Flujo<\/p>\n<ul>\n<li><a href=\"https:\/\/departamentos.uleam.edu.ec\/gestion-aseguramiento-calidad\/files\/2020\/02\/FLUJOD1.pdf\">Otorgamiento de aval acad\u00e9mico a eventos V.1<\/a><\/li>\n<\/ul>\n<p>Formatos<\/p>\n<ul>\n<li><a href=\"https:\/\/departamentos.uleam.edu.ec\/gestion-aseguramiento-calidad\/files\/2020\/02\/PAG-03-F-001-PROPUESTA-DE-EVENTOS-ACAD\u00c9MICOS.docx\">PAG-03-F-001 Propuesta de Eventos Acad\u00e9micos V.1<\/a><\/li>\n<\/ul>\n<p>Versiones Anteriores<\/p>\n<p>Manual<\/p>\n<ul>\n<li><\/li>\n<\/ul>\n<p>Flujo<\/p>\n<ul>\n<li><\/li>\n<\/ul>\n","protected":false},"excerpt":{"rendered":"<p>Manual PAG-03 Otorgamiento de Aval Acad\u00e9mico a eventos V.1 Flujo Otorgamiento de aval acad\u00e9mico a eventos V.1 Formatos PAG-03-F-001 Propuesta de Eventos Acad\u00e9micos V.1 Versiones Anteriores Manual Flujo<\/p>\n","protected":false},"author":47,"featured_media":0,"parent":0,"menu_order":0,"comment_status":"closed","ping_status":"closed","template":"","meta":{"footnotes":"","_links_to":"","_links_to_target":""},"class_list":["post-2428","page","type-page","status-publish","hentry"],"_links":{"self":[{"href":"https:\/\/departamentos.uleam.edu.ec\/gestion-aseguramiento-calidad\/wp-json\/wp\/v2\/pages\/2428","targetHints":{"allow":["GET"]}}],"collection":[{"href":"https:\/\/departamentos.uleam.edu.ec\/gestion-aseguramiento-calidad\/wp-json\/wp\/v2\/pages"}],"about":[{"href":"https:\/\/departamentos.uleam.edu.ec\/gestion-aseguramiento-calidad\/wp-json\/wp\/v2\/types\/page"}],"author":[{"embeddable":true,"href":"https:\/\/departamentos.uleam.edu.ec\/gestion-aseguramiento-calidad\/wp-json\/wp\/v2\/users\/47"}],"replies":[{"embeddable":true,"href":"https:\/\/departamentos.uleam.edu.ec\/gestion-aseguramiento-calidad\/wp-json\/wp\/v2\/comments?post=2428"}],"version-history":[{"count":5,"href":"https:\/\/departamentos.uleam.edu.ec\/gestion-aseguramiento-calidad\/wp-json\/wp\/v2\/pages\/2428\/revisions"}],"predecessor-version":[{"id":10757,"href":"https:\/\/departamentos.uleam.edu.ec\/gestion-aseguramiento-calidad\/wp-json\/wp\/v2\/pages\/2428\/revisions\/10757"}],"wp:attachment":[{"href":"https:\/\/departamentos.uleam.edu.ec\/gestion-aseguramiento-calidad\/wp-json\/wp\/v2\/media?parent=2428"}],"curies":[{"name":"wp","href":"https:\/\/api.w.org\/{rel}","templated":true}]}}