{"id":2507,"date":"2017-10-04T21:34:14","date_gmt":"2017-10-04T21:34:14","guid":{"rendered":"http:\/\/departamentos.uleam.edu.ec\/organizacionymetodos\/?page_id=2507"},"modified":"2025-04-22T14:37:02","modified_gmt":"2025-04-22T19:37:02","slug":"formulacion-y-aprobacion-del-plan-operativo-anual-poa-2","status":"publish","type":"page","link":"https:\/\/departamentos.uleam.edu.ec\/gestion-aseguramiento-calidad\/formulacion-y-aprobacion-del-plan-operativo-anual-poa-2\/","title":{"rendered":"FORMULACI\u00d3N Y APROBACI\u00d3N DEL PLAN OPERATIVO ANUAL INSTITUCIONAL"},"content":{"rendered":"\n<div class=\"wp-block-gutena-tabs gutena-tabs-block gutena-tabs-block-43b8de-91\"><ul class=\"gutena-tabs-tab tab-center\"><li class=\"gutena-tab-title active\" data-tab=\"1\"><div class=\"gutena-tab-title-content icon-top\"><div class=\"gutena-tab-title-text\"><div>Manuales<\/div><\/div><\/div><\/li><li class=\"gutena-tab-title inactive\" data-tab=\"2\"><div class=\"gutena-tab-title-content icon-top\"><div class=\"gutena-tab-title-text\"><div>Gu\u00eda\/Instructivos<\/div><\/div><\/div><\/li><li class=\"gutena-tab-title inactive\" data-tab=\"3\"><div class=\"gutena-tab-title-content icon-top\"><div class=\"gutena-tab-title-text\"><div>Formatos<\/div><\/div><\/div><\/li><li class=\"gutena-tab-title inactive\" data-tab=\"4\"><div class=\"gutena-tab-title-content icon-top\"><div class=\"gutena-tab-title-text\"><div>Versiones no vigentes<\/div><\/div><\/div><\/li><\/ul><div class=\"gutena-tabs-content is-layout-flow wp-block-gutena-tabs-is-layout-flow\">\n<div class=\"wp-block-gutena-tab gutena-tab-block gutena-tab-block-dfff8a-e9 active\" data-tab=\"1\">\n<p style=\"margin-top:0;margin-bottom:0\">\u2705 <a href=\"https:\/\/departamentos.uleam.edu.ec\/gestion-aseguramiento-calidad\/files\/2025\/04\/PPP-02-Formulacion-y-Aprobacion-del-POA-institucional-V5.pdf\">PPP-02 Formulaci\u00f3n y Aprobaci\u00f3n del POA institucional V5<\/a><\/p>\n\n\n\n<p style=\"margin-top:0;margin-bottom:0\">\u2705 <a href=\"https:\/\/departamentos.uleam.edu.ec\/gestion-aseguramiento-calidad\/files\/2025\/04\/Diagrama-Flujo-Formulacion-y-Aprobacion-del-POA-institucional-V5.pdf\">Diagrama Flujo &#8211; Formulaci\u00f3n y Aprobaci\u00f3n del POA institucional V5<\/a><\/p>\n<\/div>\n\n\n\n<div class=\"wp-block-gutena-tab gutena-tab-block gutena-tab-block-cf80ce-3c inactive\" data-tab=\"2\">\n<p style=\"margin-top:0;margin-bottom:0\">\u2705<a href=\"https:\/\/departamentos.uleam.edu.ec\/gestion-aseguramiento-calidad\/files\/2019\/10\/PPP-02-G-001-AT-CV1.pdf\" target=\"_blank\" rel=\"noreferrer noopener\">PPP-02-G-001 Gu\u00eda de trabajo para la determinaci\u00f3n y asignaci\u00f3n de techos financieros destinados a programas y proyectos de investigaci\u00f3n en funci\u00f3n de la planificaci\u00f3n y presupuesto de la Uleam V1<\/a><\/p>\n<\/div>\n\n\n\n<div class=\"wp-block-gutena-tab gutena-tab-block gutena-tab-block-e597c6-74 inactive\" data-tab=\"3\">\n<p style=\"margin-top:0;margin-bottom:0\">\u26a0\ufe0fProcedimientos sin formatos institucionales codificados. Para mayor informaci\u00f3n contactar a la Direcci\u00f3n de Planificaci\u00f3n, Proyectos y Desarrollo Institucional.<\/p>\n<\/div>\n\n\n\n<div class=\"wp-block-gutena-tab gutena-tab-block gutena-tab-block-42cce2-22 inactive\" data-tab=\"4\">\n<p style=\"margin-top:0;margin-bottom:0\">\u26a0\ufe0f<a href=\"https:\/\/departamentos.uleam.edu.ec\/gestion-aseguramiento-calidad\/files\/2019\/10\/PPP-02-V1-FormulacionPOA.pdf\">PPP-02 Manual de Formulaci\u00f3n y aprobaci\u00f3n del POA V.1<\/a><\/p>\n\n\n\n<p style=\"margin-top:0;margin-bottom:0\">\u26a0\ufe0f<a href=\"https:\/\/departamentos.uleam.edu.ec\/gestion-aseguramiento-calidad\/formulacion-y-aprobacion-del-plan-operativo-anual-poa-2\/\">Diagrama &#8211; Manual Formulaci\u00f3n y elaboraci\u00f3n del Plan Operativo Anual V.2<\/a><\/p>\n\n\n\n<p style=\"margin-top:0;margin-bottom:0\">\u26a0\ufe0f<a href=\"https:\/\/departamentos.uleam.edu.ec\/gestion-aseguramiento-calidad\/files\/2019\/10\/PPP-02-V2-FormulacionPOA.pdf\">PPP-02 Manual de Formulaci\u00f3n y aprobaci\u00f3n del POA V.2<\/a><\/p>\n\n\n\n<p style=\"margin-top:0;margin-bottom:0\">\u26a0\ufe0f<a href=\"https:\/\/departamentos.uleam.edu.ec\/gestion-aseguramiento-calidad\/files\/2022\/04\/FLUJO_ELABORACION_POA.pdf\">Diagrama &#8211; Manual Formulaci\u00f3n y elaboraci\u00f3n del Plan Operativo Anual V.2<\/a><\/p>\n\n\n\n<p style=\"margin-top:0;margin-bottom:0\">\u26a0\ufe0f<a href=\"https:\/\/departamentos.uleam.edu.ec\/gestion-aseguramiento-calidad\/files\/2019\/10\/PPP-02-C.pdf\">PPP-02 Formulaci\u00f3n y aprobaci\u00f3n del Plan Operativo Anual V.3<\/a><\/p>\n\n\n\n<p style=\"margin-top:0;margin-bottom:0\">\u26a0\ufe0f<a href=\"https:\/\/departamentos.uleam.edu.ec\/gestion-aseguramiento-calidad\/files\/2019\/10\/formulaci\u00f3n.poav_.3.pdf\">Diagrama &#8211; Manual Formulaci\u00f3n y Aprobaci\u00f3n del Plan Operativo Anual V.3<\/a><\/p>\n\n\n\n<p style=\"margin-top:0;margin-bottom:0\">\u26a0\ufe0f<a href=\"https:\/\/departamentos.uleam.edu.ec\/gestion-aseguramiento-calidad\/files\/2022\/04\/PPP-02-Manual-Formulacion-Aprobacion-POA_FC_V4.pdf\" target=\"_blank\" rel=\"noreferrer noopener\">PPP-02 Manual de procedimientos Formulaci\u00f3n y aprobaci\u00f3n del Plan Operativo Anual V.4<\/a><\/p>\n\n\n\n<p style=\"margin-top:0;margin-bottom:0\">\u26a0\ufe0f<a href=\"https:\/\/departamentos.uleam.edu.ec\/gestion-aseguramiento-calidad\/files\/2022\/04\/Flujo_Formulacion_Aprobacion_POA.pdf\" target=\"_blank\" rel=\"noreferrer noopener\">Diagrama de flujo &#8211; Manual Formulaci\u00f3n y Aprobaci\u00f3n del POA V4<\/a><\/p>\n\n\n\n<p><\/p>\n<\/div>\n<\/div><\/div>\n","protected":false},"excerpt":{"rendered":"","protected":false},"author":47,"featured_media":0,"parent":0,"menu_order":0,"comment_status":"closed","ping_status":"closed","template":"","meta":{"footnotes":"","_links_to":"","_links_to_target":""},"class_list":["post-2507","page","type-page","status-publish","hentry"],"_links":{"self":[{"href":"https:\/\/departamentos.uleam.edu.ec\/gestion-aseguramiento-calidad\/wp-json\/wp\/v2\/pages\/2507","targetHints":{"allow":["GET"]}}],"collection":[{"href":"https:\/\/departamentos.uleam.edu.ec\/gestion-aseguramiento-calidad\/wp-json\/wp\/v2\/pages"}],"about":[{"href":"https:\/\/departamentos.uleam.edu.ec\/gestion-aseguramiento-calidad\/wp-json\/wp\/v2\/types\/page"}],"author":[{"embeddable":true,"href":"https:\/\/departamentos.uleam.edu.ec\/gestion-aseguramiento-calidad\/wp-json\/wp\/v2\/users\/47"}],"replies":[{"embeddable":true,"href":"https:\/\/departamentos.uleam.edu.ec\/gestion-aseguramiento-calidad\/wp-json\/wp\/v2\/comments?post=2507"}],"version-history":[{"count":28,"href":"https:\/\/departamentos.uleam.edu.ec\/gestion-aseguramiento-calidad\/wp-json\/wp\/v2\/pages\/2507\/revisions"}],"predecessor-version":[{"id":13316,"href":"https:\/\/departamentos.uleam.edu.ec\/gestion-aseguramiento-calidad\/wp-json\/wp\/v2\/pages\/2507\/revisions\/13316"}],"wp:attachment":[{"href":"https:\/\/departamentos.uleam.edu.ec\/gestion-aseguramiento-calidad\/wp-json\/wp\/v2\/media?parent=2507"}],"curies":[{"name":"wp","href":"https:\/\/api.w.org\/{rel}","templated":true}]}}