{"id":3061,"date":"2018-08-08T17:08:14","date_gmt":"2018-08-08T17:08:14","guid":{"rendered":"http:\/\/departamentos.uleam.edu.ec\/organizacionymetodos\/?page_id=3061"},"modified":"2023-08-05T22:25:04","modified_gmt":"2023-08-06T03:25:04","slug":"rendicion-de-cuentas","status":"publish","type":"page","link":"https:\/\/departamentos.uleam.edu.ec\/gestion-aseguramiento-calidad\/rendicion-de-cuentas\/","title":{"rendered":"RENDICI\u00d3N DE CUENTAS"},"content":{"rendered":"<p>Manual<\/p>\n<ul>\n<li><a href=\"https:\/\/departamentos.uleam.edu.ec\/gestion-aseguramiento-calidad\/files\/2020\/06\/PPP-04-V2-RendicionCuentas.pdf\">PPP-04 Rendici\u00f3n de Cuentas V.2<\/a><\/li>\n<\/ul>\n<p>Flujo<\/p>\n<ul>\n<li><a href=\"https:\/\/departamentos.uleam.edu.ec\/gestion-aseguramiento-calidad\/files\/2020\/06\/FLUJO.pdf\">Rendici\u00f3n social de cuentas y de los fondos p\u00fablicos Uleam V.2<\/a><\/li>\n<\/ul>\n<p>Formatos<br \/>\nVersiones anteriores<\/p>\n<p>Manual<\/p>\n<ul>\n<li><a href=\"https:\/\/departamentos.uleam.edu.ec\/gestion-aseguramiento-calidad\/files\/2020\/06\/PPP-04RendicionCuentas.pdf\">PPP-04 Rendici\u00f3n de cuentas en la Uleam V.1<\/a><\/li>\n<\/ul>\n<p>Flujo<\/p>\n<ul>\n<li><a href=\"https:\/\/departamentos.uleam.edu.ec\/gestion-aseguramiento-calidad\/files\/2020\/06\/RendicionCuentas.pdf\">Rendici\u00f3n de cuentas en la Uleam V.1<\/a><\/li>\n<\/ul>\n","protected":false},"excerpt":{"rendered":"<p>Manual PPP-04 Rendici\u00f3n de Cuentas V.2 Flujo Rendici\u00f3n social de cuentas y de los fondos p\u00fablicos Uleam V.2 Formatos Versiones anteriores Manual PPP-04 Rendici\u00f3n de cuentas en la Uleam V.1 Flujo Rendici\u00f3n de cuentas en la Uleam V.1<\/p>\n","protected":false},"author":105,"featured_media":0,"parent":0,"menu_order":0,"comment_status":"closed","ping_status":"closed","template":"","meta":{"footnotes":"","_links_to":"","_links_to_target":""},"class_list":["post-3061","page","type-page","status-publish","hentry"],"_links":{"self":[{"href":"https:\/\/departamentos.uleam.edu.ec\/gestion-aseguramiento-calidad\/wp-json\/wp\/v2\/pages\/3061","targetHints":{"allow":["GET"]}}],"collection":[{"href":"https:\/\/departamentos.uleam.edu.ec\/gestion-aseguramiento-calidad\/wp-json\/wp\/v2\/pages"}],"about":[{"href":"https:\/\/departamentos.uleam.edu.ec\/gestion-aseguramiento-calidad\/wp-json\/wp\/v2\/types\/page"}],"author":[{"embeddable":true,"href":"https:\/\/departamentos.uleam.edu.ec\/gestion-aseguramiento-calidad\/wp-json\/wp\/v2\/users\/105"}],"replies":[{"embeddable":true,"href":"https:\/\/departamentos.uleam.edu.ec\/gestion-aseguramiento-calidad\/wp-json\/wp\/v2\/comments?post=3061"}],"version-history":[{"count":6,"href":"https:\/\/departamentos.uleam.edu.ec\/gestion-aseguramiento-calidad\/wp-json\/wp\/v2\/pages\/3061\/revisions"}],"predecessor-version":[{"id":10795,"href":"https:\/\/departamentos.uleam.edu.ec\/gestion-aseguramiento-calidad\/wp-json\/wp\/v2\/pages\/3061\/revisions\/10795"}],"wp:attachment":[{"href":"https:\/\/departamentos.uleam.edu.ec\/gestion-aseguramiento-calidad\/wp-json\/wp\/v2\/media?parent=3061"}],"curies":[{"name":"wp","href":"https:\/\/api.w.org\/{rel}","templated":true}]}}