{"id":3706,"date":"2019-07-15T22:16:28","date_gmt":"2019-07-15T22:16:28","guid":{"rendered":"http:\/\/departamentos.uleam.edu.ec\/gestion-aseguramiento-calidad\/?page_id=3706"},"modified":"2023-06-29T10:16:38","modified_gmt":"2023-06-29T15:16:38","slug":"autoevaluacion-institucional-2019","status":"publish","type":"page","link":"https:\/\/departamentos.uleam.edu.ec\/gestion-aseguramiento-calidad\/autoevaluacion-institucional-2019\/","title":{"rendered":"Autoevaluaci\u00f3n Institucional 2019"},"content":{"rendered":"<div class=\"wp-block-image\">\n<figure class=\"aligncenter size-large is-resized\"><img decoding=\"async\" src=\"https:\/\/departamentos.uleam.edu.ec\/gestion-aseguramiento-calidad\/files\/2019\/07\/Autoevaluacion.jpg\" alt=\"\" width=\"355\" height=\"84\"\/><\/figure>\n<\/div>\n\n\n<div class=\"wp-block-gutena-tabs gutena-tabs-block gutena-tabs-block-3b8a9d-8c\"><ul class=\"gutena-tabs-tab tab-flex\"><li class=\"gutena-tab-title active\" data-tab=\"1\"><div class=\"gutena-tab-title-content icon-top\"><div class=\"gutena-tab-title-text\"><div>Modelo<\/div><\/div><\/div><\/li><li class=\"gutena-tab-title inactive\" data-tab=\"2\"><div class=\"gutena-tab-title-content icon-top\"><div class=\"gutena-tab-title-text\"><div><a>Pares Evaluadores<\/a><\/div><\/div><\/div><\/li><li class=\"gutena-tab-title inactive\" data-tab=\"3\"><div class=\"gutena-tab-title-content icon-top\"><div class=\"gutena-tab-title-text\"><div><a>Informe<\/a><\/div><\/div><\/div><\/li><li class=\"gutena-tab-title inactive\" data-tab=\"4\"><div class=\"gutena-tab-title-content icon-top\"><div class=\"gutena-tab-title-text\"><div><a>Informaci\u00f3n evaluaci\u00f3n externa CACES<\/a><\/div><\/div><\/div><\/li><\/ul><div class=\"gutena-tabs-content is-layout-flow wp-block-gutena-tabs-is-layout-flow\">\n<div class=\"wp-block-gutena-tab gutena-tab-block gutena-tab-block-11b84d-a9 active\" data-tab=\"1\">\n<ul class=\"wp-block-list\">\n<li><a href=\"https:\/\/departamentos.uleam.edu.ec\/gestion-aseguramiento-calidad\/files\/2019\/08\/CRONOGRAMA_GENERAL_AUTOEVALUACION.pdf\">Cronograma General de Autoevaluaci\u00f3n<\/a><\/li>\n<\/ul>\n\n\n\n<p><strong>Matrices:<\/strong><\/p>\n\n\n\n<ul class=\"wp-block-list\">\n<li><a href=\"https:\/\/departamentos.uleam.edu.ec\/gestion-aseguramiento-calidad\/files\/2019\/08\/COND.-INSTITUCIONALES_pagina-1.xlsx\">Funci\u00f3n Condiciones Institucionales<\/a><\/li>\n\n\n\n<li><a href=\"https:\/\/departamentos.uleam.edu.ec\/gestion-aseguramiento-calidad\/files\/2019\/08\/FUNCI\u00d3N-DOCENCIA_pagina.xlsx\">Funci\u00f3n Docencia<\/a><\/li>\n\n\n\n<li><a href=\"https:\/\/departamentos.uleam.edu.ec\/gestion-aseguramiento-calidad\/files\/2019\/08\/FUNCI\u00d3N-INVESTIGACI\u00d3N_pagina.xlsx\">Funci\u00f3n Investigaci\u00f3n&nbsp;<\/a><\/li>\n\n\n\n<li><a href=\"https:\/\/departamentos.uleam.edu.ec\/gestion-aseguramiento-calidad\/files\/2019\/08\/FUNCI\u00d3N-VINCULACI\u00d3N_pagina.xlsx\">Funci\u00f3n Vinculaci\u00f3n<\/a><\/li>\n<\/ul>\n\n\n\n<p><strong>Presentaciones:<\/strong><\/p>\n\n\n\n<ul class=\"wp-block-list\">\n<li><a href=\"https:\/\/departamentos.uleam.edu.ec\/gestion-aseguramiento-calidad\/files\/2019\/08\/PresentacionModeloAp.pdf\">Modelo de Evaluaci\u00f3n&nbsp;<\/a><\/li>\n\n\n\n<li><a href=\"https:\/\/departamentos.uleam.edu.ec\/gestion-aseguramiento-calidad\/files\/2019\/08\/InvestigacionVinculacion.pdf\">Investigaci\u00f3n y Vinculaci\u00f3n<\/a><\/li>\n\n\n\n<li><a href=\"https:\/\/departamentos.uleam.edu.ec\/gestion-aseguramiento-calidad\/files\/2019\/08\/PracticaPP_SG.pdf\">Pr\u00e1cticas Preprofesionales&nbsp; Seguimiento a Graduados<\/a><\/li>\n\n\n\n<li><a href=\"https:\/\/departamentos.uleam.edu.ec\/gestion-aseguramiento-calidad\/files\/2019\/11\/6-Descripcion-Uleam-2019-evaluacion-externa-Directores.pptx\">Descripcion Uleam 2019 evaluacion externa Directores<\/a><\/li>\n\n\n\n<li><a href=\"https:\/\/departamentos.uleam.edu.ec\/gestion-aseguramiento-calidad\/files\/2019\/11\/6-Descripcion-Uleam-2019-evaluacion-externa.pptx\">Descripcion Uleam 2019 evaluacion externa Decanos<\/a><\/li>\n<\/ul>\n<\/div>\n\n\n\n<div class=\"wp-block-gutena-tab gutena-tab-block gutena-tab-block-1fb278-fb inactive\" data-tab=\"2\">\n<ul class=\"wp-block-list\">\n<li><a href=\"https:\/\/departamentos.uleam.edu.ec\/gestion-aseguramiento-calidad\/files\/2019\/08\/CAPACITACION_PARES.pdf\">Capacitaci\u00f3n Pares<\/a><\/li>\n\n\n\n<li><a href=\"https:\/\/departamentos.uleam.edu.ec\/gestion-aseguramiento-calidad\/files\/2019\/08\/Guia-de-autoevaluaci\u00f3n-institucional-Uleam-e2019.pdf\">Guia de autoevaluaci\u00f3n institucional Uleam&nbsp; 2019<\/a><\/li>\n\n\n\n<li><a href=\"https:\/\/departamentos.uleam.edu.ec\/gestion-aseguramiento-calidad\/files\/2019\/08\/Equipos-evaluadores-V.3.pdf\">Lista de pares evaluadores V.3<\/a><\/li>\n\n\n\n<li><a href=\"https:\/\/departamentos.uleam.edu.ec\/gestion-aseguramiento-calidad\/files\/2019\/08\/AGENDA_INSTITUCIONAL2.pdf\">Agenda Institucional V.3<\/a><\/li>\n\n\n\n<li><a href=\"https:\/\/departamentos.uleam.edu.ec\/gestion-aseguramiento-calidad\/files\/2019\/08\/AGENDA_ESTUDIANTADO.pdf\">Agenda Estudiantado V.2<\/a><\/li>\n\n\n\n<li><a href=\"https:\/\/departamentos.uleam.edu.ec\/gestion-aseguramiento-calidad\/files\/2019\/08\/AGENDA_INVESTIGACI\u00d3N.pdf\">Agenda Investigaci\u00f3n V.3<\/a><\/li>\n\n\n\n<li><a href=\"https:\/\/departamentos.uleam.edu.ec\/gestion-aseguramiento-calidad\/files\/2019\/08\/AGENDA_PROFESORADO.pdf\">Agenda_Profesorado V.3<\/a><\/li>\n\n\n\n<li><a href=\"https:\/\/departamentos.uleam.edu.ec\/gestion-aseguramiento-calidad\/files\/2019\/08\/AGENDA_VINCULACI\u00d3N.pdf\">Agenda Vinculaci\u00f3n V.2<\/a><\/li>\n\n\n\n<li><a href=\"https:\/\/departamentos.uleam.edu.ec\/gestion-aseguramiento-calidad\/files\/2019\/08\/AGENDA_CONDICIONES_INSTITUCIONALES_v2.pdf\">Agenda Condiciones Institucionales V.2<\/a><\/li>\n\n\n\n<li><a href=\"https:\/\/departamentos.uleam.edu.ec\/gestion-aseguramiento-calidad\/files\/2019\/08\/AGENDA_ad_HOC.pdf\">Agenda Ad Hoc<\/a><\/li>\n\n\n\n<li><a href=\"https:\/\/departamentos.uleam.edu.ec\/gestion-aseguramiento-calidad\/files\/2019\/08\/FICHA_OBSERVACI\u00d3N.docx\">Ficha de observaci\u00f3n<\/a><\/li>\n<\/ul>\n<\/div>\n\n\n\n<div class=\"wp-block-gutena-tab gutena-tab-block gutena-tab-block-613b11-87 inactive\" data-tab=\"3\">\n<ul class=\"wp-block-list\">\n<li><a href=\"https:\/\/departamentos.uleam.edu.ec\/gestion-aseguramiento-calidad\/files\/2020\/01\/F-Informe_Auto_Instit_2019.pdf\">Informe autoevalauci\u00f3n institucional 2019<\/a><\/li>\n\n\n\n<li><a href=\"https:\/\/departamentos.uleam.edu.ec\/gestion-aseguramiento-calidad\/files\/2020\/01\/I-Informe_tecnico_Auto_Instit_2019.pdf\">Informe t\u00e9cnico autoevalauci\u00f3n institucional 2019<\/a><\/li>\n<\/ul>\n<\/div>\n\n\n\n<div class=\"wp-block-gutena-tab gutena-tab-block gutena-tab-block-a9d381-d0 inactive\" data-tab=\"4\">\n<ul class=\"wp-block-list\">\n<li><a href=\"https:\/\/departamentos.uleam.edu.ec\/gestion-aseguramiento-calidad\/files\/2019\/07\/RESOLUCI\u00d3N-No.-013-SE-06-CACES-2019.pdf\">Resoluci\u00f3n No. 013-SE-06-CACES-2019<\/a><\/li>\n\n\n\n<li><a href=\"https:\/\/departamentos.uleam.edu.ec\/gestion-aseguramiento-calidad\/files\/2019\/08\/Resoluci\u00f3n-085-.pdf\">Cronograma de evaluaci\u00f3n de&nbsp; las universidades y escuelas polit\u00e9cnicas -UEP&nbsp;<\/a><\/li>\n\n\n\n<li><a href=\"https:\/\/departamentos.uleam.edu.ec\/gestion-aseguramiento-calidad\/files\/2019\/07\/Modelo-IES_P-2019.pdf\">Modelo de Evaluaci\u00f3n Externa de Universidades y Escuelas Polit\u00e9cnicas 2019<\/a><\/li>\n\n\n\n<li><a href=\"https:\/\/departamentos.uleam.edu.ec\/gestion-aseguramiento-calidad\/files\/2019\/08\/POL\u00cdTICA-DE-EVALUACI\u00d3N-DE-UNIVERSIDADES-Y-ESCUELAS-POLIT\u00c9CNICAS.pdf\">Pol\u00edtica de Evaluaci\u00f3n de Universidades y Escuelas Polit\u00e9cnicas<\/a><\/li>\n\n\n\n<li><a href=\"https:\/\/departamentos.uleam.edu.ec\/gestion-aseguramiento-calidad\/files\/2019\/11\/Agenda-ULEAM-Matriz.pdf\">Agenda visita insitu ULEAM &#8211; Matriz<\/a><\/li>\n<\/ul>\n<\/div>\n<\/div><\/div>\n","protected":false},"excerpt":{"rendered":"","protected":false},"author":105,"featured_media":0,"parent":0,"menu_order":0,"comment_status":"closed","ping_status":"closed","template":"","meta":{"footnotes":"","_links_to":"","_links_to_target":""},"class_list":["post-3706","page","type-page","status-publish","hentry"],"_links":{"self":[{"href":"https:\/\/departamentos.uleam.edu.ec\/gestion-aseguramiento-calidad\/wp-json\/wp\/v2\/pages\/3706","targetHints":{"allow":["GET"]}}],"collection":[{"href":"https:\/\/departamentos.uleam.edu.ec\/gestion-aseguramiento-calidad\/wp-json\/wp\/v2\/pages"}],"about":[{"href":"https:\/\/departamentos.uleam.edu.ec\/gestion-aseguramiento-calidad\/wp-json\/wp\/v2\/types\/page"}],"author":[{"embeddable":true,"href":"https:\/\/departamentos.uleam.edu.ec\/gestion-aseguramiento-calidad\/wp-json\/wp\/v2\/users\/105"}],"replies":[{"embeddable":true,"href":"https:\/\/departamentos.uleam.edu.ec\/gestion-aseguramiento-calidad\/wp-json\/wp\/v2\/comments?post=3706"}],"version-history":[{"count":60,"href":"https:\/\/departamentos.uleam.edu.ec\/gestion-aseguramiento-calidad\/wp-json\/wp\/v2\/pages\/3706\/revisions"}],"predecessor-version":[{"id":10154,"href":"https:\/\/departamentos.uleam.edu.ec\/gestion-aseguramiento-calidad\/wp-json\/wp\/v2\/pages\/3706\/revisions\/10154"}],"wp:attachment":[{"href":"https:\/\/departamentos.uleam.edu.ec\/gestion-aseguramiento-calidad\/wp-json\/wp\/v2\/media?parent=3706"}],"curies":[{"name":"wp","href":"https:\/\/api.w.org\/{rel}","templated":true}]}}