{"id":3812,"date":"2019-07-22T20:24:58","date_gmt":"2019-07-22T20:24:58","guid":{"rendered":"http:\/\/departamentos.uleam.edu.ec\/gestion-aseguramiento-calidad\/?page_id=3812"},"modified":"2024-04-03T13:39:05","modified_gmt":"2024-04-03T18:39:05","slug":"informe-caces","status":"publish","type":"page","link":"https:\/\/departamentos.uleam.edu.ec\/gestion-aseguramiento-calidad\/informe-caces\/","title":{"rendered":"Informe CACES"},"content":{"rendered":"<p style=\"text-align: center\"><img decoding=\"async\" class=\"alignnone size-medium wp-image-11742\" src=\"https:\/\/departamentos.uleam.edu.ec\/gestion-aseguramiento-calidad\/files\/2024\/04\/LogoCaces-300x90.png\" alt=\"\" width=\"300\" height=\"90\" srcset=\"https:\/\/departamentos.uleam.edu.ec\/gestion-aseguramiento-calidad\/files\/2024\/04\/LogoCaces-300x90.png 300w, https:\/\/departamentos.uleam.edu.ec\/gestion-aseguramiento-calidad\/files\/2024\/04\/LogoCaces-768x229.png 768w, https:\/\/departamentos.uleam.edu.ec\/gestion-aseguramiento-calidad\/files\/2024\/04\/LogoCaces.png 975w\" sizes=\"(max-width: 300px) 100vw, 300px\" \/><\/p>\n<p>\u2705 <a href=\"https:\/\/departamentos.uleam.edu.ec\/gestion-aseguramiento-calidad\/files\/2019\/07\/informe_final_2016.pdf\">Informe Final del Proceso de Evaluaci\u00f3n, Acreditaci\u00f3n y Recategorizaci\u00f3n<\/a><\/p>\n<p>\u2705 <a href=\"https:\/\/departamentos.uleam.edu.ec\/gestion-aseguramiento-calidad\/files\/2019\/07\/resolucion_no._145-ceaaces-se-13-2017.pdf\">Resoluci\u00f3n_no._145 Aprobaci\u00f3n Informe Final del Proceso de Evaluaci\u00f3n, Acreditaci\u00f3n y Recategorizaci\u00f3n 2016<br \/>\n<\/a><\/p>\n","protected":false},"excerpt":{"rendered":"<p>\u2705 Informe Final del Proceso de Evaluaci\u00f3n, Acreditaci\u00f3n y Recategorizaci\u00f3n \u2705 Resoluci\u00f3n_no._145 Aprobaci\u00f3n Informe Final del Proceso de Evaluaci\u00f3n, Acreditaci\u00f3n y Recategorizaci\u00f3n 2016<\/p>\n","protected":false},"author":105,"featured_media":0,"parent":0,"menu_order":0,"comment_status":"closed","ping_status":"closed","template":"","meta":{"footnotes":"","_links_to":"","_links_to_target":""},"class_list":["post-3812","page","type-page","status-publish","hentry"],"_links":{"self":[{"href":"https:\/\/departamentos.uleam.edu.ec\/gestion-aseguramiento-calidad\/wp-json\/wp\/v2\/pages\/3812","targetHints":{"allow":["GET"]}}],"collection":[{"href":"https:\/\/departamentos.uleam.edu.ec\/gestion-aseguramiento-calidad\/wp-json\/wp\/v2\/pages"}],"about":[{"href":"https:\/\/departamentos.uleam.edu.ec\/gestion-aseguramiento-calidad\/wp-json\/wp\/v2\/types\/page"}],"author":[{"embeddable":true,"href":"https:\/\/departamentos.uleam.edu.ec\/gestion-aseguramiento-calidad\/wp-json\/wp\/v2\/users\/105"}],"replies":[{"embeddable":true,"href":"https:\/\/departamentos.uleam.edu.ec\/gestion-aseguramiento-calidad\/wp-json\/wp\/v2\/comments?post=3812"}],"version-history":[{"count":14,"href":"https:\/\/departamentos.uleam.edu.ec\/gestion-aseguramiento-calidad\/wp-json\/wp\/v2\/pages\/3812\/revisions"}],"predecessor-version":[{"id":11746,"href":"https:\/\/departamentos.uleam.edu.ec\/gestion-aseguramiento-calidad\/wp-json\/wp\/v2\/pages\/3812\/revisions\/11746"}],"wp:attachment":[{"href":"https:\/\/departamentos.uleam.edu.ec\/gestion-aseguramiento-calidad\/wp-json\/wp\/v2\/media?parent=3812"}],"curies":[{"name":"wp","href":"https:\/\/api.w.org\/{rel}","templated":true}]}}