{"id":3841,"date":"2019-07-22T22:09:13","date_gmt":"2019-07-22T22:09:13","guid":{"rendered":"http:\/\/departamentos.uleam.edu.ec\/gestion-aseguramiento-calidad\/?page_id=3841"},"modified":"2025-02-12T16:51:42","modified_gmt":"2025-02-12T21:51:42","slug":"debates-academicos","status":"publish","type":"page","link":"https:\/\/departamentos.uleam.edu.ec\/gestion-aseguramiento-calidad\/debates-academicos\/","title":{"rendered":"Debates Acad\u00e9micos"},"content":{"rendered":"<p><img fetchpriority=\"high\" decoding=\"async\" class=\"aligncenter\" src=\"https:\/\/departamentos.uleam.edu.ec\/gestion-aseguramiento-calidad\/files\/2019\/07\/DebatesA-300x252.jpg\" alt=\"\" width=\"300\" height=\"252\" \/><\/p>\n<p>&#8211;<span style=\"color: #3366ff\"><a style=\"color: #3366ff\">Modelo de Evaluaci\u00f3n de Carrera.<\/a><\/span><\/p>\n<p>&#8211;<span style=\"color: #3366ff\"><a style=\"color: #3366ff\" href=\"https:\/\/departamentos.uleam.edu.ec\/gestion-aseguramiento-calidad\/files\/2019\/07\/PresentacionPrimeraVersionModeloTransitorio.pdf\">Presentaci\u00f3n Primera Versi\u00f3n Modelo Transitorio para la Evaluaci\u00f3n de Entornos de Aprendizajes de Carreras Uleam 2019.<\/a><\/span><\/p>\n","protected":false},"excerpt":{"rendered":"<p>&#8211;Modelo de Evaluaci\u00f3n de Carrera. &#8211;Presentaci\u00f3n Primera Versi\u00f3n Modelo Transitorio para la Evaluaci\u00f3n de Entornos de Aprendizajes de Carreras Uleam 2019.<\/p>\n","protected":false},"author":105,"featured_media":0,"parent":0,"menu_order":0,"comment_status":"closed","ping_status":"closed","template":"","meta":{"footnotes":"","_links_to":"","_links_to_target":""},"class_list":["post-3841","page","type-page","status-publish","hentry"],"_links":{"self":[{"href":"https:\/\/departamentos.uleam.edu.ec\/gestion-aseguramiento-calidad\/wp-json\/wp\/v2\/pages\/3841","targetHints":{"allow":["GET"]}}],"collection":[{"href":"https:\/\/departamentos.uleam.edu.ec\/gestion-aseguramiento-calidad\/wp-json\/wp\/v2\/pages"}],"about":[{"href":"https:\/\/departamentos.uleam.edu.ec\/gestion-aseguramiento-calidad\/wp-json\/wp\/v2\/types\/page"}],"author":[{"embeddable":true,"href":"https:\/\/departamentos.uleam.edu.ec\/gestion-aseguramiento-calidad\/wp-json\/wp\/v2\/users\/105"}],"replies":[{"embeddable":true,"href":"https:\/\/departamentos.uleam.edu.ec\/gestion-aseguramiento-calidad\/wp-json\/wp\/v2\/comments?post=3841"}],"version-history":[{"count":12,"href":"https:\/\/departamentos.uleam.edu.ec\/gestion-aseguramiento-calidad\/wp-json\/wp\/v2\/pages\/3841\/revisions"}],"predecessor-version":[{"id":13195,"href":"https:\/\/departamentos.uleam.edu.ec\/gestion-aseguramiento-calidad\/wp-json\/wp\/v2\/pages\/3841\/revisions\/13195"}],"wp:attachment":[{"href":"https:\/\/departamentos.uleam.edu.ec\/gestion-aseguramiento-calidad\/wp-json\/wp\/v2\/media?parent=3841"}],"curies":[{"name":"wp","href":"https:\/\/api.w.org\/{rel}","templated":true}]}}