{"id":3895,"date":"2019-07-23T16:25:17","date_gmt":"2019-07-23T16:25:17","guid":{"rendered":"http:\/\/departamentos.uleam.edu.ec\/gestion-aseguramiento-calidad\/?page_id=3895"},"modified":"2020-08-12T19:35:25","modified_gmt":"2020-08-12T19:35:25","slug":"reglamentos-y-resoluciones","status":"publish","type":"page","link":"https:\/\/departamentos.uleam.edu.ec\/gestion-aseguramiento-calidad\/reglamentos-y-resoluciones\/","title":{"rendered":"Historico"},"content":{"rendered":"\t\t<div data-elementor-type=\"wp-page\" data-elementor-id=\"3895\" class=\"elementor elementor-3895\">\n\t\t\t\t\t\t<section class=\"elementor-section elementor-top-section elementor-element elementor-element-918259b elementor-section-boxed elementor-section-height-default elementor-section-height-default\" data-id=\"918259b\" data-element_type=\"section\">\n\t\t\t\t\t\t<div class=\"elementor-container elementor-column-gap-default\">\n\t\t\t\t\t<div class=\"elementor-column elementor-col-100 elementor-top-column elementor-element elementor-element-28ef40f\" data-id=\"28ef40f\" data-element_type=\"column\">\n\t\t\t<div class=\"elementor-widget-wrap elementor-element-populated\">\n\t\t\t\t\t\t<div class=\"elementor-element elementor-element-4545af72 elementor-widget elementor-widget-text-editor\" data-id=\"4545af72\" data-element_type=\"widget\" data-widget_type=\"text-editor.default\">\n\t\t\t\t<div class=\"elementor-widget-container\">\n\t\t\t\t\t\t\t\t\t<p><strong>REGLAMENTOS:<\/strong><\/p><p><span style=\"color: #333333\"><a style=\"color: #333333\" href=\"https:\/\/departamentos.uleam.edu.ec\/gestion-aseguramiento-calidad\/files\/2019\/07\/ULEAM015-REGLAMENTO-DE-EVALUACION-INTEGRAL-DEL-DESEMPENO-DEL-PERSONAL-ACADEMICO.pdf\">Reglamento de Evaluaci\u00f3n Integral del Desempe\u00f1o del Personal Acad\u00e9mico\u00a0(27 de octubre de 2016)<\/a><\/span><\/p><p><strong>RESOLUCI\u00d3N:<\/strong><\/p><p><span style=\"color: #333333\"><a style=\"color: #333333\" href=\"https:\/\/departamentos.uleam.edu.ec\/gestion-aseguramiento-calidad\/files\/2019\/07\/RESOLUCION-DE-APROBACION.pdf\">Resoluci\u00f3n de Aprobaci\u00f3n del proceso de Evaluaci\u00f3n Integral de Desempe\u00f1o del personal Acad\u00e9mico.<\/a><\/span><\/p><p><strong>PROCESO:<\/strong><\/p><ol><li><span style=\"color: #333333\"><a style=\"color: #333333\" href=\"https:\/\/departamentos.uleam.edu.ec\/gestion-aseguramiento-calidad\/files\/2019\/07\/PROCESOS-DE-EIDPA.pdf\">Proceso de Evaluaci\u00f3n Integral de Desempe\u00f1o del personal Acad\u00e9mico[EIDPA].<\/a><\/span><\/li><li><span style=\"color: #333333\"><a style=\"color: #333333\" href=\"https:\/\/departamentos.uleam.edu.ec\/gestion-aseguramiento-calidad\/files\/2019\/07\/documentos-basicos-para-la-Coevaluaci\u00f3n-de-directivos.pdf\">Documentos b\u00e1sicos para la Co-evaluaci\u00f3n de directivos<\/a><\/span><\/li><li><span style=\"color: #333333\"><a style=\"color: #333333\" href=\"https:\/\/departamentos.uleam.edu.ec\/gestion-aseguramiento-calidad\/files\/2019\/07\/GUIA-DEL-PROCESO-EIDPA-V.031-1.pdf\">Gu\u00eda de proceso EIDPA [Versi\u00f3n 3.0 2016]<\/a><\/span><\/li><\/ol>\t\t\t\t\t\t\t\t<\/div>\n\t\t\t\t<\/div>\n\t\t\t\t\t<\/div>\n\t\t<\/div>\n\t\t\t\t\t<\/div>\n\t\t<\/section>\n\t\t\t\t<\/div>\n\t\t","protected":false},"excerpt":{"rendered":"<p>REGLAMENTOS: Reglamento de Evaluaci\u00f3n Integral del Desempe\u00f1o del Personal Acad\u00e9mico\u00a0(27 de octubre de 2016) RESOLUCI\u00d3N: Resoluci\u00f3n de Aprobaci\u00f3n del proceso de Evaluaci\u00f3n Integral de Desempe\u00f1o del personal Acad\u00e9mico. PROCESO: Proceso de Evaluaci\u00f3n Integral de Desempe\u00f1o del personal Acad\u00e9mico[EIDPA]. Documentos b\u00e1sicos [&hellip;]<\/p>\n","protected":false},"author":105,"featured_media":0,"parent":0,"menu_order":0,"comment_status":"closed","ping_status":"closed","template":"","meta":{"footnotes":"","_links_to":"","_links_to_target":""},"class_list":["post-3895","page","type-page","status-publish","hentry"],"_links":{"self":[{"href":"https:\/\/departamentos.uleam.edu.ec\/gestion-aseguramiento-calidad\/wp-json\/wp\/v2\/pages\/3895","targetHints":{"allow":["GET"]}}],"collection":[{"href":"https:\/\/departamentos.uleam.edu.ec\/gestion-aseguramiento-calidad\/wp-json\/wp\/v2\/pages"}],"about":[{"href":"https:\/\/departamentos.uleam.edu.ec\/gestion-aseguramiento-calidad\/wp-json\/wp\/v2\/types\/page"}],"author":[{"embeddable":true,"href":"https:\/\/departamentos.uleam.edu.ec\/gestion-aseguramiento-calidad\/wp-json\/wp\/v2\/users\/105"}],"replies":[{"embeddable":true,"href":"https:\/\/departamentos.uleam.edu.ec\/gestion-aseguramiento-calidad\/wp-json\/wp\/v2\/comments?post=3895"}],"version-history":[{"count":4,"href":"https:\/\/departamentos.uleam.edu.ec\/gestion-aseguramiento-calidad\/wp-json\/wp\/v2\/pages\/3895\/revisions"}],"predecessor-version":[{"id":6734,"href":"https:\/\/departamentos.uleam.edu.ec\/gestion-aseguramiento-calidad\/wp-json\/wp\/v2\/pages\/3895\/revisions\/6734"}],"wp:attachment":[{"href":"https:\/\/departamentos.uleam.edu.ec\/gestion-aseguramiento-calidad\/wp-json\/wp\/v2\/media?parent=3895"}],"curies":[{"name":"wp","href":"https:\/\/api.w.org\/{rel}","templated":true}]}}