{"id":3906,"date":"2019-07-23T16:40:46","date_gmt":"2019-07-23T16:40:46","guid":{"rendered":"http:\/\/departamentos.uleam.edu.ec\/gestion-aseguramiento-calidad\/?page_id=3906"},"modified":"2020-01-07T15:25:33","modified_gmt":"2020-01-07T15:25:33","slug":"socializacion-eidpa","status":"publish","type":"page","link":"https:\/\/departamentos.uleam.edu.ec\/gestion-aseguramiento-calidad\/socializacion-eidpa\/","title":{"rendered":"Socializaci\u00f3n Eidpa"},"content":{"rendered":"\t\t<div data-elementor-type=\"wp-post\" data-elementor-id=\"3906\" class=\"elementor elementor-3906\">\n\t\t\t\t\t\t<section class=\"elementor-section elementor-top-section elementor-element elementor-element-be13860 elementor-section-boxed elementor-section-height-default elementor-section-height-default\" data-id=\"be13860\" data-element_type=\"section\">\n\t\t\t\t\t\t<div class=\"elementor-container elementor-column-gap-default\">\n\t\t\t\t\t<div class=\"elementor-column elementor-col-100 elementor-top-column elementor-element elementor-element-4fd9cfaf\" data-id=\"4fd9cfaf\" data-element_type=\"column\">\n\t\t\t<div class=\"elementor-widget-wrap elementor-element-populated\">\n\t\t\t\t\t\t<div class=\"elementor-element elementor-element-1973ea7c elementor-widget elementor-widget-text-editor\" data-id=\"1973ea7c\" data-element_type=\"widget\" data-widget_type=\"text-editor.default\">\n\t\t\t\t<div class=\"elementor-widget-container\">\n\t\t\t\t\t\t\t\t\t<ul><li><span style=\"color: #000000;\"><a style=\"color: #000000;\" href=\"https:\/\/departamentos.uleam.edu.ec\/gestion-aseguramiento-calidad\/files\/2019\/07\/Presentacion-EIDPA-20191-1.pdf\">Presentacion-EIDPA-20191<\/a><\/span><\/li><li><span style=\"color: #000000;\"><a style=\"color: #000000;\" href=\"https:\/\/departamentos.uleam.edu.ec\/gestion-aseguramiento-calidad\/files\/2019\/07\/Alcance-socializaci\u00f3n-EIDPA-20191-1.pdf\">Alcance-socializaci\u00f3n-EIDPA-20191<\/a> <\/span><\/li><li><span style=\"color: #000000;\"><a style=\"color: #000000;\" href=\"https:\/\/departamentos.uleam.edu.ec\/gestion-aseguramiento-calidad\/files\/2019\/07\/CALENDARIO-DE-EVALUACION-INTEGRAL-DEL-DESEMPE\u00d1O-DOCENTE-ULTIMOS-cambios-Rita2019-1.pdf\">Calendario de evaluaci\u00f3n integral\u00a0 del desempe\u00f1o docente<\/a><\/span><\/li><li><a href=\"https:\/\/departamentos.uleam.edu.ec\/gestion-aseguramiento-calidad\/files\/2020\/01\/PAE-04-G-001-GUIA-Eidpa-C.pdf\"><span style=\"color: #000000;\">Gu\u00eda metodol\u00f3gica de evaluaci\u00f3n integral de desempe\u00f1o del personal acad\u00e9mico (Eidpa)<\/span><\/a><\/li><\/ul>\t\t\t\t\t\t\t\t<\/div>\n\t\t\t\t<\/div>\n\t\t\t\t\t<\/div>\n\t\t<\/div>\n\t\t\t\t\t<\/div>\n\t\t<\/section>\n\t\t\t\t<\/div>\n\t\t","protected":false},"excerpt":{"rendered":"<p>Presentacion-EIDPA-20191 Alcance-socializaci\u00f3n-EIDPA-20191 Calendario de evaluaci\u00f3n integral\u00a0 del desempe\u00f1o docente Gu\u00eda metodol\u00f3gica de evaluaci\u00f3n integral de desempe\u00f1o del personal acad\u00e9mico (Eidpa)<\/p>\n","protected":false},"author":105,"featured_media":0,"parent":0,"menu_order":0,"comment_status":"closed","ping_status":"closed","template":"","meta":{"footnotes":"","_links_to":"","_links_to_target":""},"class_list":["post-3906","page","type-page","status-publish","hentry"],"_links":{"self":[{"href":"https:\/\/departamentos.uleam.edu.ec\/gestion-aseguramiento-calidad\/wp-json\/wp\/v2\/pages\/3906","targetHints":{"allow":["GET"]}}],"collection":[{"href":"https:\/\/departamentos.uleam.edu.ec\/gestion-aseguramiento-calidad\/wp-json\/wp\/v2\/pages"}],"about":[{"href":"https:\/\/departamentos.uleam.edu.ec\/gestion-aseguramiento-calidad\/wp-json\/wp\/v2\/types\/page"}],"author":[{"embeddable":true,"href":"https:\/\/departamentos.uleam.edu.ec\/gestion-aseguramiento-calidad\/wp-json\/wp\/v2\/users\/105"}],"replies":[{"embeddable":true,"href":"https:\/\/departamentos.uleam.edu.ec\/gestion-aseguramiento-calidad\/wp-json\/wp\/v2\/comments?post=3906"}],"version-history":[{"count":11,"href":"https:\/\/departamentos.uleam.edu.ec\/gestion-aseguramiento-calidad\/wp-json\/wp\/v2\/pages\/3906\/revisions"}],"predecessor-version":[{"id":5275,"href":"https:\/\/departamentos.uleam.edu.ec\/gestion-aseguramiento-calidad\/wp-json\/wp\/v2\/pages\/3906\/revisions\/5275"}],"wp:attachment":[{"href":"https:\/\/departamentos.uleam.edu.ec\/gestion-aseguramiento-calidad\/wp-json\/wp\/v2\/media?parent=3906"}],"curies":[{"name":"wp","href":"https:\/\/api.w.org\/{rel}","templated":true}]}}