{"id":3941,"date":"2019-07-23T17:48:52","date_gmt":"2019-07-23T17:48:52","guid":{"rendered":"http:\/\/departamentos.uleam.edu.ec\/gestion-aseguramiento-calidad\/?page_id=3941"},"modified":"2026-02-05T16:44:05","modified_gmt":"2026-02-05T21:44:05","slug":"subsistema-de-formacion-academica-2","status":"publish","type":"page","link":"https:\/\/departamentos.uleam.edu.ec\/gestion-aseguramiento-calidad\/subsistema-de-formacion-academica-2\/","title":{"rendered":""},"content":{"rendered":"\n<figure class=\"wp-block-image size-large is-resized\"><img fetchpriority=\"high\" decoding=\"async\" width=\"1024\" height=\"333\" src=\"https:\/\/departamentos.uleam.edu.ec\/gestion-aseguramiento-calidad\/files\/2025\/10\/SUBSISTEMA-DOCENCIA-1024x333.png\" alt=\"\" class=\"wp-image-14369\" style=\"width:434px;height:auto\" srcset=\"https:\/\/departamentos.uleam.edu.ec\/gestion-aseguramiento-calidad\/files\/2025\/10\/SUBSISTEMA-DOCENCIA-1024x333.png 1024w, https:\/\/departamentos.uleam.edu.ec\/gestion-aseguramiento-calidad\/files\/2025\/10\/SUBSISTEMA-DOCENCIA-300x98.png 300w, https:\/\/departamentos.uleam.edu.ec\/gestion-aseguramiento-calidad\/files\/2025\/10\/SUBSISTEMA-DOCENCIA-768x250.png 768w, https:\/\/departamentos.uleam.edu.ec\/gestion-aseguramiento-calidad\/files\/2025\/10\/SUBSISTEMA-DOCENCIA.png 1080w\" sizes=\"(max-width: 1024px) 100vw, 1024px\" \/><\/figure>\n\n\n\n<h2 class=\"wp-block-heading has-text-align-left\"><strong>MACROPROCESOS:<\/strong><\/h2>\n\n\n\n<div class=\"wp-block-pb-accordion-item c-accordion__item js-accordion-item no-js is-open\" data-initially-open=\"true\" data-click-to-close=\"true\" data-auto-close=\"true\" data-scroll=\"false\" data-scroll-offset=\"0\"><h2 id=\"at-39410\" class=\"c-accordion__title js-accordion-controller\" role=\"button\"><a>\ud83d\udd35 <\/a><strong>ADMISI\u00d3N<\/strong><\/h2><div id=\"ac-39410\" class=\"c-accordion__content\">\n<figure class=\"wp-block-table\"><table class=\"has-fixed-layout\"><tbody><tr><td rowspan=\"8\">\ud83d\udd38<strong>ADMISI\u00d3N DE ESTUDIANTES Y MATRICULACI\u00d3N<\/strong><\/td><td><a href=\"https:\/\/departamentos.uleam.edu.ec\/gestion-aseguramiento-calidad\/homologacion-de-estudios-por-analisis-comparativo-de-contenidos\/\" target=\"_blank\" rel=\"noreferrer noopener\">HOMOLOGACI\u00d3N DE ESTUDIOS POR AN\u00c1LISIS COMPARATIVO DE CONTENIDOS<\/a><\/td><\/tr><tr><td><a href=\"https:\/\/departamentos.uleam.edu.ec\/gestion-aseguramiento-calidad\/reingreso-de-estudiantes\/\" target=\"_blank\" rel=\"noreferrer noopener\">REINGRESO DE ESTUDIANTES<\/a><\/td><\/tr><tr><td><a href=\"https:\/\/departamentos.uleam.edu.ec\/gestion-aseguramiento-calidad\/matricula\/\" target=\"_blank\" rel=\"noreferrer noopener\">MATR\u00cdCULA<\/a><\/td><\/tr><tr><td><a href=\"https:\/\/departamentos.uleam.edu.ec\/gestion-aseguramiento-calidad\/admision-y-matricula-de-estudiantes-a-programas-de-estudios-de-postgrado\/\" target=\"_blank\" rel=\"noreferrer noopener\">ADMISI\u00d3N Y MATR\u00cdCULA DE ESTUDIANTES A PROGRAMAS DE ESTUDIOS DE POSTGRADO<\/a><\/td><\/tr><tr><td><a href=\"https:\/\/departamentos.uleam.edu.ec\/gestion-aseguramiento-calidad\/2024\/04\/22\/validacion-por-ejercicio-profesional-o-experiencia-laboral\/\">VALIDACI\u00d3N POR EJERCICIO PROFESIONAL O EXPERIENCIA LABORAL<\/a><\/td><\/tr><tr><td><a href=\"https:\/\/departamentos.uleam.edu.ec\/gestion-aseguramiento-calidad\/homologacion-de-estudios-por-validacion-de-conocimientos-de-pregrado-y-posgrado-2\/\" target=\"_blank\" rel=\"noreferrer noopener\">HOMOLOGACI\u00d3N DE ESTUDIOS POR VALIDACI\u00d3N DE CONOCIMIENTOS DE PREGRADO Y POSGRADO<\/a><\/td><\/tr><tr><td><a href=\"https:\/\/departamentos.uleam.edu.ec\/gestion-aseguramiento-calidad\/2024\/11\/30\/admision-de-estudiantes-a-losprogramas-de-doctorado\/\">ADMISI\u00d3N DE ESTUDIANTES A LOS PROGRAMAS DE DOCTORADO<\/a><\/td><\/tr><tr><td><a href=\"https:\/\/departamentos.uleam.edu.ec\/gestion-aseguramiento-calidad\/2024\/11\/30\/homologacion-de-estudios-realizados-en-otros-programas-de-doctorado\/\">HOMOLOGACI\u00d3N DE ESTUDIOS REALIZADOS EN OTROS PROGRAMAS DE DOCTORADO<\/a><\/td><\/tr><tr><td>\ud83d\udd38<strong>ADMISI\u00d3N Y NIVELACI\u00d3N<\/strong><\/td><td><a href=\"https:\/\/departamentos.uleam.edu.ec\/gestion-aseguramiento-calidad\/2019\/08\/23\/admision-y-nivelacion\/\" target=\"_blank\" rel=\"noreferrer noopener\">ADMISI\u00d3N Y NIVELACI\u00d3N<\/a><\/td><\/tr><\/tbody><\/table><\/figure>\n<\/div><\/div>\n\n\n\n<div class=\"wp-block-pb-accordion-item c-accordion__item js-accordion-item no-js is-open\" data-initially-open=\"true\" data-click-to-close=\"true\" data-auto-close=\"true\" data-scroll=\"false\" data-scroll-offset=\"0\"><h2 id=\"at-39411\" class=\"c-accordion__title js-accordion-controller\" role=\"button\">\ud83d\udfe2<strong> ASEGURAMIENTO DE LA CALIDAD<\/strong><\/h2><div id=\"ac-39411\" class=\"c-accordion__content\">\n<figure class=\"wp-block-table\"><table class=\"has-fixed-layout\"><tbody><tr><td rowspan=\"7\">\ud83d\udd39<strong>ASEGURAMIENTO DE LA CALIDAD<\/strong><\/td><td><a href=\"https:\/\/departamentos.uleam.edu.ec\/gestion-aseguramiento-calidad\/autoevaluacion-institucional\/\" target=\"_blank\" rel=\"noreferrer noopener\">AUTOEVALUACI\u00d3N INSTITUCIONAL<\/a><\/td><\/tr><tr><td><a href=\"https:\/\/departamentos.uleam.edu.ec\/gestion-aseguramiento-calidad\/autoevaluacion-de-carrera\/\" target=\"_blank\" rel=\"noreferrer noopener\">AUTOEVALUACI\u00d3N DE CARRERAS DE GRADO<\/a><\/td><\/tr><tr><td><a href=\"https:\/\/departamentos.uleam.edu.ec\/gestion-aseguramiento-calidad\/autoevaluacion-de-extensiones-2\/\" target=\"_blank\" rel=\"noreferrer noopener\">AUTOEVALUACI\u00d3N DE EXTENSIONES<\/a><\/td><\/tr><tr><td><a href=\"https:\/\/departamentos.uleam.edu.ec\/gestion-aseguramiento-calidad\/2023\/05\/31\/autoevaluacion-de-programas-de-postgrado\/\">AUTOEVALUACI\u00d3N DE PROGRAMAS DE POSTGRADO<\/a><\/td><\/tr><tr><td>&#8211;<\/td><\/tr><tr><td><a href=\"https:\/\/departamentos.uleam.edu.ec\/gestion-aseguramiento-calidad\/2019\/12\/03\/evaluacion-integral-del-desempeno-del-personal-academico\/\" target=\"_blank\" rel=\"noreferrer noopener\">EVALUACI\u00d3N INTEGRAL DEL DESEMPE\u00d1O DEL PERSONAL ACAD\u00c9MICO &#8211; EIDPA.<\/a><\/td><\/tr><tr><td><a href=\"https:\/\/departamentos.uleam.edu.ec\/gestion-aseguramiento-calidad\/2020\/01\/24\/evaluacion-de-profesores-de-los-programas-de-maestria\/\" target=\"_blank\" rel=\"noreferrer noopener\">EVALUACI\u00d3N DE PROFESORES DE LOS PROGRAMAS&nbsp; DE MAESTR\u00cdA<\/a><\/td><\/tr><\/tbody><\/table><\/figure>\n<\/div><\/div>\n\n\n\n<div class=\"wp-block-pb-accordion-item c-accordion__item js-accordion-item no-js is-open\" data-initially-open=\"true\" data-click-to-close=\"true\" data-auto-close=\"true\" data-scroll=\"false\" data-scroll-offset=\"0\"><h2 id=\"at-39412\" class=\"c-accordion__title js-accordion-controller\" role=\"button\">\ud83d\udd34 <strong>GESTI\u00d3N ANDRAG\u00d3GICA Y CURRICULAR<\/strong><\/h2><div id=\"ac-39412\" class=\"c-accordion__content\">\n<figure class=\"wp-block-table\"><table class=\"has-fixed-layout\"><tbody><tr><td rowspan=\"3\">\ud83d\udd39<strong>CARGA HORARIA<\/strong><\/td><td><a href=\"https:\/\/departamentos.uleam.edu.ec\/gestion-aseguramiento-calidad\/2020\/04\/03\/carga-horaria\/\" target=\"_blank\" rel=\"noreferrer noopener\">CARGA HORARIA<\/a><\/td><\/tr><tr><td><a href=\"https:\/\/departamentos.uleam.edu.ec\/gestion-aseguramiento-calidad\/instructivo-de-cambio-de-regimen-de-dedicacion-2\/\" target=\"_blank\" rel=\"noreferrer noopener\">MODIFICACI\u00d3N DEL R\u00c9GIMEN DE DEDICACI\u00d3N PERSONAL ACAD\u00c9MICO TITULAR<\/a><\/td><\/tr><tr><td>&#8211;<\/td><\/tr><tr><td rowspan=\"6\">\ud83d\udd39<strong>PLANIFICACI\u00d3N ACAD\u00c9MICA<\/strong><\/td><td><a href=\"https:\/\/departamentos.uleam.edu.ec\/gestion-aseguramiento-calidad\/elaboracion-mejoramiento-y-seguimiento-del-silabo\/\" target=\"_blank\" rel=\"noreferrer noopener\">S\u00cdLABO GRADO<\/a><\/td><\/tr><tr><td><a href=\"https:\/\/departamentos.uleam.edu.ec\/gestion-aseguramiento-calidad\/2025\/09\/08\/silabo-postgrado\/\" target=\"_blank\" rel=\"noreferrer noopener\">S\u00cdLABO POSTGRADO<\/a><\/td><\/tr><tr><td><a href=\"https:\/\/departamentos.uleam.edu.ec\/gestion-aseguramiento-calidad\/2022\/02\/18\/codificacion-de-las-asignaturas\/\" target=\"_blank\" rel=\"noreferrer noopener\">CODIFICACI\u00d3N DE LAS ASIGNATURAS<\/a><\/td><\/tr><tr><td><a href=\"https:\/\/departamentos.uleam.edu.ec\/gestion-aseguramiento-calidad\/2022\/06\/07\/peritaje-academico\/\" target=\"_blank\" rel=\"noreferrer noopener\">PRESENTACI\u00d3N DE CARRERAS, PROGRAMAS Y AJUSTES CURRICULARES<\/a><\/td><\/tr><tr><td><a href=\"https:\/\/departamentos.uleam.edu.ec\/gestion-aseguramiento-calidad\/2024\/12\/02\/seguimiento-y-actualizacion-curricular-de-los-programas-de-doctorado\/\">SEGUIMIENTO Y ACTUALIZACI\u00d3N CURRICULAR DE LOS PROGRAMAS DE DOCTORADO<\/a><\/td><\/tr><tr><td><a href=\"https:\/\/departamentos.uleam.edu.ec\/gestion-aseguramiento-calidad\/2019\/11\/19\/programas-de-postgado\/\" target=\"_blank\" rel=\"noreferrer noopener\">GESTI\u00d3N DE COORDINADORES DE POSTGRADO<\/a><\/td><\/tr><tr><td rowspan=\"3\">\ud83d\udd39<strong>TUTOR\u00cdAS<\/strong><\/td><td><a href=\"https:\/\/departamentos.uleam.edu.ec\/gestion-aseguramiento-calidad\/tutorias-academicas\/\" target=\"_blank\" rel=\"noreferrer noopener\">TUTOR\u00cdAS ACAD\u00c9MICAS<\/a><\/td><\/tr><tr><td><a href=\"https:\/\/departamentos.uleam.edu.ec\/gestion-aseguramiento-calidad\/2024\/11\/30\/seguimiento-y-acompanamiento-academico-de-los-doctorandos\/\">SEGUIMIENTO Y ACOMPA\u00d1AMIENTO ACAD\u00c9MICO DE LOS DOCTORANDOS<\/a><\/td><\/tr><tr><td>&#8211;<\/td><\/tr><tr><td>\ud83d\udd39<strong>RESULTADOS DE APRENDIZAJE<\/strong><\/td><td><a href=\"https:\/\/departamentos.uleam.edu.ec\/gestion-aseguramiento-calidad\/evaluacion-de-resultados-de-aprendizajes\/\" target=\"_blank\" rel=\"noreferrer noopener\">SEGUIMIENTO Y EVALUACI\u00d3N DE RESULTADOS DEL APRENDIZAJE<\/a><\/td><\/tr><tr><td rowspan=\"2\">\ud83d\udd39<strong>CERTIFICACIONES ACAD\u00c9MICAS<\/strong><\/td><td><a href=\"https:\/\/departamentos.uleam.edu.ec\/gestion-aseguramiento-calidad\/emision-y-entrega-de-certificados-de-promocion-2\/\" target=\"_blank\" rel=\"noreferrer noopener\">EMISI\u00d3N Y ENTREGA DE CERTIFICADOS DE PROMOCI\u00d3N<\/a><\/td><\/tr><tr><td>&#8211;<\/td><\/tr><tr><td rowspan=\"2\">\ud83d\udd39<strong>FORMACI\u00d3N DE ESTUDIANTES DE GRADO Y POSTGRADO<\/strong><\/td><td><a href=\"https:\/\/departamentos.uleam.edu.ec\/gestion-aseguramiento-calidad\/actualizacion-de-conocimientos-para-titulacion-de-grado\/\" target=\"_blank\" rel=\"noreferrer noopener\">ACTUALIZACI\u00d3N DE CONOCIMIENTOS PARA TITULACI\u00d3N DE GRADO<\/a><\/td><\/tr><tr><td>&#8211;<\/td><\/tr><\/tbody><\/table><\/figure>\n<\/div><\/div>\n\n\n\n<div class=\"wp-block-pb-accordion-item c-accordion__item js-accordion-item no-js is-open\" data-initially-open=\"true\" data-click-to-close=\"true\" data-auto-close=\"true\" data-scroll=\"false\" data-scroll-offset=\"0\"><h2 id=\"at-39413\" class=\"c-accordion__title js-accordion-controller\" role=\"button\">\u26ab <strong>GESTI\u00d3N DE AMBIENTES DE APRENDIZAJE<\/strong><\/h2><div id=\"ac-39413\" class=\"c-accordion__content\">\n<figure class=\"wp-block-table\"><table class=\"has-fixed-layout\"><tbody><tr><td rowspan=\"4\">\ud83d\udd38<strong>GESTI\u00d3N ACAD\u00c9MICA ADMINISTRATIVA<\/strong><\/td><td><a href=\"https:\/\/departamentos.uleam.edu.ec\/gestion-aseguramiento-calidad\/2019\/09\/17\/portafolio-docente\/\">PORTAFOLIO DOCENTE<\/a><\/td><\/tr><tr><td><a href=\"https:\/\/departamentos.uleam.edu.ec\/gestion-aseguramiento-calidad\/actualizacion-bibliografica\/\" target=\"_blank\" rel=\"noreferrer noopener\">ACTUALIZACI\u00d3N BIBLIOGR\u00c1FICA<\/a><\/td><\/tr><tr><td><a href=\"https:\/\/departamentos.uleam.edu.ec\/gestion-aseguramiento-calidad\/otorgamiento-de-aval-academico-a-eventos\/\" target=\"_blank\" rel=\"noreferrer noopener\">OTORGAMIENTO DE AVAL ACAD\u00c9MICO A EVENTOS<\/a><\/td><\/tr><tr><td><a href=\"https:\/\/departamentos.uleam.edu.ec\/gestion-aseguramiento-calidad\/2021\/08\/18\/actividades-del-area-de-procesos-tecnicos-de-la-biblioteca-general-de-la-uleam\/\" target=\"_blank\" rel=\"noreferrer noopener\">ACTIVIDADES DEL \u00c1REA DE PROCESOS T\u00c9CNICOS DE LA BIBLIOTECA GENERAL<\/a><\/td><\/tr><tr><td rowspan=\"2\">\ud83d\udd38<strong>AMBIENTES DE APRENDIZAJES<\/strong><\/td><td><a href=\"https:\/\/departamentos.uleam.edu.ec\/gestion-aseguramiento-calidad\/2019\/09\/13\/guia-de-uso-de-camara-de-gesll\/\">GU\u00cdA DE USO DE C\u00c1MARA DE GESELL<\/a><\/td><\/tr><tr><td><a href=\"https:\/\/departamentos.uleam.edu.ec\/gestion-aseguramiento-calidad\/2021\/07\/30\/prestamo-devolucion-renovacion-de-prestamos-y-reposicion-del-material-bibliografico-fisico-en-las-bibliotecas-de-la-uleam\/\" target=\"_blank\" rel=\"noreferrer noopener\">CIRCULACI\u00d3N DE MATERIAL BIBLIOGR\u00c1FICO<\/a><\/td><\/tr><\/tbody><\/table><\/figure>\n<\/div><\/div>\n\n\n\n<div class=\"wp-block-pb-accordion-item c-accordion__item js-accordion-item no-js is-open\" data-initially-open=\"true\" data-click-to-close=\"true\" data-auto-close=\"true\" data-scroll=\"false\" data-scroll-offset=\"0\"><h2 id=\"at-39414\" class=\"c-accordion__title js-accordion-controller\" role=\"button\">\ud83d\udd34 <strong>GRADUACI\u00d3N<\/strong><\/h2><div id=\"ac-39414\" class=\"c-accordion__content\">\n<figure class=\"wp-block-table\"><table class=\"has-fixed-layout\"><tbody><tr><td rowspan=\"5\">\ud83d\udd39<strong>TITULACI\u00d3N<\/strong><\/td><td><a href=\"https:\/\/departamentos.uleam.edu.ec\/gestion-aseguramiento-calidad\/2018\/09\/05\/titulacion-de-estudiantes-de-grado\/\" target=\"_blank\" rel=\"noreferrer noopener\">TITULACI\u00d3N DE ESTUDIANTES DE GRADO&nbsp;<\/a>(CARRERAS NO VIGENTES)<\/td><\/tr><tr><td><a href=\"https:\/\/departamentos.uleam.edu.ec\/gestion-aseguramiento-calidad\/emision-y-registro-de-titulo-de-grado-y-posgrado\/\" target=\"_blank\" rel=\"noreferrer noopener\">EMISI\u00d3N Y REGISTRO DE T\u00cdTULO DE GRADO Y POSGRADO<\/a><\/td><\/tr><tr><td><a href=\"https:\/\/departamentos.uleam.edu.ec\/gestion-aseguramiento-calidad\/titulacion-de-estudiantes-de-posgrado\/\" target=\"_blank\" rel=\"noreferrer noopener\">TITULACI\u00d3N DE ESTUDIANTES DE POSGRADO<\/a><\/td><\/tr><tr><td><a href=\"https:\/\/departamentos.uleam.edu.ec\/gestion-aseguramiento-calidad\/2020\/06\/22\/titulacion-de-estudiantes-de-grado-bajo-la-unidad-de-integracion-curricular\/\" target=\"_blank\" rel=\"noreferrer noopener\">TITULACI\u00d3N DE ESTUDIANTES DE GRADO: UNIDAD DE INTEGRACI\u00d3N CURRICULAR Y UNIDAD DE TITULACI\u00d3N<\/a><\/td><\/tr><tr><td><a href=\"https:\/\/departamentos.uleam.edu.ec\/gestion-aseguramiento-calidad\/titulacion-de-estudiantes-de-la-unidad-academica-de-formacion-tecnica-y-tecnologica\/\">TITULACI\u00d3N DE ESTUDIANTES DE LAS CARRERAS T\u00c9CNICAS Y TECNOL\u00d3GICAS<\/a><\/td><\/tr><\/tbody><\/table><\/figure>\n<\/div><\/div>\n\n\n\n<div class=\"wp-block-pb-accordion-item c-accordion__item js-accordion-item no-js is-open\" data-initially-open=\"true\" data-click-to-close=\"true\" data-auto-close=\"true\" data-scroll=\"false\" data-scroll-offset=\"0\"><h2 id=\"at-39415\" class=\"c-accordion__title js-accordion-controller\" role=\"button\"><a>\ud83d\udd35<\/a> <strong>GESTI\u00d3N DEL PERSONAL ACAD\u00c9MICO<\/strong><\/h2><div id=\"ac-39415\" class=\"c-accordion__content\">\n<figure class=\"wp-block-table\"><table class=\"has-fixed-layout\"><tbody><tr><td rowspan=\"6\">\ud83d\udd39<strong>DESARROLLO DOCENTE<\/strong><\/td><td><a href=\"https:\/\/departamentos.uleam.edu.ec\/gestion-aseguramiento-calidad\/escalafon-escala-remunerativa-y-promocion-del-personal-docente\/\" target=\"_blank\" rel=\"noreferrer noopener\">PROMOCI\u00d3N Y EST\u00cdMULOS AL PERSONAL ACAD\u00c9MICO<\/a><\/td><\/tr><tr><td><a href=\"https:\/\/departamentos.uleam.edu.ec\/gestion-aseguramiento-calidad\/otorgamiento-de-becas-yo-ayudas-economicas-para-docentes\/\" target=\"_blank\" rel=\"noreferrer noopener\">OTORGAMIENTO DE BECAS Y\/O AYUDAS ECON\u00d3MICAS PARA DOCENTES<\/a><\/td><\/tr><tr><td><a href=\"https:\/\/departamentos.uleam.edu.ec\/gestion-aseguramiento-calidad\/formacion-docente\/\" target=\"_blank\" rel=\"noreferrer noopener\">FORMACI\u00d3N DOCENTE<\/a><\/td><\/tr><tr><td><a href=\"https:\/\/departamentos.uleam.edu.ec\/gestion-aseguramiento-calidad\/2020\/08\/03\/concesion-de-ano-sabatico-a-docentes-universitarios\/\" target=\"_blank\" rel=\"noreferrer noopener\">CONCESI\u00d3N DE PERIODO SAB\u00c1TICO<\/a><\/td><\/tr><tr><td><a href=\"https:\/\/departamentos.uleam.edu.ec\/gestion-aseguramiento-calidad\/2025\/01\/13\/perfeccionamiento-docente\/\" target=\"_blank\" rel=\"noreferrer noopener\">PERFECCIONAMIENTO ACAD\u00c9MICO<\/a><\/td><\/tr><tr><td><a href=\"https:\/\/departamentos.uleam.edu.ec\/gestion-aseguramiento-calidad\/2025\/05\/21\/movilidad-docente\/\">MOVILIDAD ACAD\u00c9MICA DOCENTE<\/a><\/td><\/tr><\/tbody><\/table><\/figure>\n<\/div><\/div>\n\n\n\n<div class=\"wp-block-pb-accordion-item c-accordion__item js-accordion-item no-js is-open\" data-initially-open=\"true\" data-click-to-close=\"true\" data-auto-close=\"true\" data-scroll=\"false\" data-scroll-offset=\"0\"><h2 id=\"at-39416\" class=\"c-accordion__title js-accordion-controller\" role=\"button\">\ud83d\udfe3 <strong>GESTI\u00d3N Y DESARROLLO ESTUDIANTIL<\/strong><\/h2><div id=\"ac-39416\" class=\"c-accordion__content\">\n<figure class=\"wp-block-table\"><table class=\"has-fixed-layout\"><tbody><tr><td>\ud83d\udd38<strong>PR\u00c1CTICAS PREPROFESIONALES Y PASANT\u00cdAS<\/strong><\/td><td><a href=\"https:\/\/departamentos.uleam.edu.ec\/gestion-aseguramiento-calidad\/planificacion-de-programa-de-practicas-pre-profesionales-y-pasantias\/\" target=\"_blank\" rel=\"noreferrer noopener\">PLANIFICACI\u00d3N, EJECUCI\u00d3N, SUPERVISI\u00d3N Y EVALUACI\u00d3N DE PR\u00c1CTICAS PREPROFESIONALES Y PASANT\u00cdAS<\/a><\/td><\/tr><tr><td><\/td><td><a href=\"https:\/\/departamentos.uleam.edu.ec\/gestion-aseguramiento-calidad\/planificacion-ejecucion-y-supervision-de-practicas-de-cuarto-nivel-y-o-asistenciales\/\" data-type=\"page\" data-id=\"14634\">PLANIFICACI\u00d3N, EJECUCI\u00d3N Y SUPERVISI\u00d3N DE PR\u00c1CTICAS DE CUARTO NIVEL Y\/O ASISTENCIALES<\/a><\/td><\/tr><tr><td>\ud83d\udd38<strong>AYUDANT\u00cdA DE C\u00c1TEDRA E INVESTIGACI\u00d3N<\/strong><\/td><td><a href=\"https:\/\/departamentos.uleam.edu.ec\/gestion-aseguramiento-calidad\/2023\/09\/05\/ayudantia-de-catedra\/\">AYUDANT\u00cdA DE C\u00c1TEDRA<\/a><\/td><\/tr><tr><td rowspan=\"2\">\ud83d\udd38<strong>MOVILIDAD ACAD\u00c9MICA\/CONVENIOS<\/strong><\/td><td><a href=\"https:\/\/departamentos.uleam.edu.ec\/gestion-aseguramiento-calidad\/2020\/06\/17\/celebracion-seguimiento-y-evaluacion-de-acuerdos-y-o-convenios-de-cooperacion-internacionales\/\" target=\"_blank\" rel=\"noreferrer noopener\">CELEBRACI\u00d3N, SEGUIMIENTO Y EVALUACI\u00d3N DE ACUERDOS Y\/O CONVENIOS DE COOPERACI\u00d3N INTERNACIONAL<\/a><\/td><\/tr><tr><td><a href=\"https:\/\/departamentos.uleam.edu.ec\/gestion-aseguramiento-calidad\/2020\/07\/21\/movilidad-academica-estudiantil\/\" target=\"_blank\" rel=\"noreferrer noopener\">MOVILIDAD ACAD\u00c9MICA ESTUDIANTIL<\/a><\/td><\/tr><tr><td>\ud83d\udd38<strong>SEGUIMIENTO A GRADUADOS<\/strong><\/td><td>&nbsp;\u2013<\/td><\/tr><\/tbody><\/table><\/figure>\n<\/div><\/div>\n\n\n\n<p><\/p>\n","protected":false},"excerpt":{"rendered":"<p>MACROPROCESOS:<\/p>\n","protected":false},"author":105,"featured_media":0,"parent":0,"menu_order":0,"comment_status":"closed","ping_status":"closed","template":"","meta":{"footnotes":"","_links_to":"","_links_to_target":""},"class_list":["post-3941","page","type-page","status-publish","hentry"],"_links":{"self":[{"href":"https:\/\/departamentos.uleam.edu.ec\/gestion-aseguramiento-calidad\/wp-json\/wp\/v2\/pages\/3941","targetHints":{"allow":["GET"]}}],"collection":[{"href":"https:\/\/departamentos.uleam.edu.ec\/gestion-aseguramiento-calidad\/wp-json\/wp\/v2\/pages"}],"about":[{"href":"https:\/\/departamentos.uleam.edu.ec\/gestion-aseguramiento-calidad\/wp-json\/wp\/v2\/types\/page"}],"author":[{"embeddable":true,"href":"https:\/\/departamentos.uleam.edu.ec\/gestion-aseguramiento-calidad\/wp-json\/wp\/v2\/users\/105"}],"replies":[{"embeddable":true,"href":"https:\/\/departamentos.uleam.edu.ec\/gestion-aseguramiento-calidad\/wp-json\/wp\/v2\/comments?post=3941"}],"version-history":[{"count":309,"href":"https:\/\/departamentos.uleam.edu.ec\/gestion-aseguramiento-calidad\/wp-json\/wp\/v2\/pages\/3941\/revisions"}],"predecessor-version":[{"id":14662,"href":"https:\/\/departamentos.uleam.edu.ec\/gestion-aseguramiento-calidad\/wp-json\/wp\/v2\/pages\/3941\/revisions\/14662"}],"wp:attachment":[{"href":"https:\/\/departamentos.uleam.edu.ec\/gestion-aseguramiento-calidad\/wp-json\/wp\/v2\/media?parent=3941"}],"curies":[{"name":"wp","href":"https:\/\/api.w.org\/{rel}","templated":true}]}}