{"id":44,"date":"2015-12-23T20:54:08","date_gmt":"2015-12-23T20:54:08","guid":{"rendered":"http:\/\/departamentos.uleam.edu.ec\/organizacionymetodos\/?page_id=44"},"modified":"2026-04-10T16:04:19","modified_gmt":"2026-04-10T21:04:19","slug":"historia","status":"publish","type":"page","link":"https:\/\/departamentos.uleam.edu.ec\/gestion-aseguramiento-calidad\/historia\/","title":{"rendered":"Rese\u00f1a Hist\u00f3rica"},"content":{"rendered":"<p style=\"text-align: center\">\u2043\u2043\u2043\u2043\u2043\u2043\u2043\u2043\u2043\u2043\u2043\u2043\u2043\u2043\u2043\u2043\u2043\u2043\u2043\u2043\u2043\u2043\u2043\u2043\u2043\u2043\u2043\u2043\u2043\u2043\u2043\u2043\u2043\u2043\u2043\u2043\u2043\u2043\u2043\u2043\u2043\u2043\u2043\u2043\u2043\u2043\u2043\u2043\u2043\u2043\u2043\u2043\u2043\u2043\u2043\u2043\u2043\u2043\u2043\u2043\u2043\u2043\u2043\u2043\u2043\u2043\u2043\u2043\u2043\u2043\u2043\u2043\u2043\u2043\u2043\u2043\u2043\u2043\u2043\u2043\u2043\u2043\u2043\u2043\u2043\u2043\u2043\u2043\u2043\u2043\u2043\u2043\u2043\u2043\u2043\u2043\u2043\u2043\u2043\u2043\u2043\u2043\u2043\u2043\u2043\u2043\u2043\u2043\u2043\u2043\u2043\u2043\u2043\u2043\u2043\u2043\u2043\u2043\u2043\u2043\u2043\u2043\u2043\u2043\u2043\u2043\u2043\u2043\u2043\u2043\u2043\u2043\u2043\u2043\u2043\u2043\u2043\u2043\u2043\u2043<\/p>\n<p>El Estatuto de la Universidad, aprobado el 30 de enero del 2019, contempla la creaci\u00f3n de la Direcci\u00f3n de Gesti\u00f3n y Aseguramiento de la Calidad, que fusiona los departamentos de: Evaluaci\u00f3n Interna y Organizaci\u00f3n, M\u00e9todos y Control de Recursos Propios; establece que esta direcci\u00f3n se encargar\u00e1 de garantizar la operatividad de las funciones sustantivas y adjetivas de la instituci\u00f3n, a trav\u00e9s de la elaboraci\u00f3n de procesos, acompa\u00f1amiento e implementaci\u00f3n del Sistema de Gesti\u00f3n y el control de la Calidad. El prop\u00f3sito es el mejoramiento continuo de los procesos institucionales con proyecci\u00f3n a certificaciones y acreditaciones nacionales e internacionales.<\/p>\n<p>Designando como directora a la Dra. Libertad Regalado Espinoza, quien asume las funciones a partir del 2 de marzo del 2019 hasta el 31 de julio 2020; y se encarg\u00f3 de generar la estructura y organizaci\u00f3n de la direcci\u00f3n.<\/p>\n<p>De acuerdo a lo se\u00f1alado en el Estatuto de la Universidad Laica \u201cEloy Alfaro\u201d de Manab\u00ed, reformado mediante Resoluci\u00f3n OCS-SE-019-No.099-2025 y validado a los veintis\u00e9is d\u00edas del mes de noviembre de 2025, en el Pleno del CES mediante Resoluci\u00f3n RPC-SO-46-No.704-2025, las atribuciones y obligaciones de la Direcci\u00f3n de Gesti\u00f3n y Aseguramiento de la Calidad son las siguientes:<\/p>\n<ol>\n<li>Realizar las pol\u00edticas de calidad institucionales para la aprobaci\u00f3n del m\u00e1ximo \u00f3rgano de cogobierno;<\/li>\n<li>Elaborar, dise\u00f1ar, implementar y ejecutar el Sistema de Gesti\u00f3n y Aseguramiento de la Calidad;<\/li>\n<li>Fomentar el mejoramiento continuo de los procesos institucionales con proyecci\u00f3n a certificaciones y acreditaciones nacionales e internacionales;<\/li>\n<li>Codificar y mantener control de calidad en manuales, instructivos, gu\u00edas, formatos institucionales y garantizar su respectiva socializaci\u00f3n;<\/li>\n<li>Realizar la ingenier\u00eda de procedimientos acad\u00e9micos y administrativos, orientados a la optimizaci\u00f3n y simplificaci\u00f3n;<\/li>\n<li>Orientar a las unidades administrativas y acad\u00e9micas en el dise\u00f1o, revisi\u00f3n de procedimientos, estructuras, organizaci\u00f3n y sistemas administrativos;<\/li>\n<li>Dirigir la evaluaci\u00f3n integral de desempe\u00f1o del personal acad\u00e9mico;<\/li>\n<li>Efectuar auditor\u00edas para mantener el control de calidad de los procesos institucionales;<\/li>\n<li>Informar a las autoridades sobre los resultados de las auditor\u00edas de calidad, de los procesos de autoevaluaci\u00f3n y evaluaci\u00f3n, de los planes de mejoramiento y de aseguramiento de la calidad para la toma de decisiones;<\/li>\n<li>Mantener actualizado el cat\u00e1logo de manuales de procedimientos y formatos institucionales y el archivo de documentos controlados de la instituci\u00f3n;<\/li>\n<li>Planificar y ejecutar la autoevaluaci\u00f3n institucional y el Plan de Aseguramiento de la Calidad;<\/li>\n<li>Coordinar y acompa\u00f1ar la evaluaci\u00f3n institucional, de carreras y programas, con fines de la acreditaci\u00f3n nacional e internacional de acuerdo con la normativa vigente;<\/li>\n<li>Capacitar a las comisiones de las Unidades Acad\u00e9micas sobre los procesos de autoevaluaci\u00f3n y el proceso EIDPA;<\/li>\n<li>Asesorar y monitorear la elaboraci\u00f3n de los informes de autoevaluaci\u00f3n y evaluaci\u00f3n institucional, de carreras y programas, vinculaci\u00f3n, as\u00ed como los planes de mejoramiento;<\/li>\n<li>Coordinar con las diferentes direcciones departamentales de la universidad la incorporaci\u00f3n de las directrices derivadas de los procesos de autoevaluaci\u00f3n, evaluaci\u00f3n con o sin fines de acreditaci\u00f3n al Plan Estrat\u00e9gico de desarrollo institucional y Plan Operativo Anual;<\/li>\n<li>Presentar informes de sus actividades al \u00d3rgano Colegiado Superior, por lo menos una vez al a\u00f1o.<\/li>\n<\/ol>\n<p>A partir del 1 al 30 septiembre de 2020 se encarga la Direcci\u00f3n de Gesti\u00f3n y Aseguramiento de la Calidad al Dr. Carlos Eduardo Morales Villavicencio, PhD., posteriormente se lo designa Director desde el 01 de octubre de 2020 hasta el 31 de agosto de 2021.<\/p>\n<p>El 1 de septiembre de 2021, se nombr\u00f3 a la Ing. Luvy Jeannette Loor Saltos, Mg., como Directora de Gesti\u00f3n y Aseguramiento de la Calidad, cargo que desempe\u00f1\u00f3 hasta el 31 de marzo de 2026.<\/p>\n<p>Con fecha 01 de abril de 2026 se designa a la Ing. Irasema Delgado Ch\u00e1vez, Mg. como Directora de Gesti\u00f3n y Aseguramiento de la Calidad.<\/p>\n<p style=\"text-align: center\">\u2043\u2043\u2043\u2043\u2043\u2043\u2043\u2043\u2043\u2043\u2043\u2043\u2043\u2043\u2043\u2043\u2043\u2043\u2043\u2043\u2043\u2043\u2043\u2043\u2043\u2043\u2043\u2043\u2043\u2043\u2043\u2043\u2043\u2043\u2043\u2043\u2043\u2043\u2043\u2043\u2043\u2043\u2043\u2043\u2043\u2043\u2043\u2043\u2043\u2043\u2043\u2043\u2043\u2043\u2043\u2043\u2043\u2043\u2043\u2043\u2043\u2043\u2043\u2043\u2043\u2043\u2043\u2043\u2043\u2043\u2043\u2043\u2043\u2043\u2043\u2043\u2043\u2043\u2043\u2043\u2043\u2043\u2043\u2043\u2043\u2043\u2043\u2043\u2043\u2043\u2043\u2043\u2043\u2043\u2043\u2043\u2043\u2043\u2043\u2043\u2043\u2043\u2043\u2043\u2043\u2043\u2043\u2043\u2043\u2043\u2043\u2043\u2043\u2043\u2043\u2043\u2043\u2043\u2043\u2043\u2043\u2043\u2043\u2043\u2043\u2043\u2043\u2043\u2043\u2043\u2043\u2043\u2043\u2043\u2043\u2043\u2043\u2043\u2043\u2043<\/p>\n","protected":false},"excerpt":{"rendered":"<p>\u2043\u2043\u2043\u2043\u2043\u2043\u2043\u2043\u2043\u2043\u2043\u2043\u2043\u2043\u2043\u2043\u2043\u2043\u2043\u2043\u2043\u2043\u2043\u2043\u2043\u2043\u2043\u2043\u2043\u2043\u2043\u2043\u2043\u2043\u2043\u2043\u2043\u2043\u2043\u2043\u2043\u2043\u2043\u2043\u2043\u2043\u2043\u2043\u2043\u2043\u2043\u2043\u2043\u2043\u2043\u2043\u2043\u2043\u2043\u2043\u2043\u2043\u2043\u2043\u2043\u2043\u2043\u2043\u2043\u2043\u2043\u2043\u2043\u2043\u2043\u2043\u2043\u2043\u2043\u2043\u2043\u2043\u2043\u2043\u2043\u2043\u2043\u2043\u2043\u2043\u2043\u2043\u2043\u2043\u2043\u2043\u2043\u2043\u2043\u2043\u2043\u2043\u2043\u2043\u2043\u2043\u2043\u2043\u2043\u2043\u2043\u2043\u2043\u2043\u2043\u2043\u2043\u2043\u2043\u2043\u2043\u2043\u2043\u2043\u2043\u2043\u2043\u2043\u2043\u2043\u2043\u2043\u2043\u2043\u2043\u2043\u2043\u2043\u2043\u2043 El Estatuto de la Universidad, aprobado el 30 de enero del 2019, contempla la creaci\u00f3n de la Direcci\u00f3n de Gesti\u00f3n y Aseguramiento de la Calidad, que fusiona los departamentos de: Evaluaci\u00f3n Interna y Organizaci\u00f3n, M\u00e9todos y Control de Recursos [&hellip;]<\/p>\n","protected":false},"author":47,"featured_media":0,"parent":0,"menu_order":0,"comment_status":"closed","ping_status":"closed","template":"","meta":{"footnotes":"","_links_to":"","_links_to_target":""},"class_list":["post-44","page","type-page","status-publish","hentry"],"_links":{"self":[{"href":"https:\/\/departamentos.uleam.edu.ec\/gestion-aseguramiento-calidad\/wp-json\/wp\/v2\/pages\/44","targetHints":{"allow":["GET"]}}],"collection":[{"href":"https:\/\/departamentos.uleam.edu.ec\/gestion-aseguramiento-calidad\/wp-json\/wp\/v2\/pages"}],"about":[{"href":"https:\/\/departamentos.uleam.edu.ec\/gestion-aseguramiento-calidad\/wp-json\/wp\/v2\/types\/page"}],"author":[{"embeddable":true,"href":"https:\/\/departamentos.uleam.edu.ec\/gestion-aseguramiento-calidad\/wp-json\/wp\/v2\/users\/47"}],"replies":[{"embeddable":true,"href":"https:\/\/departamentos.uleam.edu.ec\/gestion-aseguramiento-calidad\/wp-json\/wp\/v2\/comments?post=44"}],"version-history":[{"count":26,"href":"https:\/\/departamentos.uleam.edu.ec\/gestion-aseguramiento-calidad\/wp-json\/wp\/v2\/pages\/44\/revisions"}],"predecessor-version":[{"id":14874,"href":"https:\/\/departamentos.uleam.edu.ec\/gestion-aseguramiento-calidad\/wp-json\/wp\/v2\/pages\/44\/revisions\/14874"}],"wp:attachment":[{"href":"https:\/\/departamentos.uleam.edu.ec\/gestion-aseguramiento-calidad\/wp-json\/wp\/v2\/media?parent=44"}],"curies":[{"name":"wp","href":"https:\/\/api.w.org\/{rel}","templated":true}]}}