{"id":4542,"date":"2019-08-16T19:51:03","date_gmt":"2019-08-16T19:51:03","guid":{"rendered":"http:\/\/departamentos.uleam.edu.ec\/gestion-aseguramiento-calidad\/?page_id=4542"},"modified":"2025-04-09T08:05:52","modified_gmt":"2025-04-09T13:05:52","slug":"asistencia-y-permanencia-del-talento-humano","status":"publish","type":"page","link":"https:\/\/departamentos.uleam.edu.ec\/gestion-aseguramiento-calidad\/asistencia-y-permanencia-del-talento-humano\/","title":{"rendered":"ASISTENCIA Y PERMANENCIA DEL TALENTO HUMANO"},"content":{"rendered":"\n<div class=\"wp-block-gutena-tabs gutena-tabs-block gutena-tabs-block-20d6ed-1a\"><ul class=\"gutena-tabs-tab tab-flex\"><li class=\"gutena-tab-title active\" data-tab=\"1\"><div class=\"gutena-tab-title-content icon-top\"><div class=\"gutena-tab-title-text\"><div><strong>Manual<\/strong> \u2705<\/div><\/div><\/div><\/li><li class=\"gutena-tab-title inactive\" data-tab=\"2\"><div class=\"gutena-tab-title-content icon-top\"><div class=\"gutena-tab-title-text\"><div><strong>Diagrama de flujo<\/strong> \u2705<\/div><\/div><\/div><\/li><li class=\"gutena-tab-title inactive\" data-tab=\"3\"><div class=\"gutena-tab-title-content icon-top\"><div class=\"gutena-tab-title-text\"><div><strong>Formatos<\/strong> \u2705<\/div><\/div><\/div><\/li><li class=\"gutena-tab-title inactive\" data-tab=\"4\"><div class=\"gutena-tab-title-content icon-top\"><div class=\"gutena-tab-title-text\"><div><strong>Versi\u00f3n no vigente \u26a0\ufe0f<\/strong><\/div><\/div><\/div><\/li><\/ul><div class=\"gutena-tabs-content is-layout-flow wp-block-gutena-tabs-is-layout-flow\">\n<div class=\"wp-block-gutena-tab gutena-tab-block gutena-tab-block-17a34b-e6 active\" data-tab=\"1\">\n<p style=\"margin-top:0;margin-bottom:0\">\u25c9 <a href=\"https:\/\/departamentos.uleam.edu.ec\/gestion-aseguramiento-calidad\/files\/2023\/09\/PHM-08-Manual-de-asistencia-y-otorgamiento-de-permisos-Version-1.pdf\">PHM-08 Manual de asistencia y otorgamiento de permisos Versi\u00f3n 1<\/a><\/p>\n<\/div>\n\n\n\n<div class=\"wp-block-gutena-tab gutena-tab-block gutena-tab-block-84db4c-31 inactive\" data-tab=\"2\">\n<p style=\"margin-top:0;margin-bottom:0\">\u25c9&nbsp;<a href=\"https:\/\/departamentos.uleam.edu.ec\/gestion-aseguramiento-calidad\/files\/2023\/09\/Diagrama-PHM-08-Manual-de-asistencia-y-otorgamiento-de-permisos-Version-1.pdf\">Diagrama PHM-08 Manual de asistencia y otorgamiento de permisos Versi\u00f3n 1<\/a><\/p>\n<\/div>\n\n\n\n<div class=\"wp-block-gutena-tab gutena-tab-block gutena-tab-block-a7d723-a9 inactive\" data-tab=\"3\">\n<p>\u2611\ufe0f <a href=\"https:\/\/departamentos.uleam.edu.ec\/gestion-aseguramiento-calidad\/files\/2025\/04\/PHM-08-F-001-Resumen-de-marcaciones-emitido-por-el-sistema-informatico-DATA-V3.xlsx\">PHM-08-F-001 Resumen de marcaciones emitido por el sistema inform\u00e1tico V3<\/a> (Data)<\/p>\n\n\n\n<p>\u2611\ufe0f <a href=\"https:\/\/departamentos.uleam.edu.ec\/gestion-aseguramiento-calidad\/files\/2025\/04\/PHM-08-F-002-Matriz-de-novedades-en-asistencia-y-permanencia-del-personal-de-la-Uleam-V2.xlsx\" target=\"_blank\" rel=\"noreferrer noopener\">PHM-08-F-002 Matriz de novedades en asistencia y permanencia del personal de la Uleam V2<\/a> <\/p>\n\n\n\n<p>\u2611\ufe0f <a href=\"https:\/\/departamentos.uleam.edu.ec\/gestion-aseguramiento-calidad\/files\/2024\/09\/PHM-08-F-003-REGISTRO-FISICO-DE-CONTROL-DIARIO-DE-ASISTENCIA-Y-PERMANENCIA-LOSEP-Y-CODIGO-TRABAJO.xlsx\">PHM-08-F-003 Registro f\u00edsico &#8211; Control diario de asistencia y permanencia &#8211; Personal LOSEP y  C\u00f3digo de trabajo<\/a> (Se har\u00e1 uso de este formato solo cuando la Direcci\u00f3n de Administraci\u00f3n de Talento Humano lo autorice o disponga).<\/p>\n\n\n\n<p>\u2611\ufe0f<a href=\"https:\/\/departamentos.uleam.edu.ec\/gestion-aseguramiento-calidad\/files\/2024\/09\/PHM-08-F-004-REGISTRO-FISICO-DE-CONTROL-DIARIO-DE-ASISTENCIA-Y-PERMANENCIA-LOES-Y-LOEI.xlsx\">PHM-08-F-004 Registro f\u00edsico &#8211; Control diario de asistencia y permanencia &#8211; Personal LOES y LOEI<\/a> (Se har\u00e1 uso de este formato solo cuando la Direcci\u00f3n de Administraci\u00f3n de Talento Humano lo autorice o disponga).<\/p>\n\n\n\n<p>\u2611\ufe0f<a href=\"https:\/\/departamentos.uleam.edu.ec\/gestion-aseguramiento-calidad\/files\/2023\/09\/CODIGO-PHM-08-F-005-Solicitud-de-permisos-o-justificaciones.doc\">PHM-08-F-005 Solicitud de permisos o justificaciones.<\/a><\/p>\n<\/div>\n\n\n\n<div class=\"wp-block-gutena-tab gutena-tab-block gutena-tab-block-fd6ab0-b4 inactive\" data-tab=\"4\">\n<p style=\"margin-top:0;margin-bottom:0\">\u25c9&nbsp;<a href=\"https:\/\/departamentos.uleam.edu.ec\/gestion-aseguramiento-calidad\/files\/2019\/08\/ASISTENCIA.DOCENTESREV.xlsx\">PHP-01-F-001 Reporte mensual de asistencia de personal docente.<\/a><\/p>\n\n\n\n<p style=\"margin-top:0;margin-bottom:0\">\u25c9&nbsp;<a href=\"https:\/\/departamentos.uleam.edu.ec\/gestion-aseguramiento-calidad\/files\/2023\/09\/CODIGO-PHM-08-F-001-Reporte-resumen-de-asistencia-del-sistema-informatico-de-gestion-de-Talento-Humano.xlsx\">PHM-08-F-001 Reporte resumen de asistencia del sistema inform\u00e1tico de gesti\u00f3n de Talento Humano V1<\/a><\/p>\n\n\n\n<p style=\"margin-top:0;margin-bottom:0\">\u25c9&nbsp;<a href=\"https:\/\/departamentos.uleam.edu.ec\/gestion-aseguramiento-calidad\/files\/2024\/06\/PHM-08-F-001-Resumen-de-asistencia-del-sistema-informatico-V2.xlsx\">PHM-08-F-001 Resumen de asistencia del sistema inform\u00e1tico V2<\/a><\/p>\n\n\n\n<p style=\"margin-top:0;margin-bottom:0\">\u25c9&nbsp;<a href=\"https:\/\/departamentos.uleam.edu.ec\/gestion-aseguramiento-calidad\/files\/2023\/09\/CODIGO-PHM-08-F-002-Registro-de-control-diario-del-personal-Docente-Nombramiento-y-Contratos.xlsx\">PHM-08-F-002 Registro de control diario del personal Docente \u2013 Nombramiento y Contratos V2<\/a><\/p>\n\n\n\n<p style=\"margin-top:0;margin-bottom:0\">\u25c9<a href=\"https:\/\/departamentos.uleam.edu.ec\/gestion-aseguramiento-calidad\/files\/2024\/06\/PHM-08-F-002-Resumen-de-novedades-de-asistencia-del-personal-V1-1.xlsx\">PHM-08-F-002 Resumen de novedades de asistencia del personal V1<\/a><\/p>\n\n\n\n<p style=\"margin-top:0;margin-bottom:0\">\u25c9&nbsp;<a href=\"https:\/\/departamentos.uleam.edu.ec\/gestion-aseguramiento-calidad\/files\/2023\/09\/CODIGO-PHM-08-F-003-Registro-de-control-diario-del-personal-bajo-el-regimen-LOSEP-LOEI-Codigo-de-trabajo.xlsx\">PHM-08-F-003 Registro de control diario del personal bajo el r\u00e9gimen LOSEP-LOEI-C\u00f3digo de trabajo V1<\/a><\/p>\n\n\n\n<p style=\"margin-top:0;margin-bottom:0\">\u25c9&nbsp;<a href=\"https:\/\/departamentos.uleam.edu.ec\/gestion-aseguramiento-calidad\/files\/2023\/09\/CODIGO-PHM-08-F-004-Resumen-de-asistencia-del-personal-Docente-Nombramiento-y-Contratos.xlsx\">PHM-08-F-004 Resumen de asistencia del personal Docente \u2013 Nombramiento y Contratos V1<\/a><\/p>\n<\/div>\n<\/div><\/div>\n\n\n\n<p><\/p>\n","protected":false},"excerpt":{"rendered":"","protected":false},"author":105,"featured_media":0,"parent":0,"menu_order":0,"comment_status":"closed","ping_status":"closed","template":"","meta":{"footnotes":"","_links_to":"","_links_to_target":""},"class_list":["post-4542","page","type-page","status-publish","hentry"],"_links":{"self":[{"href":"https:\/\/departamentos.uleam.edu.ec\/gestion-aseguramiento-calidad\/wp-json\/wp\/v2\/pages\/4542","targetHints":{"allow":["GET"]}}],"collection":[{"href":"https:\/\/departamentos.uleam.edu.ec\/gestion-aseguramiento-calidad\/wp-json\/wp\/v2\/pages"}],"about":[{"href":"https:\/\/departamentos.uleam.edu.ec\/gestion-aseguramiento-calidad\/wp-json\/wp\/v2\/types\/page"}],"author":[{"embeddable":true,"href":"https:\/\/departamentos.uleam.edu.ec\/gestion-aseguramiento-calidad\/wp-json\/wp\/v2\/users\/105"}],"replies":[{"embeddable":true,"href":"https:\/\/departamentos.uleam.edu.ec\/gestion-aseguramiento-calidad\/wp-json\/wp\/v2\/comments?post=4542"}],"version-history":[{"count":55,"href":"https:\/\/departamentos.uleam.edu.ec\/gestion-aseguramiento-calidad\/wp-json\/wp\/v2\/pages\/4542\/revisions"}],"predecessor-version":[{"id":13284,"href":"https:\/\/departamentos.uleam.edu.ec\/gestion-aseguramiento-calidad\/wp-json\/wp\/v2\/pages\/4542\/revisions\/13284"}],"wp:attachment":[{"href":"https:\/\/departamentos.uleam.edu.ec\/gestion-aseguramiento-calidad\/wp-json\/wp\/v2\/media?parent=4542"}],"curies":[{"name":"wp","href":"https:\/\/api.w.org\/{rel}","templated":true}]}}