{"id":8648,"date":"2023-01-06T10:07:40","date_gmt":"2023-01-06T15:07:40","guid":{"rendered":"https:\/\/departamentos.uleam.edu.ec\/gestion-aseguramiento-calidad\/?page_id=8648"},"modified":"2026-04-27T15:09:28","modified_gmt":"2026-04-27T20:09:28","slug":"autoevaluacion-de-extensiones-2","status":"publish","type":"page","link":"https:\/\/departamentos.uleam.edu.ec\/gestion-aseguramiento-calidad\/autoevaluacion-de-extensiones-2\/","title":{"rendered":"AUTOEVALUACI\u00d3N DE SEDES Y EXTENSIONES"},"content":{"rendered":"\n<div class=\"wp-block-group\"><div class=\"wp-block-group__inner-container is-layout-constrained wp-block-group-is-layout-constrained\">\n<div class=\"wp-block-group\"><div class=\"wp-block-group__inner-container is-layout-constrained wp-block-group-is-layout-constrained\">\n<div class=\"wp-block-gutena-tabs gutena-tabs-block gutena-tabs-block-9f1909-63\"><ul class=\"gutena-tabs-tab tab-flex\"><li class=\"gutena-tab-title active\" data-tab=\"1\"><div class=\"gutena-tab-title-content icon-top\"><div class=\"gutena-tab-title-text\"><div><strong>\u2705 Gu\u00eda &#8211; Autoevaluaci\u00f3n de Sedes y Extensiones<\/strong><\/div><\/div><\/div><\/li><li class=\"gutena-tab-title inactive\" data-tab=\"2\"><div class=\"gutena-tab-title-content icon-top\"><div class=\"gutena-tab-title-text\"><div><strong>\u2705 Gu\u00eda \u2013 Plan de mejoras<\/strong><\/div><\/div><\/div><\/li><li class=\"gutena-tab-title inactive\" data-tab=\"3\"><div class=\"gutena-tab-title-content icon-top\"><div class=\"gutena-tab-title-text\"><div><strong>\u26a0\ufe0fVersiones Anteriores<\/strong><\/div><\/div><\/div><\/li><\/ul><div class=\"gutena-tabs-content is-layout-flow wp-block-gutena-tabs-is-layout-flow\">\n<div class=\"wp-block-gutena-tab gutena-tab-block gutena-tab-block-005154-71 active\" data-tab=\"1\">\n<p>\ud83d\udfe2<strong>Procedimiento:<\/strong><\/p>\n\n\n\n<p><strong>\u27b1<\/strong> <a href=\"https:\/\/departamentos.uleam.edu.ec\/gestion-aseguramiento-calidad\/files\/2023\/01\/PAE-05-G-001-Guia-de-Autoevaluacion-de-Extensiones.pdf\" target=\"_blank\" rel=\"noreferrer noopener\">PAE-05-G-001 Gu\u00eda de Autoevaluaci\u00f3n de Extensiones V1<\/a>.<\/p>\n\n\n\n<p>\u27b1<a href=\"https:\/\/departamentos.uleam.edu.ec\/gestion-aseguramiento-calidad\/files\/2026\/01\/Accesibilidad_universal_infraestructura_fisica_y_tecnologica.pdf\" target=\"_blank\" rel=\"noreferrer noopener\">Lineamientos de Accesibilidad Universal de la Infraestructura f\u00edsica y tecnol\u00f3gica en las UEP- Modelo Evaluaci\u00f3n 2023.<\/a><\/p>\n\n\n\n<p>\ud83d\udfe0<strong>Formatos:<\/strong><\/p>\n\n\n\n<p>\u27b1<a href=\"https:\/\/departamentos.uleam.edu.ec\/gestion-aseguramiento-calidad\/files\/2026\/04\/PAE-05-G-001-F-001-Matriz_pares-evaluadores_auto-ext-V1.xlsx\" target=\"_blank\" rel=\"noreferrer noopener\"><a href=\"https:\/\/departamentos.uleam.edu.ec\/gestion-aseguramiento-calidad\/files\/2020\/02\/PAE-05-G-001-F-001-Matriz_pares-evaluadores_auto-sedes-y-ext-V1.xlsx\" target=\"_blank\" rel=\"noreferrer noopener\">PAE-05-G-001-F-001 Matriz de pares evaluadores Autoevaluaci\u00f3n de Sedes y Extensiones V1.<\/a><\/a><\/p>\n\n\n\n<p>\u27b1<a href=\"https:\/\/departamentos.uleam.edu.ec\/gestion-aseguramiento-calidad\/files\/2020\/02\/PAE-05-G-001-F-002-Matriz_informantes_claves_auto-sedes-y-ext-V1-1.xlsx\">PAE-05-G-001-F-002 Matriz de informantes claves Autoevaluaci\u00f3n de Sedes y Extensiones V1.<\/a><\/p>\n\n\n\n<p>\u27b1<a href=\"https:\/\/departamentos.uleam.edu.ec\/gestion-aseguramiento-calidad\/files\/2020\/02\/Fichas-tecnicas-Condiciones-Institucionales.xlsx\" target=\"_blank\" rel=\"noreferrer noopener\">Fichas de Verificaci\u00f3n T\u00e9cnica 1, 2 y 3 \u2013 Criterio Condiciones Institucionales (Anexo 2 Modelo Evaluaci\u00f3n 2023)<\/a><\/p>\n<\/div>\n\n\n\n<div class=\"wp-block-gutena-tab gutena-tab-block gutena-tab-block-b8dd15-6b inactive\" data-tab=\"2\">\n<p>\ud83d\udfe2<strong>Procedimiento:<\/strong><\/p>\n\n\n\n<p>\u25c9 <a href=\"https:\/\/departamentos.uleam.edu.ec\/gestion-aseguramiento-calidad\/files\/2023\/07\/PAE-02-G-002-Guia-plan-de-mejoras-carrera-sedes-y-extensiones.pdf\" target=\"_blank\" rel=\"noreferrer noopener\">PAE-02-G-002 Gu\u00eda de trabajo &#8211; Elaboraci\u00f3n, Ejecuci\u00f3n y Seguimiento del plan de mejoras de carreras, sede y extensiones V1.<\/a><\/p>\n\n\n\n<p>\u25c9 <a href=\"https:\/\/departamentos.uleam.edu.ec\/gestion-aseguramiento-calidad\/files\/2023\/07\/Diagrama-Flujo-PAE-02-G-002-Plan-de-Mejora-Carreras-Extension-Sede.pdf\" target=\"_blank\" rel=\"noreferrer noopener\">Diagrama Flujo PAE-02-G-002 Gu\u00eda de trabajo &#8211; Elaboraci\u00f3n, Ejecuci\u00f3n y Seguimiento del plan de Mejora Carreras Extensi\u00f3n Sede V1.<\/a><\/p>\n\n\n\n<p>\ud83d\udfe0<strong>Formatos:<\/strong><\/p>\n\n\n\n<p>\u25c9 <a href=\"https:\/\/departamentos.uleam.edu.ec\/gestion-aseguramiento-calidad\/files\/2023\/01\/Estructura_Plan_Mejora_extensiones_22.docx\" target=\"_blank\" rel=\"noreferrer noopener\">Estructura del Plan de Mejora de extensiones V.01.<\/a><\/p>\n\n\n\n<p>\u25c9 <a href=\"https:\/\/departamentos.uleam.edu.ec\/gestion-aseguramiento-calidad\/files\/2023\/01\/Plan_accion_Plan_Mejoras_extensiones_2022.xlsx\" target=\"_blank\" rel=\"noreferrer noopener\">Plan de acci\u00f3n Plan de Mejoras de Extensiones V.01<\/a><\/p>\n\n\n\n<p>\u25c9 <a href=\"https:\/\/departamentos.uleam.edu.ec\/gestion-aseguramiento-calidad\/files\/2023\/05\/Seguimiento_Plan_Mejoras_extensiones_2023.xlsx\" target=\"_blank\" rel=\"noreferrer noopener\">Seguimiento_Plan_Mejoras_Extensiones_V.01<\/a><\/p>\n<\/div>\n\n\n\n<div class=\"wp-block-gutena-tab gutena-tab-block gutena-tab-block-65ce1d-0b inactive\" data-tab=\"3\">\n<p>\u2139\ufe0f<em>Documentos sin versiones anteriores codificadas.<\/em><\/p>\n<\/div>\n<\/div><\/div>\n<\/div><\/div>\n<\/div><\/div>\n","protected":false},"excerpt":{"rendered":"","protected":false},"author":134,"featured_media":0,"parent":0,"menu_order":0,"comment_status":"closed","ping_status":"closed","template":"","meta":{"footnotes":"","_links_to":"","_links_to_target":""},"class_list":["post-8648","page","type-page","status-publish","hentry"],"_links":{"self":[{"href":"https:\/\/departamentos.uleam.edu.ec\/gestion-aseguramiento-calidad\/wp-json\/wp\/v2\/pages\/8648","targetHints":{"allow":["GET"]}}],"collection":[{"href":"https:\/\/departamentos.uleam.edu.ec\/gestion-aseguramiento-calidad\/wp-json\/wp\/v2\/pages"}],"about":[{"href":"https:\/\/departamentos.uleam.edu.ec\/gestion-aseguramiento-calidad\/wp-json\/wp\/v2\/types\/page"}],"author":[{"embeddable":true,"href":"https:\/\/departamentos.uleam.edu.ec\/gestion-aseguramiento-calidad\/wp-json\/wp\/v2\/users\/134"}],"replies":[{"embeddable":true,"href":"https:\/\/departamentos.uleam.edu.ec\/gestion-aseguramiento-calidad\/wp-json\/wp\/v2\/comments?post=8648"}],"version-history":[{"count":35,"href":"https:\/\/departamentos.uleam.edu.ec\/gestion-aseguramiento-calidad\/wp-json\/wp\/v2\/pages\/8648\/revisions"}],"predecessor-version":[{"id":15051,"href":"https:\/\/departamentos.uleam.edu.ec\/gestion-aseguramiento-calidad\/wp-json\/wp\/v2\/pages\/8648\/revisions\/15051"}],"wp:attachment":[{"href":"https:\/\/departamentos.uleam.edu.ec\/gestion-aseguramiento-calidad\/wp-json\/wp\/v2\/media?parent=8648"}],"curies":[{"name":"wp","href":"https:\/\/api.w.org\/{rel}","templated":true}]}}