{"id":8715,"date":"2023-01-09T11:40:21","date_gmt":"2023-01-09T16:40:21","guid":{"rendered":"https:\/\/departamentos.uleam.edu.ec\/gestion-aseguramiento-calidad\/?page_id=8715"},"modified":"2025-12-03T12:27:23","modified_gmt":"2025-12-03T17:27:23","slug":"elementor-8715","status":"publish","type":"page","link":"https:\/\/departamentos.uleam.edu.ec\/gestion-aseguramiento-calidad\/elementor-8715\/","title":{"rendered":"RECLUTAMIENTO Y SELECCI\u00d3N DE PERSONAL ADMINISTRATIVO"},"content":{"rendered":"\n<div class=\"wp-block-gutena-tabs gutena-tabs-block gutena-tabs-block-d26361-f1\"><ul class=\"gutena-tabs-tab tab-flex\"><li class=\"gutena-tab-title active\" data-tab=\"1\"><div class=\"gutena-tab-title-content icon-top\"><div class=\"gutena-tab-title-text\"><div>\ud83d\udfe0<a>Manual<\/a><\/div><\/div><\/div><\/li><li class=\"gutena-tab-title inactive\" data-tab=\"2\"><div class=\"gutena-tab-title-content icon-top\"><div class=\"gutena-tab-title-text\"><div>\ud83d\udd34<a>Diagrama de Flujo<\/a><\/div><\/div><\/div><\/li><li class=\"gutena-tab-title inactive\" data-tab=\"3\"><div class=\"gutena-tab-title-content icon-top\"><div class=\"gutena-tab-title-text\"><div>\ud83d\udfe2<a>Formatos vigentes<\/a><\/div><\/div><\/div><\/li><li class=\"gutena-tab-title inactive\" data-tab=\"4\"><div class=\"gutena-tab-title-content icon-top\"><div class=\"gutena-tab-title-text\"><div>\u26a0\ufe0f<a>Versiones Anteriores<\/a><\/div><\/div><\/div><\/li><\/ul><div class=\"gutena-tabs-content is-layout-flow wp-block-gutena-tabs-is-layout-flow\">\n<div class=\"wp-block-gutena-tab gutena-tab-block gutena-tab-block-2ffa28-07 active\" data-tab=\"1\">\n<p style=\"margin-top:0;margin-bottom:0\">\u25c9 <a href=\"https:\/\/departamentos.uleam.edu.ec\/gestion-aseguramiento-calidad\/files\/2025\/12\/Manual-PHC-02-Reclutamiento-y-Seleccion-personal-sujeto-a-la-Losep-V4.pdf\">Manual de procedimientos PHC-02 Reclutamiento y Selecci\u00f3n personal sujeto a la Losep V4<\/a><\/p>\n<\/div>\n\n\n\n<div class=\"wp-block-gutena-tab gutena-tab-block gutena-tab-block-e5d176-08 inactive\" data-tab=\"2\">\n<p>\u25c9 <a href=\"https:\/\/departamentos.uleam.edu.ec\/gestion-aseguramiento-calidad\/elementor-8715\/\"><a href=\"https:\/\/departamentos.uleam.edu.ec\/gestion-aseguramiento-calidad\/elementor-8715\/\"><\/a><a href=\"https:\/\/departamentos.uleam.edu.ec\/gestion-aseguramiento-calidad\/files\/2025\/12\/Diagrama-de-flujo-PHC-02-Manual-Reclutamiento-y-Seleccion-personal-sujeto-a-la-Losep-V4.pdf\">Diagrama de flujo PHC-02 Manual Reclutamiento y Selecci\u00f3n personal sujeto a la Losep V4<\/a><\/a><\/p>\n<\/div>\n\n\n\n<div class=\"wp-block-gutena-tab gutena-tab-block gutena-tab-block-4f775f-a5 inactive\" data-tab=\"3\">\n<p style=\"margin-top:0;margin-bottom:0\">\u25c9 <a href=\"https:\/\/departamentos.uleam.edu.ec\/gestion-aseguramiento-calidad\/elementor-8715\/\"><\/a><a href=\"https:\/\/departamentos.uleam.edu.ec\/gestion-aseguramiento-calidad\/files\/2025\/10\/PHC-011-F-001-Formato-Descripcion-y-Perfil-del-Puesto_V2.xlsx\">PHC-011-F-001 Formato Descripci\u00f3n y Perfil del Puesto_V2<\/a><\/p>\n\n\n\n<p style=\"margin-top:0;margin-bottom:0\">\u25c9&nbsp;<a href=\"https:\/\/departamentos.uleam.edu.ec\/gestion-aseguramiento-calidad\/files\/2025\/05\/PHC-02-F-001-Acuerdo-Confidencialidad-y-No-Divulgacion-de-Informacion-V1.docx\" target=\"_blank\" rel=\"noreferrer noopener\">PHC-02-F-001 Acuerdo-Confidencialidad-y-No-Divulgaci\u00f3n-de-Informaci\u00f3n V1<\/a><\/p>\n\n\n\n<p style=\"margin-top:0;margin-bottom:0\">\u25c9&nbsp;<a href=\"https:\/\/departamentos.uleam.edu.ec\/gestion-aseguramiento-calidad\/files\/2025\/05\/PHC-02-F-002-Designacion-Administrador-de-Concursos-V1.doc\" target=\"_blank\" rel=\"noreferrer noopener\">PHC-02-F-002 Designaci\u00f3n-Administrador-de-Concursos V1<\/a>  <\/p>\n\n\n\n<p style=\"margin-top:0;margin-bottom:0\">\u25c9&nbsp;<a href=\"https:\/\/departamentos.uleam.edu.ec\/gestion-aseguramiento-calidad\/files\/2025\/05\/PHC-02-F-003-Informe-Tecnico-Legal-Informacion-Previa-V1.doc\" target=\"_blank\" rel=\"noreferrer noopener\">PHC-02-F-003 Informe-Tecnico-Legal-Informaci\u00f3n-Previa V1<\/a><\/p>\n\n\n\n<p style=\"margin-top:0;margin-bottom:0\">\u25c9&nbsp;<a href=\"https:\/\/departamentos.uleam.edu.ec\/gestion-aseguramiento-calidad\/files\/2025\/05\/PHC-02-F-004-Delegacion-para-el-Tribunal-de-Meritos-y-Oposicion-V2.doc\" target=\"_blank\" rel=\"noreferrer noopener\">PHC-02-F-004 Delegaci\u00f3n-para-el-Tribunal-de-M\u00e9ritos-y-Oposici\u00f3n- V2<\/a><\/p>\n\n\n\n<p style=\"margin-top:0;margin-bottom:0\">\u25c9&nbsp;<a href=\"https:\/\/departamentos.uleam.edu.ec\/gestion-aseguramiento-calidad\/files\/2025\/05\/PHC-02-F-005-Acta-de-Conformacion-del-Tribunal-de-Meritos-y-Oposicion-V1.doc\" target=\"_blank\" rel=\"noreferrer noopener\">PHC-02-F-005 Acta-de-Conformaci\u00f3n-del-Tribunal-de-M\u00e9ritos-y-Oposici\u00f3n V1<\/a> <\/p>\n\n\n\n<p style=\"margin-top:0;margin-bottom:0\">\u25c9&nbsp;<a href=\"https:\/\/departamentos.uleam.edu.ec\/gestion-aseguramiento-calidad\/files\/2025\/05\/PHC-02-F-006-Delegacion-para-el-Tribunal-de-Apelaciones-V1.doc\" target=\"_blank\" rel=\"noreferrer noopener\">PHC-02-F-006 Delegaci\u00f3n-para-el-Tribunal-de-Apelaciones V1<\/a>+<\/p>\n\n\n\n<p style=\"margin-top:0;margin-bottom:0\">\u25c9&nbsp;<a href=\"https:\/\/departamentos.uleam.edu.ec\/gestion-aseguramiento-calidad\/files\/2025\/05\/PHC-02-F-007-Acta-de-Conformacion-del-Tribunal-de-Apelaciones-V2.doc\" target=\"_blank\" rel=\"noreferrer noopener\">PHC-02-F-007 Acta-de-Conformaci\u00f3n-del-Tribunal-de-Apelaciones V2<\/a>    <\/p>\n\n\n\n<p style=\"margin-top:0;margin-bottom:0\">\u25c9&nbsp;<a href=\"https:\/\/departamentos.uleam.edu.ec\/gestion-aseguramiento-calidad\/files\/2025\/05\/PHC-02-F-008-Convocatoria-para-Celebrar-la-reunion-de-CTMO-TA-V1.docx\" target=\"_blank\" rel=\"noreferrer noopener\">PHC-02-F-008 Convocatoria-para-Celebrar-la-reuni\u00f3n-de-CTMO-TA V1<\/a><\/p>\n\n\n\n<p style=\"margin-top:0;margin-bottom:0\">\u25c9&nbsp;<a href=\"https:\/\/departamentos.uleam.edu.ec\/gestion-aseguramiento-calidad\/files\/2025\/05\/PHC-02-F-009-Incompatibilidad-V1.docx\" target=\"_blank\" rel=\"noreferrer noopener\">PHC-02-F-009 Incompatibilidad V1<\/a><\/p>\n\n\n\n<p style=\"margin-top:0;margin-bottom:0\">\u25c9&nbsp;<a href=\"https:\/\/departamentos.uleam.edu.ec\/gestion-aseguramiento-calidad\/files\/2025\/05\/PHC-02-F-010-Acta-Resumen-Verificacion-del-Merito-Aprobado-V1.docx\" target=\"_blank\" rel=\"noreferrer noopener\">PHC-02-F-010 Acta-Resumen-Verificaci\u00f3n-del-Merito-Aprobado V1<\/a><\/p>\n\n\n\n<p style=\"margin-top:0;margin-bottom:0\">\u25c9&nbsp;<a href=\"https:\/\/departamentos.uleam.edu.ec\/gestion-aseguramiento-calidad\/files\/2025\/05\/PHC-02-F-011-Acta-Resolutiva-de-Apelaciones-a-la-Verificacion-del-Merito-V1.doc\" target=\"_blank\" rel=\"noreferrer noopener\">PHC-02-F-011 Acta-Resolutiva-de-Apelaciones-a-la-Verificaci\u00f3n-del-Merito V1<\/a><\/p>\n\n\n\n<p style=\"margin-top:0;margin-bottom:0\">\u25c9&nbsp;<a href=\"https:\/\/departamentos.uleam.edu.ec\/gestion-aseguramiento-calidad\/files\/2025\/05\/PHC-02-F-012-Listado-de-Postulantes-Pruebas-Psicometricas-V1.xlsx\" target=\"_blank\" rel=\"noreferrer noopener\">PHC-02-F-012 Listado-de-Postulantes-Pruebas-Psicom\u00e9tricas V1<\/a><\/p>\n\n\n\n<p style=\"margin-top:0;margin-bottom:0\">\u25c9&nbsp;<a href=\"https:\/\/departamentos.uleam.edu.ec\/gestion-aseguramiento-calidad\/files\/2025\/05\/PHC-02-F-013-Listado-de-Postulantes-Pruebas-de-Conocimientos-Tecnicos-V1.xlsx\" target=\"_blank\" rel=\"noreferrer noopener\">PHC-02-F-013 Listado-de-Postulantes-Pruebas-de-Conocimientos-T\u00e9cnicos V1<\/a> <\/p>\n\n\n\n<p style=\"margin-top:0;margin-bottom:0\">\u25c9&nbsp;<a href=\"https:\/\/departamentos.uleam.edu.ec\/gestion-aseguramiento-calidad\/files\/2025\/05\/PHC-02-F-014-Acta-Resumen-del-Resultado-de-la-Aplicacion-de-las-PCTA-V1.docx\" target=\"_blank\" rel=\"noreferrer noopener\">PHC-02-F-014 Acta-Resumen-del-Resultado-de-la-Aplicaci\u00f3n-de-las-PCTA V1<\/a><\/p>\n\n\n\n<p style=\"margin-top:0;margin-bottom:0\">\u25c9&nbsp;<a href=\"https:\/\/departamentos.uleam.edu.ec\/gestion-aseguramiento-calidad\/files\/2025\/05\/PHC-02-F-015-Acta-Resolutiva-de-Apelaciones-a-las-PCT-V1.doc\" target=\"_blank\" rel=\"noreferrer noopener\">PHC-02-F-015 Acta-Resolutiva-de-Apelaciones-a-las-PCT V1<\/a><\/p>\n\n\n\n<p style=\"margin-top:0;margin-bottom:0\">\u25c9&nbsp;<a href=\"https:\/\/departamentos.uleam.edu.ec\/gestion-aseguramiento-calidad\/files\/2025\/05\/PHC-02-F-016-Listado-de-Postulantes-que-deben-presentarse-a-la-Entrevista-V1.xlsx\" target=\"_blank\" rel=\"noreferrer noopener\">PHC-02-F-016 Listado-de-Postulantes-que-deben-presentarse-a-la-Entrevista V1<\/a><\/p>\n\n\n\n<p style=\"margin-top:0;margin-bottom:0\">\u25c9&nbsp;<a href=\"https:\/\/departamentos.uleam.edu.ec\/gestion-aseguramiento-calidad\/files\/2025\/05\/PHC-02-F-017-Notificacion-para-realizar-las-Entrevistas-V1.docx\" target=\"_blank\" rel=\"noreferrer noopener\">PHC-02-F-017 Notificaci\u00f3n-para-realizar-las-Entrevistas V1<\/a> <\/p>\n\n\n\n<p style=\"margin-top:0;margin-bottom:0\">\u25c9&nbsp;<a href=\"https:\/\/departamentos.uleam.edu.ec\/gestion-aseguramiento-calidad\/files\/2025\/05\/PHC-02-F-018-Notificacion-a-Postulantes-para-entrega-de-Documentos-V1.docx\" target=\"_blank\" rel=\"noreferrer noopener\">PHC-02-F-018 Notificaci\u00f3n-a-Postulantes-para-entrega-de-Documentos V1<\/a><\/p>\n\n\n\n<p style=\"margin-top:0;margin-bottom:0\">\u25c9&nbsp;<a href=\"https:\/\/departamentos.uleam.edu.ec\/gestion-aseguramiento-calidad\/files\/2025\/05\/PHC-02-F-019-Acta-de-Declaratoria-de-Concurso-Desierto-V1.docx\" target=\"_blank\" rel=\"noreferrer noopener\">PHC-02-F-019 Acta-de-Declaratoria-de-Concurso Desierto V1<\/a>    <\/p>\n\n\n\n<p style=\"margin-top:0;margin-bottom:0\">\u25c9&nbsp;<a href=\"https:\/\/departamentos.uleam.edu.ec\/gestion-aseguramiento-calidad\/files\/2025\/05\/PHC-02-F-020-Acta-de-Declaratoria-de-Ganador-de-Concurso-V1.docx\" target=\"_blank\" rel=\"noreferrer noopener\">PHC-02-F-020 Acta-de-Declaratoria-de-Ganador de Concurso V1<\/a> <\/p>\n\n\n\n<p style=\"margin-top:0;margin-bottom:0\">\u25c9&nbsp;<a href=\"https:\/\/departamentos.uleam.edu.ec\/gestion-aseguramiento-calidad\/files\/2025\/05\/PHC-02-F-021-Acta-de-Declaratoria-de-Nulidad-de-Concurso-V1.doc\" target=\"_blank\" rel=\"noreferrer noopener\">PHC-02-F-021 Acta-de-Declaratoria-de-Nulidad de Concurso V1<\/a><\/p>\n\n\n\n<p style=\"margin-top:0;margin-bottom:0\">\u25c9&nbsp;<a href=\"https:\/\/departamentos.uleam.edu.ec\/gestion-aseguramiento-calidad\/files\/2025\/05\/PHC-02-F-022-Informe-Tecnico-de-Extension-de-Cronograma-V1.doc\" target=\"_blank\" rel=\"noreferrer noopener\">PHC-02-F-022 Informe-Tecnico-de-Extensi\u00f3n-de-Cronograma V1<\/a><\/p>\n\n\n\n<p style=\"margin-top:0;margin-bottom:0\">\u25c9&nbsp;<a href=\"https:\/\/departamentos.uleam.edu.ec\/gestion-aseguramiento-calidad\/files\/2025\/05\/PHC-02-F-023-Informe-Tecnico-de-Replanificacion-de-Concursos-V1.doc\" target=\"_blank\" rel=\"noreferrer noopener\">PHC-02-F-023 Informe-Tecnico-de-Replanificaci\u00f3n-de-Concursos V1<\/a><\/p>\n\n\n\n<p style=\"margin-top:0;margin-bottom:0\">\u25c9&nbsp;<a href=\"https:\/\/departamentos.uleam.edu.ec\/gestion-aseguramiento-calidad\/files\/2025\/05\/PHC-02-F-024-Formato-Accion-de-Personal-V1.xlsx\" target=\"_blank\" rel=\"noreferrer noopener\">PHC-02-F-024 Formato-Acci\u00f3n-de-Personal-V1<\/a><\/p>\n\n\n\n<p><\/p>\n<\/div>\n\n\n\n<div class=\"wp-block-gutena-tab gutena-tab-block gutena-tab-block-f59614-5a inactive\" data-tab=\"4\">\n<p><strong>\u26a0\ufe0f Manual no vigentes:<\/strong><\/p>\n\n\n\n<p>\u25c9 <a href=\"https:\/\/departamentos.uleam.edu.ec\/gestion-aseguramiento-calidad\/files\/2023\/01\/PHC-02-Reclutamiento-y-Seleccion-de-Personal-Administrativo-V1-1.pdf\">PHC-02 Reclutamiento y Selecci\u00f3n de Personal Administrativo V1<\/a>.<\/p>\n\n\n\n<p>\u25c9 <a href=\"https:\/\/departamentos.uleam.edu.ec\/gestion-aseguramiento-calidad\/files\/2023\/01\/PHC-02-Reclutamiento-y-Seleccion-de-Personal-Administrativo-V2.pdf\">PHC-02 Reclutamiento y Selecci\u00f3n de Personal Administrativo V2<\/a>.<\/p>\n\n\n\n<p>\u25c9 <a href=\"https:\/\/departamentos.uleam.edu.ec\/gestion-aseguramiento-calidad\/files\/2024\/04\/PHC-02-Manual-Reclutamiento-y-Seleccion-de-personal-administrativo-V3.pdf\">PHC-02 Manual &#8211; Reclutamiento y Selecci\u00f3n de personal administrativo V3<\/a><\/p>\n\n\n\n<p><strong>\u26a0\ufe0f Diagrama de Flujo no vigentes:<\/strong><\/p>\n\n\n\n<p>\u25c9 <a href=\"https:\/\/departamentos.uleam.edu.ec\/gestion-aseguramiento-calidad\/files\/2023\/01\/Flujo-Reclutamiento-y-Seleccion-de-Personal-Administrativo-V1.pdf\">Flujo Reclutamiento y Selecci\u00f3n de Personal Administrativo V1<\/a>.<\/p>\n\n\n\n<p>\u25c9 <a href=\"https:\/\/departamentos.uleam.edu.ec\/gestion-aseguramiento-calidad\/files\/2023\/01\/Flujo-Reclutamiento-y-Seleccion-de-Personal-Administrativo-V2.pdf\">Flujo Reclutamiento y Selecci\u00f3n de Personal Administrativo V2<\/a>.<\/p>\n\n\n\n<p>\u25c9 <a href=\"https:\/\/departamentos.uleam.edu.ec\/gestion-aseguramiento-calidad\/files\/2024\/04\/PHC-02-SELECCION-E-INGRESO-NOMBRAMIENTO-PERSONAL-LOSEP-V3.pdf\">Diagrama de Flujo PHC-02 Reclutamiento y selecci\u00f3n de personal administrativo V3<\/a><\/p>\n\n\n\n<p><strong>\u26a0\ufe0f Formatos no vigentes:<\/strong><\/p>\n\n\n\n<p>\u25c9 <a href=\"https:\/\/departamentos.uleam.edu.ec\/gestion-aseguramiento-calidad\/elementor-8715\/\">PHC-02-F-001 Hoja de vida V1.<\/a><\/p>\n\n\n\n<p>\u25c9 <a href=\"https:\/\/departamentos.uleam.edu.ec\/gestion-aseguramiento-calidad\/files\/2023\/01\/PHC-02-F-001-Hoja-de-vida-V2.doc\">PHC-02-F-001 Hoja de vida V2<\/a>.<\/p>\n\n\n\n<p>\u25c9 <a href=\"https:\/\/departamentos.uleam.edu.ec\/gestion-aseguramiento-calidad\/files\/2025\/03\/PHC-02-F-001-Informe-Tecnico-Legal.docx\">PHC-02-F-001 Informe T\u00e9cnico Legal<\/a><\/p>\n\n\n\n<p>\u25c9 <a href=\"https:\/\/departamentos.uleam.edu.ec\/gestion-aseguramiento-calidad\/files\/2025\/03\/PHC-02-F-002-Solicitud-de-DATH-para-convocatoria-a-concursos.docx\">PHC-02-F-002 Solicitud de DATH para convocatoria a concursos<\/a><\/p>\n\n\n\n<p>\u25c9 <a href=\"https:\/\/departamentos.uleam.edu.ec\/gestion-aseguramiento-calidad\/files\/2025\/03\/PHC-02-F-003-Designacion-Administrador-del-concurso.docx\">PHC-02-F-003 Designaci\u00f3n Administrador del concurso<\/a><\/p>\n\n\n\n<p>\u25c9 <a href=\"https:\/\/departamentos.uleam.edu.ec\/gestion-aseguramiento-calidad\/files\/2025\/03\/PHC-02-F-004-Delegacion-Tribunal-de-Meritos-y-Oposicion.docx\">PHC-02-F-004 Delegaci\u00f3n Tribunal de M\u00e9ritos y Oposici\u00f3n<\/a><\/p>\n\n\n\n<p>\u25c9 <a href=\"https:\/\/departamentos.uleam.edu.ec\/gestion-aseguramiento-calidad\/files\/2025\/03\/PHC-02-F-005-Delegacion-Tribunal-de-Apelacion.docx\">PHC-02-F-005 Delegaci\u00f3n Tribunal de Apelaci\u00f3n<\/a><\/p>\n\n\n\n<p>\u25c9 <a href=\"https:\/\/departamentos.uleam.edu.ec\/gestion-aseguramiento-calidad\/files\/2025\/03\/PHC-02-F-006-Acta-conformacion-Tribunal-de-Meritos-y-Oposicion.docx\">PHC-02-F-006 Acta conformaci\u00f3n Tribunal de M\u00e9ritos y Oposici\u00f3n<\/a><\/p>\n\n\n\n<p>\u25c9 <a href=\"https:\/\/departamentos.uleam.edu.ec\/gestion-aseguramiento-calidad\/files\/2025\/03\/PHC-02-F-007-Acta-conformacion-Tribunal-de-Apelaciones.docx\">PHC-02-F-007 Acta conformaci\u00f3n Tribunal de Apelaciones<\/a><\/p>\n\n\n\n<p>\u25c9 <a href=\"https:\/\/departamentos.uleam.edu.ec\/gestion-aseguramiento-calidad\/files\/2025\/03\/PHC-02-F-008-Delegacion-Tecnico-Entrevistador.docx\">PHC-02-F-008 Delegaci\u00f3n T\u00e9cnico Entrevistador<\/a><\/p>\n\n\n\n<p>\u25c9 <a href=\"https:\/\/departamentos.uleam.edu.ec\/gestion-aseguramiento-calidad\/files\/2025\/03\/PHC-02-F-009-Acta-resolutiva-de-apelaciones-a-la-verificacion-del-merito.docx\">PHC-02-F-009 Acta resolutiva de apelaciones a la verificaci\u00f3n del m\u00e9rito<\/a><\/p>\n\n\n\n<p>\u25c9 <a href=\"https:\/\/departamentos.uleam.edu.ec\/gestion-aseguramiento-calidad\/files\/2025\/03\/PHC-02-F-010-Acta-Conformacion-Tecnicos-entrevistadores.docx\">PHC-02-F-010 Acta Conformaci\u00f3n T\u00e9cnicos entrevistadores<\/a><\/p>\n\n\n\n<p>\u25c9 <a href=\"https:\/\/departamentos.uleam.edu.ec\/gestion-aseguramiento-calidad\/files\/2025\/03\/PHC-02-F-011-Acta-Declaratoria-de-concurso-Desierto.docx\">PHC-02-F-011 Acta Declaratoria de concurso Desierto<\/a><\/p>\n\n\n\n<p>\u25c9 <a href=\"https:\/\/departamentos.uleam.edu.ec\/gestion-aseguramiento-calidad\/files\/2025\/03\/PHC-02-F-012-Acta-de-declaratoria-del-ganador-del-concurso.docx\">PHC-02-F-012 Acta de declaratoria del ganador del concurso<\/a><\/p>\n\n\n\n<p>\u25c9 <a href=\"https:\/\/departamentos.uleam.edu.ec\/gestion-aseguramiento-calidad\/files\/2025\/03\/PHC-02-F-013-Informe-tecnico-para-extension-de-cronograma.docx\">PHC-02-F-013 Informe t\u00e9cnico para extensi\u00f3n de cronograma<\/a><\/p>\n\n\n\n<p>\u25c9 <a href=\"https:\/\/departamentos.uleam.edu.ec\/gestion-aseguramiento-calidad\/files\/2025\/03\/PHC-02-F-014-Excusa-por-Incompatibilidad-en-el-proceso.docx\">PHC-02-F-014 Excusa por Incompatibilidad en el proceso<\/a><\/p>\n\n\n\n<p>\u25c9 <a href=\"https:\/\/departamentos.uleam.edu.ec\/gestion-aseguramiento-calidad\/files\/2025\/03\/PHC-02-F-015-Notificacion-para-celebracion-entrevistas.docx\">PHC-02-F-015 Notificaci\u00f3n para celebraci\u00f3n entrevistas<\/a><\/p>\n\n\n\n<p>\u25c9 <a href=\"https:\/\/departamentos.uleam.edu.ec\/gestion-aseguramiento-calidad\/files\/2025\/03\/PHC-02-F-016-Notificacion-para-celebrar-la-reunion-de-conformacion-del-tribunal-de-meritos-y-oposicion.docx\">PHC-02-F-016 Notificaci\u00f3n para celebrar la reuni\u00f3n de conformaci\u00f3n del tribunal de m\u00e9ritos y oposici\u00f3n<\/a><\/p>\n\n\n\n<p>\u25c9 <a href=\"https:\/\/departamentos.uleam.edu.ec\/gestion-aseguramiento-calidad\/files\/2025\/03\/PHC-02-F-017-Notificacion-para-celebrar-la-reunion-de-conformacion-del-tribunal-de-apelaciones.docx\">PHC-02-F-017 Notificaci\u00f3n para celebrar la reuni\u00f3n de conformaci\u00f3n del tribunal de apelaciones<\/a><\/p>\n\n\n\n<p>\u25c9 <a href=\"https:\/\/departamentos.uleam.edu.ec\/gestion-aseguramiento-calidad\/files\/2025\/03\/PHC-02-F-018-Acuerdo-de-Confidencialidad.docx\">PHC-02-F-018 Acuerdo de Confidencialidad<\/a><\/p>\n\n\n\n<p>\u25c9 <a href=\"https:\/\/departamentos.uleam.edu.ec\/gestion-aseguramiento-calidad\/files\/2025\/03\/PHC-02-F-019-Informe-tecnico-para-la-reformulacion-de-concursos.docx\">PHC-02-F-019 Informe t\u00e9cnico para la reformulaci\u00f3n de concursos<\/a><\/p>\n\n\n\n<p>\u25c9 <a href=\"https:\/\/departamentos.uleam.edu.ec\/gestion-aseguramiento-calidad\/files\/2024\/10\/PHC-02-F-020-Formato-Accion-de-Personal-V1.xlsx\">PHC-02-F-020 Formato acci\u00f3n de personal V1<\/a><\/p>\n<\/div>\n<\/div><\/div>\n\n\n<p>.<\/p>\n\n\n<p><\/p>\n","protected":false},"excerpt":{"rendered":"<p>.<\/p>\n","protected":false},"author":134,"featured_media":0,"parent":0,"menu_order":0,"comment_status":"closed","ping_status":"closed","template":"","meta":{"footnotes":"","_links_to":"","_links_to_target":""},"class_list":["post-8715","page","type-page","status-publish","hentry"],"_links":{"self":[{"href":"https:\/\/departamentos.uleam.edu.ec\/gestion-aseguramiento-calidad\/wp-json\/wp\/v2\/pages\/8715","targetHints":{"allow":["GET"]}}],"collection":[{"href":"https:\/\/departamentos.uleam.edu.ec\/gestion-aseguramiento-calidad\/wp-json\/wp\/v2\/pages"}],"about":[{"href":"https:\/\/departamentos.uleam.edu.ec\/gestion-aseguramiento-calidad\/wp-json\/wp\/v2\/types\/page"}],"author":[{"embeddable":true,"href":"https:\/\/departamentos.uleam.edu.ec\/gestion-aseguramiento-calidad\/wp-json\/wp\/v2\/users\/134"}],"replies":[{"embeddable":true,"href":"https:\/\/departamentos.uleam.edu.ec\/gestion-aseguramiento-calidad\/wp-json\/wp\/v2\/comments?post=8715"}],"version-history":[{"count":59,"href":"https:\/\/departamentos.uleam.edu.ec\/gestion-aseguramiento-calidad\/wp-json\/wp\/v2\/pages\/8715\/revisions"}],"predecessor-version":[{"id":14455,"href":"https:\/\/departamentos.uleam.edu.ec\/gestion-aseguramiento-calidad\/wp-json\/wp\/v2\/pages\/8715\/revisions\/14455"}],"wp:attachment":[{"href":"https:\/\/departamentos.uleam.edu.ec\/gestion-aseguramiento-calidad\/wp-json\/wp\/v2\/media?parent=8715"}],"curies":[{"name":"wp","href":"https:\/\/api.w.org\/{rel}","templated":true}]}}