{"id":9105,"date":"2023-02-07T09:13:27","date_gmt":"2023-02-07T14:13:27","guid":{"rendered":"https:\/\/departamentos.uleam.edu.ec\/gestion-aseguramiento-calidad\/?page_id=9105"},"modified":"2025-08-19T10:48:39","modified_gmt":"2025-08-19T15:48:39","slug":"titulacion-de-estudiantes-de-la-unidad-academica-de-formacion-tecnica-y-tecnologica","status":"publish","type":"page","link":"https:\/\/departamentos.uleam.edu.ec\/gestion-aseguramiento-calidad\/titulacion-de-estudiantes-de-la-unidad-academica-de-formacion-tecnica-y-tecnologica\/","title":{"rendered":"TITULACI\u00d3N DE ESTUDIANTES DE LAS CARRERAS T\u00c9CNICAS Y\u00a0TECNOL\u00d3GICAS"},"content":{"rendered":"\n<div class=\"wp-block-gutena-tabs gutena-tabs-block gutena-tabs-block-98f72b-f2\"><ul class=\"gutena-tabs-tab tab-flex\"><li class=\"gutena-tab-title active\" data-tab=\"1\"><div class=\"gutena-tab-title-content icon-top\"><div class=\"gutena-tab-title-text\"><div>Instructivo<\/div><\/div><\/div><\/li><li class=\"gutena-tab-title inactive\" data-tab=\"2\"><div class=\"gutena-tab-title-content icon-top\"><div class=\"gutena-tab-title-text\"><div>Diagrama de flujo<\/div><\/div><\/div><\/li><li class=\"gutena-tab-title inactive\" data-tab=\"3\"><div class=\"gutena-tab-title-content icon-top\"><div class=\"gutena-tab-title-text\"><div>Formatos actuales (2025-1)<\/div><\/div><\/div><\/li><li class=\"gutena-tab-title inactive\" data-tab=\"4\"><div class=\"gutena-tab-title-content icon-top\"><div class=\"gutena-tab-title-text\"><div>Formatos no vigentes<\/div><\/div><\/div><\/li><\/ul><div class=\"gutena-tabs-content is-layout-flow wp-block-gutena-tabs-is-layout-flow\">\n<div class=\"wp-block-gutena-tab gutena-tab-block gutena-tab-block-f4eff1-27 active\" data-tab=\"1\">\n<p style=\"margin-top:0;margin-bottom:0\">\u29bf <a href=\"https:\/\/departamentos.uleam.edu.ec\/gestion-aseguramiento-calidad\/files\/2024\/12\/Manual-Titulacion-1.pdf\" target=\"_blank\" rel=\"noreferrer noopener\">Instructivo de titulaci\u00f3n de estudiantes de carreras t\u00e9cnicas y tecnol\u00f3gica V2.<\/a><\/p>\n<\/div>\n\n\n\n<div class=\"wp-block-gutena-tab gutena-tab-block gutena-tab-block-abaf68-26 inactive\" data-tab=\"2\">\n<p style=\"margin-top:0;margin-bottom:0\">\u29bf <a href=\"https:\/\/departamentos.uleam.edu.ec\/gestion-aseguramiento-calidad\/files\/2024\/12\/FLUJO-DEL-INSTRUCTIVO-DE-UNITEV.pdf\">Flujograma del instructivo de titulaci\u00f3n de estudiantes de carreras t\u00e9cnicas y tecnol\u00f3gicas V2.<\/a><\/p>\n<\/div>\n\n\n\n<div class=\"wp-block-gutena-tab gutena-tab-block gutena-tab-block-1830f6-8f inactive\" data-tab=\"3\">\n<p>\u29bf <a href=\"https:\/\/departamentos.uleam.edu.ec\/gestion-aseguramiento-calidad\/files\/2025\/01\/PAT-05-IT-001-F-001-PLAN-DE-TITULACION.-V2.doc\">PAT-05-IT-001-F-001 PLAN DE TITULACI\u00d3N. V2.<\/a><\/p>\n\n\n\n<p>\u29bf <a href=\"https:\/\/departamentos.uleam.edu.ec\/gestion-aseguramiento-calidad\/files\/2025\/01\/PAT-05-IT-001-F-002-REGISTRO-DE-MODALIDAD-Y-TEMA.-V2.doc\">PAT-05-IT-001-F-002 REGISTRO DE MODALIDAD Y TEMA. V2.<\/a><\/p>\n\n\n\n<p>\u29bf PAT-05-IT-001-F-003 PROGRAMA DE TITULACI\u00d3N. V3. (Formato debe ser generado en el sistema)<\/p>\n\n\n\n<p>\u29bf <a href=\"https:\/\/departamentos.uleam.edu.ec\/gestion-aseguramiento-calidad\/files\/2025\/01\/PAT-05-IT-001-F-004-CERTIFICADO-DE-TUTORA-V3.doc\">PAT-05-IT-001-F-004 CERTIFICADO DE TUTOR(A) V3.<\/a><\/p>\n\n\n\n<p>\u29bf PAT-05-IT-001-F-005 ACTA CONSOLIDADA. V3. (Formato debe ser generado en el sistema)<\/p>\n\n\n\n<p>\u29bf <a href=\"https:\/\/tics.uleam.edu.ec\/tutorias-academicas\/\">PAT-05-IT-001-F-006 REGISTRO DE TUTOR\u00cdAS DE TITULACI\u00d3N. V2. (Formato debe ser generado en el sistema)<\/a><\/p>\n\n\n\n<p>\u29bf PAT-05-IT-001-F-007 Informe de estudiantes con sustentaci\u00f3n pendiente V1. (Formato debe ser generado en el sistema)<\/p>\n\n\n\n<p>\u29bf <a href=\"https:\/\/tics.uleam.edu.ec\/tutorias-academicas\/\" data-type=\"link\" data-id=\"https:\/\/tics.uleam.edu.ec\/tutorias-academicas\/\">PAT-05-IT-001-F-008 Reporte semestral de tutor\u00edas de titulaci\u00f3n de carreras t\u00e9cnicas V1(Generado desde el Sistema inform\u00e1tico)<\/a><\/p>\n<\/div>\n\n\n\n<div class=\"wp-block-gutena-tab gutena-tab-block gutena-tab-block-78501c-92 inactive\" data-tab=\"4\">\n<p><strong>\u2705 Instructivo<\/strong><\/p>\n\n\n\n<p>\u25c9 <a href=\"https:\/\/departamentos.uleam.edu.ec\/gestion-aseguramiento-calidad\/files\/2023\/03\/PAT-05-IT-001-Instructivo-Titulacion-Carreras-Tecnicas-y-Tecnologicas.pdf\">PAT-05-IT-001 Instructivo Titulaci\u00f3n Carreras T\u00e9cnicas y Tecnol\u00f3gicas<\/a>.<\/p>\n\n\n\n<p><strong>&nbsp;\u2705 Formatos<\/strong><\/p>\n\n\n\n<p>\u25c9 <a href=\"https:\/\/departamentos.uleam.edu.ec\/gestion-aseguramiento-calidad\/files\/2023\/02\/PAT-043.doc\">PLAN DE TITULACI\u00d3N PAT-05-IT-F-001 V.1.<\/a><\/p>\n\n\n\n<p>\u25c9 <a href=\"https:\/\/departamentos.uleam.edu.ec\/gestion-aseguramiento-calidad\/files\/2023\/02\/PA1E581.doc\">REGISTRO DE MODALIDAD Y TEMA PAT-05-IT-002 V.1.<\/a><\/p>\n\n\n\n<p>\u25c9&nbsp;<a href=\"https:\/\/departamentos.uleam.edu.ec\/gestion-aseguramiento-calidad\/files\/2023\/02\/PAT-04-003-Programa.docx\">PROGRAMA DE TITULACI\u00d3N PAT-05-IT-003 V.1<\/a><\/p>\n\n\n\n<p>\u25c9 PAT-05-IT-F-003 PROGRAMA DE TITULACI\u00d3N V.2.( formato debe ser completado en el sistema)<\/p>\n\n\n\n<p>\u25c9 <a href=\"https:\/\/departamentos.uleam.edu.ec\/gestion-aseguramiento-calidad\/files\/2024\/08\/PAT-04-F-004-Certificado-tutor.docx\">PAT-04-F-004 CERTIFICADO TUTOR V1.<\/a><\/p>\n\n\n\n<p>\u25c9 PAT-05-IT-F-005 ACTA CONSOLIDADA DE FINALIZACI\u00d3N DE ESTUDIOS V.2. ( formato debe ser completado en el sistema)<\/p>\n\n\n\n<p>\u25c9&nbsp;<a href=\"https:\/\/departamentos.uleam.edu.ec\/gestion-aseguramiento-calidad\/files\/2023\/02\/PAFF171.doc\">ACTA CONSOLIDADA DE FINALIZACI\u00d3N DE ESTUDIOS DE UAFTT PAT-05-IT-005 V.1<\/a>.<\/p>\n\n\n\n<p>\u25c9 PAT-05-IT-F-006 REGISTRO DE TUTOR\u00cdAS DE TITULACI\u00d3N DE LAS CARRERAS T\u00c9CNICAS V.1.&nbsp;( formato debe ser completado en el sistema)<\/p>\n\n\n\n<p style=\"margin-top:0;margin-bottom:0\"><\/p>\n<\/div>\n<\/div><\/div>\n\n\n\n<p><\/p>\n","protected":false},"excerpt":{"rendered":"","protected":false},"author":134,"featured_media":0,"parent":0,"menu_order":0,"comment_status":"closed","ping_status":"closed","template":"","meta":{"footnotes":"","_links_to":"","_links_to_target":""},"class_list":["post-9105","page","type-page","status-publish","hentry"],"_links":{"self":[{"href":"https:\/\/departamentos.uleam.edu.ec\/gestion-aseguramiento-calidad\/wp-json\/wp\/v2\/pages\/9105","targetHints":{"allow":["GET"]}}],"collection":[{"href":"https:\/\/departamentos.uleam.edu.ec\/gestion-aseguramiento-calidad\/wp-json\/wp\/v2\/pages"}],"about":[{"href":"https:\/\/departamentos.uleam.edu.ec\/gestion-aseguramiento-calidad\/wp-json\/wp\/v2\/types\/page"}],"author":[{"embeddable":true,"href":"https:\/\/departamentos.uleam.edu.ec\/gestion-aseguramiento-calidad\/wp-json\/wp\/v2\/users\/134"}],"replies":[{"embeddable":true,"href":"https:\/\/departamentos.uleam.edu.ec\/gestion-aseguramiento-calidad\/wp-json\/wp\/v2\/comments?post=9105"}],"version-history":[{"count":57,"href":"https:\/\/departamentos.uleam.edu.ec\/gestion-aseguramiento-calidad\/wp-json\/wp\/v2\/pages\/9105\/revisions"}],"predecessor-version":[{"id":13943,"href":"https:\/\/departamentos.uleam.edu.ec\/gestion-aseguramiento-calidad\/wp-json\/wp\/v2\/pages\/9105\/revisions\/13943"}],"wp:attachment":[{"href":"https:\/\/departamentos.uleam.edu.ec\/gestion-aseguramiento-calidad\/wp-json\/wp\/v2\/media?parent=9105"}],"curies":[{"name":"wp","href":"https:\/\/api.w.org\/{rel}","templated":true}]}}