{"id":32,"date":"2016-03-18T19:47:39","date_gmt":"2016-03-18T19:47:39","guid":{"rendered":"http:\/\/departamentos.uleam.edu.ec\/ingenieria-sismica\/?page_id=32"},"modified":"2018-12-19T23:27:13","modified_gmt":"2018-12-19T23:27:13","slug":"articulos-publicados","status":"publish","type":"page","link":"https:\/\/departamentos.uleam.edu.ec\/ingenieria-sismica\/articulos-publicados\/","title":{"rendered":"Articulos Publicados"},"content":{"rendered":"<p><span style=\"font-size: 1.8rem\"><span style=\"color: #ffffff\">[<\/span><strong><span style=\"color: #333333\">Publicaciones Uleam &#8211; 2018<\/span><\/strong><span style=\"color: #ffffff\">]<\/span><br \/>\n[su_accordion]\n[su_spoiler title=\u00bbCOMPORTAMIENTO DE ESTRUCTURAS UBICADAS EN LA ZONA CERO DE TARQUI EN MANTA, DURANTE EL TERREMOTO DE 2016&#8243; style=\u00bbfancy\u00bb open=\u00bbno\u00bb]<\/span><\/p>\n<p><strong><span style=\"color: #008000\">T\u00edtulo:<\/span><\/strong><br \/>\n<span style=\"text-decoration: underline;color: #333399\"><strong><a href=\"https:\/\/departamentos.uleam.edu.ec\/ingenieria-sismica\/files\/2018\/12\/Art\u00edculo-5-Comportamiento-de-estructuras-ubicadas-en-la-zona-cero-de-Tarqui-en-Manta-durante-el-terremoto-de-2016.pdf\" target=\"_blank\" rel=\"noopener\">Art\u00edculo 5 (Comportamiento de estructuras ubicadas en la zona cero de Tarqui en Manta, durante el terremoto de 2016)<\/a><\/strong><\/span><\/p>\n<p><span style=\"color: #008000\"><strong>Autores:<\/strong><\/span><br \/>\nRoberto Aguiar,\u00a0 A. Vega, M. Fioravanti,\u00a0 J. Intriago,\u00a0 R. Mero,\u00a0 P. Moreira,\u00a0 W. Salguero,\u00a0 D. Luzardo<\/p>\n<p><span style=\"color: #008000\"><strong>Resumen:<\/strong><\/span><br \/>\nSe estudia el comportamiento que tuvieron nueve bloques estructurales de 8 edificaciones ubicadas en la Zona Cero de Tarqui, en Manta, durante el terremoto de 2016; para el efecto se realiz\u00f3 un an\u00e1lisis espectral y se comprob\u00f3 que el mal comportamiento que tuvieron algunas de \u00e9stas estructuras se debi\u00f3 a un mal dise\u00f1o y falta de control en la construcci\u00f3n; tambi\u00e9n se debi\u00f3 a una probable amplificaci\u00f3n de las ondas s\u00edsmicas por tener per\u00edodos de vibraci\u00f3n del suelo mayores a 0.7 segundos.<br \/>\n[\/su_spoiler]\n[\/su_accordion]\n<p><span style=\"color: #ffffff\">[<\/span><span style=\"color: #333333\"><strong>Publicaciones en Latindex 2016<\/strong><\/span><span style=\"color: #ffffff\">]<\/span><br \/>\n[su_accordion]\n[su_spoiler title=\u00bbINFLUENCIA DE LAS CADENAS EN EL DISE\u00d1O DE PLINTOS. APLICACI\u00d3N A UN BLOQUE DE GRADAS DE LA UFA-ESPE\u00bb style=\u00bbfancy\u00bb open=\u00bbno\u00bb]\n<p><strong><span style=\"color: #008000\">T\u00edtulo:<\/span><\/strong><br \/>\n<span style=\"text-decoration: underline;color: #333399\"><strong><a style=\"color: #333399;text-decoration: underline\" href=\"https:\/\/drive.google.com\/file\/d\/0B0mg14zaXmCuNll0aW1Fa2JyWk0\/view?usp=sharing\" target=\"_blank\" rel=\"noopener\"> INFLUENCIA DE LAS CADENAS EN EL DISE\u00d1O DE PLINTOS. APLICACI\u00d3N A UN BLOQUE DE GRADAS DE LA UFA-ESPE<\/a><\/strong><\/span><\/p>\n<p><span style=\"color: #008000\"><strong>Autores:<\/strong><\/span><br \/>\nRoberto Aguiar, Abel Zambrano, Diego Mu\u00f1oz, Daniela Vera, Sebasti\u00e1n Serrano, Alex Lucas, Jonathan Mizobe, Pablo Caiza<\/p>\n<p><span style=\"color: #008000\"><strong>Resumen:<\/strong><\/span><br \/>\nSe presenta un modelo para el an\u00e1lisis de plintos incorporando las cadenas como elementos estructurales y despu\u00e9s se aplica el modelo, al c\u00e1lculo de presiones del Bloque de Gradas de Emergencia de la Universidad de las Fuerzas Armadas ESPE, que se halla en construcci\u00f3n.<br \/>\nLos resultados, a nivel de presiones transmitidas a la cimentaci\u00f3n, se comparan con el modelo tradicional de c\u00e1lculo de plintos sin considerar la presencia de las cadenas.<br \/>\n[\/su_spoiler]\n[su_spoiler title=\u00bbREHABILITACI\u00d3N DE EDIFICIO AFECTADO POR EL TERREMOTO DEL 16 DE ABRIL DE 2016 DE ECUADOR EN LA ULEAM\u00bb style=\u00bbfancy\u00bb open=\u00bbno\u00bb]\n<strong><span style=\"color: #008000\"> T\u00edtulo:<\/span><\/strong><br \/>\n<span style=\"text-decoration: underline;color: #333399\"><strong><a style=\"color: #333399;text-decoration: underline\" href=\"https:\/\/drive.google.com\/file\/d\/0B0mg14zaXmCuRnBzdDFCMzY2ajA\/view?usp=sharing\" target=\"_blank\" rel=\"noopener\"> REHABILITACI\u00d3N DE EDIFICIO AFECTADO POR EL TERREMOTO DEL 16 DE ABRIL DE 2016 DE ECUADOR EN LA ULEAM<\/a><\/strong><\/span><\/p>\n<p><span style=\"color: #008000\"><strong>Autores:<\/strong><\/span><br \/>\nR. Aguiar*, F. Del Castillo**, J. Mizobe***, P. Mendoza****<\/p>\n<p><span style=\"color: #008000\"><strong>Resumen:<\/strong><\/span><br \/>\nPosterior al terremoto del 16 de abril del 2016 en Ecuador, el primer edificio en ser rehabilitado fue la Facultad de Inform\u00e1tica del campus de la Universidad Laica Eloy Alfaro de Manab\u00ed (ULEAM), el cual tuvo da\u00f1o moderado en las paredes debido a que no eran completamente rectas, y da\u00f1o severo en las paredes del descanso de la grada. Para la reconstrucci\u00f3n se reemplazaron dichas paredes que eran de bloque o ladrillo, por paredes con Gypsum livianas y flexibles. En este art\u00edculo se presenta el buen comportamiento que tuvieron las paredes de Gypsum, en otras estructuras en contraste con las paredes de bloque o ladrillo, detall\u00e1ndose as\u00ed mismo, algunos aspectos constructivos sobre la forma correcta de instalarlas. Finalmente, se realiz\u00f3 un an\u00e1lisis espectral de la estructura empleando el espectro del terremoto del 16 de abril de 2016, de magnitud 7.8, obtenido en Manta. En la estructura estudiada, se encontr\u00f3 los desplazamientos laterales y derivas de piso, para asociar \u00e9ste \u00faltimo valor con la no existencia de da\u00f1o estructural, y solo da\u00f1o moderado en la mamposter\u00eda de las aulas y oficinas y severo en la grada. Posteriormente se realiz\u00f3 un nuevo an\u00e1lisis s\u00edsmico considerando la reducci\u00f3n del peso por el cambio del material de las paredes, determinando un mejor comportamiento s\u00edsmico.<br \/>\n[\/su_spoiler]\n[\/su_accordion]\n<p><span style=\"color: #ffffff\">[<\/span><span style=\"color: #333333\"><strong>Art\u00edculos enviados a Revista Scopus 2016<\/strong><\/span><span style=\"color: #ffffff\">]<\/span><br \/>\n[su_accordion]\n[su_spoiler title=\u00bbAN\u00c1LISIS S\u00cdSMICO DE GRADAS CON TRES MODELOS MEDIANTE LOS M\u00c9TODOS: ESPECTRAL Y DEL ESPECTRO DE CAPACIDAD, QUE SIRVEN DE ACCESO A UNA ESTRUCTURA CON AISLADORES S\u00cdSMICOS\u00bb style=\u00bbfancy\u00bb open=\u00bbno\u00bb]\n<strong><span style=\"color: #008000\"> T\u00edtulo:<\/span><\/strong><br \/>\n<span style=\"text-decoration: underline;color: #333399\"><strong><a style=\"color: #333399;text-decoration: underline\" href=\"https:\/\/drive.google.com\/file\/d\/0B0mg14zaXmCuRGxHTjl3UGpuUWs\/view?usp=sharing\" target=\"_blank\" rel=\"noopener\"> AN\u00c1LISIS S\u00cdSMICO DE GRADAS CON TRES MODELOS MEDIANTE LOS M\u00c9TODOS: ESPECTRAL Y DEL ESPECTRO DE CAPACIDAD, QUE SIRVEN DE ACCESO A UNA ESTRUCTURA CON AISLADORES S\u00cdSMICOS<\/a><\/strong><\/span><\/p>\n<p><span style=\"color: #008000\"><strong>Autores:<\/strong><\/span><br \/>\nRoberto Aguiar, David Mora, Diego Mu\u00f1oz, Sebasti\u00e1n Serrano, Daniela Vera, Michael Rodr\u00edguez, Dar\u00edo P\u00e1ez.<\/p>\n<p><span style=\"color: #008000\"><strong>Resumen:<\/strong><\/span><br \/>\nEn la Universidad de las Fuerzas Armadas ESPE de Ecuador, se est\u00e1n construyendo algunos Bloques Estructurales con aisladores s\u00edsmicos de triple p\u00e9ndulo de fricci\u00f3n, en uno de ellos, las gradas de acceso a los diferentes pisos se encuentra en un Bloque Estructural sin aisladores s\u00edsmicos por lo que se tiene detalles especiales en su construcci\u00f3n, para permitir el libre desplazamiento de los aisladores sin posibilidad de impacto con el Bloque de Gradas; en este art\u00edculo se indican esos detalles.<br \/>\nPor otra parte, se presentan tres modelos con diferentes grados de libertad para el an\u00e1lisis s\u00edsmico de un p\u00f3rtico en sentido longitudinal y de un p\u00f3rtico en sentido transversal de la grada; se compara sus respuestas empleando el M\u00e9todo Espectral y el M\u00e9todo del Espectro de Capacidad. Destacando con ello la importancia de seleccionar en forma apropiada el modelo num\u00e9rico de c\u00e1lculo.<br \/>\nPosteriormente se presenta el an\u00e1lisis s\u00edsmico del Bloque Estructural al que dan acceso las gradas, utilizando como constitutiva un modelo de tres fases.<\/p>\n[\/su_spoiler]\n[su_spoiler title=\u00bbCOMPORTAMIENTO DE EDIFICIO BUZIOS UBICADO EN MANTA DURANTE EL TERREMOTO DEL 16 DE ABRIL DE 2016&#8243; style=\u00bbfancy\u00bb open=\u00bbno\u00bb]\n<strong><span style=\"color: #008000\"> T\u00edtulo:<\/span><\/strong><br \/>\n<span style=\"text-decoration: underline;color: #333399\"><strong><a style=\"color: #333399;text-decoration: underline\" href=\"https:\/\/drive.google.com\/file\/d\/0B0mg14zaXmCubGhUNWlITVZ3eG8\/view?usp=sharing\" target=\"_blank\" rel=\"noopener\">COMPORTAMIENTO DE EDIFICIO BUZIOS UBICADO EN MANTA DURANTE EL TERREMOTO DEL 16 DE ABRIL DE 2016<\/a><\/strong><\/span><\/p>\n<p><span style=\"color: #008000\"><strong>Autores:<\/strong><\/span><br \/>\nRoberto Aguiar, Fernando del Castillo.<\/p>\n<p><span style=\"color: #008000\"><strong>Resumen:<\/strong><\/span><br \/>\nEn este art\u00edculo se analiza el comportamiento s\u00edsmico del Edificio Buzios, ubicado en la ciudad de Manta, durante el terremoto del 16 de abril de 2016. Este es un edificio de hormig\u00f3n armado de 15 pisos m\u00e1s un penthouse; cimentado sobre un suelo resistente y su estructura est\u00e1 compuesto por un n\u00facleo central de muros de corte que dan cabida a la escalera y ascensores; se tienen vigas descolgadas sobre columnas rectangulares y losa alivianada. Tiene tres subsuelos con sus respectivos muros de hormig\u00f3n en el per\u00edmetro que est\u00e1 en contacto con el suelo.<br \/>\nSe inicia el art\u00edculo presentando los acelerogramas del terremoto del 16 de abril, obtenidos en un sitio muy pr\u00f3ximo al edificio. Los espectros que se hallan con estos registros son mayores a los recomendados por las Normas Ecuatorianas de la Construcci\u00f3n de 2011 y 2015, sin embargo el edificio tuvo un buen comportamiento ya que present\u00f3 da\u00f1o en mamposter\u00eda y fisuras muy ligeras en algunas vigas que no son parte de la torre principal del edificio<br \/>\nSe presenta la armadura de los principales elementos estructurales; la calidad del hormig\u00f3n utilizado y se realiz\u00f3 un an\u00e1lisis s\u00edsmico espacial, considerando los espectros de respuesta hallados en Manta, para este terremoto. Se obtienen desplazamientos y derivas de piso para cada una de las componentes horizontales de movimiento del suelo.<br \/>\nEn base a la deriva m\u00e1xima de piso encontrada y teniendo en cuenta la tipolog\u00eda estructural, el grado de dise\u00f1o s\u00edsmico se encuentra que el nivel de da\u00f1o del edificio es moderado.<br \/>\nSe presentan recomendaciones para la reconstrucci\u00f3n de las paredes y la necesidad de incrementar la resistencia de sus elementos; as\u00ed como la incorporaci\u00f3n de amortiguamiento a la estructura, para que en el futuro pueda soportar un sismo de mayor magnitud al registrado en abril de 2016 y presente menor da\u00f1o en las paredes.[\/su_spoiler]\n<p style=\"text-align: left\">[\/su_accordion]\n<p style=\"text-align: left\">\n","protected":false},"excerpt":{"rendered":"<p>[Publicaciones Uleam &#8211; 2018] [su_accordion] [su_spoiler title=\u00bbCOMPORTAMIENTO DE ESTRUCTURAS UBICADAS EN LA ZONA CERO DE TARQUI EN MANTA, DURANTE EL TERREMOTO DE 2016&#8243; style=\u00bbfancy\u00bb open=\u00bbno\u00bb] T\u00edtulo: Art\u00edculo 5 (Comportamiento de estructuras ubicadas en la zona cero de Tarqui en Manta, [&hellip;]<\/p>\n","protected":false},"author":61,"featured_media":0,"parent":0,"menu_order":0,"comment_status":"closed","ping_status":"closed","template":"","meta":{"footnotes":"","_links_to":"","_links_to_target":""},"class_list":["post-32","page","type-page","status-publish","hentry"],"_links":{"self":[{"href":"https:\/\/departamentos.uleam.edu.ec\/ingenieria-sismica\/wp-json\/wp\/v2\/pages\/32","targetHints":{"allow":["GET"]}}],"collection":[{"href":"https:\/\/departamentos.uleam.edu.ec\/ingenieria-sismica\/wp-json\/wp\/v2\/pages"}],"about":[{"href":"https:\/\/departamentos.uleam.edu.ec\/ingenieria-sismica\/wp-json\/wp\/v2\/types\/page"}],"author":[{"embeddable":true,"href":"https:\/\/departamentos.uleam.edu.ec\/ingenieria-sismica\/wp-json\/wp\/v2\/users\/61"}],"replies":[{"embeddable":true,"href":"https:\/\/departamentos.uleam.edu.ec\/ingenieria-sismica\/wp-json\/wp\/v2\/comments?post=32"}],"version-history":[{"count":33,"href":"https:\/\/departamentos.uleam.edu.ec\/ingenieria-sismica\/wp-json\/wp\/v2\/pages\/32\/revisions"}],"predecessor-version":[{"id":206,"href":"https:\/\/departamentos.uleam.edu.ec\/ingenieria-sismica\/wp-json\/wp\/v2\/pages\/32\/revisions\/206"}],"wp:attachment":[{"href":"https:\/\/departamentos.uleam.edu.ec\/ingenieria-sismica\/wp-json\/wp\/v2\/media?parent=32"}],"curies":[{"name":"wp","href":"https:\/\/api.w.org\/{rel}","templated":true}]}}