{"id":88,"date":"2016-03-21T22:51:33","date_gmt":"2016-03-21T22:51:33","guid":{"rendered":"http:\/\/departamentos.uleam.edu.ec\/ingenieria-sismica\/?page_id=88"},"modified":"2020-02-10T15:12:11","modified_gmt":"2020-02-10T15:12:11","slug":"lineas-de-investigacion","status":"publish","type":"page","link":"https:\/\/departamentos.uleam.edu.ec\/ingenieria-sismica\/lineas-de-investigacion\/","title":{"rendered":"L\u00edneas de Investigaci\u00f3n"},"content":{"rendered":"<h1 style=\"text-align: center\"><span style=\"color: #ff0000\"><em><span style=\"text-decoration: underline\"><strong>MARZO 2016<\/strong><\/span><\/em><\/span><\/h1>\n<ul>\n<li>Peligrosidad S\u00edsmica\n<ul>\n<li>Espectros de Control de Manta<\/li>\n<\/ul>\n<\/li>\n<li>Aisladores S\u00edsmicos\n<ul>\n<li>Tripe P\u00e9ndulo de Fricci\u00f3n<\/li>\n<\/ul>\n<\/li>\n<li>Disipadores de Energ\u00eda\n<ul>\n<li>Shear Link<\/li>\n<li>Barra de Pandeo Restringido<\/li>\n<\/ul>\n<\/li>\n<li>Materiales Alternativos\n<ul>\n<li>Estructuras con Bamb\u00fa<\/li>\n<\/ul>\n<\/li>\n<li>Cimentaciones\n<ul>\n<li>Acoplamiento Plinto-Cadena<\/li>\n<\/ul>\n<\/li>\n<\/ul>\n","protected":false},"excerpt":{"rendered":"<p>MARZO 2016 Peligrosidad S\u00edsmica Espectros de Control de Manta Aisladores S\u00edsmicos Tripe P\u00e9ndulo de Fricci\u00f3n Disipadores de Energ\u00eda Shear Link Barra de Pandeo Restringido Materiales Alternativos Estructuras con Bamb\u00fa Cimentaciones Acoplamiento Plinto-Cadena<\/p>\n","protected":false},"author":61,"featured_media":0,"parent":0,"menu_order":0,"comment_status":"closed","ping_status":"closed","template":"","meta":{"footnotes":"","_links_to":"","_links_to_target":""},"class_list":["post-88","page","type-page","status-publish","hentry"],"_links":{"self":[{"href":"https:\/\/departamentos.uleam.edu.ec\/ingenieria-sismica\/wp-json\/wp\/v2\/pages\/88","targetHints":{"allow":["GET"]}}],"collection":[{"href":"https:\/\/departamentos.uleam.edu.ec\/ingenieria-sismica\/wp-json\/wp\/v2\/pages"}],"about":[{"href":"https:\/\/departamentos.uleam.edu.ec\/ingenieria-sismica\/wp-json\/wp\/v2\/types\/page"}],"author":[{"embeddable":true,"href":"https:\/\/departamentos.uleam.edu.ec\/ingenieria-sismica\/wp-json\/wp\/v2\/users\/61"}],"replies":[{"embeddable":true,"href":"https:\/\/departamentos.uleam.edu.ec\/ingenieria-sismica\/wp-json\/wp\/v2\/comments?post=88"}],"version-history":[{"count":4,"href":"https:\/\/departamentos.uleam.edu.ec\/ingenieria-sismica\/wp-json\/wp\/v2\/pages\/88\/revisions"}],"predecessor-version":[{"id":438,"href":"https:\/\/departamentos.uleam.edu.ec\/ingenieria-sismica\/wp-json\/wp\/v2\/pages\/88\/revisions\/438"}],"wp:attachment":[{"href":"https:\/\/departamentos.uleam.edu.ec\/ingenieria-sismica\/wp-json\/wp\/v2\/media?parent=88"}],"curies":[{"name":"wp","href":"https:\/\/api.w.org\/{rel}","templated":true}]}}