{"id":102,"date":"2012-01-13T16:50:48","date_gmt":"2012-01-13T16:50:48","guid":{"rendered":"http:\/\/departamentos.uleam.edu.ec\/investigacion\/?page_id=102"},"modified":"2019-06-26T20:19:22","modified_gmt":"2019-06-26T20:19:22","slug":"mision","status":"publish","type":"page","link":"https:\/\/departamentos.uleam.edu.ec\/investigacion\/datos-generales\/mision\/","title":{"rendered":"Misi\u00f3n y Visi\u00f3n"},"content":{"rendered":"<p style=\"text-align: center\"><span style=\"color: #000000\"><em><strong>\u00a0 \u00a0<\/strong><\/em><strong>Misi\u00f3n y Visi\u00f3n de la Direcci\u00f3n de Investigaci\u00f3n e Innovaci\u00f3n Social y Tecnol\u00f3gica\u00a0<\/strong><\/span><\/p>\n<p><span style=\"color: #000000\"><strong>Misi\u00f3n<\/strong><\/span><\/p>\n<p style=\"text-align: justify\"><span style=\"color: #000000\">Generar conocimiento, tecnolog\u00eda y recuperar los saberes ancestrales que contribuyan a la soluci\u00f3n de problemas nacionales y regionales, realizando investigaci\u00f3n aplicada y formando recursos humanos a nivel postgrado en ciencias, dentro de un marco de responsabilidad, \u00e9tica y liderazgo en beneficio de la sociedad.<\/span><\/p>\n<p style=\"text-align: justify\"><span style=\"color: #000000\"><strong>Visi\u00f3n\u00a0<\/strong><\/span><\/p>\n<p style=\"text-align: justify\"><span style=\"color: #000000\">Ser reconocidos a nivel regional, nacional y mundial por la calidad e impacto de nuestra investigaci\u00f3n y de los recursos humanos que formamos; ser l\u00edderes en el estudio y la soluci\u00f3n de problemas relacionados con los diferentes procesos desde un enfoque integrador de los subsistemas ecol\u00f3gicos y socioecon\u00f3micos que es parte del gran sistema socioecosistema.<\/span><\/p>\n","protected":false},"excerpt":{"rendered":"<p>\u00a0 \u00a0Misi\u00f3n y Visi\u00f3n de la Direcci\u00f3n de Investigaci\u00f3n e Innovaci\u00f3n Social y Tecnol\u00f3gica\u00a0 Misi\u00f3n Generar conocimiento, tecnolog\u00eda y recuperar los saberes ancestrales que contribuyan a la soluci\u00f3n de problemas nacionales y<a class=\"moretag\" href=\"https:\/\/departamentos.uleam.edu.ec\/investigacion\/datos-generales\/mision\/\">Leer m\u00e1s&#8230;<\/a><\/p>\n","protected":false},"author":56,"featured_media":0,"parent":7,"menu_order":0,"comment_status":"closed","ping_status":"closed","template":"","meta":{"footnotes":"","_links_to":"","_links_to_target":""},"class_list":["post-102","page","type-page","status-publish","hentry"],"_links":{"self":[{"href":"https:\/\/departamentos.uleam.edu.ec\/investigacion\/wp-json\/wp\/v2\/pages\/102","targetHints":{"allow":["GET"]}}],"collection":[{"href":"https:\/\/departamentos.uleam.edu.ec\/investigacion\/wp-json\/wp\/v2\/pages"}],"about":[{"href":"https:\/\/departamentos.uleam.edu.ec\/investigacion\/wp-json\/wp\/v2\/types\/page"}],"author":[{"embeddable":true,"href":"https:\/\/departamentos.uleam.edu.ec\/investigacion\/wp-json\/wp\/v2\/users\/56"}],"replies":[{"embeddable":true,"href":"https:\/\/departamentos.uleam.edu.ec\/investigacion\/wp-json\/wp\/v2\/comments?post=102"}],"version-history":[{"count":5,"href":"https:\/\/departamentos.uleam.edu.ec\/investigacion\/wp-json\/wp\/v2\/pages\/102\/revisions"}],"predecessor-version":[{"id":775,"href":"https:\/\/departamentos.uleam.edu.ec\/investigacion\/wp-json\/wp\/v2\/pages\/102\/revisions\/775"}],"up":[{"embeddable":true,"href":"https:\/\/departamentos.uleam.edu.ec\/investigacion\/wp-json\/wp\/v2\/pages\/7"}],"wp:attachment":[{"href":"https:\/\/departamentos.uleam.edu.ec\/investigacion\/wp-json\/wp\/v2\/media?parent=102"}],"curies":[{"name":"wp","href":"https:\/\/api.w.org\/{rel}","templated":true}]}}