{"id":11,"date":"2020-10-08T21:37:35","date_gmt":"2020-10-08T21:37:35","guid":{"rendered":"https:\/\/departamentos.uleam.edu.ec\/prueba\/?page_id=11"},"modified":"2024-06-05T20:01:30","modified_gmt":"2024-06-05T20:01:30","slug":"inicio","status":"publish","type":"page","link":"https:\/\/departamentos.uleam.edu.ec\/investigacion\/","title":{"rendered":"Inicio"},"content":{"rendered":"\t\t<div data-elementor-type=\"wp-page\" data-elementor-id=\"11\" class=\"elementor elementor-11\">\n\t\t\t\t\t\t<section class=\"elementor-section elementor-top-section elementor-element elementor-element-983e2e3 elementor-section-boxed elementor-section-height-default elementor-section-height-default\" data-id=\"983e2e3\" data-element_type=\"section\">\n\t\t\t\t\t\t<div class=\"elementor-container elementor-column-gap-default\">\n\t\t\t\t\t<div class=\"elementor-column elementor-col-100 elementor-top-column elementor-element elementor-element-7bd2e1b\" data-id=\"7bd2e1b\" data-element_type=\"column\">\n\t\t\t<div class=\"elementor-widget-wrap elementor-element-populated\">\n\t\t\t\t\t\t<div class=\"elementor-element elementor-element-cca9152 elementor-widget elementor-widget-spacer\" data-id=\"cca9152\" data-element_type=\"widget\" data-widget_type=\"spacer.default\">\n\t\t\t\t<div class=\"elementor-widget-container\">\n\t\t\t\t\t\t\t<div class=\"elementor-spacer\">\n\t\t\t<div class=\"elementor-spacer-inner\"><\/div>\n\t\t<\/div>\n\t\t\t\t\t\t<\/div>\n\t\t\t\t<\/div>\n\t\t\t\t\t<\/div>\n\t\t<\/div>\n\t\t\t\t\t<\/div>\n\t\t<\/section>\n\t\t\t\t<section class=\"elementor-section elementor-top-section elementor-element elementor-element-33388d9 elementor-section-boxed elementor-section-height-default elementor-section-height-default\" data-id=\"33388d9\" data-element_type=\"section\">\n\t\t\t\t\t\t<div class=\"elementor-container elementor-column-gap-default\">\n\t\t\t\t\t<div class=\"elementor-column elementor-col-100 elementor-top-column elementor-element elementor-element-4c3363d\" data-id=\"4c3363d\" data-element_type=\"column\">\n\t\t\t<div class=\"elementor-widget-wrap elementor-element-populated\">\n\t\t\t\t\t\t<div class=\"elementor-element elementor-element-dff2d57 elementor-widget elementor-widget-text-editor\" data-id=\"dff2d57\" data-element_type=\"widget\" data-widget_type=\"text-editor.default\">\n\t\t\t\t<div class=\"elementor-widget-container\">\n\t\t\t\t\t\t\t\t\t<p style=\"text-align: justify\"><span style=\"color: #000000\">La Direcci\u00f3n de Investigaci\u00f3n, Publicaciones y Servicios Bibliogr\u00e1ficos es el organismo gestor del dise\u00f1o, implementaci\u00f3n y ejecuci\u00f3n de las pol\u00edticas, procedimientos y estrategias de investigaci\u00f3n cient\u00edfica, tecnol\u00f3gica, human\u00edstica y art\u00edstica de la Universidad Laica Eloy Alfaro de Manab\u00ed. Se integra a las funciones de las Comisiones de Investigaci\u00f3n de las Facultades y Extensiones y transversalmente mediante la interacci\u00f3n con las Direcciones de Vinculaci\u00f3n y Emprendimiento, Planificaci\u00f3n, Proyectos y Desarrollo Institucional, Gesti\u00f3n y Aseguramiento de la Calidad y Planificaci\u00f3n Acad\u00e9mica Institucional.<\/span><\/p>\t\t\t\t\t\t\t\t<\/div>\n\t\t\t\t<\/div>\n\t\t\t\t\t<\/div>\n\t\t<\/div>\n\t\t\t\t\t<\/div>\n\t\t<\/section>\n\t\t\t\t<section class=\"elementor-section elementor-top-section elementor-element elementor-element-01fc493 elementor-section-boxed elementor-section-height-default elementor-section-height-default\" data-id=\"01fc493\" data-element_type=\"section\">\n\t\t\t\t\t\t<div class=\"elementor-container elementor-column-gap-default\">\n\t\t\t\t\t<div class=\"elementor-column elementor-col-100 elementor-top-column elementor-element elementor-element-c85f4f1\" data-id=\"c85f4f1\" data-element_type=\"column\">\n\t\t\t<div class=\"elementor-widget-wrap elementor-element-populated\">\n\t\t\t\t\t\t<div class=\"elementor-element elementor-element-68ca614 elementor-widget elementor-widget-heading\" data-id=\"68ca614\" data-element_type=\"widget\" data-widget_type=\"heading.default\">\n\t\t\t\t<div class=\"elementor-widget-container\">\n\t\t\t\t\t<h1 class=\"elementor-heading-title elementor-size-xl\">Investigaci\u00f3n en la Uleam<\/h1>\t\t\t\t<\/div>\n\t\t\t\t<\/div>\n\t\t\t\t\t<\/div>\n\t\t<\/div>\n\t\t\t\t\t<\/div>\n\t\t<\/section>\n\t\t\t\t<section class=\"elementor-section elementor-top-section elementor-element elementor-element-31e489d elementor-section-boxed elementor-section-height-default elementor-section-height-default\" data-id=\"31e489d\" data-element_type=\"section\" data-settings=\"{&quot;background_background&quot;:&quot;classic&quot;}\">\n\t\t\t\t\t\t\t<div class=\"elementor-background-overlay\"><\/div>\n\t\t\t\t\t\t\t<div class=\"elementor-container elementor-column-gap-default\">\n\t\t\t\t\t<div class=\"elementor-column elementor-col-25 elementor-top-column elementor-element elementor-element-45df5b3\" data-id=\"45df5b3\" data-element_type=\"column\" data-settings=\"{&quot;background_background&quot;:&quot;gradient&quot;}\">\n\t\t\t<div class=\"elementor-widget-wrap elementor-element-populated\">\n\t\t\t\t\t\t<div class=\"elementor-element elementor-element-08a5b4f elementor-widget elementor-widget-image\" data-id=\"08a5b4f\" data-element_type=\"widget\" data-widget_type=\"image.default\">\n\t\t\t\t<div class=\"elementor-widget-container\">\n\t\t\t\t\t\t\t\t\t\t\t\t\t\t\t\t<a href=\"https:\/\/departamentos.uleam.edu.ec\/investigacion\/programas-y-proyectos\/\">\n\t\t\t\t\t\t\t<img fetchpriority=\"high\" decoding=\"async\" width=\"383\" height=\"383\" src=\"https:\/\/departamentos.uleam.edu.ec\/investigacion\/files\/2021\/02\/convocatoria-sistema-gestion.jpg\" class=\"attachment-large size-large wp-image-711\" alt=\"\" srcset=\"https:\/\/departamentos.uleam.edu.ec\/investigacion\/files\/2021\/02\/convocatoria-sistema-gestion.jpg 383w, https:\/\/departamentos.uleam.edu.ec\/investigacion\/files\/2021\/02\/convocatoria-sistema-gestion-300x300.jpg 300w, https:\/\/departamentos.uleam.edu.ec\/investigacion\/files\/2021\/02\/convocatoria-sistema-gestion-150x150.jpg 150w\" sizes=\"(max-width: 383px) 100vw, 383px\" \/>\t\t\t\t\t\t\t\t<\/a>\n\t\t\t\t\t\t\t\t\t\t\t\t\t\t\t<\/div>\n\t\t\t\t<\/div>\n\t\t\t\t\t<\/div>\n\t\t<\/div>\n\t\t\t\t<div class=\"elementor-column elementor-col-25 elementor-top-column elementor-element elementor-element-03023ae\" data-id=\"03023ae\" data-element_type=\"column\" data-settings=\"{&quot;background_background&quot;:&quot;gradient&quot;}\">\n\t\t\t<div class=\"elementor-widget-wrap elementor-element-populated\">\n\t\t\t\t\t\t<div class=\"elementor-element elementor-element-96446fc elementor-widget elementor-widget-text-editor\" data-id=\"96446fc\" data-element_type=\"widget\" data-widget_type=\"text-editor.default\">\n\t\t\t\t<div class=\"elementor-widget-container\">\n\t\t\t\t\t\t\t\t\t<h3>\u00a0<\/h3><h3 style=\"text-align: center\"><a href=\"https:\/\/departamentos.uleam.edu.ec\/investigacion\/programas-y-proyectos\/\" data-wplink-edit=\"true\">Programas y Proyectos de Investigaci\u00f3n<\/a><\/h3><div>\u00a0<\/div>\t\t\t\t\t\t\t\t<\/div>\n\t\t\t\t<\/div>\n\t\t\t\t\t<\/div>\n\t\t<\/div>\n\t\t\t\t<div class=\"elementor-column elementor-col-25 elementor-top-column elementor-element elementor-element-8f84ed9\" data-id=\"8f84ed9\" data-element_type=\"column\">\n\t\t\t<div class=\"elementor-widget-wrap elementor-element-populated\">\n\t\t\t\t\t\t<div class=\"elementor-element elementor-element-78bb80c elementor-widget elementor-widget-image\" data-id=\"78bb80c\" data-element_type=\"widget\" data-widget_type=\"image.default\">\n\t\t\t\t<div class=\"elementor-widget-container\">\n\t\t\t\t\t\t\t\t\t\t\t\t\t\t\t\t<a href=\"https:\/\/departamentos.uleam.edu.ec\/investigacion\/comision-de-investigacion-facultades-y-extensiones\/\">\n\t\t\t\t\t\t\t<img decoding=\"async\" width=\"383\" height=\"383\" src=\"https:\/\/departamentos.uleam.edu.ec\/investigacion\/files\/2021\/02\/produccion-cientifica.jpg\" class=\"attachment-large size-large wp-image-713\" alt=\"\" srcset=\"https:\/\/departamentos.uleam.edu.ec\/investigacion\/files\/2021\/02\/produccion-cientifica.jpg 383w, https:\/\/departamentos.uleam.edu.ec\/investigacion\/files\/2021\/02\/produccion-cientifica-300x300.jpg 300w, https:\/\/departamentos.uleam.edu.ec\/investigacion\/files\/2021\/02\/produccion-cientifica-150x150.jpg 150w\" sizes=\"(max-width: 383px) 100vw, 383px\" \/>\t\t\t\t\t\t\t\t<\/a>\n\t\t\t\t\t\t\t\t\t\t\t\t\t\t\t<\/div>\n\t\t\t\t<\/div>\n\t\t\t\t\t<\/div>\n\t\t<\/div>\n\t\t\t\t<div class=\"elementor-column elementor-col-25 elementor-top-column elementor-element elementor-element-c452369\" data-id=\"c452369\" data-element_type=\"column\" data-settings=\"{&quot;background_background&quot;:&quot;gradient&quot;}\">\n\t\t\t<div class=\"elementor-widget-wrap elementor-element-populated\">\n\t\t\t\t\t\t<div class=\"elementor-element elementor-element-108875c elementor-widget elementor-widget-text-editor\" data-id=\"108875c\" data-element_type=\"widget\" data-widget_type=\"text-editor.default\">\n\t\t\t\t<div class=\"elementor-widget-container\">\n\t\t\t\t\t\t\t\t\t<h3>\u00a0<\/h3><h3 style=\"text-align: center\"><a href=\"https:\/\/departamentos.uleam.edu.ec\/investigacion\/comision-de-investigacion-facultades-y-extensiones\/\">Comisi\u00f3n de Investigaci\u00f3n Facultades y Extensiones<\/a><\/h3><div>\u00a0<\/div>\t\t\t\t\t\t\t\t<\/div>\n\t\t\t\t<\/div>\n\t\t\t\t\t<\/div>\n\t\t<\/div>\n\t\t\t\t\t<\/div>\n\t\t<\/section>\n\t\t\t\t<section class=\"elementor-section elementor-top-section elementor-element elementor-element-419acd9 elementor-section-boxed elementor-section-height-default elementor-section-height-default\" data-id=\"419acd9\" data-element_type=\"section\" data-settings=\"{&quot;background_background&quot;:&quot;gradient&quot;}\">\n\t\t\t\t\t\t\t<div class=\"elementor-background-overlay\"><\/div>\n\t\t\t\t\t\t\t<div class=\"elementor-container elementor-column-gap-default\">\n\t\t\t\t\t<div class=\"elementor-column elementor-col-25 elementor-top-column elementor-element elementor-element-3215dca\" data-id=\"3215dca\" data-element_type=\"column\" data-settings=\"{&quot;background_background&quot;:&quot;gradient&quot;}\">\n\t\t\t<div class=\"elementor-widget-wrap elementor-element-populated\">\n\t\t\t\t\t\t<div class=\"elementor-element elementor-element-9ea357b elementor-widget elementor-widget-image\" data-id=\"9ea357b\" data-element_type=\"widget\" data-widget_type=\"image.default\">\n\t\t\t\t<div class=\"elementor-widget-container\">\n\t\t\t\t\t\t\t\t\t\t\t\t\t\t\t\t<a href=\"https:\/\/departamentos.uleam.edu.ec\/investigacion\/convocatorias\/\">\n\t\t\t\t\t\t\t<img decoding=\"async\" width=\"383\" height=\"383\" src=\"https:\/\/departamentos.uleam.edu.ec\/investigacion\/files\/2021\/02\/programas-y-proyectos.jpg\" class=\"attachment-large size-large wp-image-712\" alt=\"\" srcset=\"https:\/\/departamentos.uleam.edu.ec\/investigacion\/files\/2021\/02\/programas-y-proyectos.jpg 383w, https:\/\/departamentos.uleam.edu.ec\/investigacion\/files\/2021\/02\/programas-y-proyectos-300x300.jpg 300w, https:\/\/departamentos.uleam.edu.ec\/investigacion\/files\/2021\/02\/programas-y-proyectos-150x150.jpg 150w\" sizes=\"(max-width: 383px) 100vw, 383px\" \/>\t\t\t\t\t\t\t\t<\/a>\n\t\t\t\t\t\t\t\t\t\t\t\t\t\t\t<\/div>\n\t\t\t\t<\/div>\n\t\t\t\t\t<\/div>\n\t\t<\/div>\n\t\t\t\t<div class=\"elementor-column elementor-col-25 elementor-top-column elementor-element elementor-element-450d2e6\" data-id=\"450d2e6\" data-element_type=\"column\">\n\t\t\t<div class=\"elementor-widget-wrap elementor-element-populated\">\n\t\t\t\t\t\t<div class=\"elementor-element elementor-element-9d8f0cc elementor-widget elementor-widget-text-editor\" data-id=\"9d8f0cc\" data-element_type=\"widget\" data-widget_type=\"text-editor.default\">\n\t\t\t\t<div class=\"elementor-widget-container\">\n\t\t\t\t\t\t\t\t\t<h3>\u00a0<\/h3><h3 style=\"text-align: center\"><a href=\"https:\/\/departamentos.uleam.edu.ec\/investigacion\/convocatorias\/\" data-wplink-edit=\"true\">Convocatorias Sistema Gesti\u00f3n de la Ciencia<\/a><\/h3><div>\u00a0<\/div>\t\t\t\t\t\t\t\t<\/div>\n\t\t\t\t<\/div>\n\t\t\t\t\t<\/div>\n\t\t<\/div>\n\t\t\t\t<div class=\"elementor-column elementor-col-25 elementor-top-column elementor-element elementor-element-d8bb395\" data-id=\"d8bb395\" data-element_type=\"column\" data-settings=\"{&quot;background_background&quot;:&quot;gradient&quot;}\">\n\t\t\t<div class=\"elementor-widget-wrap elementor-element-populated\">\n\t\t\t\t\t\t<div class=\"elementor-element elementor-element-5c0048a elementor-widget elementor-widget-image\" data-id=\"5c0048a\" data-element_type=\"widget\" data-widget_type=\"image.default\">\n\t\t\t\t<div class=\"elementor-widget-container\">\n\t\t\t\t\t\t\t\t\t\t\t\t\t\t\t\t<a href=\"https:\/\/departamentos.uleam.edu.ec\/investigacion\/produccion-cientifica-institucional\/\">\n\t\t\t\t\t\t\t<img loading=\"lazy\" decoding=\"async\" width=\"383\" height=\"383\" src=\"https:\/\/departamentos.uleam.edu.ec\/investigacion\/files\/2021\/02\/comision-de-investigacon.jpg\" class=\"attachment-large size-large wp-image-714\" alt=\"\" srcset=\"https:\/\/departamentos.uleam.edu.ec\/investigacion\/files\/2021\/02\/comision-de-investigacon.jpg 383w, https:\/\/departamentos.uleam.edu.ec\/investigacion\/files\/2021\/02\/comision-de-investigacon-300x300.jpg 300w, https:\/\/departamentos.uleam.edu.ec\/investigacion\/files\/2021\/02\/comision-de-investigacon-150x150.jpg 150w\" sizes=\"(max-width: 383px) 100vw, 383px\" \/>\t\t\t\t\t\t\t\t<\/a>\n\t\t\t\t\t\t\t\t\t\t\t\t\t\t\t<\/div>\n\t\t\t\t<\/div>\n\t\t\t\t\t<\/div>\n\t\t<\/div>\n\t\t\t\t<div class=\"elementor-column elementor-col-25 elementor-top-column elementor-element elementor-element-4342bfb\" data-id=\"4342bfb\" data-element_type=\"column\">\n\t\t\t<div class=\"elementor-widget-wrap elementor-element-populated\">\n\t\t\t\t\t\t<div class=\"elementor-element elementor-element-644893c elementor-widget elementor-widget-text-editor\" data-id=\"644893c\" data-element_type=\"widget\" data-widget_type=\"text-editor.default\">\n\t\t\t\t<div class=\"elementor-widget-container\">\n\t\t\t\t\t\t\t\t\t<h3>\u00a0<\/h3><h3 style=\"text-align: center\"><a href=\"https:\/\/departamentos.uleam.edu.ec\/investigacion\/produccion-cientifica-institucional\/\" data-wplink-edit=\"true\">Producci\u00f3n Cient\u00edfica Institucional<\/a><\/h3><div>\u00a0<\/div>\t\t\t\t\t\t\t\t<\/div>\n\t\t\t\t<\/div>\n\t\t\t\t\t<\/div>\n\t\t<\/div>\n\t\t\t\t\t<\/div>\n\t\t<\/section>\n\t\t\t\t<section class=\"elementor-section elementor-top-section elementor-element elementor-element-cd02926 elementor-section-boxed elementor-section-height-default elementor-section-height-default\" data-id=\"cd02926\" data-element_type=\"section\">\n\t\t\t\t\t\t<div class=\"elementor-container elementor-column-gap-default\">\n\t\t\t\t\t<div class=\"elementor-column elementor-col-100 elementor-top-column elementor-element elementor-element-0b8c4e4\" data-id=\"0b8c4e4\" data-element_type=\"column\">\n\t\t\t<div class=\"elementor-widget-wrap elementor-element-populated\">\n\t\t\t\t\t\t<div class=\"elementor-element elementor-element-cdd4aa1 elementor-widget elementor-widget-spacer\" data-id=\"cdd4aa1\" data-element_type=\"widget\" data-widget_type=\"spacer.default\">\n\t\t\t\t<div class=\"elementor-widget-container\">\n\t\t\t\t\t\t\t<div class=\"elementor-spacer\">\n\t\t\t<div class=\"elementor-spacer-inner\"><\/div>\n\t\t<\/div>\n\t\t\t\t\t\t<\/div>\n\t\t\t\t<\/div>\n\t\t\t\t\t<\/div>\n\t\t<\/div>\n\t\t\t\t\t<\/div>\n\t\t<\/section>\n\t\t\t\t<\/div>\n\t\t","protected":false},"excerpt":{"rendered":"<p>La Direcci\u00f3n de Investigaci\u00f3n, Publicaciones y Servicios Bibliogr\u00e1ficos es el organismo gestor del dise\u00f1o, implementaci\u00f3n y ejecuci\u00f3n de las pol\u00edticas, procedimientos y estrategias de investigaci\u00f3n cient\u00edfica, tecnol\u00f3gica, human\u00edstica y art\u00edstica de la<a class=\"moretag\" href=\"https:\/\/departamentos.uleam.edu.ec\/investigacion\/\">Leer m\u00e1s&#8230;<\/a><\/p>\n","protected":false},"author":47,"featured_media":0,"parent":0,"menu_order":0,"comment_status":"closed","ping_status":"closed","template":"elementor_header_footer","meta":{"footnotes":"","_links_to":"","_links_to_target":""},"class_list":["post-11","page","type-page","status-publish","hentry"],"_links":{"self":[{"href":"https:\/\/departamentos.uleam.edu.ec\/investigacion\/wp-json\/wp\/v2\/pages\/11","targetHints":{"allow":["GET"]}}],"collection":[{"href":"https:\/\/departamentos.uleam.edu.ec\/investigacion\/wp-json\/wp\/v2\/pages"}],"about":[{"href":"https:\/\/departamentos.uleam.edu.ec\/investigacion\/wp-json\/wp\/v2\/types\/page"}],"author":[{"embeddable":true,"href":"https:\/\/departamentos.uleam.edu.ec\/investigacion\/wp-json\/wp\/v2\/users\/47"}],"replies":[{"embeddable":true,"href":"https:\/\/departamentos.uleam.edu.ec\/investigacion\/wp-json\/wp\/v2\/comments?post=11"}],"version-history":[{"count":29,"href":"https:\/\/departamentos.uleam.edu.ec\/investigacion\/wp-json\/wp\/v2\/pages\/11\/revisions"}],"predecessor-version":[{"id":4423,"href":"https:\/\/departamentos.uleam.edu.ec\/investigacion\/wp-json\/wp\/v2\/pages\/11\/revisions\/4423"}],"wp:attachment":[{"href":"https:\/\/departamentos.uleam.edu.ec\/investigacion\/wp-json\/wp\/v2\/media?parent=11"}],"curies":[{"name":"wp","href":"https:\/\/api.w.org\/{rel}","templated":true}]}}