{"id":388,"date":"2020-11-10T10:48:03","date_gmt":"2020-11-10T15:48:03","guid":{"rendered":"https:\/\/departamentos.uleam.edu.ec\/prueba\/?page_id=388"},"modified":"2026-04-06T14:23:12","modified_gmt":"2026-04-06T14:23:12","slug":"normativas","status":"publish","type":"page","link":"https:\/\/departamentos.uleam.edu.ec\/investigacion\/normativas\/","title":{"rendered":"Normativa vigente"},"content":{"rendered":"\t\t<div data-elementor-type=\"wp-page\" data-elementor-id=\"388\" class=\"elementor elementor-388\">\n\t\t\t\t\t\t<section class=\"elementor-section elementor-top-section elementor-element elementor-element-ffcdd7c elementor-section-boxed elementor-section-height-default elementor-section-height-default\" data-id=\"ffcdd7c\" data-element_type=\"section\">\n\t\t\t\t\t\t<div class=\"elementor-container elementor-column-gap-default\">\n\t\t\t\t\t<div class=\"elementor-column elementor-col-100 elementor-top-column elementor-element elementor-element-c123a06\" data-id=\"c123a06\" data-element_type=\"column\">\n\t\t\t<div class=\"elementor-widget-wrap elementor-element-populated\">\n\t\t\t\t\t\t<div class=\"elementor-element elementor-element-d0c307d elementor-widget elementor-widget-text-editor\" data-id=\"d0c307d\" data-element_type=\"widget\" data-widget_type=\"text-editor.default\">\n\t\t\t\t<div class=\"elementor-widget-container\">\n\t\t\t\t\t\t\t\t\t<ul><li><a href=\"https:\/\/departamentos.uleam.edu.ec\/investigacion\/files\/2025\/07\/PLAN-INSTITUCIONAL-DE-INVESTIGACION-2021-2025.pdf\">Plan Institucional de Investigaci\u00f3n 2021 &#8211; 2025<\/a><\/li><li><a href=\"https:\/\/departamentos.uleam.edu.ec\/investigacion\/files\/2025\/07\/MODELO-EDUCATIVO-ULEAM-2025-1.pdf\">Modelo educativo<\/a><\/li><li><a href=\"https:\/\/departamentos.uleam.edu.ec\/investigacion\/files\/2025\/07\/LINEAS-INSTITUCIONALES-DE-INVESTIGACION-1.pdf\">L\u00edneas de Investigaci\u00f3n Institucional<\/a><\/li><li><a href=\"https:\/\/departamentos.uleam.edu.ec\/investigacion\/files\/2025\/07\/PROPIEDAD-INTELECTUAL.pdf\">Pol\u00edtica de propiedad intelectual<\/a><\/li><li><a href=\"https:\/\/departamentos.uleam.edu.ec\/investigacion\/files\/2025\/07\/Codigo-de-Etica-para-la-investigacion-y-la-gestion-del-conocimiento.pdf\">C\u00f3digo de \u00e9tica de la investigaci\u00f3n y la gesti\u00f3n del conocimiento<\/a><\/li><li><a href=\"https:\/\/departamentos.uleam.edu.ec\/investigacion\/files\/2025\/07\/POLITICA-PARA-LA-INTEGRACION-Y-SINERGIA-FUNCIONES-SUSTANTIVAS.pdf\">Pol\u00edtica para la integraci\u00f3n y sinergia de las funciones sustantivas universitarias<\/a><\/li><li><a href=\"https:\/\/departamentos.uleam.edu.ec\/investigacion\/files\/2025\/07\/REGLAMENTO-DE-GESTION-DEL-CONOCIMIENTO-DE-LA-ULEAM.pdf\">Reglamento de gesti\u00f3n del conocimiento<\/a><a href=\"http:\/\/departamentos.uleam.edu.ec\/investigacion\/files\/2019\/09\/Pol%C3%ADtica-Institucional-para-la-formaci%C3%B3n-de-redes-de-investigaci%C3%B3n-y-conocimiento..pdf\">.<\/a><\/li><li><a href=\"https:\/\/departamentos.uleam.edu.ec\/investigacion\/files\/2025\/07\/REGLAMENTO-GENERAL-PARA-LA-CONFORMACION-DE-GRUPOS-DE-INVESTIGACION-DE-LA-UNIVERSIDAD-LAICA-ELOY-ALFARO-DE-MANABI.pdf\">Reglamento general para la conformaci\u00f3n de grupos de investigaci\u00f3n.<\/a><\/li><li><a href=\"https:\/\/departamentos.uleam.edu.ec\/investigacion\/files\/2025\/07\/REGLAMENTO-INTERNO-DE-RECONOCIMIENTOS-INCENTIVOS-Y-ESTIMULOSL.pdf\">Reglamento interno de reconocimientos, incentivos y est\u00edmulos para el personal acad\u00e9mico que cumple actividades de investigaci\u00f3<\/a><a href=\"http:\/\/departamentos.uleam.edu.ec\/investigacion\/files\/2019\/09\/Reglamento-para-la-gesti%C3%B3n-de-proyectos-de-investigaci%C3%B3n.pdf\">n.<\/a><\/li><li><a href=\"https:\/\/departamentos.uleam.edu.ec\/investigacion\/files\/2025\/07\/DIIT-SGA-Modulo-de-Investigacion-VIVP-1.pdf\">M\u00f3dulo de Investigaci\u00f3n: Manual de usuario<\/a><\/li><li><a href=\"https:\/\/departamentos.uleam.edu.ec\/investigacion\/files\/2025\/07\/Lineamientos-generales-del-Modulo-de-Investigacion.pdf\">Lineamientos generales de uso y responsabilidades del m\u00f3dulo de investigaci\u00f3n en el Sistema de Gesti\u00f3n Acad\u00e9mica de la Uleam<\/a><\/li><li><a href=\"https:\/\/departamentos.uleam.edu.ec\/investigacion\/files\/2026\/04\/Convenio-ULEAM-DIALNET-GLOBAL-ULEAM-2025.pdf\">Convenio ULEAM &#8211; DIALNET GLOBAL<\/a><\/li><\/ul>\t\t\t\t\t\t\t\t<\/div>\n\t\t\t\t<\/div>\n\t\t\t\t\t<\/div>\n\t\t<\/div>\n\t\t\t\t\t<\/div>\n\t\t<\/section>\n\t\t\t\t<section class=\"elementor-section elementor-top-section elementor-element elementor-element-7e8ab0d elementor-section-boxed elementor-section-height-default elementor-section-height-default\" data-id=\"7e8ab0d\" data-element_type=\"section\">\n\t\t\t\t\t\t<div class=\"elementor-container elementor-column-gap-default\">\n\t\t\t\t\t<div class=\"elementor-column elementor-col-100 elementor-top-column elementor-element elementor-element-cdac08c\" data-id=\"cdac08c\" data-element_type=\"column\">\n\t\t\t<div class=\"elementor-widget-wrap elementor-element-populated\">\n\t\t\t\t\t\t<div class=\"elementor-element elementor-element-6e52f9b elementor-widget elementor-widget-spacer\" data-id=\"6e52f9b\" data-element_type=\"widget\" data-widget_type=\"spacer.default\">\n\t\t\t\t<div class=\"elementor-widget-container\">\n\t\t\t\t\t\t\t<div class=\"elementor-spacer\">\n\t\t\t<div class=\"elementor-spacer-inner\"><\/div>\n\t\t<\/div>\n\t\t\t\t\t\t<\/div>\n\t\t\t\t<\/div>\n\t\t\t\t\t<\/div>\n\t\t<\/div>\n\t\t\t\t\t<\/div>\n\t\t<\/section>\n\t\t\t\t<\/div>\n\t\t","protected":false},"excerpt":{"rendered":"<p>Plan Institucional de Investigaci\u00f3n 2021 &#8211; 2025 Modelo educativo L\u00edneas de Investigaci\u00f3n Institucional Pol\u00edtica de propiedad intelectual C\u00f3digo de \u00e9tica de la investigaci\u00f3n y la gesti\u00f3n del conocimiento Pol\u00edtica para la integraci\u00f3n<a class=\"moretag\" href=\"https:\/\/departamentos.uleam.edu.ec\/investigacion\/normativas\/\">Leer m\u00e1s&#8230;<\/a><\/p>\n","protected":false},"author":47,"featured_media":0,"parent":0,"menu_order":0,"comment_status":"closed","ping_status":"closed","template":"","meta":{"footnotes":"","_links_to":"","_links_to_target":""},"class_list":["post-388","page","type-page","status-publish","hentry"],"_links":{"self":[{"href":"https:\/\/departamentos.uleam.edu.ec\/investigacion\/wp-json\/wp\/v2\/pages\/388","targetHints":{"allow":["GET"]}}],"collection":[{"href":"https:\/\/departamentos.uleam.edu.ec\/investigacion\/wp-json\/wp\/v2\/pages"}],"about":[{"href":"https:\/\/departamentos.uleam.edu.ec\/investigacion\/wp-json\/wp\/v2\/types\/page"}],"author":[{"embeddable":true,"href":"https:\/\/departamentos.uleam.edu.ec\/investigacion\/wp-json\/wp\/v2\/users\/47"}],"replies":[{"embeddable":true,"href":"https:\/\/departamentos.uleam.edu.ec\/investigacion\/wp-json\/wp\/v2\/comments?post=388"}],"version-history":[{"count":73,"href":"https:\/\/departamentos.uleam.edu.ec\/investigacion\/wp-json\/wp\/v2\/pages\/388\/revisions"}],"predecessor-version":[{"id":5011,"href":"https:\/\/departamentos.uleam.edu.ec\/investigacion\/wp-json\/wp\/v2\/pages\/388\/revisions\/5011"}],"wp:attachment":[{"href":"https:\/\/departamentos.uleam.edu.ec\/investigacion\/wp-json\/wp\/v2\/media?parent=388"}],"curies":[{"name":"wp","href":"https:\/\/api.w.org\/{rel}","templated":true}]}}