{"id":398,"date":"2020-11-10T10:57:21","date_gmt":"2020-11-10T15:57:21","guid":{"rendered":"https:\/\/departamentos.uleam.edu.ec\/prueba\/?page_id=398"},"modified":"2025-02-18T13:27:50","modified_gmt":"2025-02-18T13:27:50","slug":"comision-de-investigacion-facultades-y-extensiones","status":"publish","type":"page","link":"https:\/\/departamentos.uleam.edu.ec\/investigacion\/comision-de-investigacion-facultades-y-extensiones\/","title":{"rendered":"Comisi\u00f3n de Investigaci\u00f3n &#8211; Facultades y Extensiones"},"content":{"rendered":"\t\t<div data-elementor-type=\"wp-page\" data-elementor-id=\"398\" class=\"elementor elementor-398\">\n\t\t\t\t\t\t<section class=\"elementor-section elementor-top-section elementor-element elementor-element-571a53c elementor-section-boxed elementor-section-height-default elementor-section-height-default\" data-id=\"571a53c\" data-element_type=\"section\">\n\t\t\t\t\t\t<div class=\"elementor-container elementor-column-gap-default\">\n\t\t\t\t\t<div class=\"elementor-column elementor-col-100 elementor-top-column elementor-element elementor-element-5cfd5ca\" data-id=\"5cfd5ca\" data-element_type=\"column\">\n\t\t\t<div class=\"elementor-widget-wrap elementor-element-populated\">\n\t\t\t\t\t\t<div class=\"elementor-element elementor-element-ea69a5c elementor-widget elementor-widget-image\" data-id=\"ea69a5c\" data-element_type=\"widget\" data-widget_type=\"image.default\">\n\t\t\t\t<div class=\"elementor-widget-container\">\n\t\t\t\t\t\t\t\t\t\t\t\t\t\t\t<img decoding=\"async\" src=\"https:\/\/departamentos.uleam.edu.ec\/investigacion\/files\/2022\/10\/MATRIZ-COMIS-INV-2022-2.pdf\" title=\"\" alt=\"\" loading=\"lazy\" \/>\t\t\t\t\t\t\t\t\t\t\t\t\t\t\t<\/div>\n\t\t\t\t<\/div>\n\t\t\t\t\t<\/div>\n\t\t<\/div>\n\t\t\t\t\t<\/div>\n\t\t<\/section>\n\t\t\t\t<section class=\"elementor-section elementor-top-section elementor-element elementor-element-8b6b7ad elementor-section-boxed elementor-section-height-default elementor-section-height-default\" data-id=\"8b6b7ad\" data-element_type=\"section\">\n\t\t\t\t\t\t<div class=\"elementor-container elementor-column-gap-default\">\n\t\t\t\t\t<div class=\"elementor-column elementor-col-100 elementor-top-column elementor-element elementor-element-e12ef72\" data-id=\"e12ef72\" data-element_type=\"column\">\n\t\t\t<div class=\"elementor-widget-wrap elementor-element-populated\">\n\t\t\t\t\t\t<div class=\"elementor-element elementor-element-f20bdc1 elementor-widget elementor-widget-text-editor\" data-id=\"f20bdc1\" data-element_type=\"widget\" data-widget_type=\"text-editor.default\">\n\t\t\t\t<div class=\"elementor-widget-container\">\n\t\t\t\t\t\t\t\t\t<p><\/p>\n<table style=\"width: 820pt\" border=\"0\" width=\"1243\" cellspacing=\"0\" cellpadding=\"0\">\n<colgroup>\n<col style=\"width: 33pt\" width=\"44\">\n<col style=\"width: 353pt\" width=\"470\">\n<col style=\"width: 246pt\" width=\"328\">\n<col style=\"width: 101pt\" width=\"134\">\n<col style=\"width: 200pt\" width=\"267\"> <\/colgroup>\n<tbody>\n<tr style=\"height: 23.25pt\">\n<td style=\"height: 23.25pt;width: 933pt\" colspan=\"5\" width=\"1243\" height=\"31\">\n<h6><b>&nbsp; &nbsp; &nbsp; &nbsp; &nbsp; &nbsp; &nbsp; &nbsp; &nbsp; &nbsp; &nbsp; &nbsp; &nbsp; &nbsp; &nbsp; &nbsp; &nbsp; &nbsp; &nbsp; &nbsp; &nbsp; &nbsp; &nbsp; &nbsp; &nbsp; &nbsp; &nbsp; &nbsp; &nbsp; &nbsp; &nbsp; COMISIONES DE INVESTIGACI\u00d3N DE FACULTADES, EXTENSIONES Y UNITEV PERIODO 2025 (1)<\/b><\/h6>\n<\/td>\n<\/tr>\n<tr style=\"height: 15.75pt\">\n<td style=\"height: 15.75pt\" height=\"21\">&nbsp;<\/td>\n<td>&nbsp;<\/td>\n<td>&nbsp;<\/td>\n<td>&nbsp;<\/td>\n<td>&nbsp;<\/td>\n<\/tr>\n<tr style=\"height: 18.75pt\">\n<td style=\"height: 18.75pt;width: 33pt\" width=\"44\" height=\"25\">\n<h5><b>N\u00b0<\/b><\/h5>\n<\/td>\n<td style=\"border-left: none;width: 353pt\" width=\"470\">\n<h5><b>Facultad \/ Extensi\u00f3n<\/b><\/h5>\n<\/td>\n<td style=\"border-left: none;width: 246pt\" width=\"328\">\n<h5><b>Nombres y Apellidos<\/b><\/h5>\n<\/td>\n<td style=\"border-left: none;width: 101pt\" width=\"134\">\n<h5><b>Menci\u00f3n<\/b><\/h5>\n<\/td>\n<td style=\"border-left: none;width: 200pt\" width=\"267\">\n<h5><b>Correo Institucional<\/b><\/h5>\n<\/td>\n<\/tr>\n<tr style=\"height: 17.25pt\">\n<td style=\"height: 17.25pt;width: 33pt\" width=\"44\" height=\"23\">1<\/td>\n<td style=\"border-left: none;width: 353pt\" width=\"470\"><b>Ciencias de la Salud<\/b><\/td>\n<td style=\"border-left: none;width: 246pt\" width=\"328\"><b>Lic. Miryam Patricia Loor Vega, PhD.<\/b><\/td>\n<td style=\"border-left: none;width: 101pt\" width=\"134\">Presidenta<\/td>\n<td style=\"border-left: none\"><b>patricia.loor@uleam.edu.ec<\/b><\/td>\n<\/tr>\n<tr style=\"height: 17.25pt\">\n<td style=\"height: 17.25pt;border-top: none;width: 33pt\" width=\"44\" height=\"23\">2<\/td>\n<td style=\"border-top: none;border-left: none;width: 353pt\" width=\"470\"><b>Ingenier\u00eda, Industria y Construcci\u00f3n<\/b><\/td>\n<td style=\"border-top: none;border-left: none;width: 246pt\" width=\"328\"><b>Dr. Ram\u00f3n P\u00e9rez Leira, PhD.<\/b><\/td>\n<td style=\"border-top: none;border-left: none;width: 101pt\" width=\"134\">Presidente<\/td>\n<td style=\"border-top: none;border-left: none\"><span style=\"color: #000000\"><a style=\"color: #000000\" href=\"mailto:ramon.perez@uleam.edu.ec\">ramon.perez@uleam.edu.ec<\/a><\/span><\/td>\n<\/tr>\n<tr style=\"height: 17.25pt\">\n<td style=\"height: 17.25pt;border-top: none;width: 33pt\" width=\"44\" height=\"23\">3<\/td>\n<td style=\"border-top: none;border-left: none;width: 353pt\" width=\"470\"><b>Ciencias de la Vida y Tecnolog\u00edas<\/b><\/td>\n<td style=\"border-top: none;border-left: none;width: 246pt\" width=\"328\"><b>Ing. Christian Sim\u00f3n Rivadeneira B., Mg.<\/b><\/td>\n<td style=\"border-top: none;border-left: none;width: 101pt\" width=\"134\">Presidente<\/td>\n<td style=\"border-top: none;border-left: none\"><b>christian.rivadeneira@uleam.edu.ec<\/b><\/td>\n<\/tr>\n<tr style=\"height: 17.25pt\">\n<td style=\"height: 17.25pt;border-top: none;width: 33pt\" width=\"44\" height=\"23\">4<\/td>\n<td style=\"border-top: none;border-left: none;width: 353pt\" width=\"470\"><b>Educaci\u00f3n, Turismo, Artes y Humanidades<\/b><\/td>\n<td style=\"border-top: none;border-left: none;width: 246pt\" width=\"328\"><b>Ing. Irene Rosario Rodr\u00edguez Pincay, Mg.<\/b><\/td>\n<td style=\"border-top: none;border-left: none;width: 101pt\" width=\"134\">Presidenta<\/td>\n<td style=\"border-top: none;border-left: none\"><span style=\"color: #000000\">irene<a style=\"color: #000000\" href=\"mailto:damaris.hernandez@uleam.edu.ec\">.rodriguez@uleam.edu.ec<\/a><\/span><\/td>\n<\/tr>\n<tr style=\"height: 17.25pt\">\n<td style=\"height: 17.25pt;border-top: none;width: 33pt\" width=\"44\" height=\"23\">5<\/td>\n<td style=\"border-top: none;border-left: none;width: 353pt\" width=\"470\"><b>Ciencias Administrativas, Contables y Comercio<\/b><\/td>\n<td style=\"border-top: none;border-left: none;width: 246pt\" width=\"328\"><b>Ing. Isaura Vanessa Pe\u00f1a V\u00e9lez, Mg.<\/b><\/td>\n<td style=\"border-top: none;border-left: none;width: 101pt\" width=\"134\">Presidenta<\/td>\n<td style=\"border-top: none;border-left: none;width: 200pt\" width=\"267\"><span style=\"color: #000000\">vanessa.pena<a style=\"color: #000000\" href=\"mailto:pedro.idrovo@uleam.edu.ec\">@uleam.edu.ec<\/a><\/span><\/td>\n<\/tr>\n<tr style=\"height: 17.25pt\">\n<td style=\"height: 17.25pt;border-top: none;width: 33pt\" width=\"44\" height=\"23\">6<\/td>\n<td style=\"border-top: none;border-left: none;width: 353pt\" width=\"470\"><b>Ciencias Sociales, Derecho y Bienestar<\/b><\/td>\n<td style=\"border-top: none;border-left: none;width: 246pt\" width=\"328\"><b>Dr. Luis Fernando Cede\u00f1o Astudillo, PhD<\/b><\/td>\n<td style=\"border-top: none;border-left: none;width: 101pt\" width=\"134\">Presidente<\/td>\n<td style=\"border-top: none;border-left: none\"><span style=\"color: #000000\">luisf.cedeno<a style=\"color: #000000\" href=\"mailto:daniel.castro@uleam.edu.ec\">@uleam.edu.ec<\/a><\/span><\/td>\n<\/tr>\n<tr style=\"height: 17.25pt\">\n<td style=\"height: 17.25pt;border-top: none;width: 33pt\" width=\"44\" height=\"23\">7<\/td>\n<td style=\"border-top: none;border-left: none;width: 353pt\" width=\"470\"><b>Extensi\u00f3n Chone<\/b><\/td>\n<td style=\"border-top: none;border-left: none;width: 246pt\" width=\"328\"><b>Ing. Fabricio Rolando Rivadeneira Z., Mg.<\/b><\/td>\n<td style=\"border-top: none;border-left: none;width: 101pt\" width=\"134\">Presidente<\/td>\n<td style=\"border-top: none;border-left: none\"><span style=\"color: #000000\">fabricior.rivadeneira@uleam.edu.ec<\/span><\/td>\n<\/tr>\n<tr style=\"height: 17.25pt\">\n<td style=\"height: 17.25pt;border-top: none;width: 33pt\" width=\"44\" height=\"23\">8<\/td>\n<td style=\"border-top: none;border-left: none;width: 353pt\" width=\"470\"><b>Extensi\u00f3n Sucre<\/b><\/td>\n<td style=\"border-top: none;border-left: none;width: 246pt\" width=\"328\"><b>Lic. Jos\u00e9 Leonardo Centeno M., Mg.<\/b><\/td>\n<td style=\"border-top: none;border-left: none;width: 101pt\" width=\"134\">Presidente<\/td>\n<td style=\"border-top: none;border-left: none\"><span style=\"color: #000000\"><a style=\"color: #000000\" href=\"mailto:jose.centeno@uleam.edu.ec\">jose.centeno@uleam.edu.ec<\/a><\/span><\/td>\n<\/tr>\n<tr style=\"height: 17.25pt\">\n<td style=\"height: 17.25pt;border-top: none;width: 33pt\" width=\"44\" height=\"23\">9<\/td>\n<td style=\"border-top: none;border-left: none;width: 353pt\" width=\"470\"><b>Extensi\u00f3n El Carmen<\/b><\/td>\n<td style=\"border-top: none;border-left: none;width: 246pt\" width=\"328\"><b>Prof. Jorge Luis Mendoza Mej\u00eda, PhD.<\/b><\/td>\n<td style=\"border-top: none;border-left: none;width: 101pt\" width=\"134\">Presidente<\/td>\n<td style=\"border-top: none;border-left: none\"><span style=\"color: #000000\"><a style=\"color: #000000\" href=\"mailto:jorgelm.mendoza@uleam.edu.ec\">jorgelm.mendoza@uleam.edu.ec<\/a><\/span><\/td>\n<\/tr>\n<tr style=\"height: 17.25pt\">\n<td style=\"height: 17.25pt;border-top: none;width: 33pt\" width=\"44\" height=\"23\">10<\/td>\n<td style=\"border-top: none;border-left: none;width: 353pt\" width=\"470\"><b>Extensi\u00f3n Pedernales<\/b><\/td>\n<td style=\"border-top: none;border-left: none;width: 246pt\" width=\"328\"><b>Lic. F\u00e9lix Reinaldo Pastr\u00e1n Calles, PhD.<\/b><\/td>\n<td style=\"border-top: none;border-left: none;width: 101pt\" width=\"134\">Presidente<\/td>\n<td style=\"border-top: none;border-left: none\"><span style=\"color: #000000\"><a style=\"color: #000000\" href=\"mailto:felix.pastran@uleam.edu.ec\">felix.pastran@uleam.edu.ec<\/a><\/span><\/td>\n<\/tr>\n<tr style=\"height: 18.0pt\">\n<td style=\"height: 18.0pt;border-top: none;width: 33pt\" width=\"44\" height=\"24\">11<\/td>\n<td style=\"border-top: none;border-left: none;width: 353pt\" width=\"470\"><b>Unidad Acad\u00e9mica de Formaci\u00f3n T\u00e9cnica y Tecnol\u00f3gica, Educaci\u00f3n Virtual y Otras Modalidades de Estudio<\/b><\/td>\n<td style=\"border-top: none;border-left: none;width: 246pt\" width=\"328\"><b>Ing. John Jairo&nbsp; Ugalde Cede\u00f1o, Mg.<\/b><\/td>\n<td style=\"border-top: none;border-left: none;width: 101pt\" width=\"134\">Responsable<\/td>\n<td style=\"border-top: none;border-left: none;width: 200pt\" width=\"267\"><span style=\"color: #000000\">john.ugalde<a style=\"color: #000000\" href=\"mailto:rogger.andrade@uleam.edu.ec\">@uleam.edu.ec<\/a><\/span><\/td>\n<\/tr>\n<\/tbody>\n<\/table>\t\t\t\t\t\t\t\t<\/div>\n\t\t\t\t<\/div>\n\t\t\t\t\t<\/div>\n\t\t<\/div>\n\t\t\t\t\t<\/div>\n\t\t<\/section>\n\t\t\t\t<\/div>\n\t\t","protected":false},"excerpt":{"rendered":"<p>&nbsp; &nbsp; &nbsp; &nbsp; &nbsp; &nbsp; &nbsp; &nbsp; &nbsp; &nbsp; &nbsp; &nbsp; &nbsp; &nbsp; &nbsp; &nbsp; &nbsp; &nbsp; &nbsp; &nbsp; &nbsp; &nbsp; &nbsp; &nbsp; &nbsp; &nbsp; &nbsp; &nbsp; &nbsp; &nbsp; &nbsp; COMISIONES<a class=\"moretag\" href=\"https:\/\/departamentos.uleam.edu.ec\/investigacion\/comision-de-investigacion-facultades-y-extensiones\/\">Leer m\u00e1s&#8230;<\/a><\/p>\n","protected":false},"author":47,"featured_media":0,"parent":0,"menu_order":0,"comment_status":"closed","ping_status":"closed","template":"","meta":{"footnotes":"","_links_to":"","_links_to_target":""},"class_list":["post-398","page","type-page","status-publish","hentry"],"_links":{"self":[{"href":"https:\/\/departamentos.uleam.edu.ec\/investigacion\/wp-json\/wp\/v2\/pages\/398","targetHints":{"allow":["GET"]}}],"collection":[{"href":"https:\/\/departamentos.uleam.edu.ec\/investigacion\/wp-json\/wp\/v2\/pages"}],"about":[{"href":"https:\/\/departamentos.uleam.edu.ec\/investigacion\/wp-json\/wp\/v2\/types\/page"}],"author":[{"embeddable":true,"href":"https:\/\/departamentos.uleam.edu.ec\/investigacion\/wp-json\/wp\/v2\/users\/47"}],"replies":[{"embeddable":true,"href":"https:\/\/departamentos.uleam.edu.ec\/investigacion\/wp-json\/wp\/v2\/comments?post=398"}],"version-history":[{"count":174,"href":"https:\/\/departamentos.uleam.edu.ec\/investigacion\/wp-json\/wp\/v2\/pages\/398\/revisions"}],"predecessor-version":[{"id":4657,"href":"https:\/\/departamentos.uleam.edu.ec\/investigacion\/wp-json\/wp\/v2\/pages\/398\/revisions\/4657"}],"wp:attachment":[{"href":"https:\/\/departamentos.uleam.edu.ec\/investigacion\/wp-json\/wp\/v2\/media?parent=398"}],"curies":[{"name":"wp","href":"https:\/\/api.w.org\/{rel}","templated":true}]}}